{"id":2040,"date":"2016-07-14T07:21:30","date_gmt":"2016-07-14T07:21:30","guid":{"rendered":"http:\/\/blogsaverroes.juntadeandalucia.es\/plurilinguismoalmeria\/?page_id=2040"},"modified":"2023-02-08T09:33:47","modified_gmt":"2023-02-08T08:33:47","slug":"plc","status":"publish","type":"page","link":"https:\/\/blogsaverroes.juntadeandalucia.es\/plurilinguismoalmeria\/planes-y-programas\/plc\/","title":{"rendered":"PLC"},"content":{"rendered":"<p><a href=\"https:\/\/blogsaverroes.juntadeandalucia.es\/plurilinguismoalmeria\/files\/2016\/07\/PLC_logo_6.png\"><img decoding=\"async\" class=\"alignnone wp-image-3573 size-medium\" src=\"https:\/\/blogsaverroes.juntadeandalucia.es\/plurilinguismoalmeria\/files\/2016\/07\/PLC_logo_6-300x123.png\" alt=\"\" width=\"300\" height=\"123\" srcset=\"https:\/\/blogsaverroes.juntadeandalucia.es\/plurilinguismoalmeria\/files\/2016\/07\/PLC_logo_6-300x123.png 300w, https:\/\/blogsaverroes.juntadeandalucia.es\/plurilinguismoalmeria\/files\/2016\/07\/PLC_logo_6-768x315.png 768w, https:\/\/blogsaverroes.juntadeandalucia.es\/plurilinguismoalmeria\/files\/2016\/07\/PLC_logo_6-24x10.png 24w, https:\/\/blogsaverroes.juntadeandalucia.es\/plurilinguismoalmeria\/files\/2016\/07\/PLC_logo_6-36x15.png 36w, https:\/\/blogsaverroes.juntadeandalucia.es\/plurilinguismoalmeria\/files\/2016\/07\/PLC_logo_6-48x20.png 48w, https:\/\/blogsaverroes.juntadeandalucia.es\/plurilinguismoalmeria\/files\/2016\/07\/PLC_logo_6.png 940w\" sizes=\"(max-width: 300px) 100vw, 300px\" \/><\/a><\/p>\n<p><strong>Proyecto Ling\u00fc\u00edstico de Centro:<\/strong><\/p>\n<ul>\n<li><a href=\"https:\/\/colaboraeducacion30.juntadeandalucia.es\/educacion\/colabora\/web\/proyecto-linguistico-de-centro\/presentacion\" target=\"_blank\" rel=\"noopener noreferrer\">\u00bfQu\u00e9 es el PLC?<\/a><\/li>\n<li><a href=\"https:\/\/portals.ced.junta-andalucia.es\/educacion\/portals\/web\/lecturas-bibliotecas-escolares\/programa-plc\" target=\"_blank\" rel=\"noopener noreferrer\">Proyecto Ling\u00fc\u00edstico de Centro<\/a><\/li>\n<li><a href=\"https:\/\/www.educarex.es\/pub\/cont\/com\/0008\/documentos\/PLC_ANTONIA_Y_DIEGO_ARCOS.pdf\" target=\"_blank\" rel=\"noopener noreferrer\">Elaboraci\u00f3n del Proyecto Ling\u00fc\u00edstico de Centro<\/a>. Estrategias para trabajar la competencia comunicativa en las \u00e1reas no ling\u00fc\u00edsticas del curr\u00edculo.<\/li>\n<li><a href=\"https:\/\/blogsaverroes.juntadeandalucia.es\/centrosbilinguessevilla\/plc\/\" target=\"_blank\" rel=\"noopener noreferrer\">Centros educativos con PLC<\/a> y otros enlaces \u00fatiles (Blog de Francisco Ponce Capit\u00e1n, Responsable de Pluriling\u00fcismo de Sevilla).&nbsp;&nbsp;<\/li>\n<\/ul>\n<hr \/>\n<p><strong>Curso 2022-2023<\/strong><\/p>\n<ul>\n<li><a href=\"https:\/\/portals.ced.junta-andalucia.es\/educacion\/portals\/delegate\/content\/18def1bf-997c-46af-9e8b-c6db8aaa5e0a\/Dosier%20PLC%202022-2023\" target=\"_blank\" rel=\"noopener noreferrer\">Dossier PLC 2022-2023<\/a><\/li>\n<\/ul>\n<hr \/>\n<p><strong>Curso 2021-2022<\/strong><\/p>\n<ul>\n<li><a href=\"https:\/\/portals.ced.junta-andalucia.es\/educacion\/portals\/delegate\/content\/34463e77-edf7-4844-b7eb-75f611dc94e2\/Dosier%20PLC%202021-2022\">Dossier PLC 2021-2022<\/a><\/li>\n<\/ul>\n<hr \/>\n<p><strong>Curso 2020\/2021<\/strong><\/p>\n<ul>\n<li><a href=\"https:\/\/blogsaverroes.juntadeandalucia.es\/plurilinguismoalmeria\/files\/2021\/10\/Dosier-PLC-2020-2021.pdf\">Dossier PLC 2020-2021<\/a><\/li>\n<\/ul>\n<hr \/>\n<p><strong>Curso 2019\/2020<\/strong><\/p>\n<ul>\n<li><a href=\"https:\/\/blogsaverroes.juntadeandalucia.es\/plurilinguismoalmeria\/files\/2019\/11\/Presentaci\u00f3n-DT_final2.pdf\">Presentaci\u00f3n de la Delegaci\u00f3n Territorial sobre gesti\u00f3n del PLC<\/a><\/li>\n<li><a href=\"https:\/\/view.genial.ly\/5d7a074555c8ed0f50ff0873\/guide-guia-rapida-plc?fbclid=IwAR1n560FwmIRfcmjFV3YAg15cNCzMNFEolpUor4HzY5yJqM3zNjcZsolHe4\" target=\"_blank\" rel=\"noopener noreferrer\">Proyecto Ling\u00fc\u00edstico de Centro<\/a> (gu\u00eda r\u00e1pida)<\/li>\n<li><a href=\"http:\/\/www.juntadeandalucia.es\/educacion\/portals\/delegate\/content\/562bd759-f0f2-45d0-a2a0-dc571d4824eb\" target=\"_blank\" rel=\"noopener noreferrer\">Dossier PLC 2019-2020<\/a> (Servicio de Planes y Programas de la Consejer\u00eda de Educaci\u00f3n y Deporte)<\/li>\n<\/ul>\n<hr \/>\n<p><strong>Curso 2018\/2019<\/strong><\/p>\n<ul>\n<li><span style=\"color: #ff6600\"><a href=\"https:\/\/blogsaverroes.juntadeandalucia.es\/plurilinguismoalmeria\/files\/2016\/07\/Presentaci\u00f3n-DT_final2.pdf\" target=\"_blank\" rel=\"noopener noreferrer\">Presentaci\u00f3n de la Delegaci\u00f3n Territorial sobre gesti\u00f3n en S\u00e9neca del PLC<\/a><\/span><\/li>\n<li><a href=\"https:\/\/www.juntadeandalucia.es\/educacion\/portals\/web\/lecturas-bibliotecas-escolares\/programa-plc\" target=\"_blank\" rel=\"noopener noreferrer\">Portal de la Consejer\u00eda de Educaci\u00f3n sobre el PLC<\/a><\/li>\n<\/ul>\n<p>Ejemplos de PLC en la provincia de Almer\u00eda:<\/p>\n<ul>\n<li><a href=\"http:\/\/plcclaracampoamor.blogspot.com\" target=\"_blank\" rel=\"noopener noreferrer\">CEIP Clara Campoamor<\/a><\/li>\n<li><a href=\"https:\/\/sites.google.com\/a\/colegioginesmorata.es\/plc\/\">CEIP Gin\u00e9s Morata<\/a><\/li>\n<li><a href=\"http:\/\/reyescatolicos.educardesdeelcorazon.es\/?q=plc\" target=\"_blank\" rel=\"noopener noreferrer\">CEIP Reyes Cat\u00f3licos<\/a><\/li>\n<li><a href=\"https:\/\/sites.google.com\/site\/plcceiptorremar\/\" target=\"_blank\" rel=\"noopener noreferrer\">CEIP Torremar<\/a><\/li>\n<li><a href=\"https:\/\/sites.google.com\/a\/iesalhadra.org\/plcalhadra\/\" target=\"_blank\" rel=\"noopener noreferrer\">IES Alhadra<\/a><\/li>\n<li><a href=\"https:\/\/sites.google.com\/a\/iesaa.es\/proyecto-lingueistico-de-centro\/?pli=1\" target=\"_blank\" rel=\"noopener noreferrer\">IES Alto Almanzora<\/a><\/li>\n<\/ul>\n<p>En <a href=\"https:\/\/blogsaverroes.juntadeandalucia.es\/centrosbilinguessevilla\/plc\/\" target=\"_blank\" rel=\"noopener noreferrer\">este enlace<\/a> se muestran otros ejemplos que pueden ayudar en la elaboraci\u00f3n del PLC.<\/p>\n","protected":false},"excerpt":{"rendered":"<p>Proyecto Ling\u00fc\u00edstico de Centro: \u00bfQu\u00e9 es el PLC? Proyecto Ling\u00fc\u00edstico de Centro Elaboraci\u00f3n del Proyecto Ling\u00fc\u00edstico de Centro. Estrategias para trabajar la competencia comunicativa en las \u00e1reas no ling\u00fc\u00edsticas del curr\u00edculo. Centros educativos con&#46;&#46;&#46;<\/p>\n","protected":false},"author":1249,"featured_media":0,"parent":5161,"menu_order":0,"comment_status":"open","ping_status":"closed","template":"","meta":{"footnotes":""},"aioseo_notices":[],"_links":{"self":[{"href":"https:\/\/blogsaverroes.juntadeandalucia.es\/plurilinguismoalmeria\/wp-json\/wp\/v2\/pages\/2040"}],"collection":[{"href":"https:\/\/blogsaverroes.juntadeandalucia.es\/plurilinguismoalmeria\/wp-json\/wp\/v2\/pages"}],"about":[{"href":"https:\/\/blogsaverroes.juntadeandalucia.es\/plurilinguismoalmeria\/wp-json\/wp\/v2\/types\/page"}],"author":[{"embeddable":true,"href":"https:\/\/blogsaverroes.juntadeandalucia.es\/plurilinguismoalmeria\/wp-json\/wp\/v2\/users\/1249"}],"replies":[{"embeddable":true,"href":"https:\/\/blogsaverroes.juntadeandalucia.es\/plurilinguismoalmeria\/wp-json\/wp\/v2\/comments?post=2040"}],"version-history":[{"count":42,"href":"https:\/\/blogsaverroes.juntadeandalucia.es\/plurilinguismoalmeria\/wp-json\/wp\/v2\/pages\/2040\/revisions"}],"predecessor-version":[{"id":7790,"href":"https:\/\/blogsaverroes.juntadeandalucia.es\/plurilinguismoalmeria\/wp-json\/wp\/v2\/pages\/2040\/revisions\/7790"}],"up":[{"embeddable":true,"href":"https:\/\/blogsaverroes.juntadeandalucia.es\/plurilinguismoalmeria\/wp-json\/wp\/v2\/pages\/5161"}],"wp:attachment":[{"href":"https:\/\/blogsaverroes.juntadeandalucia.es\/plurilinguismoalmeria\/wp-json\/wp\/v2\/media?parent=2040"}],"curies":[{"name":"wp","href":"https:\/\/api.w.org\/{rel}","templated":true}]}}