{"id":339,"date":"2014-03-25T08:12:08","date_gmt":"2014-03-25T08:12:08","guid":{"rendered":"http:\/\/blogsaverroes.juntadeandalucia.es\/plurilinguismoalmeria\/?page_id=339"},"modified":"2025-11-11T09:46:21","modified_gmt":"2025-11-11T08:46:21","slug":"instrucciones","status":"publish","type":"page","link":"https:\/\/blogsaverroes.juntadeandalucia.es\/plurilinguismoalmeria\/normativa\/instrucciones\/","title":{"rendered":"Instrucciones"},"content":{"rendered":"<h3><a href=\"https:\/\/blogsaverroes.juntadeandalucia.es\/plurilinguismoalmeria\/files\/2022\/07\/banner-certifications_JA_Pluri.jpg\"><img fetchpriority=\"high\" decoding=\"async\" class=\"alignnone size-large wp-image-7151\" src=\"https:\/\/blogsaverroes.juntadeandalucia.es\/plurilinguismoalmeria\/files\/2022\/07\/banner-certifications_JA_Pluri-1024x300.jpg\" alt=\"\" width=\"1024\" height=\"300\" srcset=\"https:\/\/blogsaverroes.juntadeandalucia.es\/plurilinguismoalmeria\/files\/2022\/07\/banner-certifications_JA_Pluri-1024x300.jpg 1024w, https:\/\/blogsaverroes.juntadeandalucia.es\/plurilinguismoalmeria\/files\/2022\/07\/banner-certifications_JA_Pluri-300x88.jpg 300w, https:\/\/blogsaverroes.juntadeandalucia.es\/plurilinguismoalmeria\/files\/2022\/07\/banner-certifications_JA_Pluri-768x225.jpg 768w, https:\/\/blogsaverroes.juntadeandalucia.es\/plurilinguismoalmeria\/files\/2022\/07\/banner-certifications_JA_Pluri.jpg 1423w\" sizes=\"(max-width: 1024px) 100vw, 1024px\" \/><\/a><\/h3>\n<h3><strong>Curso 2025-2026<\/strong><\/h3>\n<p>RESOLUCI\u00d3N SOBRE EL PROGRAMA DE COMPETENCIA COMUNICATIVA EN ENSE\u00d1ANZA BILING\u00dcE<\/p>\n<p>Se ha publicado la <strong>Resoluci\u00f3n de 10 de noviembre,<\/strong> de la Direcci\u00f3n General de Innovaci\u00f3n y Formaci\u00f3n del Profesorado, por la que se convoca el Programa de Competencia Comunicativa en Ense\u00f1anza Biling\u00fce.<\/p>\n<p><a href=\"https:\/\/drive.google.com\/file\/d\/1NQc8CpCgk0qFBjTljsyRnPkVukdNMujE\/view\" target=\"_blank\" rel=\"noopener\">Descargar aqu\u00ed<\/a><\/p>\n<hr \/>\n<h3><strong>Curso 2024-2025<\/strong><\/h3>\n<p>INSTRUCCIONES SOBRE AUXILIARES DE CONVERSACI\u00d3N<\/p>\n<p>Se han publicado las <strong>Instrucciones de 26 de julio de 2024,<\/strong> de la Direcci\u00f3n General de Tecnolog\u00edas Avanzadas y Transformaci\u00f3n Educativa, sobre auxiliares de conversaci\u00f3n\/asistentes ling\u00fc\u00edsticos para el curso escolar 2024\/2025.<\/p>\n<p><a href=\"https:\/\/drive.google.com\/file\/d\/1PCmx76pBfrCbgqOJTq4O-Uv8JkKQtGgq\/view?usp=drive_link\" target=\"_blank\" rel=\"noopener\">Descargar aqu\u00ed<\/a><\/p>\n<hr \/>\n<h3><strong>Curso 2023-2024<\/strong><\/h3>\n<p>INSTRUCCIONES SOBRE ENSE\u00d1ANZA BILING\u00dcE<\/p>\n<p>Se han publicado las <strong>Instrucciones de 28 de noviembre,<\/strong> de la Direcci\u00f3n General de Tecnolog\u00edas Avanzadas y Transformaci\u00f3n Educativa, sobre la organizaci\u00f3n y funcionamiento de la ense\u00f1anza biling\u00fce en los centros andaluces.<\/p>\n<p><a href=\"https:\/\/blogsaverroes.juntadeandalucia.es\/plurilinguismoalmeria\/files\/2023\/12\/231128_Instrucciones_Org_Ens_BilingF.pdf\" target=\"_blank\" rel=\"noopener noreferrer\">Descargar aqu\u00ed<\/a><\/p>\n<hr \/>\n<p>INSTRUCCIONES SOBRE AUXILIARES DE CONVERSACI\u00d3N<\/p>\n<p>Se ha publicado la <strong>Instrucci\u00f3n de 29 de agosto,<\/strong> de la Direcci\u00f3n General de Tecnolog\u00edas Avanzadas y Transformaci\u00f3n Educativa, sobre auxiliares de conversaci\u00f3n para el curso escolar 2023\/2024.<\/p>\n<p><a href=\"https:\/\/blogsaverroes.juntadeandalucia.es\/plurilinguismoalmeria\/files\/2023\/09\/Instrucciones-de-29-de-agosto-sobre-Auxiliares-de-Conversaci\u00f3n-Curso-2023_2024F.pdf\" target=\"_blank\" rel=\"noopener noreferrer\">Descargar aqu\u00ed<\/a><\/p>\n<p>La Consejer\u00eda de Desarrollo Educativo y Formaci\u00f3n Profesional ha publicado tambi\u00e9n las <strong>Instrucciones de 27 de octubre de 2023,<\/strong> de la Direcci\u00f3n General de Tecnolog\u00edas Avanzadas y Transformaci\u00f3n Educativa, <strong>complementarias<\/strong> a la Instrucci\u00f3n de 29 de agosto de 2023, sobre auxiliares de conversaci\u00f3n para el curso escolar 2023\/2024.<\/p>\n<p><a href=\"https:\/\/blogsaverroes.juntadeandalucia.es\/plurilinguismoalmeria\/files\/2023\/11\/271023_Instrucciones_Complementarias_Auxiliares_ConversacionF.pdf\">Descargar aqu\u00ed<\/a><\/p>\n<hr \/>\n<h3><strong>Curso 2022-2023<\/strong><\/h3>\n<p>INSTRUCCIONES SOBRE ENSE\u00d1ANZA BILING\u00dcE<\/p>\n<p>Se ha publicado la\u00a0<strong>Instrucci\u00f3n 21\/2022,<\/strong> de 21 de julio, de la Direcci\u00f3n General de Ordenaci\u00f3n y Evaluaci\u00f3n Educativa, sobre la organizaci\u00f3n y funcionamiento de la ense\u00f1anza biling\u00fce en los centros docentes andaluces para el curso 2022-2023.<\/p>\n<p><a href=\"https:\/\/blogsaverroes.juntadeandalucia.es\/plurilinguismoalmeria\/files\/2022\/07\/Instrucciones_org_funcionamiento_ens_biling_2022-23F.pdf\" target=\"_blank\" rel=\"noopener noreferrer\">Descargar aqu\u00ed<\/a><\/p>\n<hr \/>\n<p>INSTRUCCIONES SOBRE AUXILIARES DE CONVERSACI\u00d3N<\/p>\n<p>Se ha publicado la <strong>Instrucci\u00f3n 20\/2022,<\/strong> de 21 de julio, de la Direcci\u00f3n General de Ordenaci\u00f3n y Evaluaci\u00f3n Educativa, sobre auxiliares de conversaci\u00f3n para el curso escolar 2022-2023.<\/p>\n<p><a href=\"https:\/\/blogsaverroes.juntadeandalucia.es\/plurilinguismoalmeria\/files\/2022\/07\/Instrucciones_Auxiliares_2022-23F.pdf\" target=\"_blank\" rel=\"noopener noreferrer\">Descargar aqu\u00ed<\/a><\/p>\n<hr \/>\n<h3><strong>Curso 2021-2022<\/strong><\/h3>\n<p>INSTRUCCIONES SOBRE AUXILIARES DE CONVERSACI\u00d3N<\/p>\n<p>La secci\u00f3n de Novedades de la Consejer\u00eda de Educaci\u00f3n ha publicado la <strong>Instrucci\u00f3n 15\/2021,<\/strong> de 7 de septiembre, de la Direcci\u00f3n General de Ordenaci\u00f3n y Evaluaci\u00f3n Educativa, sobre auxiliares de conversaci\u00f3n para el curso escolar 2021-2022.<\/p>\n<p><a href=\"https:\/\/blogsaverroes.juntadeandalucia.es\/plurilinguismoalmeria\/files\/2022\/05\/Instruccion15-2021_AuxiliaresF.pdf\" target=\"_blank\" rel=\"noopener noreferrer\">Descargar aqu\u00ed<\/a><\/p>\n<hr \/>\n<p>INSTRUCCIONES SOBRE ENSE\u00d1ANZA BILING\u00dcE<\/p>\n<p>Se ha publicado la\u00a0<strong>Instrucci\u00f3n 12\/2021,<\/strong> de 15 de julio, de la Direcci\u00f3n General de Ordenaci\u00f3n y Evaluaci\u00f3n Educativa, sobre la organizaci\u00f3n y funcionamiento de la ense\u00f1anza biling\u00fce en los centros docentes andaluces para el curso 2021-2022.<\/p>\n<p><a href=\"https:\/\/blogsaverroes.juntadeandalucia.es\/plurilinguismoalmeria\/files\/2021\/07\/Instruccion12_2021_ensenanza_bilingueF.pdf\" target=\"_blank\" rel=\"noopener noreferrer\">Descargar aqu\u00ed<\/a><\/p>\n<hr \/>\n<h3><strong>Curso 2020-2021<\/strong><\/h3>\n<p><strong>Entidades v\u00e1lidas para la acreditaci\u00f3n de la competencia ling\u00fc\u00edstica <\/strong>en ingl\u00e9s, franc\u00e9s y alem\u00e1n autorizadas para impartir ense\u00f1anza biling\u00fce en la Comunidad Aut\u00f3noma de Andaluc\u00eda. Actualizaci\u00f3n de 21 de enero de 2021.<\/p>\n<p><a href=\"https:\/\/blogsaverroes.juntadeandalucia.es\/plurilinguismoalmeria\/files\/2021\/09\/TITULACIONES_BIL-actualizado-a-21-01-2021.pdf\" target=\"_blank\" rel=\"noopener noreferrer\">Descargar aqu\u00ed<\/a><\/p>\n<p><strong>Comunicaci\u00f3n<\/strong> de la Direcci\u00f3n General de Ordenaci\u00f3n y Evaluaci\u00f3n Educativa, de 22 de septiembre de 2020, sobre la ejecuci\u00f3n del <strong>Programa de Auxiliares de Conversaci\u00f3n<\/strong> durante el curso 2020-2021.<\/p>\n<p><a href=\"https:\/\/blogsaverroes.juntadeandalucia.es\/plurilinguismoalmeria\/files\/2020\/10\/Comunicado-Programa-Auxiliares-de-Conversaci\u00f3n-22-septiembreF.pdf\" target=\"_blank\" rel=\"noopener noreferrer\">Descargar aqu\u00ed<\/a><\/p>\n<p><strong>Circular de 3 de septiembre de 2020<\/strong>, de la Viceconsejer\u00eda de Educaci\u00f3n y Deporte, relativa a medidas de flexibilizaci\u00f3n curricular y organizativas para el curso escolar 2020-2021.<\/p>\n<p><a href=\"https:\/\/blogsaverroes.juntadeandalucia.es\/plurilinguismoalmeria\/files\/2020\/10\/circular_03092020_medidas_flexibilizacion_2020_2021F.pdf\" target=\"_blank\" rel=\"noopener noreferrer\">Descargar aqu\u00ed<\/a><\/p>\n<p><strong>Dec\u00e1logo para una vuelta al cole segura, <\/strong>elaborado por la Consejer\u00eda de Educaci\u00f3n y Deporte, que da respuesta a las dudas sobre la aplicaci\u00f3n de las Instrucciones de 6 de julio de 2020.<\/p>\n<p><a href=\"https:\/\/www.juntadeandalucia.es\/educacion\/portals\/delegate\/content\/58fb3e9c-0786-44b0-b097-079903a64e13\/Dec%C3%A1logo%20para%20una%20vuelta%20segura%20a%20la%20actividad%20educativa%20presencial\" target=\"_blank\" rel=\"noopener noreferrer\">Descargar aqu\u00ed<\/a><\/p>\n<p><strong><span style=\"color: #ff6600\"><span style=\"color: #ff0000\">Atenci\u00f3n especial a los puntos 7.6, 7.12 y\u00a0 8.8:<\/span> <\/span><\/strong><\/p>\n<p><strong><span style=\"color: #333399\">7.6. &#8211; En referencia al programa de biling\u00fcismo, \u00bfel profesor biling\u00fce con <\/span><\/strong><strong><span style=\"color: #333399\">acreditaci\u00f3n B2 en ingl\u00e9s puede impartir el \u00e1rea de Ingl\u00e9s? Y, de igual<\/span><\/strong> <strong><span style=\"color: #333399\">modo, \u00bfse va a permitir que el especialista de ingl\u00e9s imparta materias <\/span><\/strong><strong><span style=\"color: #333399\">ANL?<\/span> <\/strong>Atendiendo a la edad y nivel educativo, y al objeto de limitar el n\u00famero de profesorado que atienda a los distintos grupos de convivencia escolar, con car\u00e1cter excepcional, y para este curso escolar, se podr\u00e1 tener en cuenta la competencia del profesorado en las distintas \u00e1reas y niveles.<\/p>\n<p><span style=\"color: #333399\"><strong>7.12. &#8211; En la etapa de Educaci\u00f3n Infantil, \u00bfpodr\u00eda la tutora encargarse del <\/strong><\/span><span style=\"color: #333399\"><strong>acercamiento al Ingl\u00e9s?<\/strong> <\/span>Si tiene habilitaci\u00f3n para ello, ser\u00eda posible.<\/p>\n<p><strong><span style=\"color: #333399\">8.8. &#8211; En relaci\u00f3n con los grupos de convivencia, un maestro de la<\/span><\/strong> <strong><span style=\"color: #333399\">especialidad de primaria pero habilitado para impartir ingl\u00e9s, \u00bfpodr\u00eda,<\/span><\/strong> <strong><span style=\"color: #333399\">previa autorizaci\u00f3n de los \u00f3rganos competentes, impartir la primera<\/span><\/strong> <strong><span style=\"color: #333399\">lengua extranjera en su tutor\u00eda? \u00bfY con el resto de especialidades tendr\u00eda <\/span><\/strong><strong><span style=\"color: #333399\">el mismo tratamiento? <\/span><\/strong>Durante el curso 2020\/2021, los centros en la etapa de Educaci\u00f3n Primaria pueden elaborar sus horarios contando con las habilitaciones de sus docentes para impartir el mayor n\u00famero de horas posibles en un grupo-clase y facilitar la creaci\u00f3n de grupos de convivencia, sin que sea precisa autorizaci\u00f3n expresa en este sentido.<\/p>\n<p><span style=\"color: #000000\">INSTRUCCIONES SOBRE AUXILIARES DE CONVERSACI\u00d3N<\/span><\/p>\n<p>Publicada la <strong>Instrucci\u00f3n 15\/2020,<\/strong> de 6 de julio, de la Direcci\u00f3n General de Ordenaci\u00f3n y Evaluaci\u00f3n Educativa, sobre auxiliares de conversaci\u00f3n para el curso escolar 2020-2021.<\/p>\n<p><a href=\"https:\/\/www.juntadeandalucia.es\/educacion\/portals\/delegate\/content\/5a4c4b0f-7c7d-4d96-b47c-bdf0c40d8996\/Instrucciones%20Auxiliares%20de%20Conversaci%C3%B3n%202020_21%20de%206%20de%20julio\" target=\"_blank\" rel=\"noopener noreferrer\">Descargar aqu\u00ed<\/a><\/p>\n<p>INSTRUCCIONES SOBRE ENSE\u00d1ANZA BILING\u00dcE<\/p>\n<p>Se ha publicado la <strong>Instrucci\u00f3n 7\/2020,<\/strong> de 8 de junio, de la Direcci\u00f3n General de Ordenaci\u00f3n y Evaluaci\u00f3n Educativa, sobre la organizaci\u00f3n y funcionamiento de la ense\u00f1anza biling\u00fce en los centros docentes andaluces para el curso 2020-2021.<\/p>\n<p><a href=\"https:\/\/www.adideandalucia.es\/normas\/instruc\/Instruccion7-2020OrganizacionEnsenanzaBilingue.pdf\" target=\"_blank\" rel=\"noopener noreferrer\">Descargar aqu\u00ed<\/a><\/p>\n<hr \/>\n<h3><strong>Curso 2019-2020<br \/>\n<\/strong><\/h3>\n<p><strong>Entidades y titulaciones v\u00e1lidas para la acreditaci\u00f3n de la competencia ling\u00fc\u00edstica <\/strong>(actualizaci\u00f3n de enero 2020): en el <a href=\"https:\/\/blogsaverroes.juntadeandalucia.es\/plurilinguismoalmeria\/files\/2020\/02\/TITULACIONES_BIL-actualizado-a-07-01-2020.pdf\" target=\"_blank\" rel=\"noopener noreferrer\">este enlace<\/a> puede acceder a las acreditaciones de competencia ling\u00fc\u00edstica en ingl\u00e9s, franc\u00e9s y alem\u00e1n autorizadas para impartir ense\u00f1anza biling\u00fce en la Comunidad Aut\u00f3noma de Andaluc\u00eda<\/p>\n<p>El Bolet\u00edn Oficial de la Junta de Andaluc\u00eda (BOJA) ha publicado con fecha 30 de diciembre de 2019 la\u00a0<a href=\"https:\/\/www.juntadeandalucia.es\/boja\/2019\/249\/BOJA19-249-00003-19207-01_00167314.pdf\" target=\"_blank\" rel=\"noopener noreferrer\">Orden de 20 de diciembre de 2019,<\/a> por la que se resuelve el procedimiento para el reconocimiento de la acreditaci\u00f3n de los niveles de competencia ling\u00fc\u00edstica en lenguas extranjeras para el profesorado de ense\u00f1anza biling\u00fce en el \u00e1mbito de la Comunidad Aut\u00f3noma de Andaluc\u00eda, correspondiente a la convocatoria de 2019.<\/p>\n<ul>\n<li>Nuevas entidades acreditadas y\/o titulaciones admitidas:<\/li>\n<li><img decoding=\"async\" class=\"aligncenter wp-image-4646 size-full\" src=\"https:\/\/blogsaverroes.juntadeandalucia.es\/plurilinguismoalmeria\/files\/2019\/12\/Sin-t%C3%ADtulo-1.jpg\" alt=\"\" width=\"1281\" height=\"330\" \/>Resto de entidades acreditadas y\/o titulaciones admitidas: <a href=\"https:\/\/blogsaverroes.juntadeandalucia.es\/plurilinguismoalmeria\/files\/2014\/03\/Titulaciones-acreditaciones-biling%C3%BCes.pdf\" target=\"_blank\" rel=\"noopener noreferrer\">Titulacio<\/a><a href=\"https:\/\/blogsaverroes.juntadeandalucia.es\/plurilinguismoalmeria\/files\/2014\/03\/Titulaciones-acreditaciones-biling%C3%BCes.pdf\" target=\"_blank\" rel=\"noopener noreferrer\">nes y certificaciones ling\u00fc\u00edsticas que permiten la impartici\u00f3n de ense\u00f1anza biling\u00fce en la Comunidad Aut\u00f3noma de Andaluc\u00eda<\/a> (actualizaci\u00f3n de enero 2019). Cortes\u00eda de las Responsables Provinciales de Pluriling\u00fcismo de Granada y Ja\u00e9n.<\/li>\n<\/ul>\n<hr \/>\n<h3><strong>Curso 2018-2019 <a href=\"https:\/\/www.freewebs.com\/charoreyes\/Gu%C3%ADa%20B%C3%A1sica%20para%20Profesorado%20Biling%C3%BCe%20y%20ANL%20en%20ESO.pdf\"><img decoding=\"async\" class=\"size-medium wp-image-3926 alignright\" src=\"https:\/\/blogsaverroes.juntadeandalucia.es\/plurilinguismoalmeria\/files\/2019\/02\/Sin-t\u00edtulo-271x300.jpg\" alt=\"\" width=\"271\" height=\"300\" srcset=\"https:\/\/blogsaverroes.juntadeandalucia.es\/plurilinguismoalmeria\/files\/2019\/02\/Sin-t\u00edtulo-271x300.jpg 271w, https:\/\/blogsaverroes.juntadeandalucia.es\/plurilinguismoalmeria\/files\/2019\/02\/Sin-t\u00edtulo-768x850.jpg 768w, https:\/\/blogsaverroes.juntadeandalucia.es\/plurilinguismoalmeria\/files\/2019\/02\/Sin-t\u00edtulo-22x24.jpg 22w, https:\/\/blogsaverroes.juntadeandalucia.es\/plurilinguismoalmeria\/files\/2019\/02\/Sin-t\u00edtulo-33x36.jpg 33w, https:\/\/blogsaverroes.juntadeandalucia.es\/plurilinguismoalmeria\/files\/2019\/02\/Sin-t\u00edtulo-43x48.jpg 43w, https:\/\/blogsaverroes.juntadeandalucia.es\/plurilinguismoalmeria\/files\/2019\/02\/Sin-t\u00edtulo.jpg 809w\" sizes=\"(max-width: 271px) 100vw, 271px\" \/><\/a><br \/>\n<\/strong><\/h3>\n<p><a href=\"https:\/\/blogsaverroes.juntadeandalucia.es\/plurilinguismoalmeria\/files\/2019\/02\/Gu\u00eda-B\u00e1sica-para-Profesorado-Biling\u00fce-y-ANL-en-ESO.pdf\" target=\"_blank\" rel=\"noopener noreferrer\">Gu\u00eda B\u00e1sica para Profesorado Biling\u00fce y ANL en ESO<\/a>, elaborada por <a href=\"https:\/\/www.freewebs.com\/charoreyes\/\" target=\"_blank\" rel=\"noopener noreferrer\">Rosario Reyes M\u00e1rquez<\/a>, coordinadora biling\u00fce del<a href=\"http:\/\/www.iesalpujarra.edu.es\/\" target=\"_blank\" rel=\"noopener noreferrer\"> IES Alpujarra<\/a> y miembro del equipo de coordinaci\u00f3n pedag\u00f3gica del Proyecto Ling\u00fc\u00edstico de Centro en Granada.<\/p>\n<p><a href=\"https:\/\/blogsaverroes.juntadeandalucia.es\/plurilinguismoalmeria\/files\/2014\/03\/Titulaciones-acreditaciones-biling\u00fces.pdf\" target=\"_blank\" rel=\"noopener noreferrer\">Titulacio<\/a><a href=\"https:\/\/blogsaverroes.juntadeandalucia.es\/plurilinguismoalmeria\/files\/2014\/03\/Titulaciones-acreditaciones-biling\u00fces.pdf\" target=\"_blank\" rel=\"noopener noreferrer\">nes y certificaciones ling\u00fc\u00edsticas que permiten la impartici\u00f3n de la ense\u00f1anza biling\u00fce en la Comunidad Aut\u00f3noma de Andaluc\u00eda<\/a> (actualizado en enero 2019).<\/p>\n<p>&nbsp;<\/p>\n<hr \/>\n<h3><strong>Curso 2016-2017 <\/strong><\/h3>\n<p>PLAN DE ACTUACI\u00d3N DE LA INSPECCI\u00d3N:<\/p>\n<p>El BOJA de 11 de agosto publica la <a href=\"http:\/\/www.juntadeandalucia.es\/boja\/2016\/154\/BOJA16-154-00042-14549-01_00096914.pdf\" target=\"_blank\" rel=\"noopener noreferrer\">Orden de 26 de julio de 2016,<\/a> por la que se establece el <strong>Plan General de Actuaci\u00f3n de la Inspecci\u00f3n Educativa<\/strong> de Andaluc\u00eda para el periodo 2016-2019.<\/p>\n<p><a href=\"http:\/\/blogsaverroes.juntadeandalucia.es\/plurilinguismoalmeria\/files\/2014\/03\/PLAN-DE-ACTUACI\u00d3N-DE-LA-INSPECCI\u00d3N.pdf\">Plan de actuaci\u00f3n de la inspecci\u00f3n<\/a> en centros con modalidad de ense\u00f1anza biling\u00fce.<\/p>\n<hr \/>\n<p>MODIFICACI\u00d3N DE LA ORDEN DE 28 DE JUNIO \u00a0DE 2011:<\/p>\n<p>El BOJA de 5 de agosto publica la <a href=\"http:\/\/www.juntadeandalucia.es\/boja\/2016\/150\/BOJA16-150-00002-14231-01_00096602.pdf\" target=\"_blank\" rel=\"noopener noreferrer\">Orden de 1 de agosto de 2016<\/a>, por la que se modifica la <a href=\"http:\/\/www.juntadeandalucia.es\/boja\/boletines\/2011\/135\/d\/updf\/d1.pdf\" target=\"_blank\" rel=\"noopener noreferrer\">Orden de 28 de junio de 2011,<\/a> por la que se regula la <strong>ense\u00f1anza biling\u00fce en los centros docentes de la Comunidad Aut\u00f3noma de Andaluc\u00eda.<\/strong><\/p>\n<p><a href=\"http:\/\/blogsaverroes.juntadeandalucia.es\/plurilinguismoalmeria\/files\/2014\/03\/Comparativa-modificaci\u00f3n-orden.pdf\">Documento comparativo de los art\u00edculos modificados<\/a><\/p>\n<hr \/>\n<h3><strong>Curso 2015-2016<br \/>\n<\/strong><\/h3>\n<p><a href=\"http:\/\/lnx.educacionenmalaga.es\/bilinguismo\/2015\/11\/26\/disponible-el-manual-de-coordinacion-bilingue-2015-16\/#sthash.cgAC3H9f.dpbs\" target=\"_blank\" rel=\"noopener noreferrer\">Manual de coordinaci\u00f3n biling\u00fce<\/a> elaborado por el equipo de Pluriling\u00fcismo de la Delegaci\u00f3n Territorial de Educaci\u00f3n en M\u00e1laga. Cortes\u00eda de Mar\u00eda Fern\u00e1ndez Ruiz.<\/p>\n<hr \/>\n<p><strong>Centros con Ciclos Formativos biling\u00fces:<\/strong><\/p>\n<ul>\n<li>I.E.S. Cardenal Cisneros<\/li>\n<li>I.E.S. Fuente Nueva<\/li>\n<li>I.E.S. Mart\u00edn Garc\u00eda Ramos<\/li>\n<li>I.E.S. Al-Bujaira<\/li>\n<li>I.E.S. Turaniana<\/li>\n<li>I.E.S. Juan Rubio Ortiz<\/li>\n<li>I.E.S. Alhadra<\/li>\n<\/ul>\n<p><strong>Centros Pluriling\u00fces:\u00a0<\/strong><\/p>\n<ul>\n<li>I.E.S. La Puebla (franc\u00e9s\/ingl\u00e9s)<\/li>\n<li>I.E.S. Cardenal Cisneros (franc\u00e9s\/ingl\u00e9s)<\/li>\n<li>CEIP Blas Infante (Aguadulce) (ingl\u00e9s\/franc\u00e9s)<\/li>\n<li>CEIP Madre de la Luz (franc\u00e9s\/ingl\u00e9s)<\/li>\n<\/ul>\n<p><a href=\"http:\/\/juntadeandalucia.es\/boja\/2011\/135\/d1.pdf\" target=\"_blank\" rel=\"noopener noreferrer\">Orden de 28 de junio de 2011<\/a>. por la que se regula la ense\u00f1anza biling\u00fce en la Comunidad Aut\u00f3noma de Andaluc\u00eda.<\/p>\n<p><a href=\"http:\/\/juntadeandalucia.es\/boja\/2011\/135\/d2.pdf\" target=\"_blank\" rel=\"noopener noreferrer\">Orden de 29 de junio de 2011<\/a>, por la que se regula el procedimiento de autorizaci\u00f3n de la ense\u00f1anza biling\u00fce en los Centros de titularidad privada.<\/p>\n<p><a href=\"http:\/\/juntadeandalucia.es\/boja\/2013\/44\/BOJA13-044-00002-3550-01_00022594.pdf\" target=\"_blank\" rel=\"noopener noreferrer\">Orden de 18 de febrero de 2013<\/a>, por la que se modifican las de 28 y 29 de junio de 2011.<\/p>\n<p>&nbsp;<\/p>\n","protected":false},"excerpt":{"rendered":"<p>Curso 2025-2026 RESOLUCI\u00d3N SOBRE EL PROGRAMA DE COMPETENCIA COMUNICATIVA EN ENSE\u00d1ANZA BILING\u00dcE Se ha publicado la Resoluci\u00f3n de 10 de noviembre, de la Direcci\u00f3n General de Innovaci\u00f3n y Formaci\u00f3n del Profesorado, por la que&#46;&#46;&#46;<\/p>\n","protected":false},"author":1249,"featured_media":0,"parent":3615,"menu_order":0,"comment_status":"open","ping_status":"closed","template":"","meta":{"footnotes":""},"aioseo_notices":[],"_links":{"self":[{"href":"https:\/\/blogsaverroes.juntadeandalucia.es\/plurilinguismoalmeria\/wp-json\/wp\/v2\/pages\/339"}],"collection":[{"href":"https:\/\/blogsaverroes.juntadeandalucia.es\/plurilinguismoalmeria\/wp-json\/wp\/v2\/pages"}],"about":[{"href":"https:\/\/blogsaverroes.juntadeandalucia.es\/plurilinguismoalmeria\/wp-json\/wp\/v2\/types\/page"}],"author":[{"embeddable":true,"href":"https:\/\/blogsaverroes.juntadeandalucia.es\/plurilinguismoalmeria\/wp-json\/wp\/v2\/users\/1249"}],"replies":[{"embeddable":true,"href":"https:\/\/blogsaverroes.juntadeandalucia.es\/plurilinguismoalmeria\/wp-json\/wp\/v2\/comments?post=339"}],"version-history":[{"count":168,"href":"https:\/\/blogsaverroes.juntadeandalucia.es\/plurilinguismoalmeria\/wp-json\/wp\/v2\/pages\/339\/revisions"}],"predecessor-version":[{"id":10312,"href":"https:\/\/blogsaverroes.juntadeandalucia.es\/plurilinguismoalmeria\/wp-json\/wp\/v2\/pages\/339\/revisions\/10312"}],"up":[{"embeddable":true,"href":"https:\/\/blogsaverroes.juntadeandalucia.es\/plurilinguismoalmeria\/wp-json\/wp\/v2\/pages\/3615"}],"wp:attachment":[{"href":"https:\/\/blogsaverroes.juntadeandalucia.es\/plurilinguismoalmeria\/wp-json\/wp\/v2\/media?parent=339"}],"curies":[{"name":"wp","href":"https:\/\/api.w.org\/{rel}","templated":true}]}}