{"id":348,"date":"2014-03-25T12:32:11","date_gmt":"2014-03-25T12:32:11","guid":{"rendered":"http:\/\/blogsaverroes.juntadeandalucia.es\/plurilinguismoalmeria\/?page_id=348"},"modified":"2025-07-26T18:01:44","modified_gmt":"2025-07-26T17:01:44","slug":"aulas-confucio","status":"publish","type":"page","link":"https:\/\/blogsaverroes.juntadeandalucia.es\/plurilinguismoalmeria\/planes-y-programas\/aulas-confucio\/","title":{"rendered":"Aulas Confucio"},"content":{"rendered":"<p><a href=\"https:\/\/blogsaverroes.juntadeandalucia.es\/plurilinguismoalmeria\/files\/2022\/05\/learn_chinese.png\"><img fetchpriority=\"high\" decoding=\"async\" class=\"alignnone size-large wp-image-7004\" src=\"https:\/\/blogsaverroes.juntadeandalucia.es\/plurilinguismoalmeria\/files\/2022\/05\/learn_chinese-1024x324.png\" alt=\"\" width=\"1024\" height=\"324\" srcset=\"https:\/\/blogsaverroes.juntadeandalucia.es\/plurilinguismoalmeria\/files\/2022\/05\/learn_chinese-1024x324.png 1024w, https:\/\/blogsaverroes.juntadeandalucia.es\/plurilinguismoalmeria\/files\/2022\/05\/learn_chinese-300x95.png 300w, https:\/\/blogsaverroes.juntadeandalucia.es\/plurilinguismoalmeria\/files\/2022\/05\/learn_chinese-768x243.png 768w, https:\/\/blogsaverroes.juntadeandalucia.es\/plurilinguismoalmeria\/files\/2022\/05\/learn_chinese.png 1269w\" sizes=\"(max-width: 1024px) 100vw, 1024px\" \/><\/a><\/p>\n<p><strong>Programa de Aulas Confucio<\/strong><\/p>\n<p>El Programa Confucio integra la lengua y cultura chinas en el sistema educativo andaluz desde 2011, cuando se firm\u00f3 el acuerdo marco de colaboraci\u00f3n entre la Consejer\u00eda de Educaci\u00f3n de la Junta de Andaluc\u00eda y la Oficina Nacional de Promoci\u00f3n Internacional de la Lengua China, <em>Hanban,<\/em> que promociona el <strong>chino como lengua extranjera<\/strong> de la mano de profesorado chino en los <strong>centros docentes p\u00fablicos de Educaci\u00f3n Primaria y ESO.\u00a0<\/strong><em>Hanban<\/em> depende del Ministerio de Educaci\u00f3n de China y ofrece los recursos did\u00e1cticos, selecciona el profesorado y financia las actividades que difundan la cultura y el arte chino.<\/p>\n<p>Los <strong>centros titulares de Aula Confucio<\/strong> pueden impartir chino curricular por la ma\u00f1ana y extraescolar por la tarde. Hay un centro titular en cada provincia; en Almer\u00eda el centro titular es el <strong>CEIP Madre de la Luz,<\/strong> que coordina a los dem\u00e1s centros asociados de la provincia: <strong>IES Albor\u00e1n, IES Nicol\u00e1s Salmer\u00f3n e IES Fuente Nueva.\u00a0<\/strong><\/p>\n<p>Para la ense\u00f1anza del chino se utiliza la <strong>metodolog\u00eda comunicativa<\/strong> empleando textos, grabaciones y otros materiales aut\u00e9nticos, y se realizan actividades tales como juegos teatrales o proyectos. Adem\u00e1s, se contempla la preparaci\u00f3n y el asesoramiento con vistas a la realizaci\u00f3n de ex\u00e1menes oficiales para la obtenci\u00f3n de los t\u00edtulos del Instituto Confucio, con validez oficial reconocida internacionalmente: YCT (j\u00f3venes) y HSK (adultos).<\/p>\n<p>M\u00e1s informaci\u00f3n en <a href=\"https:\/\/www.juntadeandalucia.es\/educacion\/portales\/web\/programas-educativos-internacionales\/otros-programas\/aulas-confucio\" target=\"_blank\" rel=\"noopener\">Programas Educativos Internacionales<\/a><\/p>\n<hr \/>\n<p><strong>Curso 2025-2026<\/strong><\/p>\n<p><a href=\"https:\/\/www.juntadeandalucia.es\/educacion\/portales\/web\/educacion\/w\/instruccion-para-el-desarrollo-del-programa-de-aulas-confucio-de-ensenanza-de-la-lengua-el-arte-y-la-cultura-chinas-en-centros-docentes-publicos-andaluces-de-educacion-primaria-y-secundaria-en-el-curso-2025-2026?redirect=%2Feducacion%2Fportales%2F\" target=\"_blank\" rel=\"noopener\">Instrucci\u00f3n de la Direcci\u00f3n General de Innovaci\u00f3n y Formaci\u00f3n del Profesorado para el desarrollo del programa de Aulas Confucio de ense\u00f1anza de la lengua, el arte y la cultura chinas en centros docentes p\u00fablicos andaluces de educaci\u00f3n primaria y secundaria en el curso 2025\/2026<\/a><\/p>\n<p><strong>Curso 2024-2025<\/strong><\/p>\n<p><a href=\"https:\/\/www.juntadeandalucia.es\/educacion\/portales\/web\/programas-educativos-internacionales\/w\/instruccion-de-la-direccion-general-de-innovacion-y-formacion-del-profesorado-para-el-desarrollo-del-programa-de-aulas-confucio-de-ensenanza-de-la-lengua-el-arte-y-la-cultura-chinas-en-centros-docentes-publicos-andaluces-de-educacion-primaria-y-secundar-2\" target=\"_blank\" rel=\"noopener\">Instrucci\u00f3n de la Direcci\u00f3n General de Innovaci\u00f3n y Formaci\u00f3n del Profesorado para el desarrollo del Programa de Aulas Confucio de ense\u00f1anza de la lengua, el arte y la cultura chinas en centros docentes p\u00fablicos andaluces de educaci\u00f3n primaria y secundaria en el curso 2024\/2025<\/a><\/p>\n<p><a href=\"https:\/\/blogsaverroes.juntadeandalucia.es\/plurilinguismoalmeria\/2025\/02\/02\/ano-nuevo-chino-en-el-ceip-madre-de-la-luz-2\/\" target=\"_blank\" rel=\"noopener\">Celebraci\u00f3n del A\u00f1o Nuevo Chino en el CEIP Madre de la Luz<\/a><\/p>\n<p><strong>Curso 2023-2024<\/strong><\/p>\n<p><a href=\"https:\/\/blogsaverroes.juntadeandalucia.es\/plurilinguismoalmeria\/2024\/02\/12\/ano-nuevo-chino-en-el-ceip-madre-de-la-luz\/\" target=\"_blank\" rel=\"noopener\">Celebraci\u00f3n del A\u00f1o Nuevo Chino en el CEIP Madre de la Luz<\/a><\/p>\n<p><strong>Curso 2022-2023<\/strong><\/p>\n<p><a href=\"https:\/\/portals.ced.junta-andalucia.es\/educacion\/portals\/delegate\/content\/9577daaa-b37e-45f3-8a58-e26488aed6ad\/Instrucciones%20aulas%20Confucio%2022-23\" target=\"_blank\" rel=\"noopener noreferrer\">Instrucci\u00f3n 17\/2022, de 28 de junio<\/a>, de la Direcci\u00f3n General de Ordenaci\u00f3n y Evaluaci\u00f3n Educativa, para el desarrollo del Programa de Aulas Confucio de Ense\u00f1anza de la Lengua, el Arte y la Cultura Chinas en centros docentes p\u00fablicos andaluces de Educaci\u00f3n Primaria y Secundaria para el curso 2022\/2023<\/p>\n<p><a href=\"https:\/\/blogsaverroes.juntadeandalucia.es\/plurilinguismoalmeria\/2023\/01\/26\/celebracion-del-ano-nuevo-chino-en-el-ceip-madre-de-la-luz\/\" target=\"_blank\" rel=\"noopener\">Celebraci\u00f3n del A\u00f1o Nuevo Chino en el CEIP Madre de la Luz<\/a><\/p>\n<p><a href=\"https:\/\/blogsaverroes.juntadeandalucia.es\/plurilinguismoalmeria\/2023\/01\/22\/feliz-ano-nuevo-chino-2023\/\" target=\"_blank\" rel=\"noopener\">Felicitaci\u00f3n del A\u00f1o Nuevo Chino 2023<\/a><\/p>\n<p><a href=\"https:\/\/blogsaverroes.juntadeandalucia.es\/plurilinguismoalmeria\/2022\/05\/20\/concurso-hablamos-chino\/\" target=\"_blank\" rel=\"noopener\">Concurso Hablamos Chino<\/a><\/p>\n<p><strong>Curso 2021-2022<\/strong><\/p>\n<p><a href=\"https:\/\/blogsaverroes.juntadeandalucia.es\/plurilinguismoalmeria\/files\/2022\/06\/Instrucci\u00f3n-10_2021-de-14-de-junio-AULAS-CONFUCIO-21_22F.pdf\" target=\"_blank\" rel=\"noopener noreferrer\">Instrucci\u00f3n 10\/2021, de 14 de junio<\/a>, de la Direcci\u00f3n General de Ordenaci\u00f3n y Evaluaci\u00f3n Educativa, para el desarrollo del Programa de Aulas Confucio de Ense\u00f1anza de la Lengua, el Arte y la Cultura Chinas en centros docentes p\u00fablicos andaluces de Educaci\u00f3n Primaria y Secundaria para el curso 2021\/2022<\/p>\n<p><a href=\"https:\/\/blogsaverroes.juntadeandalucia.es\/plurilinguismoalmeria\/2022\/02\/01\/feliz-ano-del-tigre\/\" target=\"_blank\" rel=\"noopener\">Felicitaci\u00f3n de A\u00f1o Nuevo Chino 2022<\/a><\/p>\n<p><span style=\"color: #000000\"><strong>Curso 2020-2021<\/strong><\/span><\/p>\n<p><a href=\"https:\/\/blogsaverroes.juntadeandalucia.es\/plurilinguismoalmeria\/files\/2020\/06\/Instrucci\u00f3n-6_2020-de-3-de-junio-Aulas-Confucio-2020_21F.pdf\" target=\"_blank\" rel=\"noopener noreferrer\">Instrucci\u00f3n 6\/2020, de 3 de junio<\/a>, de la Direcci\u00f3n General de Ordenaci\u00f3n y Evaluaci\u00f3n Educativa, para el desarrollo del Programa de Aulas Confucio de Ense\u00f1anza de la Lengua, el Arte y la Cultura Chinas en centros docentes p\u00fablicos andaluces de Educaci\u00f3n Primaria y Secundaria para el curso 2020\/2021. El n\u00famero y m\u00e1ximo de plazas y niveles a ofertar vendr\u00e1 determinado por lo organizaci\u00f3n que de estas ense\u00f1anzas hagan los mismos en uso de su autonom\u00eda y disponibilidad de recursos. <span style=\"color: #000000\">Podr\u00e1 participar en el programa de lengua y cultura chinas el alumnado matriculado en las etapas de Educaci\u00f3n Primaria, Educaci\u00f3n Secundaria Obligatoria, Bachillerato y Ciclos Formativos de Formaci\u00f3n Profesional, en centros docentes dependientes de la Consejer\u00eda de Educaci\u00f3n y Deporte, garantizando su continuidad en cada modalidad del programa al alumnado que haya cursado estudios de lengua china bien en Aulas Confucio o como actividad extraescolar. Tambi\u00e9n se atender\u00e1 dentro del programa en los centros donde se imparte chino como actividad extraescolar a alumnado procedente de otros colectivos que por inter\u00e9s social y cultural desee incorporarse al mismo.<\/span><\/p>\n<p><a href=\"https:\/\/blogsaverroes.juntadeandalucia.es\/plurilinguismoalmeria\/2021\/02\/10\/concurso-de-tarjetas-ano-nuevo-chino\/\" target=\"_blank\" rel=\"noopener\">Concurso de tarjetas de felicitaci\u00f3n<\/a><\/p>\n<p><a href=\"https:\/\/blogsaverroes.juntadeandalucia.es\/plurilinguismoalmeria\/2021\/05\/20\/fallo-del-concurso-de-talentos\/\" target=\"_blank\" rel=\"noopener\">Concurso de talentos<\/a><\/p>\n<hr \/>\n<p><strong><span style=\"color: #000000\">Curso 2019-2020<\/span><\/strong><\/p>\n<p><a href=\"http:\/\/agrega.juntadeandalucia.es\/repositorio\/07052020\/22\/es-an_2020050711_9142300\/Aulas%20Confucio%20Actividades%20para%20la%20docencia%20telematica\/index.html\" target=\"_blank\" rel=\"noopener noreferrer\">Actividades elaboradas por docentes del programa Aulas Confucio en Andaluc\u00eda para la actividad lectiva en casa.<\/a> Las actividades se basan en v\u00eddeos para aprender chino mandar\u00edn a los que se han incorporado ejercicios interactivos. Con ellos el alumnado podr\u00e1 repasar aspectos como la pronunciaci\u00f3n, la comunicaci\u00f3n interpersonal o la escritura fon\u00e9tica.<\/p>\n<p>ENTREGA DE DIPLOMAS:<\/p>\n<p>La Delegada Territorial de Educaci\u00f3n, Mar\u00eda del Carmen Castillo, asiste en el\u00a0<a href=\"http:\/\/www.juntadeandalucia.es\/averroes\/centros-tic\/04005041\/helvia\/sitio\/\" target=\"_blank\" rel=\"noopener noreferrer\">CEIP Madre de la Luz<\/a>\u00a0<span style=\"color: #000000\">a\u00a0la\u00a0entrega de los diplomas de certificaci\u00f3n de la competencia ling\u00fc\u00edstica a 22 alumnos y alumnas que cursan ense\u00f1anza de la lengua china en los Centros IES Nicol\u00e1s Salmer\u00f3n y Alonso, IES Albor\u00e1n y CEIP Madre de la Luz y que han superado las pruebas organizadas por el Instituto Confucio.\u00a0 En el mismo acto se entregaron tambi\u00e9n 32\u00a0acreditaciones del nivel de competencia ling\u00fc\u00edstica en franc\u00e9s, correspondientes a los niveles A1 y A2<\/span><\/p>\n<p><span style=\"color: #000000\"><a style=\"color: #000000\" href=\"https:\/\/blogsaverroes.juntadeandalucia.es\/plurilinguismoalmeria\/files\/2019\/11\/EDML1.jpeg\"><img decoding=\"async\" class=\"size-medium wp-image-4466 alignright\" src=\"https:\/\/blogsaverroes.juntadeandalucia.es\/plurilinguismoalmeria\/files\/2019\/11\/EDML1-300x225.jpeg\" alt=\"\" width=\"300\" height=\"225\" srcset=\"https:\/\/blogsaverroes.juntadeandalucia.es\/plurilinguismoalmeria\/files\/2019\/11\/EDML1-300x225.jpeg 300w, https:\/\/blogsaverroes.juntadeandalucia.es\/plurilinguismoalmeria\/files\/2019\/11\/EDML1-24x18.jpeg 24w, https:\/\/blogsaverroes.juntadeandalucia.es\/plurilinguismoalmeria\/files\/2019\/11\/EDML1-36x27.jpeg 36w, https:\/\/blogsaverroes.juntadeandalucia.es\/plurilinguismoalmeria\/files\/2019\/11\/EDML1-48x36.jpeg 48w, https:\/\/blogsaverroes.juntadeandalucia.es\/plurilinguismoalmeria\/files\/2019\/11\/EDML1.jpeg 640w\" sizes=\"(max-width: 300px) 100vw, 300px\" \/><\/a><\/span><\/p>\n<p><a href=\"http:\/\/www.juntadeandalucia.es\/averroes\/centros-tic\/04005041\/helvia\/aula\/archivos\/repositorio\/750\/777\/html\/yct-%20delf%202\/index.html\" target=\"_blank\" rel=\"noopener noreferrer\">Enlace al sitio web del CEIP Madre de la Luz con \u00e1lbum de fotos<\/a><\/p>\n<p>\u00a1Enhorabuena por el trabajo y a por el siguiente nivel!<\/p>\n<p><strong>Curso 2019-2020<\/strong><\/p>\n<p>INSTRUCCIONES:<\/p>\n<p><a href=\"https:\/\/blogsaverroes.juntadeandalucia.es\/plurilinguismoalmeria\/files\/2014\/03\/Instrucci\u00f3n-5-2019-de-24-de-mayo-para-el-desarrollo-del-Programa-de-Aulas-Confucio.pdf\" target=\"_blank\" rel=\"noopener noreferrer\">Instrucci\u00f3n 5-2019, de 24 de mayo<\/a>, de la Direcci\u00f3n General de Ordenaci\u00f3n y Evaluaci\u00f3n Educativa, para el desarrollo del Programa de Aulas Confucio de Ense\u00f1anza de la Lengua, el Arte y la Cultura Chinas en centros docentes p\u00fablicos andaluces de Educaci\u00f3n Primaria y Secundaria para el curso 2019\/2020<\/p>\n<p>&nbsp;<\/p>\n<p><strong>Curso 2018-2019<\/strong><\/p>\n<p><span style=\"color: #000000\">ENTREGA DE DIPLOMAS: <\/span><\/p>\n<p>La Delegada Territorial de Educaci\u00f3n, Francisca Fern\u00e1ndez, asiste en el\u00a0<a href=\"http:\/\/www.juntadeandalucia.es\/averroes\/centros-tic\/04005041\/helvia\/sitio\/\" target=\"_blank\" rel=\"noopener noreferrer\">CEIP Madre de la Luz<\/a>\u00a0a\u00a0la\u00a0entrega de los <span style=\"color: #000000\">diplomas de certificaci\u00f3n de la competencia ling\u00fc\u00edstica a 36 alumnos y alumnas que cursan ense\u00f1anza de la lengua china en los Centros IES Nicol\u00e1s Salmer\u00f3n y Alonso, IES Albor\u00e1n y CEIP Madre de la Luz y que han superado las pruebas organizadas por el Instituto Confucio.\u00a0 En el mismo acto se entregaron tambi\u00e9n nueve acreditaciones del nivel de competencia ling\u00fc\u00edstica en franc\u00e9s, correspondientes a los niveles A1 y A2.<\/span><\/p>\n<p><span style=\"color: #008000\"><a href=\"https:\/\/blogsaverroes.juntadeandalucia.es\/plurilinguismoalmeria\/files\/2014\/03\/fotonoticia_20181025152125_640.jpg\"><img decoding=\"async\" class=\"size-medium wp-image-3675 alignright\" src=\"https:\/\/blogsaverroes.juntadeandalucia.es\/plurilinguismoalmeria\/files\/2014\/03\/fotonoticia_20181025152125_640-300x146.jpg\" alt=\"\" width=\"300\" height=\"146\" srcset=\"https:\/\/blogsaverroes.juntadeandalucia.es\/plurilinguismoalmeria\/files\/2014\/03\/fotonoticia_20181025152125_640-300x146.jpg 300w, https:\/\/blogsaverroes.juntadeandalucia.es\/plurilinguismoalmeria\/files\/2014\/03\/fotonoticia_20181025152125_640-24x12.jpg 24w, https:\/\/blogsaverroes.juntadeandalucia.es\/plurilinguismoalmeria\/files\/2014\/03\/fotonoticia_20181025152125_640-36x17.jpg 36w, https:\/\/blogsaverroes.juntadeandalucia.es\/plurilinguismoalmeria\/files\/2014\/03\/fotonoticia_20181025152125_640-48x23.jpg 48w, https:\/\/blogsaverroes.juntadeandalucia.es\/plurilinguismoalmeria\/files\/2014\/03\/fotonoticia_20181025152125_640.jpg 640w\" sizes=\"(max-width: 300px) 100vw, 300px\" \/><\/a><\/span><\/p>\n<p><a href=\"http:\/\/www.juntadeandalucia.es\/averroes\/centros-tic\/04005041\/helvia\/sitio\/index.cgi?wid_seccion=15&amp;wid_item=67\" target=\"_blank\" rel=\"noopener noreferrer\">Enlace al sitio web del CEIP Madre de la Luz con album de fotos<\/a><\/p>\n<p>\u00a1Enhorabuena por el trabajo y a por el siguiente nivel!<\/p>\n<p><span style=\"color: #808000\">\u00a0 \u00a0 \u00a0 \u00a0 \u00a0 \u00a0 \u00a0 \u00a0 \u00a0 \u00a0 \u00a0 \u00a0 \u00a0 \u00a0 \u00a0 \u00a0<\/span><\/p>\n<p><strong>Curso 2017-2018<\/strong><\/p>\n<p><span style=\"color: #000000\">CURR\u00cdCULO DE CHINO:\u00a0<\/span><\/p>\n<p><span style=\"color: #000000\">El pasado d\u00eda 9 de noviembre se present\u00f3 en la sede de la Consejer\u00eda de Educaci\u00f3n <a style=\"color: #000000\" href=\"http:\/\/www.juntadeandalucia.es\/educacion\/webportal\/abaco-portlet\/content\/012c3fa7-30b4-4e2d-a7ff-eb5e86d3e873\" target=\"_blank\" rel=\"noopener noreferrer\">e<\/a>l curr\u00edculo de chino Mandar\u00edn para la educaci\u00f3n primaria para el programa de Aulas Confucio.<\/span><\/p>\n<p><span style=\"color: #000000\">ENTREGA DE DIPLOMAS:\u00a0 <\/span><\/p>\n<p><span style=\"color: #000000\">La Delegada Territorial de Educaci\u00f3n, Francisca Fern\u00e1ndez,<\/span> asiste en el\u00a0<a href=\"http:\/\/www.juntadeandalucia.es\/averroes\/centros-tic\/04005041\/helvia\/sitio\/\" target=\"_blank\" rel=\"noopener noreferrer\">CEIP Madre de la Luz<\/a>\u00a0a\u00a0la\u00a0entrega de los <span style=\"color: #000000\">diplomas de certificaci\u00f3n de la competencia ling\u00fc\u00edstica del alumn<\/span>ado que cursa ense\u00f1anza de la lengua china en los Centros IES Nicol\u00e1s Salmer\u00f3n y Alonso, IES Albor\u00e1n y CEIP Madre de la Luz y que han superado las pruebas organizadas por el Instituto Confucio.<\/p>\n<p><a href=\"https:\/\/1drv.ms\/f\/s!AhXrNehQDgCWkmvOOVwaJ-TK3vuf\" target=\"_blank\" rel=\"noopener noreferrer\">Algunas fotos<\/a><\/p>\n<p><a href=\"https:\/\/blogsaverroes.juntadeandalucia.es\/plurilinguismoalmeria\/files\/2014\/03\/IMG-20171012-WA0005.jpg\"><img loading=\"lazy\" decoding=\"async\" class=\"size-medium wp-image-3011 alignright\" src=\"https:\/\/blogsaverroes.juntadeandalucia.es\/plurilinguismoalmeria\/files\/2014\/03\/IMG-20171012-WA0005-300x154.jpg\" alt=\"\" width=\"300\" height=\"154\" srcset=\"https:\/\/blogsaverroes.juntadeandalucia.es\/plurilinguismoalmeria\/files\/2014\/03\/IMG-20171012-WA0005-300x154.jpg 300w, https:\/\/blogsaverroes.juntadeandalucia.es\/plurilinguismoalmeria\/files\/2014\/03\/IMG-20171012-WA0005-768x393.jpg 768w, https:\/\/blogsaverroes.juntadeandalucia.es\/plurilinguismoalmeria\/files\/2014\/03\/IMG-20171012-WA0005-1024x524.jpg 1024w, https:\/\/blogsaverroes.juntadeandalucia.es\/plurilinguismoalmeria\/files\/2014\/03\/IMG-20171012-WA0005-24x12.jpg 24w, https:\/\/blogsaverroes.juntadeandalucia.es\/plurilinguismoalmeria\/files\/2014\/03\/IMG-20171012-WA0005-36x18.jpg 36w, https:\/\/blogsaverroes.juntadeandalucia.es\/plurilinguismoalmeria\/files\/2014\/03\/IMG-20171012-WA0005-48x25.jpg 48w, https:\/\/blogsaverroes.juntadeandalucia.es\/plurilinguismoalmeria\/files\/2014\/03\/IMG-20171012-WA0005.jpg 1424w\" sizes=\"(max-width: 300px) 100vw, 300px\" \/><\/a><strong>Curso 2016-2017<\/strong><\/p>\n<p><span style=\"color: #000000\">RECONOCIMIENTO: El CEIP Madre de la Luz recibe la placa que le identifica como <strong>Aula Confucio <\/strong>para la ense<\/span>\u00f1anza de la lengua china como actividad curricular. \u00a1Enhorabuena!<\/p>\n<p><span style=\"color: #000000\">Al acto asistieron el Director General de Innovaci\u00f3n de la Junta de Andaluc\u00eda, la Delegada Territorial de Educaci\u00f3n en Almer\u00eda, el inspector de referencia, las profesoras del Aula Confucio y una representaci\u00f3n del alumnado que cursa estas ense\u00f1anzas; acompa\u00f1ados por al directora del centro.<\/span><\/p>\n<p><a href=\"https:\/\/1drv.ms\/f\/s!AhXrNehQDgCWkTbTyqJkz7wv78JC\" target=\"_blank\" rel=\"noopener noreferrer\">Galer\u00eda de fotos<\/a><\/p>\n<p>&nbsp;<\/p>\n<p><strong>Curso 2015-2016<\/strong><\/p>\n<p>La Delegada Territorial de Educaci\u00f3n, Francisca Fern\u00e1ndez, asiste en el CEIP Madre de la Luz a la entrega de los diplomas de certificaci\u00f3n de la competencia ling\u00fc\u00edstica del alumnado que cursa ense\u00f1anza de la lengua china en los Centros IES Nicol\u00e1s Salmer\u00f3n y Alonso, IES Albor\u00e1n y CEIP Madre de la Luz y que han superado las pruebas organizadas por el Instituto Confucio. <span style=\"color: #0000ff\"><a href=\"https:\/\/onedrive.live.com\/redir?resid=96000E50E835EB15!1474&amp;authkey=!AAX89GeIwW4V0ew&amp;ithint=folder%2cjpg\" target=\"_blank\" rel=\"noopener noreferrer\">Descargar fotos<\/a><\/span><\/p>\n<p>&nbsp;<\/p>\n<p>El Director General de Innovaci\u00f3n Educativa y Formaci\u00f3n del Profesorado, acompa\u00f1ado de la Delegada Territorial visitan el <strong>Aula Confucio del CEIP Madre de la Luz.<\/strong><\/p>\n<p>Eco en la prensa:<\/p>\n<ul>\n<li><a title=\"Diario de Almeria\" href=\"http:\/\/www.elalmeria.es\/article\/almeria\/1884806\/chino\/amenaza\/resto\/idiomas.html\" target=\"_blank\" rel=\"noopener noreferrer\">Diario de Almeria<\/a><\/li>\n<li><a title=\"Ideal\" href=\"http:\/\/www.ideal.es\/almeria\/201410\/25\/alumnos-ceip-madre-comienzan-20141025003238-v.html\" target=\"_blank\" rel=\"noopener noreferrer\">Idea<\/a>l<\/li>\n<li><a title=\"La Voz de Almer\u00eda\" href=\"http:\/\/www.lavozdealmeria.es\/vernoticia.asp?IdNoticia=70207&amp;IdSeccion=2\" target=\"_blank\" rel=\"noopener noreferrer\">La Voz de Almer\u00eda<\/a><\/li>\n<\/ul>\n<p><strong>Curso 2013-2014<\/strong><\/p>\n<p>Las clases comienzan el mi\u00e9rcoles, 16 de octubre<\/p>\n<p>El C.E.I.P. Madre de La Luz contin\u00faa por tercer a\u00f1o como centro de referencia en Almeria para la ense\u00f1anza de la lengua china como actividad extraescolar. La renovaci\u00f3n del convenio entre la Consejeria \u00a0de Educaci\u00f3n y la Oficina Nacional de Promoci\u00f3n de la Lengua China \u00abHanban\u00bb, de cara al pr\u00f3ximo curso escolar incluye como novedad la realizaci\u00f3n de ex\u00e1menes oficiales de chino de reconocimiento internacional, de manera que los niveles, contenidos y objetivos de las clases se orientar\u00e1n a las exigencias de dichas pruebas.\u00a0 M\u00e1s informaci\u00f3n en el\u00a0<a title=\"Ense\u00f1anza lengua china_CEIP Madre de la Luz\" href=\"http:\/\/www.juntadeandalucia.es\/averroes\/centros-tic\/04005041\/helvia\/sitio\/index.cgi?wid_seccion=15\" target=\"_blank\" rel=\"noopener noreferrer\">sitio web del CEIP Madre de La Luz<\/a><\/p>\n<p><strong>Curso 2012-2013<\/strong><\/p>\n<p>Foto de la\u00a0<a href=\"https:\/\/docs.google.com\/file\/d\/0B9HQIk20HylnVHFMRmNhQWtZaTA\/edit?usp=sharing\" target=\"_blank\" rel=\"noopener noreferrer\">visita de la Sra. Delegada<\/a>\u00a0Territorial de Educaci\u00f3n, Cultura y Deporte al CEIP Madre de La Luz (Curso 2012-2013)<\/p>\n","protected":false},"excerpt":{"rendered":"<p>Programa de Aulas Confucio El Programa Confucio integra la lengua y cultura chinas en el sistema educativo andaluz desde 2011, cuando se firm\u00f3 el acuerdo marco de colaboraci\u00f3n entre la Consejer\u00eda de Educaci\u00f3n de&#46;&#46;&#46;<\/p>\n","protected":false},"author":1249,"featured_media":0,"parent":5161,"menu_order":0,"comment_status":"open","ping_status":"closed","template":"","meta":{"footnotes":""},"aioseo_notices":[],"_links":{"self":[{"href":"https:\/\/blogsaverroes.juntadeandalucia.es\/plurilinguismoalmeria\/wp-json\/wp\/v2\/pages\/348"}],"collection":[{"href":"https:\/\/blogsaverroes.juntadeandalucia.es\/plurilinguismoalmeria\/wp-json\/wp\/v2\/pages"}],"about":[{"href":"https:\/\/blogsaverroes.juntadeandalucia.es\/plurilinguismoalmeria\/wp-json\/wp\/v2\/types\/page"}],"author":[{"embeddable":true,"href":"https:\/\/blogsaverroes.juntadeandalucia.es\/plurilinguismoalmeria\/wp-json\/wp\/v2\/users\/1249"}],"replies":[{"embeddable":true,"href":"https:\/\/blogsaverroes.juntadeandalucia.es\/plurilinguismoalmeria\/wp-json\/wp\/v2\/comments?post=348"}],"version-history":[{"count":173,"href":"https:\/\/blogsaverroes.juntadeandalucia.es\/plurilinguismoalmeria\/wp-json\/wp\/v2\/pages\/348\/revisions"}],"predecessor-version":[{"id":10183,"href":"https:\/\/blogsaverroes.juntadeandalucia.es\/plurilinguismoalmeria\/wp-json\/wp\/v2\/pages\/348\/revisions\/10183"}],"up":[{"embeddable":true,"href":"https:\/\/blogsaverroes.juntadeandalucia.es\/plurilinguismoalmeria\/wp-json\/wp\/v2\/pages\/5161"}],"wp:attachment":[{"href":"https:\/\/blogsaverroes.juntadeandalucia.es\/plurilinguismoalmeria\/wp-json\/wp\/v2\/media?parent=348"}],"curies":[{"name":"wp","href":"https:\/\/api.w.org\/{rel}","templated":true}]}}