{"id":7571,"date":"2023-01-04T09:46:05","date_gmt":"2023-01-04T09:46:05","guid":{"rendered":"https:\/\/blogsaverroes.juntadeandalucia.es\/plurilinguismoalmeria\/?page_id=7571"},"modified":"2023-01-04T09:46:26","modified_gmt":"2023-01-04T09:46:26","slug":"dia-de-europa","status":"publish","type":"page","link":"https:\/\/blogsaverroes.juntadeandalucia.es\/plurilinguismoalmeria\/internacionalizacion\/dia-de-europa\/","title":{"rendered":"D\u00eda de Europa"},"content":{"rendered":"<p><a href=\"https:\/\/blogsaverroes.juntadeandalucia.es\/plurilinguismoalmeria\/files\/2023\/01\/dia_europa_AL.png\"><img fetchpriority=\"high\" decoding=\"async\" class=\"alignnone size-large wp-image-7572\" src=\"https:\/\/blogsaverroes.juntadeandalucia.es\/plurilinguismoalmeria\/files\/2023\/01\/dia_europa_AL-1024x576.png\" alt=\"\" width=\"1024\" height=\"576\" srcset=\"https:\/\/blogsaverroes.juntadeandalucia.es\/plurilinguismoalmeria\/files\/2023\/01\/dia_europa_AL-1024x576.png 1024w, https:\/\/blogsaverroes.juntadeandalucia.es\/plurilinguismoalmeria\/files\/2023\/01\/dia_europa_AL-300x169.png 300w, https:\/\/blogsaverroes.juntadeandalucia.es\/plurilinguismoalmeria\/files\/2023\/01\/dia_europa_AL-768x432.png 768w, https:\/\/blogsaverroes.juntadeandalucia.es\/plurilinguismoalmeria\/files\/2023\/01\/dia_europa_AL-1536x864.png 1536w, https:\/\/blogsaverroes.juntadeandalucia.es\/plurilinguismoalmeria\/files\/2023\/01\/dia_europa_AL.png 1600w\" sizes=\"(max-width: 1024px) 100vw, 1024px\" \/><\/a><\/p>\n<p>El <strong>D\u00eda de Europa<\/strong> conmemora la firma de la \u00ab<a href=\"https:\/\/european-union.europa.eu\/principles-countries-history\/history-eu\/1945-59\/schuman-declaration-may-1950_es\">Declaraci\u00f3n de Schuman<\/a>\u00bb el <strong>9 de mayo<\/strong> de 1950, un ambicioso plan para garantizar la paz a largo plazo en la Europa de la posguerra que se considera el inicio de lo que ahora es la Uni\u00f3n Europea. La importancia de trabajar por la paz en Europa es m\u00e1s evidente ahora, cuando hacemos hincapi\u00e9 en nuestra unidad y en la solidaridad con Ucrania.<\/p>\n<p>Todos los a\u00f1os, el 9 de mayo, las instituciones de la <strong>Uni\u00f3n Europea<\/strong> invitan a muchas actividades diferentes en l\u00ednea y presenciales en todos los Estados miembros, as\u00ed como en sus sedes en Bruselas, Estrasburgo y Luxemburgo. Es el momento perfecto para reunirnos, debatir los desaf\u00edos a que nos enfrentamos y crear un futuro mejor para Europa que funcione para todas las personas.<\/p>\n<p>El 9 de mayo de 2022, el centro de informaci\u00f3n <strong>Europe Direct<\/strong> de la Diputaci\u00f3n de Almer\u00eda ha conmemorado el D\u00eda de Europa con la actividad titulada <em>9 Mayo D\u00eda de Europa: debate y participa en la construcci\u00f3n de la UE,<\/em> en cooperaci\u00f3n con la Direcci\u00f3n General de Comunicaci\u00f3n de la Comisi\u00f3n Europea. En esta charla y posterior debate sobre el futuro de Europa han participado alumnos del IES Sierra de G\u00e1dor (Berja), IES Aguadulce (Roquetas de Mar), Liceo Mediterr\u00e1neo (El Ejido), IES Nicol\u00e1s Salmer\u00f3n y Colegio la Salle Virgen del Mar.&nbsp;<\/p>\n<p>Enlaces:<\/p>\n<ul>\n<li><a href=\"https:\/\/www.dipalme.org\/Servicios\/cmsdipro\/index.nsf\/informacion.xsp?p=PEuropeos&amp;documentId=D342E88A47C366CCC125888B004027B1\" target=\"_blank\" rel=\"noopener noreferrer\">9 Mayo D\u00eda de Europa: debate y participa en la construcci\u00f3n de la UE<\/a><\/li>\n<li><a href=\"https:\/\/spain.representation.ec.europa.eu\/noticias-eventos\/eventos-0\/almeria-actos-de-conmemoracion-del-dia-de-europa-2022-05-09_es\" target=\"_blank\" rel=\"noopener noreferrer\">Almer\u00eda: actos de conmemoraci\u00f3n del D\u00eda de Europa<\/a><\/li>\n<li><a href=\"https:\/\/www.interalmeria.tv\/2022\/05\/09\/la-diputacion-provincial-celebra-el-dia-de-europa-en-el-municipio-de-huercal-de-almeria\/\" target=\"_blank\" rel=\"noopener noreferrer\">La Diputaci\u00f3n Provincial celebra el D\u00eda de Europa en el municipio de Hu\u00e9rcal de Almer\u00eda<\/a><\/li>\n<li><a href=\"https:\/\/www.diariodealmeria.es\/provincia\/celebran-Dia-Europa-Huercal-Almeria_0_1681932982.html\" target=\"_blank\" rel=\"noopener noreferrer\">140 j\u00f3venes celebran el D\u00eda de Europa en Hu\u00e9rcal de Almer\u00eda<\/a><\/li>\n<\/ul>\n<p>Documentos:<\/p>\n<ul>\n<li><a href=\"https:\/\/blogsaverroes.juntadeandalucia.es\/plurilinguismoalmeria\/files\/2023\/01\/Programa-9-mayo.pdf\" target=\"_blank\" rel=\"noopener noreferrer\">Programa del evento<\/a><\/li>\n<li><a href=\"https:\/\/blogsaverroes.juntadeandalucia.es\/plurilinguismoalmeria\/files\/2023\/01\/Erasmus_09052022.pdf\" target=\"_blank\" rel=\"noopener noreferrer\">Presentaci\u00f3n del programa Erasmus+<\/a><\/li>\n<\/ul>\n","protected":false},"excerpt":{"rendered":"<p>El D\u00eda de Europa conmemora la firma de la \u00abDeclaraci\u00f3n de Schuman\u00bb el 9 de mayo de 1950, un ambicioso plan para garantizar la paz a largo plazo en la Europa de la posguerra&#46;&#46;&#46;<\/p>\n","protected":false},"author":10643,"featured_media":0,"parent":5186,"menu_order":0,"comment_status":"closed","ping_status":"closed","template":"","meta":{"footnotes":""},"aioseo_notices":[],"_links":{"self":[{"href":"https:\/\/blogsaverroes.juntadeandalucia.es\/plurilinguismoalmeria\/wp-json\/wp\/v2\/pages\/7571"}],"collection":[{"href":"https:\/\/blogsaverroes.juntadeandalucia.es\/plurilinguismoalmeria\/wp-json\/wp\/v2\/pages"}],"about":[{"href":"https:\/\/blogsaverroes.juntadeandalucia.es\/plurilinguismoalmeria\/wp-json\/wp\/v2\/types\/page"}],"author":[{"embeddable":true,"href":"https:\/\/blogsaverroes.juntadeandalucia.es\/plurilinguismoalmeria\/wp-json\/wp\/v2\/users\/10643"}],"replies":[{"embeddable":true,"href":"https:\/\/blogsaverroes.juntadeandalucia.es\/plurilinguismoalmeria\/wp-json\/wp\/v2\/comments?post=7571"}],"version-history":[{"count":1,"href":"https:\/\/blogsaverroes.juntadeandalucia.es\/plurilinguismoalmeria\/wp-json\/wp\/v2\/pages\/7571\/revisions"}],"predecessor-version":[{"id":7575,"href":"https:\/\/blogsaverroes.juntadeandalucia.es\/plurilinguismoalmeria\/wp-json\/wp\/v2\/pages\/7571\/revisions\/7575"}],"up":[{"embeddable":true,"href":"https:\/\/blogsaverroes.juntadeandalucia.es\/plurilinguismoalmeria\/wp-json\/wp\/v2\/pages\/5186"}],"wp:attachment":[{"href":"https:\/\/blogsaverroes.juntadeandalucia.es\/plurilinguismoalmeria\/wp-json\/wp\/v2\/media?parent=7571"}],"curies":[{"name":"wp","href":"https:\/\/api.w.org\/{rel}","templated":true}]}}