{"id":8259,"date":"2023-06-27T09:15:24","date_gmt":"2023-06-27T08:15:24","guid":{"rendered":"https:\/\/blogsaverroes.juntadeandalucia.es\/plurilinguismoalmeria\/?page_id=8259"},"modified":"2023-06-27T09:15:24","modified_gmt":"2023-06-27T08:15:24","slug":"picasso-mob","status":"publish","type":"page","link":"https:\/\/blogsaverroes.juntadeandalucia.es\/plurilinguismoalmeria\/picasso-mob\/","title":{"rendered":"Picasso Mob"},"content":{"rendered":"<p><a href=\"https:\/\/blogsaverroes.juntadeandalucia.es\/plurilinguismoalmeria\/files\/2022\/03\/France_Spain_Locator_PicassoMob-e1648112352631.png\"><img fetchpriority=\"high\" decoding=\"async\" class=\"alignnone wp-image-6806 size-large\" src=\"https:\/\/blogsaverroes.juntadeandalucia.es\/plurilinguismoalmeria\/files\/2022\/03\/France_Spain_Locator_PicassoMob-e1648112352631-1024x345.png\" alt=\"\" width=\"1024\" height=\"345\" srcset=\"https:\/\/blogsaverroes.juntadeandalucia.es\/plurilinguismoalmeria\/files\/2022\/03\/France_Spain_Locator_PicassoMob-e1648112352631-1024x345.png 1024w, https:\/\/blogsaverroes.juntadeandalucia.es\/plurilinguismoalmeria\/files\/2022\/03\/France_Spain_Locator_PicassoMob-e1648112352631-300x101.png 300w, https:\/\/blogsaverroes.juntadeandalucia.es\/plurilinguismoalmeria\/files\/2022\/03\/France_Spain_Locator_PicassoMob-e1648112352631-768x259.png 768w, https:\/\/blogsaverroes.juntadeandalucia.es\/plurilinguismoalmeria\/files\/2022\/03\/France_Spain_Locator_PicassoMob-e1648112352631.png 1160w\" sizes=\"(max-width: 1024px) 100vw, 1024px\" \/><\/a><\/p>\n<p>El <strong>Programa de Movilidad Individual del Alumnado con Reciprocidad, <\/strong>m\u00e1s conocido como <em><strong>Picasso Mob,&nbsp;<\/strong><\/em>se inscribe en el marco de los protocolos de colaboraci\u00f3n firmados entre la Consejer\u00eda de Educaci\u00f3n y Deporte de la Junta de Andaluc\u00eda y las <em>Acad\u00e9mies de Aix-Marseille, Nice<\/em>&nbsp;(Regi\u00f3n Acad\u00e9mica de&nbsp;<em>Provence-Alpes-C\u00f4te d\u2019Azur), Lyon y Reims<\/em> (Francia) para promover la movilidad individual del alumnado <strong>franc\u00e9s y espa\u00f1ol.<\/strong> El intercambio va dirigido al alumnado de IES biling\u00fces o pluriling\u00fces de franc\u00e9s como primera lengua extranjera (L2), pluriling\u00fces de ingl\u00e9s-franc\u00e9s o biling\u00fces con franc\u00e9s como segunda lengua extranjera (L3), que est\u00e9 matriculado actualmente en 4\u00ba de ESO y que curse 1\u00ba de Bachillerato el pr\u00f3ximo curso.&nbsp;<\/p>\n<ul>\n<li><a href=\"https:\/\/portals.ced.junta-andalucia.es\/educacion\/portals\/delegate\/content\/c58e347d-8ec2-450d-81e3-5ff4383b34fd\/Convocatoria%20Programa%20de%20Movilidad%20Individual%20del%20Alumnado%20con%20Reciprocidad%20curso%202023-2024\" target=\"_blank\" rel=\"noopener noreferrer\">Texto de la \u00faltima convocatoria<\/a><\/li>\n<li><a href=\"https:\/\/blogsaverroes.juntadeandalucia.es\/plurilinguismoalmeria\/files\/2023\/06\/Anexo-III-movilidad-acuerdo-de-estudios-23-24_MODIFICADO.pdf\">Acuerdo de estudios<\/a><\/li>\n<\/ul>\n","protected":false},"excerpt":{"rendered":"<p>El Programa de Movilidad Individual del Alumnado con Reciprocidad, m\u00e1s conocido como Picasso Mob,&nbsp;se inscribe en el marco de los protocolos de colaboraci\u00f3n firmados entre la Consejer\u00eda de Educaci\u00f3n y Deporte de la Junta&#46;&#46;&#46;<\/p>\n","protected":false},"author":10643,"featured_media":0,"parent":0,"menu_order":0,"comment_status":"closed","ping_status":"closed","template":"","meta":{"footnotes":""},"aioseo_notices":[],"_links":{"self":[{"href":"https:\/\/blogsaverroes.juntadeandalucia.es\/plurilinguismoalmeria\/wp-json\/wp\/v2\/pages\/8259"}],"collection":[{"href":"https:\/\/blogsaverroes.juntadeandalucia.es\/plurilinguismoalmeria\/wp-json\/wp\/v2\/pages"}],"about":[{"href":"https:\/\/blogsaverroes.juntadeandalucia.es\/plurilinguismoalmeria\/wp-json\/wp\/v2\/types\/page"}],"author":[{"embeddable":true,"href":"https:\/\/blogsaverroes.juntadeandalucia.es\/plurilinguismoalmeria\/wp-json\/wp\/v2\/users\/10643"}],"replies":[{"embeddable":true,"href":"https:\/\/blogsaverroes.juntadeandalucia.es\/plurilinguismoalmeria\/wp-json\/wp\/v2\/comments?post=8259"}],"version-history":[{"count":1,"href":"https:\/\/blogsaverroes.juntadeandalucia.es\/plurilinguismoalmeria\/wp-json\/wp\/v2\/pages\/8259\/revisions"}],"predecessor-version":[{"id":8261,"href":"https:\/\/blogsaverroes.juntadeandalucia.es\/plurilinguismoalmeria\/wp-json\/wp\/v2\/pages\/8259\/revisions\/8261"}],"wp:attachment":[{"href":"https:\/\/blogsaverroes.juntadeandalucia.es\/plurilinguismoalmeria\/wp-json\/wp\/v2\/media?parent=8259"}],"curies":[{"name":"wp","href":"https:\/\/api.w.org\/{rel}","templated":true}]}}