{"id":124,"date":"2020-09-29T18:04:01","date_gmt":"2020-09-29T16:04:01","guid":{"rendered":"https:\/\/blogsaverroes.juntadeandalucia.es\/plurilinguismocordoba\/?page_id=124"},"modified":"2021-04-20T11:43:35","modified_gmt":"2021-04-20T09:43:35","slug":"centros-plurilingues","status":"publish","type":"page","link":"https:\/\/blogsaverroes.juntadeandalucia.es\/plurilinguismocordoba\/centros-plurilingues\/","title":{"rendered":"Centros Pluriling\u00fces"},"content":{"rendered":"<p><img fetchpriority=\"high\" decoding=\"async\" class=\"alignnone size-medium wp-image-223\" src=\"https:\/\/blogsaverroes.juntadeandalucia.es\/plurilinguismocordoba\/files\/2020\/10\/letters-5161496_1280-300x200.jpg\" alt=\"\" width=\"300\" height=\"200\" srcset=\"https:\/\/blogsaverroes.juntadeandalucia.es\/plurilinguismocordoba\/files\/2020\/10\/letters-5161496_1280-300x200.jpg 300w, https:\/\/blogsaverroes.juntadeandalucia.es\/plurilinguismocordoba\/files\/2020\/10\/letters-5161496_1280-1024x682.jpg 1024w, https:\/\/blogsaverroes.juntadeandalucia.es\/plurilinguismocordoba\/files\/2020\/10\/letters-5161496_1280-768x512.jpg 768w, https:\/\/blogsaverroes.juntadeandalucia.es\/plurilinguismocordoba\/files\/2020\/10\/letters-5161496_1280-24x16.jpg 24w, https:\/\/blogsaverroes.juntadeandalucia.es\/plurilinguismocordoba\/files\/2020\/10\/letters-5161496_1280-36x24.jpg 36w, https:\/\/blogsaverroes.juntadeandalucia.es\/plurilinguismocordoba\/files\/2020\/10\/letters-5161496_1280-48x32.jpg 48w, https:\/\/blogsaverroes.juntadeandalucia.es\/plurilinguismocordoba\/files\/2020\/10\/letters-5161496_1280.jpg 1280w\" sizes=\"(max-width: 300px) 100vw, 300px\" \/><\/p>\n<p>CEIP Ntra. Sra. De la Sierra Ingl\u00e9s-\u00adFranc\u00e9s<\/p>\n<p><a href=\"http:\/\/www.juntadeandalucia.es\/averroes\/centros-tic\/14000744\/helvia\/sitio\/\">http:\/\/www.juntadeandalucia.es\/averroes\/centros-tic\/14000744\/helvia\/sitio\/<\/a><\/p>\n<p>CEIP Ciudad Jard\u00edn Franc\u00e9s-\u00adIngl\u00e9s<\/p>\n<p><a href=\"http:\/\/www.juntadeandalucia.es\/averroes\/centros-tic\/14600759\/helvia\/sitio\/index.cgi?wid_seccion=112#\">http:\/\/www.juntadeandalucia.es\/averroes\/centros-tic\/14600759\/helvia\/sitio\/index.cgi?wid_seccion=112#<\/a><\/p>\n<p>IES Blas Infante Franc\u00e9s-\u00adIngl\u00e9s<\/p>\n<p><a href=\"https:\/\/www.iesbi.es\/plurilingueismo\">https:\/\/www.iesbi.es\/plurilingueismo<\/a><\/p>\n<p>IES Ulia Fidentia Franc\u00e9s-\u00adIngl\u00e9s<\/p>\n<p><a href=\"http:\/\/iesuliafidentia.es\/plurilinguismo\/\">http:\/\/iesuliafidentia.es\/plurilinguismo\/<\/a><\/p>\n<p>IES \u00c1lvarez Cubero&nbsp; Ingl\u00e9s-\u00adFranc\u00e9s&nbsp; CURSO 2021-22<\/p>\n<p><a href=\"https:\/\/sites.google.com\/iesalvarezcubero.es\/ieslvarezcubero\/\">https:\/\/sites.google.com\/iesalvarezcubero.es\/ieslvarezcubero\/<\/a><\/p>\n<p>IES Carmen Panti\u00f3n Ingl\u00e9s-\u00adFranc\u00e9s&nbsp; CURSO 2021 -22<\/p>\n<p><a href=\"http:\/\/www.iescarmenpantion.es\/\">http:\/\/www.iescarmenpantion.es\/<\/a><\/p>\n<p>&nbsp;<\/p>\n<p>&nbsp;<\/p>\n<h2 id=\":lw\" class=\"hP\" data-thread-perm-id=\"thread-a:r-183099452103955832\" data-legacy-thread-id=\"1758fa925aac1220\"><a href=\"https:\/\/www.diariocordoba.com\/noticias\/educacion\/plurilinguismo-presente-tres-centros-provincia_915101.html\">El pluriling\u00fcismo est\u00e1 presente en tres centros de la provincia &#8211; Noticias Educaci\u00f3n &#8211; Diario C\u00f3rdoba<\/a><\/h2>\n<p>&nbsp;<\/p>\n<p>&nbsp;<\/p>\n","protected":false},"excerpt":{"rendered":"<p>CEIP Ntra. Sra. De la Sierra Ingl\u00e9s-\u00adFranc\u00e9s http:\/\/www.juntadeandalucia.es\/averroes\/centros-tic\/14000744\/helvia\/sitio\/ CEIP Ciudad Jard\u00edn Franc\u00e9s-\u00adIngl\u00e9s http:\/\/www.juntadeandalucia.es\/averroes\/centros-tic\/14600759\/helvia\/sitio\/index.cgi?wid_seccion=112# IES Blas Infante Franc\u00e9s-\u00adIngl\u00e9s https:\/\/www.iesbi.es\/plurilingueismo IES Ulia Fidentia Franc\u00e9s-\u00adIngl\u00e9s http:\/\/iesuliafidentia.es\/plurilinguismo\/ IES \u00c1lvarez Cubero&nbsp; Ingl\u00e9s-\u00adFranc\u00e9s&nbsp; CURSO 2021-22 https:\/\/sites.google.com\/iesalvarezcubero.es\/ieslvarezcubero\/ IES Carmen Panti\u00f3n Ingl\u00e9s-\u00adFranc\u00e9s&nbsp; CURSO 2021 -22 http:\/\/www.iescarmenpantion.es\/ &nbsp; &nbsp; El pluriling\u00fcismo est\u00e1 presente en tres centros de la provincia &#8211; Noticias Educaci\u00f3n &#8211; Diario &hellip; <\/p>\n<p><a class=\"more-link btn\" href=\"https:\/\/blogsaverroes.juntadeandalucia.es\/plurilinguismocordoba\/centros-plurilingues\/\">Seguir leyendo<\/a><\/p>\n","protected":false},"author":530,"featured_media":0,"parent":0,"menu_order":0,"comment_status":"closed","ping_status":"closed","template":"","meta":{"ngg_post_thumbnail":0,"footnotes":""},"aioseo_notices":[],"post_mailing_queue_ids":[],"_links":{"self":[{"href":"https:\/\/blogsaverroes.juntadeandalucia.es\/plurilinguismocordoba\/wp-json\/wp\/v2\/pages\/124"}],"collection":[{"href":"https:\/\/blogsaverroes.juntadeandalucia.es\/plurilinguismocordoba\/wp-json\/wp\/v2\/pages"}],"about":[{"href":"https:\/\/blogsaverroes.juntadeandalucia.es\/plurilinguismocordoba\/wp-json\/wp\/v2\/types\/page"}],"author":[{"embeddable":true,"href":"https:\/\/blogsaverroes.juntadeandalucia.es\/plurilinguismocordoba\/wp-json\/wp\/v2\/users\/530"}],"replies":[{"embeddable":true,"href":"https:\/\/blogsaverroes.juntadeandalucia.es\/plurilinguismocordoba\/wp-json\/wp\/v2\/comments?post=124"}],"version-history":[{"count":5,"href":"https:\/\/blogsaverroes.juntadeandalucia.es\/plurilinguismocordoba\/wp-json\/wp\/v2\/pages\/124\/revisions"}],"predecessor-version":[{"id":656,"href":"https:\/\/blogsaverroes.juntadeandalucia.es\/plurilinguismocordoba\/wp-json\/wp\/v2\/pages\/124\/revisions\/656"}],"wp:attachment":[{"href":"https:\/\/blogsaverroes.juntadeandalucia.es\/plurilinguismocordoba\/wp-json\/wp\/v2\/media?parent=124"}],"curies":[{"name":"wp","href":"https:\/\/api.w.org\/{rel}","templated":true}]}}