{"id":2468,"date":"2025-11-16T18:18:56","date_gmt":"2025-11-16T17:18:56","guid":{"rendered":"https:\/\/blogsaverroes.juntadeandalucia.es\/plurilinguismocordoba\/?page_id=2468"},"modified":"2026-02-28T18:39:31","modified_gmt":"2026-02-28T17:39:31","slug":"aulas-confucio-2","status":"publish","type":"page","link":"https:\/\/blogsaverroes.juntadeandalucia.es\/plurilinguismocordoba\/aulas-confucio-2\/","title":{"rendered":"Aulas Confucio"},"content":{"rendered":"<h1 class=\"post-title entry-title\"><span style=\"font-size: 18pt\">Celebraci\u00f3n del nuevo a\u00f1o chino en el IES Luis de G\u00f3ngora&nbsp;<\/span><\/h1>\n<p><img fetchpriority=\"high\" decoding=\"async\" class=\"aligncenter  wp-image-2705\" src=\"https:\/\/blogsaverroes.juntadeandalucia.es\/plurilinguismocordoba\/files\/2026\/02\/Captura-de-pantalla-2026-02-28-a-las-18.37.17.png\" alt=\"\" width=\"362\" height=\"512\" srcset=\"https:\/\/blogsaverroes.juntadeandalucia.es\/plurilinguismocordoba\/files\/2026\/02\/Captura-de-pantalla-2026-02-28-a-las-18.37.17.png 474w, https:\/\/blogsaverroes.juntadeandalucia.es\/plurilinguismocordoba\/files\/2026\/02\/Captura-de-pantalla-2026-02-28-a-las-18.37.17-212x300.png 212w\" sizes=\"(max-width: 362px) 100vw, 362px\" \/><\/p>\n<p style=\"text-align: center\"><a href=\"https:\/\/www.facebook.com\/iesluisdegongora\/videos\/con-motivo-de-la-celebraci%C3%B3n-del-a%C3%B1o-nuevo-chino-dando-la-bienvenida-al-a%C3%B1o-del-\/1246126634294462\/\" target=\"_blank\" rel=\"noopener\">Enlace a la publicaci\u00f3n del centro<\/a><\/p>\n<h1 class=\"post-title entry-title\"><span style=\"font-size: 18pt\">IV Jornadas de Formaci\u00f3n Aulas Confucio<\/span><\/h1>\n<div class=\"entry-content clearfix\">\n<p><img decoding=\"async\" class=\"aligncenter wp-image-2469 \" src=\"https:\/\/blogsaverroes.juntadeandalucia.es\/plurilinguismocordoba\/files\/2025\/11\/Aulas-confucio.jpeg\" alt=\"\" width=\"326\" height=\"461\" srcset=\"https:\/\/blogsaverroes.juntadeandalucia.es\/plurilinguismocordoba\/files\/2025\/11\/Aulas-confucio.jpeg 500w, https:\/\/blogsaverroes.juntadeandalucia.es\/plurilinguismocordoba\/files\/2025\/11\/Aulas-confucio-212x300.jpeg 212w\" sizes=\"(max-width: 326px) 100vw, 326px\" \/><\/p>\n<p>El pr\u00f3ximo 6 de noviembre en el CEP de C\u00f3rdoba se celebrar\u00e1n las <a href=\"https:\/\/secretariavirtual.juntadeandalucia.es\/secretariavirtual\/consultaCEP\/actividad\/269908PI002\/\"><strong>IV Jornadas de formaci\u00f3n Aulas Confucio<\/strong><\/a> para favorecer la interacci\u00f3n y visibilidad de los centros participantes en este programa, que integran el chino como lengua extranjera.&nbsp;<\/p>\n<p>Puedes ampliar la informaci\u00f3n sobre Aulas Confucio en el portal del Servicio de Programas Internacionales: <a href=\"https:\/\/www.juntadeandalucia.es\/educacion\/portales\/web\/programas-educativos-internacionales\/otros-programas\/aulas-confucio\">https:\/\/www.juntadeandalucia.es\/educacion\/portales\/web\/programas-educativos-internacionales\/otros-programas\/aulas-confucio<\/a><\/p>\n<p><span style=\"font-size: 10pt\">Licencia de la imagen: <a href=\"https:\/\/www.juntadeandalucia.es\/educacion\/portales\/web\/programas-educativos-internacionales\" target=\"_blank\" rel=\"noopener\">SPEI. IV Jornada de Aula Confucio. Licencia CC BY-NC-SA<\/a><\/span><\/p>\n<\/div>\n","protected":false},"excerpt":{"rendered":"<p>Celebraci\u00f3n del nuevo a\u00f1o chino en el IES Luis de G\u00f3ngora&nbsp; Enlace a la publicaci\u00f3n del centro IV Jornadas de Formaci\u00f3n Aulas Confucio El pr\u00f3ximo 6 de noviembre en el CEP de C\u00f3rdoba se celebrar\u00e1n las IV Jornadas de formaci\u00f3n Aulas Confucio para favorecer la interacci\u00f3n y visibilidad de los centros participantes en este programa, &hellip; <\/p>\n<p><a class=\"more-link btn\" href=\"https:\/\/blogsaverroes.juntadeandalucia.es\/plurilinguismocordoba\/aulas-confucio-2\/\">Seguir leyendo<\/a><\/p>\n","protected":false},"author":18252,"featured_media":0,"parent":0,"menu_order":0,"comment_status":"closed","ping_status":"closed","template":"","meta":{"ngg_post_thumbnail":0,"footnotes":""},"aioseo_notices":[],"post_mailing_queue_ids":[],"_links":{"self":[{"href":"https:\/\/blogsaverroes.juntadeandalucia.es\/plurilinguismocordoba\/wp-json\/wp\/v2\/pages\/2468"}],"collection":[{"href":"https:\/\/blogsaverroes.juntadeandalucia.es\/plurilinguismocordoba\/wp-json\/wp\/v2\/pages"}],"about":[{"href":"https:\/\/blogsaverroes.juntadeandalucia.es\/plurilinguismocordoba\/wp-json\/wp\/v2\/types\/page"}],"author":[{"embeddable":true,"href":"https:\/\/blogsaverroes.juntadeandalucia.es\/plurilinguismocordoba\/wp-json\/wp\/v2\/users\/18252"}],"replies":[{"embeddable":true,"href":"https:\/\/blogsaverroes.juntadeandalucia.es\/plurilinguismocordoba\/wp-json\/wp\/v2\/comments?post=2468"}],"version-history":[{"count":3,"href":"https:\/\/blogsaverroes.juntadeandalucia.es\/plurilinguismocordoba\/wp-json\/wp\/v2\/pages\/2468\/revisions"}],"predecessor-version":[{"id":2706,"href":"https:\/\/blogsaverroes.juntadeandalucia.es\/plurilinguismocordoba\/wp-json\/wp\/v2\/pages\/2468\/revisions\/2706"}],"wp:attachment":[{"href":"https:\/\/blogsaverroes.juntadeandalucia.es\/plurilinguismocordoba\/wp-json\/wp\/v2\/media?parent=2468"}],"curies":[{"name":"wp","href":"https:\/\/api.w.org\/{rel}","templated":true}]}}