{"id":2655,"date":"2026-02-28T05:29:34","date_gmt":"2026-02-28T04:29:34","guid":{"rendered":"https:\/\/blogsaverroes.juntadeandalucia.es\/plurilinguismocordoba\/?page_id=2655"},"modified":"2026-03-18T22:33:36","modified_gmt":"2026-03-18T21:33:36","slug":"bbpp-al-ingles-primaria","status":"publish","type":"page","link":"https:\/\/blogsaverroes.juntadeandalucia.es\/plurilinguismocordoba\/bbpp-al-ingles-primaria\/","title":{"rendered":"BBPP AL Ingl\u00e9s Primaria"},"content":{"rendered":"<p><strong>BBPP AL Ingl\u00e9s Primaria CEIP Virgen de las Cruces (EL Guijo)&nbsp;<\/strong><\/p>\n<p><strong>Premio BBPP Biling\u00fces 2021<\/strong><\/p>\n<div class=\"embed-container\"><iframe title=\"Primer Premio Buenas Pr\u00e1cticas en Ense\u00f1anza Biling\u00fce de Andaluc\u00eda 2021 | &quot;Sembrando la Paz&quot;\" width=\"750\" height=\"422\" src=\"https:\/\/www.youtube.com\/embed\/8E3YlhMaCMM?feature=oembed\" frameborder=\"0\" allow=\"accelerometer; autoplay; clipboard-write; encrypted-media; gyroscope; picture-in-picture; web-share\" referrerpolicy=\"strict-origin-when-cross-origin\" allowfullscreen><\/iframe><\/div>\n<p><strong>BBPP AL Ingl\u00e9s Primaria CEIP Nelson Mandela (La Carlota)<\/strong><\/p>\n<p><img fetchpriority=\"high\" decoding=\"async\" class=\"aligncenter size-large wp-image-2837\" src=\"https:\/\/blogsaverroes.juntadeandalucia.es\/plurilinguismocordoba\/files\/2026\/03\/Captura-de-pantalla-2026-03-18-a-las-22.31.39-1024x595.png\" alt=\"\" width=\"750\" height=\"436\" srcset=\"https:\/\/blogsaverroes.juntadeandalucia.es\/plurilinguismocordoba\/files\/2026\/03\/Captura-de-pantalla-2026-03-18-a-las-22.31.39-1024x595.png 1024w, https:\/\/blogsaverroes.juntadeandalucia.es\/plurilinguismocordoba\/files\/2026\/03\/Captura-de-pantalla-2026-03-18-a-las-22.31.39-300x174.png 300w, https:\/\/blogsaverroes.juntadeandalucia.es\/plurilinguismocordoba\/files\/2026\/03\/Captura-de-pantalla-2026-03-18-a-las-22.31.39-768x446.png 768w, https:\/\/blogsaverroes.juntadeandalucia.es\/plurilinguismocordoba\/files\/2026\/03\/Captura-de-pantalla-2026-03-18-a-las-22.31.39-1536x893.png 1536w, https:\/\/blogsaverroes.juntadeandalucia.es\/plurilinguismocordoba\/files\/2026\/03\/Captura-de-pantalla-2026-03-18-a-las-22.31.39-2048x1190.png 2048w, https:\/\/blogsaverroes.juntadeandalucia.es\/plurilinguismocordoba\/files\/2026\/03\/Captura-de-pantalla-2026-03-18-a-las-22.31.39-750x436.png 750w\" sizes=\"(max-width: 750px) 100vw, 750px\" \/><\/p>\n<p style=\"text-align: center\"><a href=\"https:\/\/www.canva.com\/design\/DAHBKEJMIIY\/I-MY0NSXqMzGp3fr2hgeYg\/view?utm_content=DAHBKEJMIIY&amp;utm_campaign=designshare&amp;utm_medium=link2&amp;utm_source=uniquelinks&amp;utlId=h8eb90faedf\" target=\"_blank\" rel=\"noopener\">Enlace a la presentaci\u00f3n<\/a><\/p>\n<p><strong>BBPP AL Ingl\u00e9s Primaria CEIP Eladio Le\u00f3n (Pe\u00f1arroya-Pueblonuevo)<\/strong><\/p>\n<p><img decoding=\"async\" class=\"aligncenter size-large wp-image-2829\" src=\"https:\/\/blogsaverroes.juntadeandalucia.es\/plurilinguismocordoba\/files\/2026\/03\/Captura-de-pantalla-2026-03-13-073633-1024x565.png\" alt=\"\" width=\"750\" height=\"414\" srcset=\"https:\/\/blogsaverroes.juntadeandalucia.es\/plurilinguismocordoba\/files\/2026\/03\/Captura-de-pantalla-2026-03-13-073633-1024x565.png 1024w, https:\/\/blogsaverroes.juntadeandalucia.es\/plurilinguismocordoba\/files\/2026\/03\/Captura-de-pantalla-2026-03-13-073633-300x165.png 300w, https:\/\/blogsaverroes.juntadeandalucia.es\/plurilinguismocordoba\/files\/2026\/03\/Captura-de-pantalla-2026-03-13-073633-768x424.png 768w, https:\/\/blogsaverroes.juntadeandalucia.es\/plurilinguismocordoba\/files\/2026\/03\/Captura-de-pantalla-2026-03-13-073633-750x414.png 750w, https:\/\/blogsaverroes.juntadeandalucia.es\/plurilinguismocordoba\/files\/2026\/03\/Captura-de-pantalla-2026-03-13-073633.png 1271w\" sizes=\"(max-width: 750px) 100vw, 750px\" \/><\/p>\n<p style=\"text-align: center\"><a href=\"https:\/\/www.canva.com\/design\/DAHAXMciqpY\/jADdDU8LrkMSbGZUtCRwww\/edit?utm_content=DAHAXMciqpY&amp;utm_campaign=designshare&amp;utm_medium=link2&amp;utm_source=sharebutton\" target=\"_blank\" rel=\"noopener\">Enlace a la presentaci\u00f3n<\/a><\/p>\n<p>&nbsp;<\/p>\n","protected":false},"excerpt":{"rendered":"<p>BBPP AL Ingl\u00e9s Primaria CEIP Virgen de las Cruces (EL Guijo)&nbsp; Premio BBPP Biling\u00fces 2021 BBPP AL Ingl\u00e9s Primaria CEIP Nelson Mandela (La Carlota) Enlace a la presentaci\u00f3n BBPP AL Ingl\u00e9s Primaria CEIP Eladio Le\u00f3n (Pe\u00f1arroya-Pueblonuevo) Enlace a la presentaci\u00f3n &nbsp;<\/p>\n","protected":false},"author":18252,"featured_media":0,"parent":0,"menu_order":0,"comment_status":"closed","ping_status":"closed","template":"","meta":{"ngg_post_thumbnail":0,"footnotes":""},"aioseo_notices":[],"post_mailing_queue_ids":[],"_links":{"self":[{"href":"https:\/\/blogsaverroes.juntadeandalucia.es\/plurilinguismocordoba\/wp-json\/wp\/v2\/pages\/2655"}],"collection":[{"href":"https:\/\/blogsaverroes.juntadeandalucia.es\/plurilinguismocordoba\/wp-json\/wp\/v2\/pages"}],"about":[{"href":"https:\/\/blogsaverroes.juntadeandalucia.es\/plurilinguismocordoba\/wp-json\/wp\/v2\/types\/page"}],"author":[{"embeddable":true,"href":"https:\/\/blogsaverroes.juntadeandalucia.es\/plurilinguismocordoba\/wp-json\/wp\/v2\/users\/18252"}],"replies":[{"embeddable":true,"href":"https:\/\/blogsaverroes.juntadeandalucia.es\/plurilinguismocordoba\/wp-json\/wp\/v2\/comments?post=2655"}],"version-history":[{"count":6,"href":"https:\/\/blogsaverroes.juntadeandalucia.es\/plurilinguismocordoba\/wp-json\/wp\/v2\/pages\/2655\/revisions"}],"predecessor-version":[{"id":2838,"href":"https:\/\/blogsaverroes.juntadeandalucia.es\/plurilinguismocordoba\/wp-json\/wp\/v2\/pages\/2655\/revisions\/2838"}],"wp:attachment":[{"href":"https:\/\/blogsaverroes.juntadeandalucia.es\/plurilinguismocordoba\/wp-json\/wp\/v2\/media?parent=2655"}],"curies":[{"name":"wp","href":"https:\/\/api.w.org\/{rel}","templated":true}]}}