{"id":2661,"date":"2026-02-28T05:32:03","date_gmt":"2026-02-28T04:32:03","guid":{"rendered":"https:\/\/blogsaverroes.juntadeandalucia.es\/plurilinguismocordoba\/?page_id=2661"},"modified":"2026-03-01T05:17:35","modified_gmt":"2026-03-01T04:17:35","slug":"bbpp-al-infantil","status":"publish","type":"page","link":"https:\/\/blogsaverroes.juntadeandalucia.es\/plurilinguismocordoba\/bbpp-al-infantil\/","title":{"rendered":"BBPP AL Infantil"},"content":{"rendered":"<p><strong>BBPP Educaci\u00f3n Infantil Comunicaci\u00f3n y Representaci\u00f3n de la Realidad <\/strong><\/p>\n<p><strong>CEIP Nuestra Se\u00f1ora del Rosario (Luque)<\/strong><\/p>\n<div class=\"embed-container\"><iframe class=\"wp-embedded-content\" sandbox=\"allow-scripts\" security=\"restricted\" title=\"Buenas pr\u00e1cticas Educaci\u00f3n Infantil\" frameborder='0' width='1200' height='675' src='https:\/\/view.genially.com\/698454d258fe46825fc81e40#?secret=feiG3aeisR' data-secret='feiG3aeisR' scrolling='yes'><\/iframe><\/div>\n<p>&nbsp;<\/p>\n","protected":false},"excerpt":{"rendered":"<p>BBPP Educaci\u00f3n Infantil Comunicaci\u00f3n y Representaci\u00f3n de la Realidad CEIP Nuestra Se\u00f1ora del Rosario (Luque) &nbsp;<\/p>\n","protected":false},"author":18252,"featured_media":0,"parent":0,"menu_order":0,"comment_status":"closed","ping_status":"closed","template":"","meta":{"ngg_post_thumbnail":0,"footnotes":""},"aioseo_notices":[],"post_mailing_queue_ids":[],"_links":{"self":[{"href":"https:\/\/blogsaverroes.juntadeandalucia.es\/plurilinguismocordoba\/wp-json\/wp\/v2\/pages\/2661"}],"collection":[{"href":"https:\/\/blogsaverroes.juntadeandalucia.es\/plurilinguismocordoba\/wp-json\/wp\/v2\/pages"}],"about":[{"href":"https:\/\/blogsaverroes.juntadeandalucia.es\/plurilinguismocordoba\/wp-json\/wp\/v2\/types\/page"}],"author":[{"embeddable":true,"href":"https:\/\/blogsaverroes.juntadeandalucia.es\/plurilinguismocordoba\/wp-json\/wp\/v2\/users\/18252"}],"replies":[{"embeddable":true,"href":"https:\/\/blogsaverroes.juntadeandalucia.es\/plurilinguismocordoba\/wp-json\/wp\/v2\/comments?post=2661"}],"version-history":[{"count":3,"href":"https:\/\/blogsaverroes.juntadeandalucia.es\/plurilinguismocordoba\/wp-json\/wp\/v2\/pages\/2661\/revisions"}],"predecessor-version":[{"id":2721,"href":"https:\/\/blogsaverroes.juntadeandalucia.es\/plurilinguismocordoba\/wp-json\/wp\/v2\/pages\/2661\/revisions\/2721"}],"wp:attachment":[{"href":"https:\/\/blogsaverroes.juntadeandalucia.es\/plurilinguismocordoba\/wp-json\/wp\/v2\/media?parent=2661"}],"curies":[{"name":"wp","href":"https:\/\/api.w.org\/{rel}","templated":true}]}}