{"id":38,"date":"2020-02-21T13:26:22","date_gmt":"2020-02-21T12:26:22","guid":{"rendered":"https:\/\/blogsaverroes.juntadeandalucia.es\/plurilinguismocordoba\/?page_id=38"},"modified":"2020-11-03T21:08:28","modified_gmt":"2020-11-03T20:08:28","slug":"centros-bilingues-de-e-secundaria","status":"publish","type":"page","link":"https:\/\/blogsaverroes.juntadeandalucia.es\/plurilinguismocordoba\/centros-bilingues-de-e-secundaria\/","title":{"rendered":"Centros Biling\u00fces de E. Secundaria"},"content":{"rendered":"<p style=\"padding-left: 40px\">Centros Biling\u00fces de E. Secundaria<\/p>\n<p>&nbsp;<\/p>\n<ol>\n<li>I<strong>.E.S. Profesor Andr\u00e9s Bojollo<\/strong><\/li>\n<li><strong>I.E.S. El Sauce<\/strong><\/li>\n<li><strong>I.E.S. Clara Campoamor<\/strong><\/li>\n<li><strong>I.E.S. Luis Carrillo de Sotomayor<\/strong><\/li>\n<li><strong>I.E.S. Dionisio Alcal\u00e1 Galiano<\/strong><\/li>\n<li><strong>I.E.S. El Tablero<\/strong><\/li>\n<li><strong>I.E.S. Felipe Sol\u00eds Villechenous<\/strong><\/li>\n<li><strong>I.E.S. Aguilar y Eslava<\/strong><\/li>\n<li><strong>I.E.S. Ipagro<\/strong><\/li>\n<li><strong>I.E.S. Maim\u00f3nides<\/strong><\/li>\n<li><strong>I.E.S. Luis de G\u00f3ngora<\/strong><\/li>\n<li><strong>I.E.S. S\u00e9neca<\/strong><\/li>\n<li><strong>I.E.S. L\u00f3pez Neyra<\/strong><\/li>\n<li><strong>I.E.S. Jerez y Caballero<\/strong><\/li>\n<li><strong>I.E.S. Marqu\u00e9s de Comares<\/strong><\/li>\n<li><strong>I.E.S. Inca Garcilaso<\/strong><\/li>\n<li><strong>I.E.S. Santos Isasa<\/strong><\/li>\n<li><strong>I.E.S. Antonio Gala<\/strong><\/li>\n<li><strong>I.E.S. Alto Guadiato<\/strong><\/li>\n<li><strong>I.E.S. Aljanadic<\/strong><\/li>\n<li><strong>I.E.S. Los Pedroches<\/strong><\/li>\n<li><strong>I.E.S. Sierra de Aras<\/strong><\/li>\n<li><strong>I.E.S. Fernando III El Santo<\/strong><\/li>\n<li><strong>I.E.S. \u00c1lvarez Cubero<\/strong><\/li>\n<li><strong>I.E.S. Manuel Reina<\/strong><\/li>\n<li><strong>I.E.S. Profesor Tierno Galv\u00e1n<\/strong><\/li>\n<li><strong>I.E.S. Blas Infante<\/strong><\/li>\n<li><strong>I.E.S. Juan de Ar\u00e9jula<\/strong><\/li>\n<li><strong>I.E.S. Galileo Galilei<\/strong><\/li>\n<li><strong>I.E.S. Antonio Mar\u00eda Calero<\/strong><\/li>\n<li><strong>I.E.S. Trassierra<\/strong><\/li>\n<li><strong>I.E.S. Alhaken II<\/strong><\/li>\n<li><strong>I.E.S. Gran Capit\u00e1n<\/strong><\/li>\n<li><strong>I.E.S. Fidiana<\/strong><\/li>\n<li><strong>I.E.S. Medina Azahara<\/strong><\/li>\n<li><strong>I.E.S. \u00c1ngel de Saavedra<\/strong><\/li>\n<li><strong>I.E.S. Nuevas Poblaciones<\/strong><\/li>\n<li><strong>I.E.S. Colonial<\/strong><\/li>\n<li><strong>I.E.S. La Jara<\/strong><\/li>\n<li><strong>I.E.S. Miguel Crespo<\/strong><\/li>\n<li><strong>I.E.S. Carmen Panti\u00f3n<\/strong><\/li>\n<li><strong>I.E.S. La Escribana<\/strong><\/li>\n<li><strong>I.E.S. Miguel de Cervantes<\/strong><\/li>\n<li><strong>I.E.S. Nuestra Se\u00f1ora de la Estrella<\/strong><\/li>\n<li><strong>I.E.S. Puente de Alcolea<\/strong><\/li>\n<li><strong>I.E.S. Santa Rosa de Lima<\/strong><\/li>\n<li><strong>I.E.S. Santa Catalina de Siena<\/strong><\/li>\n<li><strong>I.E.S. Mirador del Genil<\/strong><\/li>\n<li><strong>I.E.S. Albenzaide<\/strong><\/li>\n<li><strong>I.E.S. Ulia Fidentia<\/strong><\/li>\n<li><strong>I.E.S. Fuente \u00c1lamo<\/strong><\/li>\n<li><strong>I.E.S. Ategua<\/strong><\/li>\n<li><strong>I.E.S. Grupo C\u00e1ntico<\/strong><\/li>\n<li><strong>I.E.S. Pay Arias<\/strong><\/li>\n<li><strong>I.E.S. Maestro Eloy Vaquero<\/strong><\/li>\n<\/ol>\n","protected":false},"excerpt":{"rendered":"<p>Centros Biling\u00fces de E. Secundaria &nbsp; I.E.S. Profesor Andr\u00e9s Bojollo I.E.S. El Sauce I.E.S. Clara Campoamor I.E.S. Luis Carrillo de Sotomayor I.E.S. Dionisio Alcal\u00e1 Galiano I.E.S. El Tablero I.E.S. Felipe Sol\u00eds Villechenous I.E.S. Aguilar y Eslava I.E.S. Ipagro I.E.S. Maim\u00f3nides I.E.S. Luis de G\u00f3ngora I.E.S. S\u00e9neca I.E.S. L\u00f3pez Neyra I.E.S. Jerez y Caballero I.E.S. Marqu\u00e9s &hellip; <\/p>\n<p><a class=\"more-link btn\" href=\"https:\/\/blogsaverroes.juntadeandalucia.es\/plurilinguismocordoba\/centros-bilingues-de-e-secundaria\/\">Seguir leyendo<\/a><\/p>\n","protected":false},"author":7786,"featured_media":0,"parent":0,"menu_order":0,"comment_status":"closed","ping_status":"closed","template":"","meta":{"ngg_post_thumbnail":0,"footnotes":""},"aioseo_notices":[],"post_mailing_queue_ids":[],"_links":{"self":[{"href":"https:\/\/blogsaverroes.juntadeandalucia.es\/plurilinguismocordoba\/wp-json\/wp\/v2\/pages\/38"}],"collection":[{"href":"https:\/\/blogsaverroes.juntadeandalucia.es\/plurilinguismocordoba\/wp-json\/wp\/v2\/pages"}],"about":[{"href":"https:\/\/blogsaverroes.juntadeandalucia.es\/plurilinguismocordoba\/wp-json\/wp\/v2\/types\/page"}],"author":[{"embeddable":true,"href":"https:\/\/blogsaverroes.juntadeandalucia.es\/plurilinguismocordoba\/wp-json\/wp\/v2\/users\/7786"}],"replies":[{"embeddable":true,"href":"https:\/\/blogsaverroes.juntadeandalucia.es\/plurilinguismocordoba\/wp-json\/wp\/v2\/comments?post=38"}],"version-history":[{"count":4,"href":"https:\/\/blogsaverroes.juntadeandalucia.es\/plurilinguismocordoba\/wp-json\/wp\/v2\/pages\/38\/revisions"}],"predecessor-version":[{"id":417,"href":"https:\/\/blogsaverroes.juntadeandalucia.es\/plurilinguismocordoba\/wp-json\/wp\/v2\/pages\/38\/revisions\/417"}],"wp:attachment":[{"href":"https:\/\/blogsaverroes.juntadeandalucia.es\/plurilinguismocordoba\/wp-json\/wp\/v2\/media?parent=38"}],"curies":[{"name":"wp","href":"https:\/\/api.w.org\/{rel}","templated":true}]}}