{"id":67,"date":"2020-02-21T13:59:28","date_gmt":"2020-02-21T12:59:28","guid":{"rendered":"https:\/\/blogsaverroes.juntadeandalucia.es\/plurilinguismocordoba\/?page_id=67"},"modified":"2020-09-29T18:17:15","modified_gmt":"2020-09-29T16:17:15","slug":"otros-programas","status":"publish","type":"page","link":"https:\/\/blogsaverroes.juntadeandalucia.es\/plurilinguismocordoba\/otros-programas\/","title":{"rendered":"ERASMUS+"},"content":{"rendered":"<p>Erasmus+ quiere mejorar la calidad de la ense\u00f1anza <strong>Preescolar, Primaria y Secundaria<\/strong> en los centros de toda Europa.<\/p>\n<p>Ofrece a los profesionales de estos niveles oportunidades de <strong>Movilidad para el Aprendizaje<\/strong>, con el objetivo de ampliar y mejorar su desarrollo profesional, adem\u00e1s de posibilitar la colaboraci\u00f3n con sus hom\u00f3logos de otros pa\u00edses de Europa. Mediante las <strong>Asociaciones Estrat\u00e9gicas<\/strong> apoya el intercambio de buenas pr\u00e1cticas y criterios de innovaci\u00f3n para abordar retos comunes, como el abandono escolar o el bajo nivel de conocimiento b\u00e1sico, fomentando los v\u00ednculos con el mundo extraescolar y con otros \u00e1mbitos educativos y formativos.<\/p>\n<h2>\u00bfQu\u00e9 oportunidades ofrece?<\/h2>\n<p><strong>Oportunidades<\/strong> para los <strong>profesores y personal no docente<\/strong> para realizar actividades de desarrollo en el extranjero, de ampliaci\u00f3n de conocimiento y aptitudes. Actividades que pueden durar de dos d\u00edas a dos meses e incluso llegar al a\u00f1o. Son actividades tales como:<\/p>\n<ul>\n<li>Cursos o actividades de formaci\u00f3n estructuradas en el extranjero.<\/li>\n<li>Docencia en centros de ense\u00f1anza asociados.<\/li>\n<li>Per\u00edodo de observaci\u00f3n en el extranjero en un centro asociado u otra organizaci\u00f3n relevante activa en el \u00e1mbito de la Educaci\u00f3n Escolar, <i>jobshadowing.<\/i><\/li>\n<\/ul>\n<p>Con ellos se abren nuevas perspectivas en educaci\u00f3n, permitiendo intercambiar conocimientos y buenas pr\u00e1cticas en diferentes materias.<\/p>\n<p><strong>Cooperaci\u00f3n<\/strong> entre <strong>centros escolares<\/strong> u otras organizaciones con el fin de mejorar el nivel y la calidad de la ense\u00f1anza:<\/p>\n<ul>\n<li>Creaci\u00f3n de Asociaciones Estrat\u00e9gicas internacionales para favorecer temas de inter\u00e9s com\u00fan que permitan a las instituciones participantes colaborar durante dos o tres a\u00f1os para introducir pr\u00e1cticas innovadoras y nuevas formas de cooperaci\u00f3n con profesionales de distintos \u00e1mbitos.<\/li>\n<\/ul>\n<ul>\n<li>Cooperaci\u00f3n online entre centros escolares: <a href=\"http:\/\/www.etwinning.es\/es\/formacion\/embajadores\/966-etwinning-en-erasmus-\">eTwinning.<\/a><\/li>\n<li>Los profesores pueden colaborar con otros colegas europeos en proyectos docentes y ponerlos en red, acceder a recursos did\u00e1cticos y participar en actividades de desarrollo profesional. <a href=\"https:\/\/www.etwinning.net\/es\/pub\/index.htm\">eTwinning Espa\u00f1a<\/a><\/li>\n<\/ul>\n<h2>\u00bfQui\u00e9n puede participar?<\/h2>\n<p>Pueden participar las siguientes organizaciones y personas de los pa\u00edses del Programa* en el \u00e1mbito de la ense\u00f1anza Preescolar, Primaria y Secundaria:<\/p>\n<ul>\n<li>Centros de ense\u00f1anza.<\/li>\n<li>Instituciones locales y regionales.<\/li>\n<li>Profesorado, directores de centros, bibliotecarios y dem\u00e1s personal en estos niveles educativos.<\/li>\n<li>Alumnado de estos niveles educativos.<\/li>\n<\/ul>\n","protected":false},"excerpt":{"rendered":"<p>Erasmus+ quiere mejorar la calidad de la ense\u00f1anza Preescolar, Primaria y Secundaria en los centros de toda Europa. Ofrece a los profesionales de estos niveles oportunidades de Movilidad para el Aprendizaje, con el objetivo de ampliar y mejorar su desarrollo profesional, adem\u00e1s de posibilitar la colaboraci\u00f3n con sus hom\u00f3logos de otros pa\u00edses de Europa. Mediante &hellip; <\/p>\n<p><a class=\"more-link btn\" href=\"https:\/\/blogsaverroes.juntadeandalucia.es\/plurilinguismocordoba\/otros-programas\/\">Seguir leyendo<\/a><\/p>\n","protected":false},"author":7786,"featured_media":0,"parent":0,"menu_order":0,"comment_status":"closed","ping_status":"closed","template":"","meta":{"ngg_post_thumbnail":0,"footnotes":""},"aioseo_notices":[],"post_mailing_queue_ids":[],"_links":{"self":[{"href":"https:\/\/blogsaverroes.juntadeandalucia.es\/plurilinguismocordoba\/wp-json\/wp\/v2\/pages\/67"}],"collection":[{"href":"https:\/\/blogsaverroes.juntadeandalucia.es\/plurilinguismocordoba\/wp-json\/wp\/v2\/pages"}],"about":[{"href":"https:\/\/blogsaverroes.juntadeandalucia.es\/plurilinguismocordoba\/wp-json\/wp\/v2\/types\/page"}],"author":[{"embeddable":true,"href":"https:\/\/blogsaverroes.juntadeandalucia.es\/plurilinguismocordoba\/wp-json\/wp\/v2\/users\/7786"}],"replies":[{"embeddable":true,"href":"https:\/\/blogsaverroes.juntadeandalucia.es\/plurilinguismocordoba\/wp-json\/wp\/v2\/comments?post=67"}],"version-history":[{"count":4,"href":"https:\/\/blogsaverroes.juntadeandalucia.es\/plurilinguismocordoba\/wp-json\/wp\/v2\/pages\/67\/revisions"}],"predecessor-version":[{"id":130,"href":"https:\/\/blogsaverroes.juntadeandalucia.es\/plurilinguismocordoba\/wp-json\/wp\/v2\/pages\/67\/revisions\/130"}],"wp:attachment":[{"href":"https:\/\/blogsaverroes.juntadeandalucia.es\/plurilinguismocordoba\/wp-json\/wp\/v2\/media?parent=67"}],"curies":[{"name":"wp","href":"https:\/\/api.w.org\/{rel}","templated":true}]}}