{"id":1000,"date":"2021-07-13T12:29:51","date_gmt":"2021-07-13T10:29:51","guid":{"rendered":"https:\/\/blogsaverroes.juntadeandalucia.es\/plurilinguismodelegacioncadiz\/?page_id=1000"},"modified":"2022-01-14T11:02:56","modified_gmt":"2022-01-14T10:02:56","slug":"webs-recursos-bilingues","status":"publish","type":"page","link":"https:\/\/blogsaverroes.juntadeandalucia.es\/plurilinguismodelegacioncadiz\/webs-recursos-bilingues\/","title":{"rendered":"Webs recursos biling\u00fces"},"content":{"rendered":"<p><strong>Proyecto Ling\u00fc\u00edstico de Centro (PLC):&nbsp;<\/strong><span style=\"color: #000000\"><a style=\"color: #000000\" href=\"http:\/\/portal.ced.junta-andalucia.es\/educacion\/webportal\/web\/proyecto-linguistico-centro\/cil\">http:\/\/portal.ced.junta-andalucia.es\/educacion\/webportal\/web\/proyecto-linguistico-centro\/cil<\/a><\/span><\/p>\n<p><span style=\"font-size: 14pt;color: #000000\"><strong>**Primaria: biling\u00fce ingl\u00e9s<\/strong><\/span><\/p>\n<p><span style=\"color: #000000\"><a style=\"color: #000000\" href=\"http:\/\/www.primaryresources.co.uk\/\">http:\/\/www.primaryresources.co.uk\/<\/a><\/span><\/p>\n<p><span style=\"color: #000000\"><a style=\"color: #000000\" href=\"http:\/\/www.educa.jcyl.es\/educacyl\/cm\/zonaalumnos\">http:\/\/www.educa.jcyl.es\/educacyl\/cm\/zonaalumnos<\/a><\/span><\/p>\n<p><span style=\"font-size: 14pt;color: #000000\"><strong>**Secundaria: biling\u00fce ingl\u00e9s<\/strong><\/span><\/p>\n<p><span style=\"color: #000000\"><a style=\"color: #000000\" href=\"http:\/\/www.educa.jcyl.es\/zonasecundaria\/es\/areas-troncales\/ciencias-naturaleza\">http:\/\/www.educa.jcyl.es\/zonasecundaria\/es\/areas-troncales\/ciencias-naturaleza<\/a><\/span><\/p>\n<p>&nbsp;<\/p>\n<p><span style=\"font-size: 14pt;color: #000000\"><strong>**Franc\u00e9s: Lengua extranjera<\/strong><\/span><\/p>\n<p><span style=\"color: #000000\"><a style=\"color: #000000\" href=\"https:\/\/www.franceshastaenlasopa.com\/\">https:\/\/www.franceshastaenlasopa.com\/<\/a><\/span><\/p>\n<p>&nbsp;<\/p>\n<p><span style=\"color: #000000;font-size: 14pt\">**Conbat+ Content Based Teaching+Plurlingual pluricultural awareness:&nbsp; Unidades did\u00e1cticas en EN, FR y ES para trabajar contenidos y<strong> aspectos culturales.<\/strong><\/span><\/p>\n<p><span style=\"color: #000000\"><a style=\"color: #000000\" href=\"https:\/\/conbat.ecml.at\/DidacticUnits\/tabid\/2670\/language\/en-GB\/Default.aspx\">https:\/\/conbat.ecml.at\/DidacticUnits\/tabid\/2670\/language\/en-GB\/Default.aspx<\/a><\/span><\/p>\n<p>&nbsp;<\/p>\n<p><span style=\"color: #000000;font-size: 14pt\">**Banco de recursos: art\u00edculos, <strong>metodolog\u00edas, unidades<\/strong>, etc:<\/span><\/p>\n<p><span style=\"color: #000000\"><a style=\"color: #000000\" href=\"https:\/\/bilinguismo.prodidac.org\/recursos\/\">https:\/\/bilinguismo.prodidac.org\/recursos\/<\/a><\/span><\/p>\n<p>&nbsp;<\/p>\n<p><strong><span style=\"color: #000000;font-size: 14pt\">CANALES DE YOUTUBE:<\/span><\/strong><\/p>\n<p><span style=\"color: #000000\">**Videos cortos, sencillos y muy visuales con<strong>&nbsp;peque\u00f1as explicaciones<\/strong> sobre temas relacionados con Ciencias Naturales y Ciencias Sociales. Nivel medio-bajo: Happy Learning English.<\/span><\/p>\n<p><span style=\"color: #000000\"><a style=\"color: #000000\" href=\"https:\/\/www.youtube.com\/channel\/UC8eJxPzmvTb12v7LlZUJcLQ\">https:\/\/www.youtube.com\/channel\/UC8eJxPzmvTb12v7LlZUJcLQ<\/a><\/span><\/p>\n<p>&nbsp;<\/p>\n<p><span style=\"color: #000000\">**Canal de youtube con<span style=\"font-size: 14pt\">&nbsp;<strong>v\u00eddeos animados <\/strong><\/span>con peque\u00f1as explicaciones sobre temas relacionados con <strong>Ciencias Naturales y Ciencias Sociales.<\/strong> Nivel medio:<span style=\"font-size: 14pt\"> Peekaboo Kidz<\/span><\/span><\/p>\n<p><span style=\"color: #000000\"><a style=\"color: #000000\" href=\"https:\/\/www.youtube.com\/user\/Peekaboo\">https:\/\/www.youtube.com\/user\/Peekaboo<\/a><\/span><\/p>\n<p>&nbsp;<\/p>\n<p><span style=\"color: #000000\">**Una breve lista de videos dise\u00f1ados por&nbsp;<span style=\"font-size: 14pt\"><strong>maestros\/as de ANL y auxiliares de conversaci\u00f3n<\/strong><\/span> de Andaluc\u00eda: Lista de reproducci\u00f3n: <span style=\"font-size: 14pt\">Science for CLIL programmes<\/span><\/span><\/p>\n<p><span style=\"color: #000000\"><a style=\"color: #000000\" href=\"https:\/\/www.youtube.com\/watch?v=CSO_eDRst4A&amp;list=PLRn-pWqDyoWTpXoPIrfbHyfuwHz4u6snJ\">https:\/\/www.youtube.com\/watch?v=CSO_eDRst4A&amp;list=PLRn-pWqDyoWTpXoPIrfbHyfuwHz4u6snJ<\/a><\/span><\/p>\n","protected":false},"excerpt":{"rendered":"<p>Proyecto Ling\u00fc\u00edstico de Centro (PLC):&nbsp;http:\/\/portal.ced.junta-andalucia.es\/educacion\/webportal\/web\/proyecto-linguistico-centro\/cil **Primaria: biling\u00fce ingl\u00e9s http:\/\/www.primaryresources.co.uk\/ http:\/\/www.educa.jcyl.es\/educacyl\/cm\/zonaalumnos **Secundaria: biling\u00fce ingl\u00e9s http:\/\/www.educa.jcyl.es\/zonasecundaria\/es\/areas-troncales\/ciencias-naturaleza &nbsp; **Franc\u00e9s: Lengua extranjera https:\/\/www.franceshastaenlasopa.com\/ &nbsp;&#46;&#46;&#46;<\/p>\n","protected":false},"author":7804,"featured_media":0,"parent":0,"menu_order":0,"comment_status":"closed","ping_status":"closed","template":"","meta":{"ngg_post_thumbnail":0,"footnotes":""},"aioseo_notices":[],"_links":{"self":[{"href":"https:\/\/blogsaverroes.juntadeandalucia.es\/plurilinguismodelegacioncadiz\/wp-json\/wp\/v2\/pages\/1000"}],"collection":[{"href":"https:\/\/blogsaverroes.juntadeandalucia.es\/plurilinguismodelegacioncadiz\/wp-json\/wp\/v2\/pages"}],"about":[{"href":"https:\/\/blogsaverroes.juntadeandalucia.es\/plurilinguismodelegacioncadiz\/wp-json\/wp\/v2\/types\/page"}],"author":[{"embeddable":true,"href":"https:\/\/blogsaverroes.juntadeandalucia.es\/plurilinguismodelegacioncadiz\/wp-json\/wp\/v2\/users\/7804"}],"replies":[{"embeddable":true,"href":"https:\/\/blogsaverroes.juntadeandalucia.es\/plurilinguismodelegacioncadiz\/wp-json\/wp\/v2\/comments?post=1000"}],"version-history":[{"count":9,"href":"https:\/\/blogsaverroes.juntadeandalucia.es\/plurilinguismodelegacioncadiz\/wp-json\/wp\/v2\/pages\/1000\/revisions"}],"predecessor-version":[{"id":1263,"href":"https:\/\/blogsaverroes.juntadeandalucia.es\/plurilinguismodelegacioncadiz\/wp-json\/wp\/v2\/pages\/1000\/revisions\/1263"}],"wp:attachment":[{"href":"https:\/\/blogsaverroes.juntadeandalucia.es\/plurilinguismodelegacioncadiz\/wp-json\/wp\/v2\/media?parent=1000"}],"curies":[{"name":"wp","href":"https:\/\/api.w.org\/{rel}","templated":true}]}}