{"id":1559,"date":"2022-07-04T13:47:57","date_gmt":"2022-07-04T11:47:57","guid":{"rendered":"https:\/\/blogsaverroes.juntadeandalucia.es\/plurilinguismodelegacioncadiz\/?page_id=1559"},"modified":"2022-12-09T14:14:00","modified_gmt":"2022-12-09T13:14:00","slug":"2022-23","status":"publish","type":"page","link":"https:\/\/blogsaverroes.juntadeandalucia.es\/plurilinguismodelegacioncadiz\/2022-23\/","title":{"rendered":"2022\/23"},"content":{"rendered":"<p>INSTRUCCI\u00d3N 21\/2022 DE JULIO DE LA DIRECCI\u00d3N GENERAL DE ORDENACI\u00d3N Y EVALUACI\u00d3N EDUCTATIVA, SOBRE LA ORGANIZACI\u00d3N Y FUNCIONAMIENTO DE LA ENSE\u00d1ANZA BILING\u00dcE EN LOS CENTROS ANDALUCES PARA EL CURSO 2022\/2023<\/p>\n<p><a href=\"https:\/\/blogsaverroes.juntadeandalucia.es\/plurilinguismodelegacioncadiz\/files\/2022\/12\/Instrucci\u00f3n-21_2022-organizacion-y-funcionamiento-de-la-ense\u00f1anza-biling\u00fceF-1.pdf\">Instrucci\u00f3n 21_2022 organizacion y funcionamiento de la ense\u00f1anza biling\u00fce(F)<\/a><\/p>\n<p><span style=\"color: #000000\"><strong>AULA CONFUCIO<\/strong><\/span><\/p>\n<p><span style=\"color: #000000\"><a style=\"color: #000000\" href=\"https:\/\/blogsaverroes.juntadeandalucia.es\/plurilinguismodelegacioncadiz\/files\/2022\/07\/INSTRUCCI\u00d3N-17-2023-DE-28-DE-JUNIO-PARA-EL-DESARROLLO-DEL-PROGRAMA-DE-AULAS-CONFUCIO-_22-23F.pdf\"><strong>INSTRUCCI\u00d3N 17-2023, DE 28 DE JUNIO PARA EL DESARROLLO DEL PROGRAMA DE AULAS CONFUCIO<\/strong> <\/a>de la Direcci\u00f3n General de Ordenaci\u00f3n y Evaluaci\u00f3n Educativa, para el desarrollo del programa de Aulas Confucio de ense\u00f1anza de la lengua, el arte y la cultura chinas en centros docentes p\u00fablicos andaluces de educaci\u00f3n primaria y secundaria para el curso 2022\/2023.<\/span><\/p>\n","protected":false},"excerpt":{"rendered":"<p>INSTRUCCI\u00d3N 21\/2022 DE JULIO DE LA DIRECCI\u00d3N GENERAL DE ORDENACI\u00d3N Y EVALUACI\u00d3N EDUCTATIVA, SOBRE LA ORGANIZACI\u00d3N Y FUNCIONAMIENTO DE LA&#46;&#46;&#46;<\/p>\n","protected":false},"author":7804,"featured_media":0,"parent":0,"menu_order":0,"comment_status":"closed","ping_status":"closed","template":"","meta":{"ngg_post_thumbnail":0,"footnotes":""},"aioseo_notices":[],"_links":{"self":[{"href":"https:\/\/blogsaverroes.juntadeandalucia.es\/plurilinguismodelegacioncadiz\/wp-json\/wp\/v2\/pages\/1559"}],"collection":[{"href":"https:\/\/blogsaverroes.juntadeandalucia.es\/plurilinguismodelegacioncadiz\/wp-json\/wp\/v2\/pages"}],"about":[{"href":"https:\/\/blogsaverroes.juntadeandalucia.es\/plurilinguismodelegacioncadiz\/wp-json\/wp\/v2\/types\/page"}],"author":[{"embeddable":true,"href":"https:\/\/blogsaverroes.juntadeandalucia.es\/plurilinguismodelegacioncadiz\/wp-json\/wp\/v2\/users\/7804"}],"replies":[{"embeddable":true,"href":"https:\/\/blogsaverroes.juntadeandalucia.es\/plurilinguismodelegacioncadiz\/wp-json\/wp\/v2\/comments?post=1559"}],"version-history":[{"count":4,"href":"https:\/\/blogsaverroes.juntadeandalucia.es\/plurilinguismodelegacioncadiz\/wp-json\/wp\/v2\/pages\/1559\/revisions"}],"predecessor-version":[{"id":1598,"href":"https:\/\/blogsaverroes.juntadeandalucia.es\/plurilinguismodelegacioncadiz\/wp-json\/wp\/v2\/pages\/1559\/revisions\/1598"}],"wp:attachment":[{"href":"https:\/\/blogsaverroes.juntadeandalucia.es\/plurilinguismodelegacioncadiz\/wp-json\/wp\/v2\/media?parent=1559"}],"curies":[{"name":"wp","href":"https:\/\/api.w.org\/{rel}","templated":true}]}}