{"id":938,"date":"2021-07-13T09:38:25","date_gmt":"2021-07-13T07:38:25","guid":{"rendered":"https:\/\/blogsaverroes.juntadeandalucia.es\/plurilinguismodelegacioncadiz\/?page_id=938"},"modified":"2021-07-13T09:38:25","modified_gmt":"2021-07-13T07:38:25","slug":"manual-de-cumplimentacion-en-seneca-de-la-ensenanza-bilingue","status":"publish","type":"page","link":"https:\/\/blogsaverroes.juntadeandalucia.es\/plurilinguismodelegacioncadiz\/manual-de-cumplimentacion-en-seneca-de-la-ensenanza-bilingue\/","title":{"rendered":"Manual de cumplimentaci\u00f3n en S\u00e9neca de la ense\u00f1anza biling\u00fce"},"content":{"rendered":"<p><span style=\"font-size: 14pt;color: #000000\"><a style=\"color: #000000\" href=\"https:\/\/blogsaverroes.juntadeandalucia.es\/plurilinguismodelegacioncadiz\/files\/2021\/07\/Manual_cumplimentaci\u00f3n_ense\u00f1anza_biling\u00fce.pdf\">Manual de cumplimentaci\u00f3n en S\u00e9neca de la ense\u00f1anza biling\u00fce<\/a><\/span><\/p>\n","protected":false},"excerpt":{"rendered":"<p>Manual de cumplimentaci\u00f3n en S\u00e9neca de la ense\u00f1anza biling\u00fce<\/p>\n","protected":false},"author":7804,"featured_media":0,"parent":0,"menu_order":0,"comment_status":"closed","ping_status":"closed","template":"","meta":{"ngg_post_thumbnail":0,"footnotes":""},"aioseo_notices":[],"_links":{"self":[{"href":"https:\/\/blogsaverroes.juntadeandalucia.es\/plurilinguismodelegacioncadiz\/wp-json\/wp\/v2\/pages\/938"}],"collection":[{"href":"https:\/\/blogsaverroes.juntadeandalucia.es\/plurilinguismodelegacioncadiz\/wp-json\/wp\/v2\/pages"}],"about":[{"href":"https:\/\/blogsaverroes.juntadeandalucia.es\/plurilinguismodelegacioncadiz\/wp-json\/wp\/v2\/types\/page"}],"author":[{"embeddable":true,"href":"https:\/\/blogsaverroes.juntadeandalucia.es\/plurilinguismodelegacioncadiz\/wp-json\/wp\/v2\/users\/7804"}],"replies":[{"embeddable":true,"href":"https:\/\/blogsaverroes.juntadeandalucia.es\/plurilinguismodelegacioncadiz\/wp-json\/wp\/v2\/comments?post=938"}],"version-history":[{"count":1,"href":"https:\/\/blogsaverroes.juntadeandalucia.es\/plurilinguismodelegacioncadiz\/wp-json\/wp\/v2\/pages\/938\/revisions"}],"predecessor-version":[{"id":940,"href":"https:\/\/blogsaverroes.juntadeandalucia.es\/plurilinguismodelegacioncadiz\/wp-json\/wp\/v2\/pages\/938\/revisions\/940"}],"wp:attachment":[{"href":"https:\/\/blogsaverroes.juntadeandalucia.es\/plurilinguismodelegacioncadiz\/wp-json\/wp\/v2\/media?parent=938"}],"curies":[{"name":"wp","href":"https:\/\/api.w.org\/{rel}","templated":true}]}}