{"id":2144,"date":"2016-06-01T16:08:03","date_gmt":"2016-06-01T16:08:03","guid":{"rendered":"http:\/\/blogsaverroes.juntadeandalucia.es\/plurilinguismodelegaciongranada\/?page_id=2144"},"modified":"2023-05-08T11:37:10","modified_gmt":"2023-05-08T11:37:10","slug":"ciclos-formativos-bilingues","status":"publish","type":"page","link":"https:\/\/blogsaverroes.juntadeandalucia.es\/plurilinguismodelegaciongranada\/ciclos-formativos-bilingues\/","title":{"rendered":"Ciclos Formativos Biling\u00fces"},"content":{"rendered":"<table style=\"width: 98.472%;height: 1384px\" cellspacing=\"0\" cellpadding=\"2\">\n<colgroup>\n<col width=\"158\">\n<col width=\"90\">\n<col width=\"159\">\n<col width=\"377\">\n<col width=\"136\"> <\/colgroup>\n<tbody>\n<tr style=\"height: 80px\" valign=\"bottom\">\n<th style=\"height: 80px;width: 18.1688%;border-color: #7e9103\" bgcolor=\"#dddddd\">\n<p align=\"center\">&nbsp;<\/p>\n<p align=\"center\"><strong>CENTRO<\/strong><\/p>\n<p align=\"center\">&nbsp;<\/p>\n<\/th>\n<th style=\"height: 80px;width: 14.3062%;border-color: #7e9103\" bgcolor=\"#dddddd\">\n<p align=\"center\"><strong>LOCALIDAD<\/strong><\/p>\n<p align=\"center\">&nbsp;<\/p>\n<\/th>\n<th style=\"height: 80px;width: 17.0243%;border-color: #7e9103\" bgcolor=\"#dddddd\">\n<p align=\"center\"><strong>CCFF <\/strong><\/p>\n<p align=\"center\"><strong>GRADO MEDIO<\/strong><\/p>\n<\/th>\n<th style=\"height: 80px;width: 31.6166%;border-color: #7e9103\" bgcolor=\"#dddddd\">\n<p align=\"center\"><strong>CCFF <\/strong><\/p>\n<p align=\"center\"><strong>GRADO SUPERIOR<\/strong><\/p>\n<\/th>\n<th style=\"height: 80px;width: 68.0249%;border-color: #7e9103\" bgcolor=\"#dddddd\">\n<p align=\"center\"><strong>FAMILIA PROFESIONAL<\/strong><\/p>\n<\/th>\n<\/tr>\n<tr style=\"height: 72px\">\n<td style=\"width: 18.1688%;border-color: #7e9103;background-color: #f7f7f2;height: 72px\">\n<p align=\"center\"><strong>IES AL-\u00c1NDALUS<\/strong><\/p>\n<\/td>\n<td style=\"width: 14.3062%;border-color: #7e9103;background-color: #f7f7f2;height: 72px\">\n<p align=\"center\">ALMUN\u00c9CAR<\/p>\n<\/td>\n<td style=\"width: 17.0243%;border-color: #7e9103;background-color: #f7f7f2;text-align: center;height: 72px\">Sistemas<br \/>\nMicroinform\u00e1ticos<br \/>\ny Redes<\/td>\n<td style=\"width: 31.6166%;border-color: #7e9103;background-color: #f7f7f2;text-align: center;height: 72px\">&nbsp;<\/td>\n<td style=\"width: 68.0249%;border-color: #7e9103;background-color: #f7f7f2;text-align: center;height: 72px\">Inform\u00e1tica y Comunicaciones<\/td>\n<\/tr>\n<tr style=\"height: 46px\">\n<td style=\"height: 151px;width: 18.1688%;border-color: #7e9103;background-color: #f7f7f2\" rowspan=\"3\" bgcolor=\"#ffffff\">\n<p align=\"center\"><strong>IES LUIS BUENO CRESPO<\/strong><\/p>\n<\/td>\n<td style=\"height: 151px;width: 14.3062%;border-color: #7e9103;background-color: #f7f7f2\" rowspan=\"3\" bgcolor=\"#ffffff\">\n<p align=\"center\">ARMILLA<\/p>\n<\/td>\n<td style=\"height: 151px;width: 17.0243%;border-color: #7e9103;background-color: #f7f7f2\" rowspan=\"3\" bgcolor=\"#ffffff\">&nbsp;<\/td>\n<td style=\"height: 46px;width: 31.6166%;border-color: #7e9103;background-color: #f7f7f2;text-align: center\" bgcolor=\"#ffffff\">Patronaje y moda<\/td>\n<td style=\"height: 46px;width: 68.0249%;border-color: #7e9103;background-color: #f7f7f2;text-align: center\" bgcolor=\"#ffffff\">Textil, confecci\u00f3n y piel<\/td>\n<\/tr>\n<tr style=\"height: 58px\">\n<td style=\"height: 58px;width: 31.6166%;border-color: #7e9103;background-color: #f7f7f2;text-align: center\" bgcolor=\"#ffffff\">Sistemas de telecomunicaciones e inform\u00e1ticos (LOE)<\/td>\n<td style=\"height: 58px;width: 68.0249%;border-color: #7e9103;background-color: #f7f7f2;text-align: center\" bgcolor=\"#ffffff\">Electricidad y electr\u00f3nica<\/td>\n<\/tr>\n<tr style=\"height: 47px\">\n<td style=\"height: 47px;width: 31.6166%;border-color: #7e9103;background-color: #f7f7f2;text-align: center\" bgcolor=\"#ffffff\">Administraci\u00f3n y Finanzas (LOE)<\/td>\n<td style=\"height: 47px;width: 68.0249%;border-color: #7e9103;background-color: #f7f7f2;text-align: center\" bgcolor=\"#ffffff\">Administraci\u00f3n y Gesti\u00f3n<\/td>\n<\/tr>\n<tr style=\"height: 47px\">\n<td style=\"height: 47px;width: 18.1688%;border-color: #7e9103\" bgcolor=\"#ffffff\">\n<p align=\"center\"><strong>IES PEDRO JIM\u00c9NEZ MONTOYA<\/strong><\/p>\n<\/td>\n<td style=\"height: 47px;width: 14.3062%;border-color: #7e9103;text-align: center\" bgcolor=\"#ffffff\">\n<p align=\"center\">BAZA<\/p>\n<\/td>\n<td style=\"height: 47px;width: 17.0243%;border-color: #7e9103;text-align: center\" bgcolor=\"#ffffff\">Gesti\u00f3n Administrativa<\/td>\n<td style=\"height: 47px;width: 31.6166%;border-color: #7e9103;text-align: center\" bgcolor=\"#ffffff\">&nbsp;<\/td>\n<td style=\"height: 47px;width: 68.0249%;border-color: #7e9103;text-align: center\" bgcolor=\"#ffffff\">Administraci\u00f3n y Gesti\u00f3n<\/td>\n<\/tr>\n<tr style=\"height: 54px\">\n<td style=\"height: 135px;width: 18.1688%;border-color: #7e9103;background-color: #fafaf7\" rowspan=\"3\" bgcolor=\"#ffffff\">\n<p align=\"center\"><strong>CPIFP HURTADO DE MENDOZA<\/strong><\/p>\n<\/td>\n<td style=\"height: 135px;width: 14.3062%;border-color: #7e9103;background-color: #fafaf7\" rowspan=\"3\" bgcolor=\"#ffffff\">\n<p align=\"center\">GRANADA<\/p>\n<\/td>\n<td style=\"height: 135px;width: 17.0243%;border-color: #7e9103;background-color: #fafaf7\" rowspan=\"3\" bgcolor=\"#ffffff\">&nbsp;<\/td>\n<td style=\"height: 54px;width: 31.6166%;border-color: #7e9103;background-color: #fafaf7;text-align: center\" bgcolor=\"#ffffff\">Gu\u00eda, informaci\u00f3n y asistencia tur\u00edstica<\/td>\n<td style=\"height: 135px;width: 68.0249%;border-color: #7e9103;background-color: #fafaf7;text-align: center\" rowspan=\"3\" bgcolor=\"#ffffff\">Hosteler\u00eda y Turismo<\/td>\n<\/tr>\n<tr style=\"height: 36px\">\n<td style=\"height: 36px;width: 31.6166%;border-color: #7e9103;background-color: #fafaf7;text-align: center\" bgcolor=\"#ffffff\">Gesti\u00f3n de alojamientos tur\u00edsticos<\/td>\n<\/tr>\n<tr style=\"height: 45px\">\n<td style=\"height: 45px;width: 31.6166%;border-color: #7e9103;background-color: #fafaf7;text-align: center\" bgcolor=\"#ffffff\">Gesti\u00f3n de alojamientos tur\u00edsticos \u2013 FP DUAL<\/td>\n<\/tr>\n<tr style=\"height: 80px\">\n<td style=\"height: 80px;width: 18.1688%;border-color: #7e9103\" bgcolor=\"#ffffff\">\n<p align=\"center\"><strong>IES ALBAYZ\u00cdN<\/strong><\/p>\n<\/td>\n<td style=\"height: 80px;width: 14.3062%;border-color: #7e9103;text-align: center\" bgcolor=\"#ffffff\">\n<p align=\"center\">GRANADA<\/p>\n<\/td>\n<td style=\"height: 80px;width: 17.0243%;border-color: #7e9103;text-align: center\" bgcolor=\"#ffffff\">&nbsp;<\/td>\n<td style=\"height: 80px;width: 31.6166%;border-color: #7e9103;text-align: center\" bgcolor=\"#ffffff\">Iluminaci\u00f3n, captaci\u00f3n y tratamiento de la Imagen (LOE)<\/td>\n<td style=\"height: 80px;width: 68.0249%;border-color: #7e9103;text-align: center\" bgcolor=\"#ffffff\">Imagen y Sonido<\/td>\n<\/tr>\n<tr style=\"height: 39px\">\n<td style=\"height: 56px;width: 18.1688%;border-color: #7e9103;background-color: #f7f7f2\" rowspan=\"2\" bgcolor=\"#ffffff\">\n<p align=\"center\"><strong>IES AYNADAMAR<\/strong><\/p>\n<\/td>\n<td style=\"height: 56px;width: 14.3062%;border-color: #7e9103;background-color: #f7f7f2\" rowspan=\"2\" bgcolor=\"#ffffff\">\n<p align=\"center\">GRANADA<\/p>\n<\/td>\n<td style=\"height: 39px;width: 17.0243%;border-color: #7e9103;background-color: #f7f7f2\" bgcolor=\"#ffffff\">&nbsp;<\/td>\n<td style=\"height: 39px;width: 31.6166%;border-color: #7e9103;background-color: #f7f7f2;text-align: center\" bgcolor=\"#ffffff\">Est\u00e9tica Integral y Bienestar<\/td>\n<td style=\"height: 39px;width: 68.0249%;border-color: #7e9103;background-color: #f7f7f2;text-align: center\" bgcolor=\"#ffffff\">Imagen Personal<\/td>\n<\/tr>\n<tr style=\"height: 17px\">\n<td style=\"height: 17px;width: 17.0243%;border-color: #7e9103;background-color: #f7f7f2\" bgcolor=\"#ffffff\">\n<p align=\"center\">Farmacia y Parafarmacia<\/p>\n<\/td>\n<td style=\"height: 17px;width: 31.6166%;border-color: #7e9103;background-color: #f7f7f2;text-align: center\" bgcolor=\"#ffffff\">&nbsp;<\/td>\n<td style=\"height: 17px;width: 68.0249%;border-color: #7e9103;background-color: #f7f7f2;text-align: center\" bgcolor=\"#ffffff\">Sanidad<\/td>\n<\/tr>\n<tr style=\"height: 80px\">\n<td style=\"height: 80px;width: 18.1688%;border-color: #7e9103\" bgcolor=\"#ffffff\">\n<p align=\"center\"><strong>IES FRANCISCO AYALA<\/strong><\/p>\n<\/td>\n<td style=\"height: 80px;width: 14.3062%;border-color: #7e9103;text-align: center\" bgcolor=\"#ffffff\">\n<p align=\"center\">GRANADA<\/p>\n<\/td>\n<td style=\"height: 80px;width: 17.0243%;border-color: #7e9103;text-align: center\" bgcolor=\"#ffffff\">&nbsp;<\/td>\n<td style=\"height: 80px;width: 31.6166%;border-color: #7e9103;text-align: center\" bgcolor=\"#ffffff\">Desarrollo de aplicaciones web (LOE)<\/td>\n<td style=\"height: 80px;width: 68.0249%;border-color: #7e9103;text-align: center\" bgcolor=\"#ffffff\">Inform\u00e1tica y Comunicaciones<\/td>\n<\/tr>\n<tr style=\"height: 56px\">\n<td style=\"width: 18.1688%;border-color: #7e9103;height: 56px\">\n<p align=\"center\"><strong>IES GENERALIFE<\/strong><\/p>\n<\/td>\n<td style=\"width: 14.3062%;border-color: #7e9103;text-align: center;height: 56px\">\n<p align=\"center\">GRANADA<\/p>\n<\/td>\n<td style=\"width: 17.0243%;border-color: #7e9103;text-align: center;height: 56px\">&nbsp;<\/td>\n<td style=\"width: 31.6166%;border-color: #7e9103;text-align: center;height: 56px\">Asistencia a la Direcci\u00f3n<\/td>\n<td style=\"width: 68.0249%;border-color: #7e9103;text-align: center;height: 56px\">Administraci\u00f3n y Gesti\u00f3n<\/td>\n<\/tr>\n<tr style=\"height: 80px\">\n<td style=\"height: 80px;width: 18.1688%;border-color: #7e9103;background-color: #fafaf7\" bgcolor=\"#ffffff\">\n<p align=\"center\"><strong>IES LA MADRAZA<\/strong><\/p>\n<\/td>\n<td style=\"height: 80px;width: 14.3062%;border-color: #7e9103;background-color: #fafaf7\" bgcolor=\"#ffffff\">\n<p align=\"center\">GRANADA<\/p>\n<\/td>\n<td style=\"height: 80px;width: 17.0243%;border-color: #7e9103;background-color: #fafaf7\" bgcolor=\"#ffffff\">\n<p align=\"center\">Farmacia y Parafarmacia<\/p>\n<\/td>\n<td style=\"height: 80px;width: 31.6166%;border-color: #7e9103;background-color: #fafaf7;text-align: center\" bgcolor=\"#ffffff\">&nbsp;<\/td>\n<td style=\"height: 80px;width: 68.0249%;border-color: #7e9103;background-color: #fafaf7;text-align: center\" bgcolor=\"#ffffff\">Sanidad<\/td>\n<\/tr>\n<tr style=\"height: 47px\">\n<td style=\"height: 99px;width: 18.1688%;border-color: #7e9103\" rowspan=\"3\" bgcolor=\"#ffffff\">\n<p align=\"center\"><strong>IES ZAID\u00cdN-VERGELES<\/strong><\/p>\n<\/td>\n<td style=\"height: 99px;width: 14.3062%;border-color: #7e9103;text-align: center\" rowspan=\"3\" bgcolor=\"#ffffff\">\n<p align=\"center\">GRANADA<\/p>\n<\/td>\n<td style=\"height: 99px;width: 17.0243%;border-color: #7e9103;text-align: center\" rowspan=\"3\" bgcolor=\"#ffffff\">&nbsp;<\/td>\n<td style=\"height: 47px;width: 31.6166%;border-color: #7e9103;text-align: center\" bgcolor=\"#ffffff\">Comercio Internacional (LOE)<\/td>\n<td style=\"height: 47px;width: 68.0249%;border-color: #7e9103;text-align: center\" bgcolor=\"#ffffff\">Comercio y M\u00e1rketing<\/td>\n<\/tr>\n<tr>\n<td style=\"width: 31.6166%;border-color: #7e9103;text-align: center\">Desarrollo de Aplicaciones Web<\/td>\n<td style=\"width: 68.0249%;border-color: #7e9103;text-align: center\">Inform\u00e1tica y Comunicaciones<\/td>\n<\/tr>\n<tr style=\"height: 52px\">\n<td style=\"height: 52px;width: 31.6166%;border-color: #7e9103;text-align: center\" bgcolor=\"#ffffff\">Administraci\u00f3n de Sistemas Inform\u00e1ticos en Red (LOE)<\/td>\n<td style=\"height: 52px;width: 68.0249%;border-color: #7e9103;text-align: center\" bgcolor=\"#ffffff\">Inform\u00e1tica y Comunicaciones<\/td>\n<\/tr>\n<tr style=\"height: 45px\">\n<td style=\"height: 45px;width: 18.1688%;border-color: #7e9103;background-color: #f9faf5\" bgcolor=\"#ffffff\">\n<p align=\"center\"><strong>IES ACCI<\/strong><\/p>\n<\/td>\n<td style=\"height: 45px;width: 14.3062%;border-color: #7e9103;background-color: #f9faf5\" bgcolor=\"#ffffff\">\n<p align=\"center\">GUADIX<\/p>\n<\/td>\n<td style=\"height: 45px;width: 17.0243%;border-color: #7e9103;background-color: #f9faf5\" bgcolor=\"#ffffff\">\n<p align=\"center\">Gesti\u00f3n Administrativa (LOE)<\/p>\n<\/td>\n<td style=\"height: 45px;width: 31.6166%;border-color: #7e9103;background-color: #f9faf5;text-align: center\" bgcolor=\"#ffffff\">Administraci\u00f3n y Finanzas (LOE)<\/td>\n<td style=\"height: 45px;width: 68.0249%;border-color: #7e9103;background-color: #f9faf5;text-align: center\" bgcolor=\"#ffffff\">Administraci\u00f3n y Gesti\u00f3n<\/td>\n<\/tr>\n<tr style=\"height: 80px\">\n<td style=\"height: 80px;width: 18.1688%;border-color: #7e9103\" bgcolor=\"#ffffff\">\n<p align=\"center\"><strong>IES PADRE POVEDA<\/strong><\/p>\n<\/td>\n<td style=\"height: 80px;width: 14.3062%;border-color: #7e9103;text-align: center\" bgcolor=\"#ffffff\">\n<p align=\"center\">GUADIX<\/p>\n<\/td>\n<td style=\"height: 80px;width: 17.0243%;border-color: #7e9103;text-align: center\" bgcolor=\"#ffffff\">&nbsp;<\/td>\n<td style=\"height: 80px;width: 31.6166%;border-color: #7e9103;text-align: center\" bgcolor=\"#ffffff\">Administraci\u00f3n de sistemas inform\u00e1ticos en red (LOE)<\/td>\n<td style=\"height: 80px;width: 68.0249%;border-color: #7e9103;text-align: center\" bgcolor=\"#ffffff\">Inform\u00e1tica y Comunicaciones<\/td>\n<\/tr>\n<tr style=\"height: 59px\">\n<td style=\"height: 59px;width: 18.1688%;border-color: #7e9103;background-color: #fafaf7\" bgcolor=\"#ffffff\">\n<p align=\"center\"><strong>IES PEDRO ANTONIO DE ALARC\u00d3N<\/strong><\/p>\n<\/td>\n<td style=\"height: 59px;width: 14.3062%;border-color: #7e9103;background-color: #fafaf7\" bgcolor=\"#ffffff\">\n<p align=\"center\">GUADIX<\/p>\n<\/td>\n<td style=\"height: 59px;width: 17.0243%;border-color: #7e9103;background-color: #fafaf7\" bgcolor=\"#ffffff\">\n<p align=\"center\">Conducci\u00f3n de actividades f\u00edsico-deportivas en el medio natural (LOGSE)<\/p>\n<\/td>\n<td style=\"height: 59px;width: 31.6166%;border-color: #7e9103;background-color: #fafaf7;text-align: center\" bgcolor=\"#ffffff\">&nbsp;<\/td>\n<td style=\"height: 59px;width: 68.0249%;border-color: #7e9103;background-color: #fafaf7;text-align: center\" bgcolor=\"#ffffff\">Actividades F\u00edsicas y Deportivas<\/td>\n<\/tr>\n<tr style=\"height: 80px\">\n<td style=\"height: 80px;width: 18.1688%;border-color: #7e9103\" bgcolor=\"#ffffff\">\n<p align=\"center\"><strong>IES FRANCISCO GINER DE LOS R\u00cdOS<\/strong><\/p>\n<\/td>\n<td style=\"height: 80px;width: 14.3062%;border-color: #7e9103;text-align: center\" bgcolor=\"#ffffff\">\n<p align=\"center\">MOTRIL<\/p>\n<\/td>\n<td style=\"height: 80px;width: 17.0243%;border-color: #7e9103;text-align: center\" bgcolor=\"#ffffff\">&nbsp;<\/td>\n<td style=\"height: 80px;width: 31.6166%;border-color: #7e9103;text-align: center\" bgcolor=\"#ffffff\">Gesti\u00f3n de alojamientos tur\u00edsticos<\/td>\n<td style=\"height: 80px;width: 68.0249%;border-color: #7e9103;text-align: center\" bgcolor=\"#ffffff\">Hosteler\u00eda y Turismo<\/td>\n<\/tr>\n<tr style=\"height: 120px\">\n<td style=\"width: 18.1688%;border-color: #7e9103;height: 120px\">\n<p align=\"center\"><strong>IES SULAYR<\/strong><\/p>\n<\/td>\n<td style=\"width: 14.3062%;border-color: #7e9103;text-align: center;height: 120px\">\n<p align=\"center\">PITRES<\/p>\n<\/td>\n<td style=\"width: 17.0243%;border-color: #7e9103;text-align: center;height: 120px\">T\u00e9cnico en<br \/>\nConducci\u00f3n de Actividades<br \/>\nF\u00edsico-Deportivas en el<br \/>\nMedio Natural<\/td>\n<td style=\"width: 31.6166%;border-color: #7e9103;text-align: center;height: 120px\">&nbsp;<\/td>\n<td style=\"width: 68.0249%;border-color: #7e9103;text-align: center;height: 120px\">Actividades F\u00edsicas y Deportivas<\/td>\n<\/tr>\n<tr style=\"height: 64.5px\">\n<td style=\"height: 64px;width: 18.1688%;border-color: #7e9103;background-color: #fafaf5\" bgcolor=\"#ffffff\">\n<p align=\"center\"><strong>IES MEDITERR\u00c1NEO<\/strong><\/p>\n<\/td>\n<td style=\"height: 64px;width: 14.3062%;border-color: #7e9103;background-color: #fafaf5\" bgcolor=\"#ffffff\">\n<p align=\"center\">SALOBRE\u00d1A<\/p>\n<\/td>\n<td style=\"height: 64px;width: 17.0243%;border-color: #7e9103;background-color: #fafaf5\" bgcolor=\"#ffffff\">\n<p align=\"center\">Servicios en Restauraci\u00f3n (LOE)<\/p>\n<\/td>\n<td style=\"height: 64px;width: 31.6166%;border-color: #7e9103;background-color: #fafaf5;text-align: center\" bgcolor=\"#ffffff\">&nbsp;<\/td>\n<td style=\"height: 64px;width: 68.0249%;border-color: #7e9103;background-color: #fafaf5;text-align: center\" bgcolor=\"#ffffff\">Hosteler\u00eda y Turismo<\/td>\n<\/tr>\n<\/tbody>\n<\/table>\n<p>&nbsp;<\/p>\n","protected":false},"excerpt":{"rendered":"<p>&nbsp; CENTRO &nbsp; LOCALIDAD &nbsp; CCFF GRADO MEDIO CCFF GRADO SUPERIOR FAMILIA PROFESIONAL IES AL-\u00c1NDALUS ALMUN\u00c9CAR Sistemas Microinform\u00e1ticos y Redes &nbsp; Inform\u00e1tica y Comunicaciones IES LUIS BUENO CRESPO ARMILLA &nbsp; Patronaje y moda&#46;&#46;&#46;<\/p>\n","protected":false},"author":3720,"featured_media":0,"parent":0,"menu_order":0,"comment_status":"open","ping_status":"open","template":"","meta":{"ngg_post_thumbnail":0,"footnotes":"","_mc_calendar":[]},"aioseo_notices":[],"_links":{"self":[{"href":"https:\/\/blogsaverroes.juntadeandalucia.es\/plurilinguismodelegaciongranada\/wp-json\/wp\/v2\/pages\/2144"}],"collection":[{"href":"https:\/\/blogsaverroes.juntadeandalucia.es\/plurilinguismodelegaciongranada\/wp-json\/wp\/v2\/pages"}],"about":[{"href":"https:\/\/blogsaverroes.juntadeandalucia.es\/plurilinguismodelegaciongranada\/wp-json\/wp\/v2\/types\/page"}],"author":[{"embeddable":true,"href":"https:\/\/blogsaverroes.juntadeandalucia.es\/plurilinguismodelegaciongranada\/wp-json\/wp\/v2\/users\/3720"}],"replies":[{"embeddable":true,"href":"https:\/\/blogsaverroes.juntadeandalucia.es\/plurilinguismodelegaciongranada\/wp-json\/wp\/v2\/comments?post=2144"}],"version-history":[{"count":14,"href":"https:\/\/blogsaverroes.juntadeandalucia.es\/plurilinguismodelegaciongranada\/wp-json\/wp\/v2\/pages\/2144\/revisions"}],"predecessor-version":[{"id":6226,"href":"https:\/\/blogsaverroes.juntadeandalucia.es\/plurilinguismodelegaciongranada\/wp-json\/wp\/v2\/pages\/2144\/revisions\/6226"}],"wp:attachment":[{"href":"https:\/\/blogsaverroes.juntadeandalucia.es\/plurilinguismodelegaciongranada\/wp-json\/wp\/v2\/media?parent=2144"}],"curies":[{"name":"wp","href":"https:\/\/api.w.org\/{rel}","templated":true}]}}