{"id":2173,"date":"2022-06-01T17:00:00","date_gmt":"2022-06-01T17:00:00","guid":{"rendered":"http:\/\/blogsaverroes.juntadeandalucia.es\/plurilinguismodelegaciongranada\/?page_id=2173"},"modified":"2023-09-28T10:28:52","modified_gmt":"2023-09-28T10:28:52","slug":"guias-para-auxiliares","status":"publish","type":"page","link":"https:\/\/blogsaverroes.juntadeandalucia.es\/plurilinguismodelegaciongranada\/guias-para-auxiliares\/","title":{"rendered":"GU\u00cdAS PARA AUXILIARES"},"content":{"rendered":"<p style=\"text-align: justify\"><span style=\"text-align: justify\">El Ministerio de Educaci\u00f3n y Formaci\u00f3n Profesional ha publicado la Gu\u00eda para auxiliares de conversaci\u00f3n y la Gu\u00eda para sus tutores en Espa\u00f1a 2023\/2024. Con estos documentos se pretende facilitar la llegada y la adaptaci\u00f3n de los auxiliares de conversaci\u00f3n en Espa\u00f1a y facilitar su labor dentro del aula.<\/span><\/p>\n<p style=\"text-align: justify\"><strong><img loading=\"lazy\" decoding=\"async\" class=\"alignleft\" src=\"https:\/\/blogsaverroes.juntadeandalucia.es\/plurilinguismodelegaciongranada\/files\/2023\/02\/auxiliares.jpg\" width=\"251\" height=\"251\"><\/strong><\/p>\n<section class=\"cuerpo detalle_html\">\n<div class=\"inner_cuerpo\">\n<p>&nbsp;<\/p>\n<ul style=\"text-align: justify\">\n<li>En la&nbsp;Gu\u00eda del auxiliar aparece recogida informaci\u00f3n sobre el sistema educativo espa\u00f1ol, los tr\u00e1mites necesarios para el comienzo del programa y todo lo relativo a la labor del auxiliar de conversaci\u00f3n.<\/li>\n<li>En la Gu\u00eda del tutor podemos encontrar desde los preparativos de la llegada del auxiliar y recibimiento hasta las funciones del auxiliar y su profesor tutor. Tambi\u00e9n aparecen indicaciones y recomendaciones para desarrollar el trabajo en el aula en las distintas etapas educativas.<\/li>\n<\/ul>\n<p>&nbsp;<\/p>\n<\/div>\n<\/section>\n<p><a href=\"https:\/\/blogsaverroes.juntadeandalucia.es\/plurilinguismodelegaciongranada\/files\/2023\/02\/Gu\u00eda-auxiliar.png\"><img loading=\"lazy\" decoding=\"async\" class=\"wp-image-6017 alignleft\" src=\"https:\/\/blogsaverroes.juntadeandalucia.es\/plurilinguismodelegaciongranada\/files\/2023\/02\/Gu\u00eda-auxiliar-213x300.png\" alt=\"\" width=\"80\" height=\"113\" srcset=\"https:\/\/blogsaverroes.juntadeandalucia.es\/plurilinguismodelegaciongranada\/files\/2023\/02\/Gu\u00eda-auxiliar-213x300.png 213w, https:\/\/blogsaverroes.juntadeandalucia.es\/plurilinguismodelegaciongranada\/files\/2023\/02\/Gu\u00eda-auxiliar.png 449w\" sizes=\"(max-width: 80px) 100vw, 80px\" \/><\/a><\/p>\n<p>&nbsp;<\/p>\n<section class=\"cuerpo detalle_html\">\n<div class=\"wrapper-listado\">\n<div>&nbsp;<\/div>\n<div class=\"inner-item\"><a href=\"https:\/\/blogsaverroes.juntadeandalucia.es\/plurilinguismodelegaciongranada\/files\/2023\/09\/24944.pdf\">Gu\u00eda auxiliares 23-24 (PDF )<\/a><\/div>\n<\/div>\n<\/section>\n<p>&nbsp;<\/p>\n<p>&nbsp;<\/p>\n<p><a href=\"https:\/\/blogsaverroes.juntadeandalucia.es\/plurilinguismodelegaciongranada\/files\/2023\/02\/Gu\u00eda-tutor.png\"><img loading=\"lazy\" decoding=\"async\" class=\"wp-image-6018 alignleft\" src=\"https:\/\/blogsaverroes.juntadeandalucia.es\/plurilinguismodelegaciongranada\/files\/2023\/02\/Gu\u00eda-tutor-212x300.png\" alt=\"\" width=\"79\" height=\"112\" srcset=\"https:\/\/blogsaverroes.juntadeandalucia.es\/plurilinguismodelegaciongranada\/files\/2023\/02\/Gu\u00eda-tutor-212x300.png 212w, https:\/\/blogsaverroes.juntadeandalucia.es\/plurilinguismodelegaciongranada\/files\/2023\/02\/Gu\u00eda-tutor.png 421w\" sizes=\"(max-width: 79px) 100vw, 79px\" \/><\/a><\/p>\n<p>&nbsp;<\/p>\n<p><a href=\"https:\/\/blogsaverroes.juntadeandalucia.es\/plurilinguismodelegaciongranada\/files\/2023\/09\/24946.pdf\">&nbsp;Gu\u00eda del tutor 23-24 (PDF )<\/a><\/p>\n","protected":false},"excerpt":{"rendered":"<p>El Ministerio de Educaci\u00f3n y Formaci\u00f3n Profesional ha publicado la Gu\u00eda para auxiliares de conversaci\u00f3n y la Gu\u00eda para sus tutores en Espa\u00f1a 2023\/2024. Con estos documentos se pretende facilitar la llegada y&#46;&#46;&#46;<\/p>\n","protected":false},"author":3720,"featured_media":6015,"parent":0,"menu_order":0,"comment_status":"open","ping_status":"open","template":"","meta":{"ngg_post_thumbnail":0,"footnotes":"","_mc_calendar":[]},"aioseo_notices":[],"_links":{"self":[{"href":"https:\/\/blogsaverroes.juntadeandalucia.es\/plurilinguismodelegaciongranada\/wp-json\/wp\/v2\/pages\/2173"}],"collection":[{"href":"https:\/\/blogsaverroes.juntadeandalucia.es\/plurilinguismodelegaciongranada\/wp-json\/wp\/v2\/pages"}],"about":[{"href":"https:\/\/blogsaverroes.juntadeandalucia.es\/plurilinguismodelegaciongranada\/wp-json\/wp\/v2\/types\/page"}],"author":[{"embeddable":true,"href":"https:\/\/blogsaverroes.juntadeandalucia.es\/plurilinguismodelegaciongranada\/wp-json\/wp\/v2\/users\/3720"}],"replies":[{"embeddable":true,"href":"https:\/\/blogsaverroes.juntadeandalucia.es\/plurilinguismodelegaciongranada\/wp-json\/wp\/v2\/comments?post=2173"}],"version-history":[{"count":46,"href":"https:\/\/blogsaverroes.juntadeandalucia.es\/plurilinguismodelegaciongranada\/wp-json\/wp\/v2\/pages\/2173\/revisions"}],"predecessor-version":[{"id":6282,"href":"https:\/\/blogsaverroes.juntadeandalucia.es\/plurilinguismodelegaciongranada\/wp-json\/wp\/v2\/pages\/2173\/revisions\/6282"}],"wp:featuredmedia":[{"embeddable":true,"href":"https:\/\/blogsaverroes.juntadeandalucia.es\/plurilinguismodelegaciongranada\/wp-json\/wp\/v2\/media\/6015"}],"wp:attachment":[{"href":"https:\/\/blogsaverroes.juntadeandalucia.es\/plurilinguismodelegaciongranada\/wp-json\/wp\/v2\/media?parent=2173"}],"curies":[{"name":"wp","href":"https:\/\/api.w.org\/{rel}","templated":true}]}}