{"id":2273,"date":"2016-06-02T11:52:18","date_gmt":"2016-06-02T11:52:18","guid":{"rendered":"http:\/\/blogsaverroes.juntadeandalucia.es\/plurilinguismodelegaciongranada\/?page_id=2273"},"modified":"2020-10-02T09:09:50","modified_gmt":"2020-10-02T09:09:50","slug":"grabacion-ensenanza-bilingue","status":"publish","type":"page","link":"https:\/\/blogsaverroes.juntadeandalucia.es\/plurilinguismodelegaciongranada\/grabacion-ensenanza-bilingue\/","title":{"rendered":"GRABACI\u00d3N DE ENSE\u00d1ANZA BILING\u00dcE"},"content":{"rendered":"<h5 style=\"text-align: justify\">&nbsp; &nbsp; <a href=\"https:\/\/blogsaverroes.juntadeandalucia.es\/plurilinguismodelegaciongranada\/files\/2020\/10\/image_gallery-2.png\"><img loading=\"lazy\" decoding=\"async\" class=\"size-medium wp-image-5730 aligncenter\" src=\"https:\/\/blogsaverroes.juntadeandalucia.es\/plurilinguismodelegaciongranada\/files\/2020\/10\/image_gallery-2-300x95.png\" alt=\"\" width=\"300\" height=\"95\" srcset=\"https:\/\/blogsaverroes.juntadeandalucia.es\/plurilinguismodelegaciongranada\/files\/2020\/10\/image_gallery-2-300x95.png 300w, https:\/\/blogsaverroes.juntadeandalucia.es\/plurilinguismodelegaciongranada\/files\/2020\/10\/image_gallery-2-24x8.png 24w, https:\/\/blogsaverroes.juntadeandalucia.es\/plurilinguismodelegaciongranada\/files\/2020\/10\/image_gallery-2-36x11.png 36w, https:\/\/blogsaverroes.juntadeandalucia.es\/plurilinguismodelegaciongranada\/files\/2020\/10\/image_gallery-2-48x15.png 48w, https:\/\/blogsaverroes.juntadeandalucia.es\/plurilinguismodelegaciongranada\/files\/2020\/10\/image_gallery-2.png 558w\" sizes=\"(max-width: 300px) 100vw, 300px\" \/><\/a><\/h5>\n<h5 style=\"text-align: justify\">&nbsp;<\/h5>\n<table style=\"height: 68px\" width=\"939\">\n<tbody>\n<tr>\n<td style=\"width: 929.333px\">\n<h1 style=\"text-align: center\"><strong>GRABACI\u00d3N DE LA ENSE\u00d1ANZA BILING\u00dcE EN S\u00c9NECA<\/strong><\/h1>\n<\/td>\n<\/tr>\n<\/tbody>\n<\/table>\n<h5 style=\"text-align: justify\">&nbsp;<\/h5>\n<p style=\"text-align: justify\"><span style=\"font-family: tahoma, arial, helvetica, sans-serif;font-size: 12pt;color: #333333\">Cada curso acad\u00e9mico las <em>Instrucciones Anuales de Organizaci\u00f3n y Funcionamiento de la Ense\u00f1anza Biling\u00fce <\/em>regulan la grabaci\u00f3n de la ense\u00f1anza biling\u00fce en S\u00e9neca, tanto para centros de titularidad p\u00fablica como privada.<\/span><\/p>\n<p style=\"text-align: justify\"><span style=\"font-family: tahoma, arial, helvetica, sans-serif;font-size: 12pt;color: #333333\">Para el curso escolar 2020-2021,&nbsp;s<span style=\"font-family: News Gothic MT\">eg\u00fan establece la Instrucci\u00f3n Duod\u00e9cima, apartado 1, de la <a href=\"https:\/\/www.juntadeandalucia.es\/educacion\/portals\/delegate\/content\/7c424436-43b4-4bb9-b63c-bbc09ebd0ee2\/Instrucci%C3%B3n%207\/2020%20de%208%20de%20junio\"><i>INSTRUCCI\u00d3N 7\/2020 DE 8 DE JUNIO, DE LA DIRECCI\u00d3N GENERAL DE ORDENACI\u00d3N Y EVALUACI\u00d3N EDUCATIVA, SOBRE LA ORGANIZACI\u00d3N Y FUNCIONAMIENTO DE LA ENSE\u00d1ANZA BILING\u00dcE EN LOS CENTROS DOCENTES ANDALUCES PARA EL CURSO 2020\/2021<\/i><\/a>, \u00abtodos los centros docentes biling\u00fces p\u00fablicos y de titularidad privada deber\u00e1n registrar en el sistema de informaci\u00f3n S\u00e9neca los datos relativos a la ense\u00f1anza biling\u00fce, de acuerdo con los tutoriales correspondientes. La persona responsable de la coordinaci\u00f3n biling\u00fce deber\u00e1 registrar con el m\u00e1ximo rigor los datos relativos a dicha ense\u00f1anza <b>entre los d<\/b><b>\u00ed<\/b><b>as 1 y 30 de octubre de 2020<\/b>.<\/span><\/span><\/p>\n<p style=\"text-align: justify\"><span style=\"font-family: tahoma, arial, helvetica, sans-serif;font-size: 12pt;color: #333333\">La correcta grabaci\u00f3n de los datos posibilitar\u00e1 la correcta emisi\u00f3n de las certificaciones tanto al profesorado como al alumnado participante cada curso acad\u00e9mico, por lo que se ruega se preste especial atenci\u00f3n a la grabaci\u00f3n de todos los datos del programa, persona coordinadora, profesorado participante y alumnado que recibe ense\u00f1anza biling\u00fce.<\/span><\/p>\n<p style=\"text-align: justify\"><span style=\"font-family: tahoma, arial, helvetica, sans-serif;font-size: 12pt;color: #333333\">Con la finalidad de llevar a cabo esta grabaci\u00f3n correctamente la Consejer\u00eda de Educaci\u00f3n pone a disposici\u00f3n de los centros biling\u00fces y pluriling\u00fces el siguiente Tutorial para la Cumplimentaci\u00f3n de la Ense\u00f1anza Biling\u00fce en el Sistema de Gesti\u00f3n S\u00e9neca:<\/span><\/p>\n<h5><span style=\"font-family: tahoma, arial, helvetica, sans-serif;font-size: 12pt;color: #333333\"><a style=\"color: #333333\" href=\"https:\/\/blogsaverroes.juntadeandalucia.es\/plurilinguismodelegaciongranada\/files\/2016\/06\/TUTORIAL-S\u00c9NECA-2.pdf\"><img loading=\"lazy\" decoding=\"async\" class=\"aligncenter wp-image-2758 size-medium\" src=\"https:\/\/blogsaverroes.juntadeandalucia.es\/plurilinguismodelegaciongranada\/files\/2016\/06\/Captura-de-pantalla-2016-06-09-a-las-13.02.12-228x300.png\" alt=\"Captura de pantalla 2016-06-09 a las 13.02.12\" width=\"228\" height=\"300\" srcset=\"https:\/\/blogsaverroes.juntadeandalucia.es\/plurilinguismodelegaciongranada\/files\/2016\/06\/Captura-de-pantalla-2016-06-09-a-las-13.02.12-228x300.png 228w, https:\/\/blogsaverroes.juntadeandalucia.es\/plurilinguismodelegaciongranada\/files\/2016\/06\/Captura-de-pantalla-2016-06-09-a-las-13.02.12.png 512w\" sizes=\"(max-width: 228px) 100vw, 228px\" \/><\/a><\/span><\/h5>\n<table style=\"height: 5px\" width=\"634\">\n<tbody>\n<tr>\n<td style=\"width: 658px\">&nbsp;<\/td>\n<\/tr>\n<\/tbody>\n<\/table>\n<p style=\"text-align: justify\"><span style=\"font-family: tahoma, arial, helvetica, sans-serif;font-size: 12pt;color: #333333\">En el caso de la persona que coordina, se recuerda que adem\u00e1s de grabarla siguiendo los pasos del tutorial, la Direcci\u00f3n del centro deber\u00e1 habilitar su perfil de coordinaci\u00f3n siguiendo estas orientaciones:<\/span><\/p>\n<p style=\"text-align: justify\"><span style=\"font-family: tahoma, arial, helvetica, sans-serif;font-size: 12pt;color: #333333\">Desde el perfil de direcci\u00f3n , se debe acceder a la pantalla de personal de centro y all\u00ed pulsar sobre el icono de asignaci\u00f3n de perfiles. <span class=\"Apple-converted-space\">&nbsp;<\/span><\/span><\/p>\n<p><span style=\"font-family: tahoma, arial, helvetica, sans-serif;font-size: 12pt;color: #333333\"><a style=\"color: #333333\" href=\"https:\/\/blogsaverroes.juntadeandalucia.es\/plurilinguismodelegaciongranada\/files\/2016\/06\/PANTALLAZ-1.jpg\"><img loading=\"lazy\" decoding=\"async\" class=\"size-medium wp-image-4647 aligncenter\" src=\"https:\/\/blogsaverroes.juntadeandalucia.es\/plurilinguismodelegaciongranada\/files\/2016\/06\/PANTALLAZ-1-300x236.jpg\" alt=\"\" width=\"300\" height=\"236\" srcset=\"https:\/\/blogsaverroes.juntadeandalucia.es\/plurilinguismodelegaciongranada\/files\/2016\/06\/PANTALLAZ-1-300x236.jpg 300w, https:\/\/blogsaverroes.juntadeandalucia.es\/plurilinguismodelegaciongranada\/files\/2016\/06\/PANTALLAZ-1-768x604.jpg 768w, https:\/\/blogsaverroes.juntadeandalucia.es\/plurilinguismodelegaciongranada\/files\/2016\/06\/PANTALLAZ-1-1024x805.jpg 1024w, https:\/\/blogsaverroes.juntadeandalucia.es\/plurilinguismodelegaciongranada\/files\/2016\/06\/PANTALLAZ-1-24x19.jpg 24w, https:\/\/blogsaverroes.juntadeandalucia.es\/plurilinguismodelegaciongranada\/files\/2016\/06\/PANTALLAZ-1-36x28.jpg 36w, https:\/\/blogsaverroes.juntadeandalucia.es\/plurilinguismodelegaciongranada\/files\/2016\/06\/PANTALLAZ-1-48x38.jpg 48w, https:\/\/blogsaverroes.juntadeandalucia.es\/plurilinguismodelegaciongranada\/files\/2016\/06\/PANTALLAZ-1.jpg 1247w\" sizes=\"(max-width: 300px) 100vw, 300px\" \/><\/a><\/span><\/p>\n<p style=\"text-align: justify\"><span style=\"font-family: tahoma, arial, helvetica, sans-serif;font-size: 12pt;color: #333333\">Una vez hagamos esto se accede la pantalla que nos permite asignar o desactivar perfiles. Debemos elegir como operaci\u00f3n \u00abasignar\u00bb y como perfil \u00abCoordinador\/a de un programa Educativo\u00bb. Aparecer\u00e1n entonces todos los miembros del profesorado que hayan sido grabados como coordinadores\/as de un programa educativo (entre ellos debe estar el\/la coordinador\/a biling\u00fce). De entre este listado se selecciona a nuestro\/a candidato\/a marcando el cuadrado que aparece a la derecha de su nombre y se pulsa aceptar.<span class=\"Apple-converted-space\">&nbsp;<\/span><\/span><\/p>\n<p><span class=\"Apple-converted-space\">&nbsp;<a href=\"https:\/\/blogsaverroes.juntadeandalucia.es\/plurilinguismodelegaciongranada\/files\/2018\/09\/E4E4EE3A-4F8B-4E94-A09F-B683AAA3336C.jpeg\"><img loading=\"lazy\" decoding=\"async\" class=\"size-medium wp-image-4638 aligncenter\" src=\"https:\/\/blogsaverroes.juntadeandalucia.es\/plurilinguismodelegaciongranada\/files\/2018\/09\/E4E4EE3A-4F8B-4E94-A09F-B683AAA3336C-300x226.jpeg\" alt=\"\" width=\"300\" height=\"226\" srcset=\"https:\/\/blogsaverroes.juntadeandalucia.es\/plurilinguismodelegaciongranada\/files\/2018\/09\/E4E4EE3A-4F8B-4E94-A09F-B683AAA3336C-300x226.jpeg 300w, https:\/\/blogsaverroes.juntadeandalucia.es\/plurilinguismodelegaciongranada\/files\/2018\/09\/E4E4EE3A-4F8B-4E94-A09F-B683AAA3336C-768x579.jpeg 768w, https:\/\/blogsaverroes.juntadeandalucia.es\/plurilinguismodelegaciongranada\/files\/2018\/09\/E4E4EE3A-4F8B-4E94-A09F-B683AAA3336C-24x18.jpeg 24w, https:\/\/blogsaverroes.juntadeandalucia.es\/plurilinguismodelegaciongranada\/files\/2018\/09\/E4E4EE3A-4F8B-4E94-A09F-B683AAA3336C-36x27.jpeg 36w, https:\/\/blogsaverroes.juntadeandalucia.es\/plurilinguismodelegaciongranada\/files\/2018\/09\/E4E4EE3A-4F8B-4E94-A09F-B683AAA3336C-48x36.jpeg 48w, https:\/\/blogsaverroes.juntadeandalucia.es\/plurilinguismodelegaciongranada\/files\/2018\/09\/E4E4EE3A-4F8B-4E94-A09F-B683AAA3336C.jpeg 981w\" sizes=\"(max-width: 300px) 100vw, 300px\" \/><\/a><\/span><\/p>\n","protected":false},"excerpt":{"rendered":"<p>&nbsp; &nbsp; &nbsp; GRABACI\u00d3N DE LA ENSE\u00d1ANZA BILING\u00dcE EN S\u00c9NECA &nbsp; Cada curso acad\u00e9mico las Instrucciones Anuales de Organizaci\u00f3n y Funcionamiento de la Ense\u00f1anza Biling\u00fce regulan la grabaci\u00f3n de la ense\u00f1anza biling\u00fce en&#46;&#46;&#46;<\/p>\n","protected":false},"author":3720,"featured_media":0,"parent":0,"menu_order":0,"comment_status":"closed","ping_status":"open","template":"","meta":{"ngg_post_thumbnail":0,"footnotes":"","_mc_calendar":[]},"aioseo_notices":[],"_links":{"self":[{"href":"https:\/\/blogsaverroes.juntadeandalucia.es\/plurilinguismodelegaciongranada\/wp-json\/wp\/v2\/pages\/2273"}],"collection":[{"href":"https:\/\/blogsaverroes.juntadeandalucia.es\/plurilinguismodelegaciongranada\/wp-json\/wp\/v2\/pages"}],"about":[{"href":"https:\/\/blogsaverroes.juntadeandalucia.es\/plurilinguismodelegaciongranada\/wp-json\/wp\/v2\/types\/page"}],"author":[{"embeddable":true,"href":"https:\/\/blogsaverroes.juntadeandalucia.es\/plurilinguismodelegaciongranada\/wp-json\/wp\/v2\/users\/3720"}],"replies":[{"embeddable":true,"href":"https:\/\/blogsaverroes.juntadeandalucia.es\/plurilinguismodelegaciongranada\/wp-json\/wp\/v2\/comments?post=2273"}],"version-history":[{"count":24,"href":"https:\/\/blogsaverroes.juntadeandalucia.es\/plurilinguismodelegaciongranada\/wp-json\/wp\/v2\/pages\/2273\/revisions"}],"predecessor-version":[{"id":5732,"href":"https:\/\/blogsaverroes.juntadeandalucia.es\/plurilinguismodelegaciongranada\/wp-json\/wp\/v2\/pages\/2273\/revisions\/5732"}],"wp:attachment":[{"href":"https:\/\/blogsaverroes.juntadeandalucia.es\/plurilinguismodelegaciongranada\/wp-json\/wp\/v2\/media?parent=2273"}],"curies":[{"name":"wp","href":"https:\/\/api.w.org\/{rel}","templated":true}]}}