{"id":2295,"date":"2016-06-02T11:58:54","date_gmt":"2016-06-02T11:58:54","guid":{"rendered":"http:\/\/blogsaverroes.juntadeandalucia.es\/plurilinguismodelegaciongranada\/?page_id=2295"},"modified":"2023-02-01T11:34:55","modified_gmt":"2023-02-01T11:34:55","slug":"bachibac","status":"publish","type":"page","link":"https:\/\/blogsaverroes.juntadeandalucia.es\/plurilinguismodelegaciongranada\/bachibac\/","title":{"rendered":"BACHIBAC"},"content":{"rendered":"<p style=\"text-align: justify\"><span style=\"color: #333333;font-family: tahoma, arial, helvetica, sans-serif;font-size: 10pt\"><a href=\"https:\/\/blogsaverroes.juntadeandalucia.es\/plurilinguismodelegaciongranada\/files\/2023\/02\/BachiBac.jpg\"><img loading=\"lazy\" decoding=\"async\" class=\"aligncenter wp-image-6006 size-full\" src=\"https:\/\/blogsaverroes.juntadeandalucia.es\/plurilinguismodelegaciongranada\/files\/2023\/02\/BachiBac.jpg\" alt=\"\" width=\"1000\" height=\"134\" srcset=\"https:\/\/blogsaverroes.juntadeandalucia.es\/plurilinguismodelegaciongranada\/files\/2023\/02\/BachiBac.jpg 1000w, https:\/\/blogsaverroes.juntadeandalucia.es\/plurilinguismodelegaciongranada\/files\/2023\/02\/BachiBac-300x40.jpg 300w, https:\/\/blogsaverroes.juntadeandalucia.es\/plurilinguismodelegaciongranada\/files\/2023\/02\/BachiBac-768x103.jpg 768w\" sizes=\"(max-width: 1000px) 100vw, 1000px\" \/><\/a><\/span><\/p>\n<section class=\"cuerpo detalle_html\">\n<div class=\"inner_cuerpo\">\n<p>&nbsp;<\/p>\n<p style=\"text-align: justify\">Este programa ofrece al alumnado espa\u00f1ol y franc\u00e9s la posibilidad de obtener la doble titulaci\u00f3n de Bachiller y de Baccalaur\u00e9at en virtud de un acuerdo firmado el 10 de enero de 2008 entre el Gobierno de Espa\u00f1a y de Francia para promover la lengua y la cultura francesa y espa\u00f1ola en los centros educativos de ambos pa\u00edses.<\/p>\n<p style=\"text-align: justify\">Se trata de la versi\u00f3n espa\u00f1ola de un programa que tambi\u00e9n existe en Alemania (ABIBAC) y en Italia (ESABAC) permitiendo a los alumnos franceses, alemanes e italianos la obtenci\u00f3n de la doble titulaci\u00f3n.<\/p>\n<p style=\"text-align: justify\">El Bachibac pretende evaluar a los alumnos de ambos pa\u00edses seg\u00fan los mismos criterios y ofrecer una formaci\u00f3n bicultural de manera que los alumnos espa\u00f1oles puedan acceder directamente al sistema universitario franc\u00e9s y viceversa.<\/p>\n<p style=\"text-align: justify\">Los interesados deben haber cursado la Educaci\u00f3n Secundaria Obligatoria biling\u00fce espa\u00f1ol-francesa, haber realizado parte de su escolaridad obligatoria en el sistema educativo en un pa\u00eds de lengua francesa o bien, acreditar un conocimiento del franc\u00e9s equivalente al B1 del Marco Europeo Com\u00fan de Referencia para las lenguas.<\/p>\n<p style=\"text-align: justify\">En el curso 2011\/ 2012, cinco centros andaluces comenzaron a ofertar a su alumnado la posibilidad de obtener la doble titulaci\u00f3n y el acceso al sistema de ense\u00f1anza superior de ambos pa\u00edses, siendo en la actualidad un total de ocho los centros que en Andaluc\u00eda ofrecen esta modalidad de bachillerato.<\/p>\n<p style=\"text-align: justify\">Este alumnado cursa un curr\u00edculo mixto en el que un tercio del horario lectivo se imparte en lengua francesa. Adem\u00e1s, en 1\u00ba y 2\u00ba de Bachillerato se imparten Lengua y Literatura francesas y en 2\u00ba la materia de Historia de Francia, integrada en la materia de Historia de Espa\u00f1a siendo estas materias objeto de una prueba externa en franc\u00e9s.<\/p>\n<p style=\"text-align: justify\">Dicha prueba consta de ejercicios escritos y orales en franc\u00e9s en los que el alumno debe demostrar que ha adquirido los contenidos del curr\u00edculo mixto correspondientes al segundo curso de Bachillerato y que ha alcanzado un nivel de competencia ling\u00fc\u00edstica correspondiente al nivel B2 del Marco Europeo Com\u00fan de Referencia.<\/p>\n<p style=\"text-align: justify\">La calificaci\u00f3n final para la obtenci\u00f3n del t\u00edtulo de Baccalaur\u00e9at ser\u00e1 el resultado de la media ponderada entre el 70% de la nota media de Bachillerato y el 30% de la calificaci\u00f3n global de la prueba externa.<\/p>\n<p style=\"text-align: justify\">El alumnado que haya aprobado todas la materias del curr\u00edculo del bachiller espa\u00f1ol y que haya superado la prueba externa podr\u00e1 obtener la doble titulaci\u00f3n.&nbsp;<\/p>\n<\/div>\n<\/section>\n<p style=\"text-align: center\"><strong><span style=\"font-family: tahoma, arial, helvetica, sans-serif\">* M\u00e1s informaci\u00f3n:<\/span><\/strong><\/p>\n<table style=\"width: 97.913%;height: 125px\">\n<tbody>\n<tr style=\"text-align: justify\">\n<td style=\"background-color: #f5f5e4;border-color: #989956;text-align: center;height: 25px\"><span style=\"font-family: impact, sans-serif\"><a href=\"https:\/\/www.educacionyfp.gob.es\/mc\/bachibac\/presentacion.html\">Web Bachibac<\/a><\/span><\/td>\n<\/tr>\n<tr style=\"height: 25px\">\n<td style=\"background-color: #f5f5e4;border-color: #989956;text-align: center;height: 25px\"><span style=\"font-family: impact, sans-serif\"><a href=\"https:\/\/www.juntadeandalucia.es\/educacion\/portals\/web\/plurilinguismo\/material-bachibac\">Materiales Bachibac<\/a><\/span><\/td>\n<\/tr>\n<tr style=\"height: 25px\">\n<td style=\"background-color: #f5f5e4;border-color: #989956;text-align: center;height: 25px\"><a href=\"https:\/\/www.youtube.com\/watch?v=NY61whRExoM&amp;list=PL9-ADzojOAQdFIA2rX6Mwu851_jTvni8W\"><span style=\"font-family: impact, sans-serif\">10 peque\u00f1os v\u00eddeos en espa\u00f1ol sobre el Programa Bachibac facilitados la Agregada de Cooperaci\u00f3n Ling\u00fc\u00edstica para el Sur de Espa\u00f1a<\/span><\/a><\/td>\n<\/tr>\n<tr style=\"height: 25px\">\n<td style=\"background-color: #f5f5e4;border-color: #989956;text-align: center;height: 25px\"><a href=\"https:\/\/www.juntadeandalucia.es\/educacion\/portals\/web\/plurilinguismo\/bachibac\"><span style=\"font-family: impact, sans-serif\">Espacio sobre Bachibac del Portal de Pluriling\u00fcismo de la Consejer\u00eda de Desarrollo Educativo y Formaci\u00f3n Profesional<\/span><\/a><span style=\"font-family: impact, sans-serif\"><br \/>\n<\/span><\/td>\n<\/tr>\n<tr style=\"height: 25px\">\n<td style=\"background-color: #f5f5e4;border-color: #989956;text-align: center;height: 25px\"><span style=\"font-family: impact, sans-serif\"><a href=\"https:\/\/www.juntadeandalucia.es\/educacion\/portals\/delegate\/content\/86b44a82-9008-47f4-a797-53e3285cc00a\/Cuadro%20de%20centros%20Bachibac%20en%20Andaluc%C3%ADa\">Centros Bachibac en Andaluc\u00eda<\/a><\/span><\/td>\n<\/tr>\n<\/tbody>\n<\/table>\n","protected":false},"excerpt":{"rendered":"<p>&nbsp; Este programa ofrece al alumnado espa\u00f1ol y franc\u00e9s la posibilidad de obtener la doble titulaci\u00f3n de Bachiller y de Baccalaur\u00e9at en virtud de un acuerdo firmado el 10 de enero de 2008&#46;&#46;&#46;<\/p>\n","protected":false},"author":3720,"featured_media":6006,"parent":0,"menu_order":0,"comment_status":"closed","ping_status":"open","template":"","meta":{"ngg_post_thumbnail":0,"footnotes":"","_mc_calendar":[]},"aioseo_notices":[],"_links":{"self":[{"href":"https:\/\/blogsaverroes.juntadeandalucia.es\/plurilinguismodelegaciongranada\/wp-json\/wp\/v2\/pages\/2295"}],"collection":[{"href":"https:\/\/blogsaverroes.juntadeandalucia.es\/plurilinguismodelegaciongranada\/wp-json\/wp\/v2\/pages"}],"about":[{"href":"https:\/\/blogsaverroes.juntadeandalucia.es\/plurilinguismodelegaciongranada\/wp-json\/wp\/v2\/types\/page"}],"author":[{"embeddable":true,"href":"https:\/\/blogsaverroes.juntadeandalucia.es\/plurilinguismodelegaciongranada\/wp-json\/wp\/v2\/users\/3720"}],"replies":[{"embeddable":true,"href":"https:\/\/blogsaverroes.juntadeandalucia.es\/plurilinguismodelegaciongranada\/wp-json\/wp\/v2\/comments?post=2295"}],"version-history":[{"count":15,"href":"https:\/\/blogsaverroes.juntadeandalucia.es\/plurilinguismodelegaciongranada\/wp-json\/wp\/v2\/pages\/2295\/revisions"}],"predecessor-version":[{"id":6010,"href":"https:\/\/blogsaverroes.juntadeandalucia.es\/plurilinguismodelegaciongranada\/wp-json\/wp\/v2\/pages\/2295\/revisions\/6010"}],"wp:featuredmedia":[{"embeddable":true,"href":"https:\/\/blogsaverroes.juntadeandalucia.es\/plurilinguismodelegaciongranada\/wp-json\/wp\/v2\/media\/6006"}],"wp:attachment":[{"href":"https:\/\/blogsaverroes.juntadeandalucia.es\/plurilinguismodelegaciongranada\/wp-json\/wp\/v2\/media?parent=2295"}],"curies":[{"name":"wp","href":"https:\/\/api.w.org\/{rel}","templated":true}]}}