{"id":2298,"date":"2016-06-02T11:59:06","date_gmt":"2016-06-02T11:59:06","guid":{"rendered":"http:\/\/blogsaverroes.juntadeandalucia.es\/plurilinguismodelegaciongranada\/?page_id=2298"},"modified":"2023-02-01T11:49:14","modified_gmt":"2023-02-01T11:49:14","slug":"aulas-confucio","status":"publish","type":"page","link":"https:\/\/blogsaverroes.juntadeandalucia.es\/plurilinguismodelegaciongranada\/aulas-confucio\/","title":{"rendered":"AULAS CONFUCIO"},"content":{"rendered":"<h4 style=\"text-align: justify\"><a href=\"http:\/\/blogsaverroes.juntadeandalucia.es\/plurilinguismodelegaciongranada\/files\/2016\/06\/chino_ced.jpg\"><img loading=\"lazy\" decoding=\"async\" class=\" wp-image-2351 aligncenter\" src=\"http:\/\/blogsaverroes.juntadeandalucia.es\/plurilinguismodelegaciongranada\/files\/2016\/06\/chino_ced-300x201.jpg\" alt=\"chino_ced\" width=\"251\" height=\"171\"><\/a><\/h4>\n<p style=\"text-align: justify\">El Programa Confucio para la integraci\u00f3n del chino como lengua extranjera, as\u00ed como de su arte y su cultura, en el sistema educativo de titularidad p\u00fablica de la Comunidad Aut\u00f3noma de Andaluc\u00eda naci\u00f3 en el a\u00f1o 2011 con la firma del acuerdo marco de colaboraci\u00f3n entre la Consejer\u00eda de Educaci\u00f3n de la Junta de Andaluc\u00eda y la Oficina Nacional de Promoci\u00f3n Internacional de la Lengua China, Hanban, el cual propon\u00eda como finalidad principal introducir y promocionar el chino como lengua extranjera de la mano de profesorado chino en los centros docentes p\u00fablicos de Educaci\u00f3n Primaria y Educaci\u00f3n Secundaria Obligatoria dependientes de la Consejer\u00eda de Educaci\u00f3n adscritos a dicho Programa. Dicho acuerdo fue renovado durante el curso 2014-2015 con la redacci\u00f3n de un nuevo convenio que ampl\u00eda y refuerza la implantaci\u00f3n del programa con una vigencia de cinco a\u00f1os desde su firma y la creaci\u00f3n de 8 Aulas Confucio en Andaluc\u00eda.<\/p>\n<p style=\"text-align: justify\">Hanban \/ Instituto Confucio es el organismo no gubernamental subordinado al Ministerio de Educaci\u00f3n de China cuya misi\u00f3n es ofrecer al alumnado de chino en el exterior los recursos did\u00e1cticos y los servicios pertinentes para tal fin. As\u00ed, Hanban se responsabiliza del proceso de selecci\u00f3n del profesorado chino, la dotaci\u00f3n del material did\u00e1ctico necesario en las aulas de chino, y del sufragio de las actividades que ayuden a conocer la cultura y el arte chino.<\/p>\n<p style=\"text-align: justify\">Los centros imparten chino en dos modalidades:<\/p>\n<p style=\"text-align: justify\">Los centros titulares de Aula Confucio imparten el chino integrado en el curr\u00edculo por la ma\u00f1ana, y extraescolar por la tarde, de la mano del profesorado de Aula Confucio chino. Hay un centro titular en cada provincia de nuestra comunidad.<\/p>\n<p style=\"text-align: justify\">A su vez, cada centro de Aula Confucio coordina a otros centros asociados de su misma provincia que imparten tanto chino curricular como chino dentro de las actividades ofrecidas en el Plan de Apertura en horario extraescolar a trav\u00e9s del profesorado voluntario chino. Estos centros se han ido incorporando al Programa. En el presente curso escolar hay un total de 37&nbsp;centros adscritos, dos&nbsp;&nbsp;ellos de nueva incorporaci\u00f3n en el curso 2020-2021.<\/p>\n<p style=\"text-align: justify\">Para la ense\u00f1anza del chino se utiliza la metodolog\u00eda comunicativa empleando textos, grabaciones y otros materiales aut\u00e9nticos, y se realizan actividades, tales como juegos teatrales o proyectos, que procuran imitar con fidelidad la realidad de fuera del aula. Adem\u00e1s, se contempla la preparaci\u00f3n y el asesoramiento con vistas a la realizaci\u00f3n de los ex\u00e1menes oficiales de idioma chino para la obtenci\u00f3n de los t\u00edtulos expedidos por el Instituto Confucio, con validez oficial reconocida internacionalmente: YCT (j\u00f3venes) y HSK (adultos).<\/p>\n<p style=\"text-align: justify\">El Programa se viene regulando mediante Instrucciones anuales, siendo la \u00faltima la <a href=\"https:\/\/www.juntadeandalucia.es\/educacion\/portals\/delegate\/content\/a7ffa52b-7141-4685-b28c-be0356ffd495\/Instrucci%C3%B3n%2017\/2022,%20de%2028%20de%20junio,%20de%20la%20Direcci%C3%B3n%20General%20de%20Ordenaci%C3%B3n%20y%20Evaluaci%C3%B3n%20Educativa,%20para%20el%20desarrollo%20del%20programa%20de%20Aulas%20Confucio%20de%20ense%C3%B1anza%20de%20la%20lengua,%20el%20arte%20y%20la%20cultura%20chinas%20en%20centros%20docentes%20p%C3%BAblicos%20andaluces%20de%20Educaci%C3%B3n%20Primaria%20y%20Secundaria%20para%20el%20curso%202022\/2023\">Instrucci\u00f3n 17\/2022, de 28 de junio, de la Direcci\u00f3n General de Ordenaci\u00f3n y Evaluaci\u00f3n Educativa, para el desarrollo del programa de Aulas Confucio de ense\u00f1anza de la lengua, el arte y la cultura chinas en centros docentes p\u00fablicos andaluces de Educaci\u00f3n Primaria y Secundaria para el curso 2022\/2023 <\/a><\/p>\n<p style=\"text-align: justify\">Tal y como se ha descrito, este Programa se desarrollar\u00e1 en el curso 2022-2023 en los siguientes centros en las modalidades que se se\u00f1alan:<\/p>\n<table class=\" aligncenter\" style=\"width: 83.0483%;height: 295px\">\n<tbody>\n<tr style=\"height: 24px\">\n<td style=\"width: 34.4706%;height: 24px;text-align: center\"><strong>CENTRO<\/strong><\/td>\n<td style=\"width: 29.8824%;height: 24px;text-align: center\"><strong>MODALIDAD<\/strong><\/td>\n<\/tr>\n<tr class=\"alt\" style=\"height: 48px\">\n<td style=\"width: 34.4706%;height: 48px\">IES MIGUEL DE CERVANTES (Armilla) (AC Granada)<\/td>\n<td style=\"width: 29.8824%;height: 48px\">Ed. Primaria y chino extraescolar<\/td>\n<\/tr>\n<tr style=\"height: 24px\">\n<td style=\"width: 34.4706%;height: 24px\">IES LUIS BUENO CRESPO (Armilla)<\/td>\n<td style=\"width: 29.8824%;height: 24px\">ESO \/ Chino curricular<\/td>\n<\/tr>\n<tr class=\"alt\" style=\"height: 24px\">\n<td style=\"width: 34.4706%;height: 24px\">IES ALBA LONGA (Armilla)<\/td>\n<td style=\"width: 29.8824%;height: 24px\">ESO<\/td>\n<\/tr>\n<tr style=\"height: 24px\">\n<td style=\"width: 34.4706%;height: 24px\">CEIP SAN JOS\u00c9 (Granada)<\/td>\n<td style=\"width: 29.8824%;height: 24px\">Chino extraescolar<\/td>\n<\/tr>\n<tr class=\"alt\" style=\"height: 24px\">\n<td style=\"width: 34.4706%;height: 24px\">IES \u00c1NGEL GANIVET (Granada)<\/td>\n<td style=\"width: 29.8824%;height: 24px\">Chino extraescolar<\/td>\n<\/tr>\n<tr style=\"height: 24px\">\n<td style=\"width: 34.4706%;height: 24px\">IES ALHAMBRA (Granada)<\/td>\n<td style=\"width: 29.8824%;height: 24px\">ESO \/ Bachillerato \/ Chino extraescolar<\/td>\n<\/tr>\n<tr class=\"alt\" style=\"height: 24px\">\n<td style=\"width: 34.4706%;height: 24px\">IES LA MADRAZA (Granada)<\/td>\n<td style=\"width: 29.8824%;height: 24px\">Chino extraescolar<\/td>\n<\/tr>\n<tr style=\"height: 24px\">\n<td style=\"width: 34.4706%;height: 24px\">CEIP ELENA MART\u00cdN VIVALDI (Granada)<\/td>\n<td style=\"width: 29.8824%;height: 24px\">Ed. Primaria y Chino extraescolar<\/td>\n<\/tr>\n<\/tbody>\n<\/table>\n<p style=\"text-align: justify\">* M\u00e1s informaci\u00f3n sobre este Programa en el&nbsp;<a href=\"https:\/\/www.juntadeandalucia.es\/educacion\/portals\/web\/plurilinguismo\/programa-de-aulas-confucio\"><strong>Portal de Pluriling\u00fcismo &#8211; Aulas Confucio<\/strong><\/a><\/p>\n","protected":false},"excerpt":{"rendered":"<p>El Programa Confucio para la integraci\u00f3n del chino como lengua extranjera, as\u00ed como de su arte y su cultura, en el sistema educativo de titularidad p\u00fablica de la Comunidad Aut\u00f3noma de Andaluc\u00eda naci\u00f3&#46;&#46;&#46;<\/p>\n","protected":false},"author":3720,"featured_media":6011,"parent":0,"menu_order":0,"comment_status":"closed","ping_status":"open","template":"","meta":{"ngg_post_thumbnail":0,"footnotes":"","_mc_calendar":[]},"aioseo_notices":[],"_links":{"self":[{"href":"https:\/\/blogsaverroes.juntadeandalucia.es\/plurilinguismodelegaciongranada\/wp-json\/wp\/v2\/pages\/2298"}],"collection":[{"href":"https:\/\/blogsaverroes.juntadeandalucia.es\/plurilinguismodelegaciongranada\/wp-json\/wp\/v2\/pages"}],"about":[{"href":"https:\/\/blogsaverroes.juntadeandalucia.es\/plurilinguismodelegaciongranada\/wp-json\/wp\/v2\/types\/page"}],"author":[{"embeddable":true,"href":"https:\/\/blogsaverroes.juntadeandalucia.es\/plurilinguismodelegaciongranada\/wp-json\/wp\/v2\/users\/3720"}],"replies":[{"embeddable":true,"href":"https:\/\/blogsaverroes.juntadeandalucia.es\/plurilinguismodelegaciongranada\/wp-json\/wp\/v2\/comments?post=2298"}],"version-history":[{"count":12,"href":"https:\/\/blogsaverroes.juntadeandalucia.es\/plurilinguismodelegaciongranada\/wp-json\/wp\/v2\/pages\/2298\/revisions"}],"predecessor-version":[{"id":6012,"href":"https:\/\/blogsaverroes.juntadeandalucia.es\/plurilinguismodelegaciongranada\/wp-json\/wp\/v2\/pages\/2298\/revisions\/6012"}],"wp:featuredmedia":[{"embeddable":true,"href":"https:\/\/blogsaverroes.juntadeandalucia.es\/plurilinguismodelegaciongranada\/wp-json\/wp\/v2\/media\/6011"}],"wp:attachment":[{"href":"https:\/\/blogsaverroes.juntadeandalucia.es\/plurilinguismodelegaciongranada\/wp-json\/wp\/v2\/media?parent=2298"}],"curies":[{"name":"wp","href":"https:\/\/api.w.org\/{rel}","templated":true}]}}