{"id":2325,"date":"2016-06-02T21:10:25","date_gmt":"2016-06-02T21:10:25","guid":{"rendered":"http:\/\/blogsaverroes.juntadeandalucia.es\/plurilinguismodelegaciongranada\/?page_id=2325"},"modified":"2020-09-21T08:14:08","modified_gmt":"2020-09-21T08:14:08","slug":"nuevos-centros-bilingues","status":"publish","type":"page","link":"https:\/\/blogsaverroes.juntadeandalucia.es\/plurilinguismodelegaciongranada\/nuevos-centros-bilingues\/","title":{"rendered":"SOLICITUD DE NUEVOS CENTROS BILING\u00dcES"},"content":{"rendered":"<h4 style=\"text-align: center\"><a href=\"https:\/\/blogsaverroes.juntadeandalucia.es\/plurilinguismodelegaciongranada\/files\/2020\/09\/Gu\u00edas_solicitud.png\"><img loading=\"lazy\" decoding=\"async\" class=\"alignnone size-medium wp-image-5707\" src=\"https:\/\/blogsaverroes.juntadeandalucia.es\/plurilinguismodelegaciongranada\/files\/2020\/09\/Gu\u00edas_solicitud-300x277.png\" alt=\"\" width=\"300\" height=\"277\" srcset=\"https:\/\/blogsaverroes.juntadeandalucia.es\/plurilinguismodelegaciongranada\/files\/2020\/09\/Gu\u00edas_solicitud-300x277.png 300w, https:\/\/blogsaverroes.juntadeandalucia.es\/plurilinguismodelegaciongranada\/files\/2020\/09\/Gu\u00edas_solicitud-1024x945.png 1024w, https:\/\/blogsaverroes.juntadeandalucia.es\/plurilinguismodelegaciongranada\/files\/2020\/09\/Gu\u00edas_solicitud-768x709.png 768w, https:\/\/blogsaverroes.juntadeandalucia.es\/plurilinguismodelegaciongranada\/files\/2020\/09\/Gu\u00edas_solicitud-24x22.png 24w, https:\/\/blogsaverroes.juntadeandalucia.es\/plurilinguismodelegaciongranada\/files\/2020\/09\/Gu\u00edas_solicitud-36x33.png 36w, https:\/\/blogsaverroes.juntadeandalucia.es\/plurilinguismodelegaciongranada\/files\/2020\/09\/Gu\u00edas_solicitud-48x44.png 48w, https:\/\/blogsaverroes.juntadeandalucia.es\/plurilinguismodelegaciongranada\/files\/2020\/09\/Gu\u00edas_solicitud.png 1292w\" sizes=\"(max-width: 300px) 100vw, 300px\" \/><\/a><\/h4>\n<h4>Se encuentra abierto el plazo de solicitud para nuevos centros de titularidad p\u00fablica que deseen solicitar impartir ense\u00f1anza biling\u00fce. Las solicitudes deber\u00e1n formularse <strong>hasta el d\u00eda 19 de octubre, incluido<\/strong>.<\/h4>\n<h4>A continuaci\u00f3n se detalla el procedimiento para cada ense\u00f1anza:<\/h4>\n<p>&nbsp;<\/p>\n<table>\n<tbody>\n<tr>\n<td style=\"text-align: center\">\n<h3><a href=\"https:\/\/blogsaverroes.juntadeandalucia.es\/plurilinguismodelegaciongranada\/files\/2020\/09\/Gui\u0301a-Solicitud-Primaria-Curso-21-22.pdf\">EDUCACI\u00d3N INFANTIL Y PRIMARIA<\/a><\/h3>\n<\/td>\n<\/tr>\n<tr>\n<td style=\"background-color: #f7f7f7;text-align: center\">\n<h3><a href=\"https:\/\/blogsaverroes.juntadeandalucia.es\/plurilinguismodelegaciongranada\/files\/2020\/09\/Gui\u0301a-Solicitud-Secundaria-Curso-21-22-.pdf\">EDUCACI\u00d3N SECUNDARIA OBLIGATORIA <\/a><\/h3>\n<\/td>\n<\/tr>\n<\/tbody>\n<\/table>\n","protected":false},"excerpt":{"rendered":"<p>Se encuentra abierto el plazo de solicitud para nuevos centros de titularidad p\u00fablica que deseen solicitar impartir ense\u00f1anza biling\u00fce. Las solicitudes deber\u00e1n formularse hasta el d\u00eda 19 de octubre, incluido. A continuaci\u00f3n se&#46;&#46;&#46;<\/p>\n","protected":false},"author":3720,"featured_media":0,"parent":0,"menu_order":0,"comment_status":"closed","ping_status":"open","template":"","meta":{"ngg_post_thumbnail":0,"footnotes":"","_mc_calendar":[]},"aioseo_notices":[],"_links":{"self":[{"href":"https:\/\/blogsaverroes.juntadeandalucia.es\/plurilinguismodelegaciongranada\/wp-json\/wp\/v2\/pages\/2325"}],"collection":[{"href":"https:\/\/blogsaverroes.juntadeandalucia.es\/plurilinguismodelegaciongranada\/wp-json\/wp\/v2\/pages"}],"about":[{"href":"https:\/\/blogsaverroes.juntadeandalucia.es\/plurilinguismodelegaciongranada\/wp-json\/wp\/v2\/types\/page"}],"author":[{"embeddable":true,"href":"https:\/\/blogsaverroes.juntadeandalucia.es\/plurilinguismodelegaciongranada\/wp-json\/wp\/v2\/users\/3720"}],"replies":[{"embeddable":true,"href":"https:\/\/blogsaverroes.juntadeandalucia.es\/plurilinguismodelegaciongranada\/wp-json\/wp\/v2\/comments?post=2325"}],"version-history":[{"count":30,"href":"https:\/\/blogsaverroes.juntadeandalucia.es\/plurilinguismodelegaciongranada\/wp-json\/wp\/v2\/pages\/2325\/revisions"}],"predecessor-version":[{"id":5708,"href":"https:\/\/blogsaverroes.juntadeandalucia.es\/plurilinguismodelegaciongranada\/wp-json\/wp\/v2\/pages\/2325\/revisions\/5708"}],"wp:attachment":[{"href":"https:\/\/blogsaverroes.juntadeandalucia.es\/plurilinguismodelegaciongranada\/wp-json\/wp\/v2\/media?parent=2325"}],"curies":[{"name":"wp","href":"https:\/\/api.w.org\/{rel}","templated":true}]}}