{"id":2337,"date":"2016-06-02T21:44:47","date_gmt":"2016-06-02T21:44:47","guid":{"rendered":"http:\/\/blogsaverroes.juntadeandalucia.es\/plurilinguismodelegaciongranada\/?page_id=2337"},"modified":"2018-10-15T18:19:48","modified_gmt":"2018-10-15T18:19:48","slug":"solicitud-de-nueva-etapa","status":"publish","type":"page","link":"https:\/\/blogsaverroes.juntadeandalucia.es\/plurilinguismodelegaciongranada\/solicitud-de-nueva-etapa\/","title":{"rendered":"SOLICITUD DE NUEVA ETAPA"},"content":{"rendered":"<p>&nbsp; &nbsp; &nbsp; &nbsp; En el caso de los Centros de Titularidad Privada, todos los aspectos relativos al proceso de solicitud quedan&nbsp;regulados en la <em><a href=\"http:\/\/www.adideandalucia.es\/normas\/ordenes\/Orden29junio2011AutorizacionCentrosBilingues.pdf\" target=\"_blank\" rel=\"nofollow noopener\">ORDEN de 29 de junio de 2011<\/a>, por la que se establece el procedimiento para la autorizaci\u00f3n de la ense\u00f1anza biling\u00fce en los&nbsp;centros docentes de titularidad privada&nbsp;(BOJA 12-07-2011).<\/em><\/p>\n<table style=\"height: 117px;background-color: #d0ebb2\" width=\"719\">\n<tbody>\n<tr>\n<td style=\"width: 709px;text-align: center\">\n<h4><strong><a href=\"https:\/\/blogsaverroes.juntadeandalucia.es\/plurilinguismodelegaciongranada\/educacion-infantil-3\/\">EDUCACI\u00d3N INFANTIL<\/a><\/strong><\/h4>\n<\/td>\n<\/tr>\n<tr>\n<td style=\"width: 709px;text-align: center\">\n<h4><strong><a href=\"https:\/\/blogsaverroes.juntadeandalucia.es\/plurilinguismodelegaciongranada\/educacion-primaria-2\/\">EDUCACI\u00d3N PRIMARIA<\/a><\/strong><\/h4>\n<\/td>\n<\/tr>\n<tr>\n<td style=\"width: 709px;text-align: center\">\n<h4><strong><a href=\"https:\/\/blogsaverroes.juntadeandalucia.es\/plurilinguismodelegaciongranada\/e-s-o-2\/\">EDUCACI\u00d3N SECUNDARIA OBLIGATORIA<\/a><\/strong><\/h4>\n<\/td>\n<\/tr>\n<tr>\n<td style=\"width: 709px;text-align: center\">\n<h4><strong><a href=\"https:\/\/blogsaverroes.juntadeandalucia.es\/plurilinguismodelegaciongranada\/bachillerato-2\/\">BACHILLERATO<\/a><\/strong><\/h4>\n<\/td>\n<\/tr>\n<\/tbody>\n<\/table>\n<p style=\"text-align: center\">&nbsp;<\/p>\n<p style=\"text-align: center\">&nbsp;<\/p>\n<p style=\"text-align: center\">&nbsp;<\/p>\n<p style=\"text-align: center\">&nbsp;<\/p>\n<h5>&nbsp;<\/h5>\n","protected":false},"excerpt":{"rendered":"<p>&nbsp; &nbsp; &nbsp; &nbsp; En el caso de los Centros de Titularidad Privada, todos los aspectos relativos al proceso de solicitud quedan&nbsp;regulados en la ORDEN de 29 de junio de 2011, por la&#46;&#46;&#46;<\/p>\n","protected":false},"author":3720,"featured_media":0,"parent":0,"menu_order":0,"comment_status":"closed","ping_status":"open","template":"","meta":{"ngg_post_thumbnail":0,"footnotes":"","_mc_calendar":[]},"aioseo_notices":[],"_links":{"self":[{"href":"https:\/\/blogsaverroes.juntadeandalucia.es\/plurilinguismodelegaciongranada\/wp-json\/wp\/v2\/pages\/2337"}],"collection":[{"href":"https:\/\/blogsaverroes.juntadeandalucia.es\/plurilinguismodelegaciongranada\/wp-json\/wp\/v2\/pages"}],"about":[{"href":"https:\/\/blogsaverroes.juntadeandalucia.es\/plurilinguismodelegaciongranada\/wp-json\/wp\/v2\/types\/page"}],"author":[{"embeddable":true,"href":"https:\/\/blogsaverroes.juntadeandalucia.es\/plurilinguismodelegaciongranada\/wp-json\/wp\/v2\/users\/3720"}],"replies":[{"embeddable":true,"href":"https:\/\/blogsaverroes.juntadeandalucia.es\/plurilinguismodelegaciongranada\/wp-json\/wp\/v2\/comments?post=2337"}],"version-history":[{"count":10,"href":"https:\/\/blogsaverroes.juntadeandalucia.es\/plurilinguismodelegaciongranada\/wp-json\/wp\/v2\/pages\/2337\/revisions"}],"predecessor-version":[{"id":4747,"href":"https:\/\/blogsaverroes.juntadeandalucia.es\/plurilinguismodelegaciongranada\/wp-json\/wp\/v2\/pages\/2337\/revisions\/4747"}],"wp:attachment":[{"href":"https:\/\/blogsaverroes.juntadeandalucia.es\/plurilinguismodelegaciongranada\/wp-json\/wp\/v2\/media?parent=2337"}],"curies":[{"name":"wp","href":"https:\/\/api.w.org\/{rel}","templated":true}]}}