{"id":2364,"date":"2016-06-03T14:00:46","date_gmt":"2016-06-03T14:00:46","guid":{"rendered":"http:\/\/blogsaverroes.juntadeandalucia.es\/plurilinguismodelegaciongranada\/?page_id=2364"},"modified":"2019-05-23T16:58:06","modified_gmt":"2019-05-23T16:58:06","slug":"solicitud-de-aumento-de-lineas-bilingues","status":"publish","type":"page","link":"https:\/\/blogsaverroes.juntadeandalucia.es\/plurilinguismodelegaciongranada\/solicitud-de-aumento-de-lineas-bilingues\/","title":{"rendered":"Solicitud de aumento de l\u00edneas biling\u00fces"},"content":{"rendered":"<h5 style=\"text-align: justify\">&nbsp; &nbsp; &nbsp; &nbsp; &nbsp; &nbsp;&nbsp;<\/h5>\n<p><span style=\"color: #000000\"><span style=\"font-family: NewsGotT\"><span style=\"font-size: medium\">&nbsp;&nbsp;&nbsp;&nbsp;&nbsp;&nbsp;&nbsp;&nbsp;<\/span><\/span><\/span>&nbsp; La <a href=\"http:\/\/www.adideandalucia.es\/normas\/ordenes\/Orden28junio2011EnsenanzaBilingue.pdf\" target=\"_blank\" rel=\"noopener\">Orden de 28 de junio de 2011<\/a>, por la que se regula la ense\u00f1anza biling\u00fce en los centros docentes de la Comunidad Aut\u00f3noma de Andaluc\u00eda (BOJA 12-07-2011) establece que todos los centros biling\u00fces lo ser\u00e1n en todos los puestos escolares, y en el caso de los centros p\u00fablicos que ven\u00edan siendo biling\u00fces con anterioridad a la publicaci\u00f3n de esta Orden, estos tambi\u00e9n ser\u00e1n biling\u00fces en su totalidad, ampliando el n\u00famero de l\u00edneas biling\u00fces a medida que se disponga de recursos humanos.<\/p>\n<p>&nbsp;&nbsp;&nbsp;&nbsp;&nbsp;&nbsp;&nbsp;&nbsp;&nbsp;&nbsp;&nbsp;&nbsp; Normativamente \u00fanicamente se contempla la posibilidad de que no todos los puestos sean biling\u00fces en los excepcionales casos en los que las Direcciones Generales competentes autoricen dicha situaci\u00f3n en centros que imparten ense\u00f1anzas de Formaci\u00f3n Profesional, tal y como regula el apartado 6 del Art\u00edculo \u00danico de la <a href=\"http:\/\/www.juntadeandalucia.es\/boja\/2016\/150\/BOJA16-150-00002-14231-01_00096602.pdf\" target=\"_blank\" rel=\"noopener\">Orden de 1 de agosto de 2016, por la que se modifica la<\/a> <a href=\"http:\/\/www.juntadeandalucia.es\/boja\/2016\/150\/BOJA16-150-00002-14231-01_00096602.pdf\" target=\"_blank\" rel=\"noopener\">Orden de 28 de junio de 2011, por la que se regula la ense\u00f1anza biling\u00fce en los centros docentes de la Comunidad Aut\u00f3noma de Andaluc\u00eda<\/a>.<\/p>\n<p><span style=\"font-family: NewsGotT\"><span style=\"font-size: medium\">&nbsp;&nbsp;&nbsp;&nbsp;&nbsp;&nbsp;&nbsp;&nbsp;&nbsp;<\/span><\/span> Por ello, los pocos centros en los que a\u00fan existan puestos no biling\u00fces, y que dispongan de recursos humanos que permitan la ampliaci\u00f3n de la ense\u00f1anza biling\u00fce a m\u00e1s l\u00edneas, deber\u00e1n formular la solicitud de ampliaci\u00f3n de l\u00edneas antes del 5 de diciembre, tal y como contempla el apartado 5 de la Instrucci\u00f3n segunda de las <a href=\"http:\/\/www.juntadeandalucia.es\/educacion\/portals\/abaco-portlet\/content\/76fcdf97-b87b-481e-9dfb-28284270db0c\" target=\"_blank\" rel=\"noopener\"><em>Instrucciones de 7 de junio de 2018 de la Direcci\u00f3n General de Innovaci\u00f3n y Formaci\u00f3n del Profesorado sobre la organizaci\u00f3n y funcionamiento de la ense\u00f1anza biling\u00fce para el curso 2018-2019<\/em><\/a>, mediante la cumplimentaci\u00f3n de este documento de recogida de informaci\u00f3n para el estudio de la viabilidad de la propuesta:<\/p>\n<h3 align=\"center\"><a href=\"https:\/\/drive.google.com\/file\/d\/1hE7CmZc09PqsA4iCXwKI-ZY8dhZNK0bh\/view?usp=sharing\">FORMULARIO DE SOLICITUD<\/a><a href=\"https:\/\/drive.google.com\/file\/d\/1hE7CmZc09PqsA4iCXwKI-ZY8dhZNK0bh\/view?usp=sharing\"> PARA AUMENTO DE L\u00cdNEAS BILING\u00dcES<\/a><span style=\"font-family: Liberation Sans,sans-serif\"><span style=\"font-size: medium\"><strong><span style=\"font-family: NewsGotT\">&nbsp;&nbsp;&nbsp;&nbsp;<\/span><\/strong> <\/span><\/span><\/h3>\n<p>En todo caso, la ampliaci\u00f3n de l\u00edneas tendr\u00e1 car\u00e1cter progresivo, inici\u00e1ndose siempre en el primer curso de la etapa.<\/p>\n<h1 class=\"western\" align=\"left\">&nbsp;<\/h1>\n<p>&nbsp;<\/p>\n","protected":false},"excerpt":{"rendered":"<p>&nbsp; &nbsp; &nbsp; &nbsp; &nbsp; &nbsp;&nbsp; &nbsp;&nbsp;&nbsp;&nbsp;&nbsp;&nbsp;&nbsp;&nbsp;&nbsp; La Orden de 28 de junio de 2011, por la que se regula la ense\u00f1anza biling\u00fce en los centros docentes de la Comunidad Aut\u00f3noma de Andaluc\u00eda&#46;&#46;&#46;<\/p>\n","protected":false},"author":3720,"featured_media":0,"parent":0,"menu_order":0,"comment_status":"closed","ping_status":"open","template":"","meta":{"ngg_post_thumbnail":0,"footnotes":"","_mc_calendar":[]},"aioseo_notices":[],"_links":{"self":[{"href":"https:\/\/blogsaverroes.juntadeandalucia.es\/plurilinguismodelegaciongranada\/wp-json\/wp\/v2\/pages\/2364"}],"collection":[{"href":"https:\/\/blogsaverroes.juntadeandalucia.es\/plurilinguismodelegaciongranada\/wp-json\/wp\/v2\/pages"}],"about":[{"href":"https:\/\/blogsaverroes.juntadeandalucia.es\/plurilinguismodelegaciongranada\/wp-json\/wp\/v2\/types\/page"}],"author":[{"embeddable":true,"href":"https:\/\/blogsaverroes.juntadeandalucia.es\/plurilinguismodelegaciongranada\/wp-json\/wp\/v2\/users\/3720"}],"replies":[{"embeddable":true,"href":"https:\/\/blogsaverroes.juntadeandalucia.es\/plurilinguismodelegaciongranada\/wp-json\/wp\/v2\/comments?post=2364"}],"version-history":[{"count":15,"href":"https:\/\/blogsaverroes.juntadeandalucia.es\/plurilinguismodelegaciongranada\/wp-json\/wp\/v2\/pages\/2364\/revisions"}],"predecessor-version":[{"id":5035,"href":"https:\/\/blogsaverroes.juntadeandalucia.es\/plurilinguismodelegaciongranada\/wp-json\/wp\/v2\/pages\/2364\/revisions\/5035"}],"wp:attachment":[{"href":"https:\/\/blogsaverroes.juntadeandalucia.es\/plurilinguismodelegaciongranada\/wp-json\/wp\/v2\/media?parent=2364"}],"curies":[{"name":"wp","href":"https:\/\/api.w.org\/{rel}","templated":true}]}}