{"id":2370,"date":"2016-06-03T14:01:36","date_gmt":"2016-06-03T14:01:36","guid":{"rendered":"http:\/\/blogsaverroes.juntadeandalucia.es\/plurilinguismodelegaciongranada\/?page_id=2370"},"modified":"2018-09-27T12:39:43","modified_gmt":"2018-09-27T12:39:43","slug":"solicitud-de-ensenanza-plurilingue","status":"publish","type":"page","link":"https:\/\/blogsaverroes.juntadeandalucia.es\/plurilinguismodelegaciongranada\/solicitud-de-ensenanza-plurilingue\/","title":{"rendered":"Solicitud de Ense\u00f1anza Pluriling\u00fce"},"content":{"rendered":"<h5 style=\"text-align: justify\">&nbsp;&nbsp; &nbsp; &nbsp;&nbsp;<\/h5>\n<p>Adem\u00e1s de la ense\u00f1anza biling\u00fce, los centros educativos que ya hayan completado esta ense\u00f1anza en todos los cursos de una etapa podr\u00e1n solicitar la impartici\u00f3n de ense\u00f1anza pluriling\u00fce. Esta ense\u00f1anza se desarrollar\u00e1 de forma diferente en cada etapa, no estando contemplada su impartici\u00f3n en el Segundo Ciclo de Educaci\u00f3n Infantil.<\/p>\n<p>La ense\u00f1anza pluriling\u00fce consiste en la ense\u00f1anza de \u00c1reas No Ling\u00fc\u00edsticas en dos lenguas extranjeras diferentes, siendo la primera lengua extranjera (L2) aquella en la que el centro inici\u00f3 la ense\u00f1anza biling\u00fce, y la segunda lengua extranjera (L3) la nueva lengua que se incorpora tras haber completado la implantaci\u00f3n de la ense\u00f1anza biling\u00fce en la L2 en la totalidad de la etapa educativa. El art\u00edculo 17 de la Orden de 28 de junio de 2011 determina asimismo que en ning\u00fan caso superar\u00e1 la oferta de \u00e1reas, materias o m\u00f3dulos profesionales no ling\u00fc\u00edsticos en la L3 a la oferta de \u00e9stas en la primera lengua extranjera.<\/p>\n<p>En relaci\u00f3n con la solicitud de la ense\u00f1anza pluriling\u00fce, esta Orden regula las condiciones que deben darse para su solicitud:<\/p>\n<h3 class=\"western\" align=\"center\"><b>EDUCACI\u00d3N INFANTIL<\/b><\/h3>\n<p>El marco normativo actual no contempla la posibilidad de impartir ense\u00f1anza pluriling\u00fce en el Segundo Ciclo de Educaci\u00f3n Infantil, tal y como indica el Art\u00edculo 4.2. de la citada Orden: \u00aben ning\u00fan caso podr\u00e1 incorporarse el aprendizaje a que se refiere el apartado 1 en el segundo ciclo de educaci\u00f3n infantil.\u00bb<\/p>\n<h3 class=\"western\" align=\"center\"><b>EDUCACI\u00d3N PRIMARIA<\/b><\/h3>\n<p>En cuanto a la etapa de Educaci\u00f3n Primaria, esta Orden indica, en su Art\u00edculo 18.3. que \u00abla ense\u00f1anza pluriling\u00fce, en su caso, se implantar\u00e1 en la etapa de educaci\u00f3n primaria a partir del primer curso del tercer ciclo.\u00bb<\/p>\n<h3 class=\"western\" align=\"center\"><b>EDUCACI\u00d3N SECUNDARIA OBLIGATORIA, BACHILLERATO Y FORMACI\u00d3N PROFESIONAL<\/b><\/h3>\n<p>En el caso de la Educaci\u00f3n Secundaria Obligatoria, el Bachillerato y la Formaci\u00f3n Profesional, este mismo art\u00edculo 18.3. indica que: \u00abEn la educaci\u00f3n secundaria obligatoria, el bachillerato o la formaci\u00f3n profesional inicial se implantar\u00e1 a partir del primer curso de la etapa correspondiente.\u00bb<\/p>\n<p>En cualquier caso, el Art\u00edculo 7.2. se\u00f1ala que para poder solicitar la impartici\u00f3n de esta ense\u00f1anza, el centro deber\u00e1 haber completado previamente la ense\u00f1anza biling\u00fce en toda la etapa en la primera lengua extranjera:<\/p>\n<p>\u00abPara ser autorizados como centros pluriling\u00fces, adem\u00e1s de los requisitos contemplados en el apartado 1, los centros docentes deber\u00e1n haber completado las ense\u00f1anzas biling\u00fces en la etapa educativa correspondiente.\u00bb<\/p>\n<h3 align=\"center\"><b>PROCEDIMIENTO Y PLAZOS DE SOLICITUD<\/b><\/h3>\n<p>Para el presente curso escolar 2016-2017, para cursar esta solicitud los centros interesados deber\u00e1n remitir cumplimentado por oficio el documento que corresponda <span style=\"color: #ce181e\"><b>hasta el 18 de octubre de 2018<\/b><\/span>:<\/p>\n<h5 class=\"western\" align=\"justify\">&nbsp;<\/h5>\n<table style=\"height: 85px;border-color: #3d3b3b;background-color: #f0ecdd\" width=\"820\">\n<tbody>\n<tr>\n<td style=\"width: 810.333px;text-align: center\">\n<h3 align=\"center\"><b>EDUCACI\u00d3N PRIMARIA<\/b><\/h3>\n<p align=\"center\">&#8211;<\/p>\n<h3><strong><a href=\"https:\/\/drive.google.com\/file\/d\/1rerYHwrlDIt2Owj49nbUA2vKlzAIMBs8\/view?usp=sharing\">FORMULARIO DE SOLICITUD ENSE\u00d1ANZA PLURILING\u00dcE<\/a><\/strong><\/h3>\n<\/td>\n<\/tr>\n<tr>\n<td style=\"width: 810.333px;text-align: center\">\n<h3 align=\"center\"><b>EDUCACI\u00d3N SECUNDARIA<\/b><\/h3>\n<p align=\"center\">\u2013<\/p>\n<h3><strong><a href=\"https:\/\/drive.google.com\/file\/d\/1JOc4mJbJ2bwvWbPfRYWyo0iUldTOEbYC\/view?usp=sharing\">FORMULARIO DE SOLICITUD DE ENSE\u00d1ANZA PLURILING\u00dcE<\/a><\/strong><\/h3>\n<\/td>\n<\/tr>\n<\/tbody>\n<\/table>\n<p>&nbsp;<\/p>\n<p>* Si necesitase el archivo en un formato diferente puede solicitarlo a <a href=\"mailto:plurilinguismo.dpgr.ced@juntadeandalucia.es\">plurilinguismo.dpgr.ced@juntadeandalucia.es<\/a><\/p>\n","protected":false},"excerpt":{"rendered":"<p>&nbsp;&nbsp; &nbsp; &nbsp;&nbsp; Adem\u00e1s de la ense\u00f1anza biling\u00fce, los centros educativos que ya hayan completado esta ense\u00f1anza en todos los cursos de una etapa podr\u00e1n solicitar la impartici\u00f3n de ense\u00f1anza pluriling\u00fce. Esta ense\u00f1anza&#46;&#46;&#46;<\/p>\n","protected":false},"author":3720,"featured_media":0,"parent":0,"menu_order":0,"comment_status":"closed","ping_status":"open","template":"","meta":{"ngg_post_thumbnail":0,"footnotes":"","_mc_calendar":[]},"aioseo_notices":[],"_links":{"self":[{"href":"https:\/\/blogsaverroes.juntadeandalucia.es\/plurilinguismodelegaciongranada\/wp-json\/wp\/v2\/pages\/2370"}],"collection":[{"href":"https:\/\/blogsaverroes.juntadeandalucia.es\/plurilinguismodelegaciongranada\/wp-json\/wp\/v2\/pages"}],"about":[{"href":"https:\/\/blogsaverroes.juntadeandalucia.es\/plurilinguismodelegaciongranada\/wp-json\/wp\/v2\/types\/page"}],"author":[{"embeddable":true,"href":"https:\/\/blogsaverroes.juntadeandalucia.es\/plurilinguismodelegaciongranada\/wp-json\/wp\/v2\/users\/3720"}],"replies":[{"embeddable":true,"href":"https:\/\/blogsaverroes.juntadeandalucia.es\/plurilinguismodelegaciongranada\/wp-json\/wp\/v2\/comments?post=2370"}],"version-history":[{"count":18,"href":"https:\/\/blogsaverroes.juntadeandalucia.es\/plurilinguismodelegaciongranada\/wp-json\/wp\/v2\/pages\/2370\/revisions"}],"predecessor-version":[{"id":4659,"href":"https:\/\/blogsaverroes.juntadeandalucia.es\/plurilinguismodelegaciongranada\/wp-json\/wp\/v2\/pages\/2370\/revisions\/4659"}],"wp:attachment":[{"href":"https:\/\/blogsaverroes.juntadeandalucia.es\/plurilinguismodelegaciongranada\/wp-json\/wp\/v2\/media?parent=2370"}],"curies":[{"name":"wp","href":"https:\/\/api.w.org\/{rel}","templated":true}]}}