{"id":2376,"date":"2016-06-03T14:03:30","date_gmt":"2016-06-03T14:03:30","guid":{"rendered":"http:\/\/blogsaverroes.juntadeandalucia.es\/plurilinguismodelegaciongranada\/?page_id=2376"},"modified":"2016-09-09T11:28:15","modified_gmt":"2016-09-09T11:28:15","slug":"ciclos-formativos","status":"publish","type":"page","link":"https:\/\/blogsaverroes.juntadeandalucia.es\/plurilinguismodelegaciongranada\/ciclos-formativos\/","title":{"rendered":"Ciclos Formativos"},"content":{"rendered":"<h5>\u00a0 \u00a0 \u00a0 \u00a0 \u00a0En el caso de centros que actualmente imparten ense\u00f1anza biling\u00fce en Educaci\u00f3n Secundaria y desean solicitar asimismo la implantaci\u00f3n de esta ense\u00f1anza en Ciclos Formativos de Formaci\u00f3n Profesional, deber\u00e1n cumplimentar el siguiente documento:<\/h5>\n<h3 style=\"text-align: center\"><a href=\"http:\/\/blogsaverroes.juntadeandalucia.es\/plurilinguismodelegaciongranada\/files\/2016\/06\/ANEXO-NUEVOS-CICLOS-FORMATIVOS-CENTROS-bil.pdf\">ANEXO CICLOS FORMATIVOS DE FP PARA CENTROS YA BILING\u00dcES<\/a><\/h3>\n<h5>\u00a0\u00a0\u00a0\u00a0\u00a0\u00a0\u00a0\u00a0\u00a0 Para el presente curso escolar 2016-2017, las<em>\u00a0<a href=\"http:\/\/portals.ced.junta-andalucia.es\/educacion\/portals\/abaco-portlet\/content\/dd97531a-d6ef-4a0c-8f3b-80d7785aab04\">Instrucciones de 22 de julio de 2016 conjuntas de la Direcci\u00f3n General de Innovaci\u00f3n y de la Direcci\u00f3n General de Formaci\u00f3n Profesional Inicial y Educaci\u00f3n Permanente, sobre la Organizaci\u00f3n y Funcionamiento de la Ense\u00f1anza Biling\u00fce para el curso 2016\/17<\/a><\/em> fijan como fecha l\u00edmite para la presentaci\u00f3n de solicitudes para nuevas ense\u00f1anzas el <strong>14 de octubre de 2016<\/strong>.<\/h5>\n<p>&nbsp;<\/p>\n","protected":false},"excerpt":{"rendered":"<p>\u00a0 \u00a0 \u00a0 \u00a0 \u00a0En el caso de centros que actualmente imparten ense\u00f1anza biling\u00fce en Educaci\u00f3n Secundaria y desean solicitar asimismo la implantaci\u00f3n de esta ense\u00f1anza en Ciclos Formativos de Formaci\u00f3n Profesional, deber\u00e1n&#46;&#46;&#46;<\/p>\n","protected":false},"author":3720,"featured_media":0,"parent":0,"menu_order":0,"comment_status":"closed","ping_status":"open","template":"","meta":{"ngg_post_thumbnail":0,"footnotes":"","_mc_calendar":[]},"aioseo_notices":[],"_links":{"self":[{"href":"https:\/\/blogsaverroes.juntadeandalucia.es\/plurilinguismodelegaciongranada\/wp-json\/wp\/v2\/pages\/2376"}],"collection":[{"href":"https:\/\/blogsaverroes.juntadeandalucia.es\/plurilinguismodelegaciongranada\/wp-json\/wp\/v2\/pages"}],"about":[{"href":"https:\/\/blogsaverroes.juntadeandalucia.es\/plurilinguismodelegaciongranada\/wp-json\/wp\/v2\/types\/page"}],"author":[{"embeddable":true,"href":"https:\/\/blogsaverroes.juntadeandalucia.es\/plurilinguismodelegaciongranada\/wp-json\/wp\/v2\/users\/3720"}],"replies":[{"embeddable":true,"href":"https:\/\/blogsaverroes.juntadeandalucia.es\/plurilinguismodelegaciongranada\/wp-json\/wp\/v2\/comments?post=2376"}],"version-history":[{"count":7,"href":"https:\/\/blogsaverroes.juntadeandalucia.es\/plurilinguismodelegaciongranada\/wp-json\/wp\/v2\/pages\/2376\/revisions"}],"predecessor-version":[{"id":3297,"href":"https:\/\/blogsaverroes.juntadeandalucia.es\/plurilinguismodelegaciongranada\/wp-json\/wp\/v2\/pages\/2376\/revisions\/3297"}],"wp:attachment":[{"href":"https:\/\/blogsaverroes.juntadeandalucia.es\/plurilinguismodelegaciongranada\/wp-json\/wp\/v2\/media?parent=2376"}],"curies":[{"name":"wp","href":"https:\/\/api.w.org\/{rel}","templated":true}]}}