{"id":2382,"date":"2016-06-03T14:14:51","date_gmt":"2016-06-03T14:14:51","guid":{"rendered":"http:\/\/blogsaverroes.juntadeandalucia.es\/plurilinguismodelegaciongranada\/?page_id=2382"},"modified":"2016-09-09T12:35:30","modified_gmt":"2016-09-09T12:35:30","slug":"autorizacion-de-profesorado-para-imparticion-de-anls","status":"publish","type":"page","link":"https:\/\/blogsaverroes.juntadeandalucia.es\/plurilinguismodelegaciongranada\/autorizacion-de-profesorado-para-imparticion-de-anls\/","title":{"rendered":"Autorizaci\u00f3n y renuncia de profesorado para impartici\u00f3n de ANLs"},"content":{"rendered":"<h3 style=\"text-align: center\"><span style=\"background-color: #ffff99\">AUTORIZACI\u00d3N DE PROFESORADO PARA IMPARTICI\u00d3N DE ENSE\u00d1ANZA BILING\u00dcE<\/span><\/h3>\n<h5 style=\"text-align: justify\">\u00a0 \u00a0 \u00a0 \u00a0 Cada curso escolar las <em>Instrucciones Anuales de Organizaci\u00f3n y Funcionamiento de la Ense\u00f1anza Biling\u00fce <\/em>se\u00f1alan el plazo y el procedimiento para la solicitud de autorizaci\u00f3n por parte del personal de centros p\u00fablicos que solicite impartir ense\u00f1anza biling\u00fce. Para ello, dicho personal deber\u00e1 acreditar un nivel B2 o superior del MCERL, certificado por\u00a0una de las titulaciones recogidas en este Documento:<\/h5>\n<h5 style=\"text-align: justify\"><a href=\"http:\/\/blogsaverroes.juntadeandalucia.es\/plurilinguismodelegaciongranada\/files\/2016\/06\/TITULACIONES_BIL-4.pdf\"><img loading=\"lazy\" decoding=\"async\" class=\" size-medium wp-image-2710 aligncenter\" src=\"http:\/\/blogsaverroes.juntadeandalucia.es\/plurilinguismodelegaciongranada\/files\/2016\/06\/TITULACIONES_BIL-212x300.png\" alt=\"TITULACIONES_BIL\" width=\"212\" height=\"300\" srcset=\"https:\/\/blogsaverroes.juntadeandalucia.es\/plurilinguismodelegaciongranada\/files\/2016\/06\/TITULACIONES_BIL-212x300.png 212w, https:\/\/blogsaverroes.juntadeandalucia.es\/plurilinguismodelegaciongranada\/files\/2016\/06\/TITULACIONES_BIL.png 283w\" sizes=\"(max-width: 212px) 100vw, 212px\" \/><\/a><\/h5>\n<h5 style=\"text-align: justify\">\u00a0 \u00a0 \u00a0 \u00a0 \u00a0 \u00a0Para el presente curso escolar 2016-2017, las<em> <a href=\"http:\/\/portals.ced.junta-andalucia.es\/educacion\/portals\/abaco-portlet\/content\/dd97531a-d6ef-4a0c-8f3b-80d7785aab04\">Instrucciones de 22 de julio de 2016 conjuntas de la Direcci\u00f3n General de Innovaci\u00f3n y de la Direcci\u00f3n General de Formaci\u00f3n Profesional Inicial y Educaci\u00f3n Permanente, sobre la Organizaci\u00f3n y Funcionamiento de la Ense\u00f1anza Biling\u00fce para el curso 2016\/17<\/a><\/em> fijaron como fecha l\u00edmite para la presentaci\u00f3n de solicitudes el <strong>30 de julio de 2016.<br \/>\n<\/strong><\/h5>\n<h5 style=\"text-align: justify\">\u00a0 \u00a0 \u00a0 \u00a0 \u00a0 \u00a0 \u00a0 \u00a0 \u00a0El procedimiento es el que sigue:<br \/>\n<a href=\"http:\/\/blogsaverroes.juntadeandalucia.es\/plurilinguismodelegaciongranada\/files\/2016\/06\/Captura-de-pantalla-2016-06-08-a-las-22.05.31.png\"><img loading=\"lazy\" decoding=\"async\" class=\"  wp-image-2708 size-full aligncenter\" src=\"http:\/\/blogsaverroes.juntadeandalucia.es\/plurilinguismodelegaciongranada\/files\/2016\/06\/Captura-de-pantalla-2016-06-08-a-las-22.05.31.png\" alt=\"Captura de pantalla 2016-06-08 a las 22.05.31\" width=\"674\" height=\"373\" srcset=\"https:\/\/blogsaverroes.juntadeandalucia.es\/plurilinguismodelegaciongranada\/files\/2016\/06\/Captura-de-pantalla-2016-06-08-a-las-22.05.31.png 674w, https:\/\/blogsaverroes.juntadeandalucia.es\/plurilinguismodelegaciongranada\/files\/2016\/06\/Captura-de-pantalla-2016-06-08-a-las-22.05.31-300x166.png 300w\" sizes=\"(max-width: 674px) 100vw, 674px\" \/><\/a><\/h5>\n<h5 style=\"text-align: justify\">\u00a0 \u00a0 \u00a0 \u00a0 \u00a0 <em><strong>En cualquier caso es importante tener en cuenta\u00a0que la autorizaci\u00f3n del personal que acredita un nivel B2 o superior del MCERL no afecta al perfil del\/la docente en su puesto de destino, que como tal <span style=\"text-decoration: underline\">no tendr\u00e1 consideraci\u00f3n de puesto biling\u00fce en plantilla org\u00e1nica<\/span>, ya que esta condici\u00f3n s\u00f3lo puede ser adquirida mediante la participaci\u00f3n como en Concurso General de Traslados como puesto biling\u00fce o bien mediante proceso de Recolocaci\u00f3n.<\/strong><\/em><\/h5>\n<h3 style=\"text-align: center\"><span style=\"background-color: #ffff99\">RENUNCIA DE PROFESORADO A IMPARTIR ENSE\u00d1ANZA BILING\u00dcE<\/span><\/h3>\n<p>IMPORTANTE: \u00bfQUI\u00c9N PUEDE Y QUI\u00c9N NO PUEDE RENUNCIAR A IMPARTIR ENSE\u00d1ANZA BILING\u00dcE?<\/p>\n<h4 style=\"text-align: justify\"><span style=\"background-color: #ffff00\"><strong>S\u00cd<\/strong><\/span> PUEDE RENUNCIAR<\/h4>\n<h5 style=\"text-align: justify\">\u00a0 \u00a0 \u00a0 \u00a0 \u00a0 \u00a0 \u00a0 El personal autorizado que no ocupa puesto biling\u00fce en plantilla org\u00e1nica podr\u00e1 <strong>renunciar<\/strong> a seguir impartiendo ense\u00f1anza biling\u00fce, para lo cual tambi\u00e9n deber\u00e1 cursar petici\u00f3n a la Direcci\u00f3n General de Innovaci\u00f3n a trav\u00e9s de oficio\u00a0en el plazo establecido por las\u00a0<em>Instrucciones Anuales de Organizaci\u00f3n y Funcionamiento de la Ense\u00f1anza Biling\u00fce. <\/em>Se trata del personal definitivo del centro que cuenta con la autorizaci\u00f3n de la Direcci\u00f3n General de Innovaci\u00f3n para impartir ense\u00f1anza biling\u00fce.<\/h5>\n<h5 style=\"text-align: justify\"><i>* En este caso dichos docentes ocupan en plantilla org\u00e1nica plaza iniciada por el c\u00f3digo 00, si bien en S\u00e9neca aparece entre par\u00e9ntesis (ingl\u00e9s) o (franc\u00e9s) junto a su especialidad por estar autorizados\/as a impartir ense\u00f1anza biling\u00fce.<\/i><\/h5>\n<h4><span style=\"background-color: #ffff00\"><strong>NO<\/strong><\/span> PUEDE RENUNCIAR<\/h4>\n<h5>\u00a0\u00a0\u00a0\u00a0\u00a0\u00a0\u00a0\u00a0\u00a0\u00a0\u00a0\u00a0\u00a0\u00a0\u00a0\u00a0 En ning\u00fan caso podr\u00e1 renunciar el personal que HAYA OBTENIDO PLAZA CON PERFIL BILING\u00dcE MEDIANTE <u>CONCURSO GENERAL DE TRASLADOS O RECOLOCACI\u00d3N.<\/u><\/h5>\n<h5 class=\"gmail_default\"><i>* Estos\/as docentes s\u00f3lo p<i>erder\u00e1n<\/i> perfil biling\u00fce si vuelven a participar en Concurso General de Traslados <i>con perfil no biling\u00fce.<\/i><\/i><\/h5>\n<h5 style=\"text-align: justify\"><\/h5>\n","protected":false},"excerpt":{"rendered":"<p>AUTORIZACI\u00d3N DE PROFESORADO PARA IMPARTICI\u00d3N DE ENSE\u00d1ANZA BILING\u00dcE \u00a0 \u00a0 \u00a0 \u00a0 Cada curso escolar las Instrucciones Anuales de Organizaci\u00f3n y Funcionamiento de la Ense\u00f1anza Biling\u00fce se\u00f1alan el plazo y el procedimiento para&#46;&#46;&#46;<\/p>\n","protected":false},"author":3720,"featured_media":0,"parent":0,"menu_order":0,"comment_status":"closed","ping_status":"open","template":"","meta":{"ngg_post_thumbnail":0,"footnotes":"","_mc_calendar":[]},"aioseo_notices":[],"_links":{"self":[{"href":"https:\/\/blogsaverroes.juntadeandalucia.es\/plurilinguismodelegaciongranada\/wp-json\/wp\/v2\/pages\/2382"}],"collection":[{"href":"https:\/\/blogsaverroes.juntadeandalucia.es\/plurilinguismodelegaciongranada\/wp-json\/wp\/v2\/pages"}],"about":[{"href":"https:\/\/blogsaverroes.juntadeandalucia.es\/plurilinguismodelegaciongranada\/wp-json\/wp\/v2\/types\/page"}],"author":[{"embeddable":true,"href":"https:\/\/blogsaverroes.juntadeandalucia.es\/plurilinguismodelegaciongranada\/wp-json\/wp\/v2\/users\/3720"}],"replies":[{"embeddable":true,"href":"https:\/\/blogsaverroes.juntadeandalucia.es\/plurilinguismodelegaciongranada\/wp-json\/wp\/v2\/comments?post=2382"}],"version-history":[{"count":11,"href":"https:\/\/blogsaverroes.juntadeandalucia.es\/plurilinguismodelegaciongranada\/wp-json\/wp\/v2\/pages\/2382\/revisions"}],"predecessor-version":[{"id":3313,"href":"https:\/\/blogsaverroes.juntadeandalucia.es\/plurilinguismodelegaciongranada\/wp-json\/wp\/v2\/pages\/2382\/revisions\/3313"}],"wp:attachment":[{"href":"https:\/\/blogsaverroes.juntadeandalucia.es\/plurilinguismodelegaciongranada\/wp-json\/wp\/v2\/media?parent=2382"}],"curies":[{"name":"wp","href":"https:\/\/api.w.org\/{rel}","templated":true}]}}