{"id":2414,"date":"2016-06-05T13:18:10","date_gmt":"2016-06-05T13:18:10","guid":{"rendered":"http:\/\/blogsaverroes.juntadeandalucia.es\/plurilinguismodelegaciongranada\/?page_id=2414"},"modified":"2017-09-21T11:05:21","modified_gmt":"2017-09-21T11:05:21","slug":"ciclos-formativos-fp","status":"publish","type":"page","link":"https:\/\/blogsaverroes.juntadeandalucia.es\/plurilinguismodelegaciongranada\/ciclos-formativos-fp\/","title":{"rendered":"Ciclos Formativos FP"},"content":{"rendered":"<h5 style=\"text-align: justify\">&nbsp; &nbsp; &nbsp; &nbsp; &nbsp; &nbsp; &nbsp; Aquellos centros que actualmente no impartan ense\u00f1anza biling\u00fce y quieran iniciar estas ense\u00f1anzas \u00fanicamente en Ciclos Formativos de Formaci\u00f3n Profesional pueden cursar solicitud mediante la&nbsp;cumplimentaci\u00f3n del siguiente anexo:<\/h5>\n<h3 style=\"text-align: center\"><a href=\"https:\/\/blogsaverroes.juntadeandalucia.es\/plurilinguismodelegaciongranada\/files\/2017\/09\/17.18.ANEXO-NUEVOS-CICLOS-FORMATIVOS-CENTROS-NUEVOS.pdf\">&nbsp;ANEXO NUEVOS CICLOS FORMATIVOS \u2013 CENTROS NUEVOS<\/a><\/h3>\n<h5 class=\"encabezado-de-mensaje\" align=\"justify\"><span style=\"font-family: NewsGotT,serif\"><span style=\"font-size: medium\">&nbsp;&nbsp;&nbsp;&nbsp;&nbsp;&nbsp;&nbsp;&nbsp;&nbsp;&nbsp; <\/span><\/span>Seg\u00fan lo recogido en la instrucci\u00f3n segunda de las <em><a href=\"https:\/\/blogsaverroes.juntadeandalucia.es\/plurilinguismodelegaciongranada\/files\/2017\/06\/INSTRUCCIONES-ENSE%C3%91ANZA-BILING%C3%9CE-2017-18.pdf\">Instrucciones de 7 de junio de 2017, de la Direcci\u00f3n General de Innovaci\u00f3n, sobre la organizaci\u00f3n y funcionamiento de la ense\u00f1anza biling\u00fce para el curso 2017\/2018<\/a><\/em>, \u201cLos centros p\u00fablicos que deseen solicitar ser centros biling\u00fces o pluriling\u00fces, as\u00ed como la autorizaci\u00f3n de nuevas etapas educativas, cursar\u00e1n sus peticiones de acuerdo con lo previsto en la Orden de 28 de junio de 2011, y deber\u00e1n hacerlo con anterioridad al <strong>20 de octubre de 2017<\/strong>, dirigiendo sus solicitudes a las correspondientes delegaciones territoriales con competencias en materia de educaci\u00f3n, que a su vez elaborar\u00e1n el preceptivo informe de viabilidad para su remisi\u00f3n a la direcci\u00f3n general competente en materia de biling\u00fcismo\u201d.<\/h5>\n<p>&nbsp;<\/p>\n<h5 style=\"text-align: left\">* Si necesitase el archivo en un formato diferente puede solicitarlo a&nbsp;<a href=\"mailto:plurilinguismo.dpgr.ced@juntadeandalucia.es\">plurilinguismo.dpgr.ced@juntadeandalucia.es<\/a><\/h5>\n","protected":false},"excerpt":{"rendered":"<p>&nbsp; &nbsp; &nbsp; &nbsp; &nbsp; &nbsp; &nbsp; Aquellos centros que actualmente no impartan ense\u00f1anza biling\u00fce y quieran iniciar estas ense\u00f1anzas \u00fanicamente en Ciclos Formativos de Formaci\u00f3n Profesional pueden cursar solicitud mediante la&nbsp;cumplimentaci\u00f3n del&#46;&#46;&#46;<\/p>\n","protected":false},"author":3720,"featured_media":0,"parent":0,"menu_order":0,"comment_status":"closed","ping_status":"open","template":"","meta":{"ngg_post_thumbnail":0,"footnotes":"","_mc_calendar":[]},"aioseo_notices":[],"_links":{"self":[{"href":"https:\/\/blogsaverroes.juntadeandalucia.es\/plurilinguismodelegaciongranada\/wp-json\/wp\/v2\/pages\/2414"}],"collection":[{"href":"https:\/\/blogsaverroes.juntadeandalucia.es\/plurilinguismodelegaciongranada\/wp-json\/wp\/v2\/pages"}],"about":[{"href":"https:\/\/blogsaverroes.juntadeandalucia.es\/plurilinguismodelegaciongranada\/wp-json\/wp\/v2\/types\/page"}],"author":[{"embeddable":true,"href":"https:\/\/blogsaverroes.juntadeandalucia.es\/plurilinguismodelegaciongranada\/wp-json\/wp\/v2\/users\/3720"}],"replies":[{"embeddable":true,"href":"https:\/\/blogsaverroes.juntadeandalucia.es\/plurilinguismodelegaciongranada\/wp-json\/wp\/v2\/comments?post=2414"}],"version-history":[{"count":11,"href":"https:\/\/blogsaverroes.juntadeandalucia.es\/plurilinguismodelegaciongranada\/wp-json\/wp\/v2\/pages\/2414\/revisions"}],"predecessor-version":[{"id":3988,"href":"https:\/\/blogsaverroes.juntadeandalucia.es\/plurilinguismodelegaciongranada\/wp-json\/wp\/v2\/pages\/2414\/revisions\/3988"}],"wp:attachment":[{"href":"https:\/\/blogsaverroes.juntadeandalucia.es\/plurilinguismodelegaciongranada\/wp-json\/wp\/v2\/media?parent=2414"}],"curies":[{"name":"wp","href":"https:\/\/api.w.org\/{rel}","templated":true}]}}