{"id":2562,"date":"2023-03-20T10:38:52","date_gmt":"2023-03-20T10:38:52","guid":{"rendered":"http:\/\/blogsaverroes.juntadeandalucia.es\/plurilinguismodelegaciongranada\/?page_id=2562"},"modified":"2023-03-22T12:33:32","modified_gmt":"2023-03-22T12:33:32","slug":"estancias-profesionales","status":"publish","type":"page","link":"https:\/\/blogsaverroes.juntadeandalucia.es\/plurilinguismodelegaciongranada\/estancias-profesionales\/","title":{"rendered":"ESTANCIAS PROFESIONALES"},"content":{"rendered":"<p>&nbsp;<\/p>\n<p><a href=\"http:\/\/blogsaverroes.juntadeandalucia.es\/plurilinguismodelegaciongranada\/files\/2017\/03\/Estancias-profesionales17-18.png\"><img loading=\"lazy\" decoding=\"async\" class=\"aligncenter wp-image-3632 size-full\" src=\"http:\/\/blogsaverroes.juntadeandalucia.es\/plurilinguismodelegaciongranada\/files\/2017\/03\/Estancias-profesionales17-18.png\" width=\"927\" height=\"111\" srcset=\"https:\/\/blogsaverroes.juntadeandalucia.es\/plurilinguismodelegaciongranada\/files\/2017\/03\/Estancias-profesionales17-18.png 927w, https:\/\/blogsaverroes.juntadeandalucia.es\/plurilinguismodelegaciongranada\/files\/2017\/03\/Estancias-profesionales17-18-300x36.png 300w, https:\/\/blogsaverroes.juntadeandalucia.es\/plurilinguismodelegaciongranada\/files\/2017\/03\/Estancias-profesionales17-18-768x92.png 768w, https:\/\/blogsaverroes.juntadeandalucia.es\/plurilinguismodelegaciongranada\/files\/2017\/03\/Estancias-profesionales17-18-700x84.png 700w, https:\/\/blogsaverroes.juntadeandalucia.es\/plurilinguismodelegaciongranada\/files\/2017\/03\/Estancias-profesionales17-18-24x3.png 24w, https:\/\/blogsaverroes.juntadeandalucia.es\/plurilinguismodelegaciongranada\/files\/2017\/03\/Estancias-profesionales17-18-36x4.png 36w, https:\/\/blogsaverroes.juntadeandalucia.es\/plurilinguismodelegaciongranada\/files\/2017\/03\/Estancias-profesionales17-18-48x6.png 48w\" sizes=\"(max-width: 927px) 100vw, 927px\" \/><\/a><\/p>\n<p style=\"text-align: justify\">Desde el pr\u00f3ximo lunes 20 de marzo <strong>hasta el 15 de abril de 2023<\/strong>&nbsp;se encontrar\u00e1 abierto el plazo para participar en la <strong>Convocatoria de Estancias Profesionales en centros educativos de Alemania, Austria, B\u00e9lgica, Francia, Italia, Portugal, Reino Unido, Rep\u00fablica de Irlanda y Suiza para el curso 2023-2024<\/strong>, seg\u00fan publica el BOE de 10 de marzo en el <strong><span style=\"font-size: 14pt;color: #3366ff\"><a style=\"color: #3366ff\" href=\"https:\/\/www.boe.es\/boe\/dias\/2023\/03\/18\/pdfs\/BOE-B-2023-8049.pdf\">Extracto de la Resoluci\u00f3n de 18 de marzo de 2023 de la Secretar\u00eda de Estado de Educaci\u00f3n, por la que se convocan 120 plazas para la realizaci\u00f3n de estancias profesionales en centros educativos en Alemania, Austria, B\u00e9lgica, Dinamarca, Estonia, Finlandia, Francia, Italia, Malta, Noruega, Pa\u00edses Bajos, Portugal, Reino Unido, Irlanda, Suecia y Suiza.<\/a><\/span><\/strong><\/p>\n<p style=\"text-align: justify\">Estas estancias profesionales est\u00e1n dirigidas a funcionarios y funcionarias docentes de cualquier nivel no universitario que impartan clase de lenguas extranjera o de otra disciplina en una lengua extranjera en centros educativos p\u00fablicos espa\u00f1oles, y consisten en visitas de estudio y observaci\u00f3n en las que un centro europeo acoge a los\/as docentes espa\u00f1oles\/as seleccionados durante un per\u00edodo de dos semanas.<\/p>\n<p style=\"text-align: justify\">La Convocatoria oferta 120 plazas para la realizaci\u00f3n de estancias profesionales en centros educativos de Alemania, Austria, B\u00e9lgica, Dinamarca, Estonia, Finlandia, Francia, Italia, Malta, Noruega, Pa\u00edses Bajos, Portugal, Reino Unido, Irlanda, Suecia y Suiza.<\/p>\n<p style=\"text-align: justify\">Pueden acceder a m\u00e1s informaci\u00f3n en <strong><span style=\"font-size: 14pt;color: #3366ff\"><a style=\"color: #3366ff\" href=\"https:\/\/www.educacionyfp.gob.es\/servicios-al-ciudadano\/catalogo\/profesorado\/profesorado-no-universitario\/becas-ayudas\/movilidad\/estancias-profesionales-para-docentes.html\" target=\"_blank\" rel=\"noopener noreferrer\">enlace<\/a><\/span><\/strong>, en el que se ofrece adem\u00e1s <strong>acceso al servicio online para la solicitud<\/strong> as\u00ed como otros detalles&nbsp;tales como&nbsp;<span style=\"font-size: 14pt\"><strong><span style=\"color: #3366ff\"><a style=\"color: #3366ff\" title=\"Preguntas frecuentes, se abre en ventana nueva\" href=\"http:\/\/blog.intef.es\/estanciasprofesionales\/informacion-util-para-docentes\/\" target=\"_blank\" rel=\"external noopener noreferrer\">Preguntas frecuentes<\/a><\/span><\/strong>&nbsp;<\/span>o el enlace al&nbsp;<span style=\"font-size: 14pt\"><span style=\"color: #3366ff\"><strong><a style=\"color: #3366ff\" href=\"http:\/\/blog.intef.es\/estanciasprofesionales\/\" target=\"_blank\" rel=\"noopener noreferrer\">Blog de estancias profesionales<\/a><\/strong>.<\/span>&nbsp;&nbsp;<\/span><\/p>\n<p style=\"text-align: justify\">Para conocer toda la informaci\u00f3n detallada de esta Convocatoria se puede acceder a la versi\u00f3n completa de la Resoluci\u00f3n <strong><span style=\"font-size: 14pt;color: #3366ff\"><a style=\"color: #3366ff\" href=\"https:\/\/www.pap.hacienda.gob.es\/bdnstrans\/GE\/es\/convocatoria\/884037\/document\/869232\" target=\"_blank\" rel=\"noopener noreferrer\">aqu\u00ed.<\/a><\/span><\/strong><\/p>\n<p style=\"text-align: justify\">Por tratarse de una convocatoria del Ministerio, las consultas deber\u00e1n ser transmitidas a este a trav\u00e9s de los e-mails de contacto que proporciona:&nbsp;<\/p>\n<p>&nbsp;<\/p>\n<div>\n<p style=\"text-align: center\">\u200bBuz\u00f3n de correo para consultas:&nbsp;<strong><span style=\"color: #3366ff\"><a style=\"color: #3366ff\" title=\"Enlace externo, se abre en ventana nueva.\" href=\"mailto:estanciasprofesionales@educacion.gob.es\" target=\"_blank\" rel=\"external noopener noreferrer\">estanciasprofesionales@educacion.gob.es<\/a><\/span><\/strong><\/p>\n<p style=\"text-align: center\">Incidencias t\u00e9cnicas:&nbsp;<strong><span style=\"color: #3366ff\"><a style=\"color: #3366ff\" href=\"mailto:soporte.sede@mecd.es\" target=\"_blank\" rel=\"noopener noreferrer\">soporte.sede@mecd.es<\/a><\/span><\/strong><\/p>\n<\/div>\n<div>&nbsp;<\/div>\n","protected":false},"excerpt":{"rendered":"<p>&nbsp; Desde el pr\u00f3ximo lunes 20 de marzo hasta el 15 de abril de 2023&nbsp;se encontrar\u00e1 abierto el plazo para participar en la Convocatoria de Estancias Profesionales en centros educativos de Alemania, Austria,&#46;&#46;&#46;<\/p>\n","protected":false},"author":3720,"featured_media":6090,"parent":0,"menu_order":0,"comment_status":"closed","ping_status":"closed","template":"","meta":{"ngg_post_thumbnail":0,"footnotes":"","_mc_calendar":[]},"aioseo_notices":[],"_links":{"self":[{"href":"https:\/\/blogsaverroes.juntadeandalucia.es\/plurilinguismodelegaciongranada\/wp-json\/wp\/v2\/pages\/2562"}],"collection":[{"href":"https:\/\/blogsaverroes.juntadeandalucia.es\/plurilinguismodelegaciongranada\/wp-json\/wp\/v2\/pages"}],"about":[{"href":"https:\/\/blogsaverroes.juntadeandalucia.es\/plurilinguismodelegaciongranada\/wp-json\/wp\/v2\/types\/page"}],"author":[{"embeddable":true,"href":"https:\/\/blogsaverroes.juntadeandalucia.es\/plurilinguismodelegaciongranada\/wp-json\/wp\/v2\/users\/3720"}],"replies":[{"embeddable":true,"href":"https:\/\/blogsaverroes.juntadeandalucia.es\/plurilinguismodelegaciongranada\/wp-json\/wp\/v2\/comments?post=2562"}],"version-history":[{"count":6,"href":"https:\/\/blogsaverroes.juntadeandalucia.es\/plurilinguismodelegaciongranada\/wp-json\/wp\/v2\/pages\/2562\/revisions"}],"predecessor-version":[{"id":6154,"href":"https:\/\/blogsaverroes.juntadeandalucia.es\/plurilinguismodelegaciongranada\/wp-json\/wp\/v2\/pages\/2562\/revisions\/6154"}],"wp:featuredmedia":[{"embeddable":true,"href":"https:\/\/blogsaverroes.juntadeandalucia.es\/plurilinguismodelegaciongranada\/wp-json\/wp\/v2\/media\/6090"}],"wp:attachment":[{"href":"https:\/\/blogsaverroes.juntadeandalucia.es\/plurilinguismodelegaciongranada\/wp-json\/wp\/v2\/media?parent=2562"}],"curies":[{"name":"wp","href":"https:\/\/api.w.org\/{rel}","templated":true}]}}