{"id":2571,"date":"2016-06-05T22:40:30","date_gmt":"2016-06-05T22:40:30","guid":{"rendered":"http:\/\/blogsaverroes.juntadeandalucia.es\/plurilinguismodelegaciongranada\/?page_id=2571"},"modified":"2018-09-26T10:30:06","modified_gmt":"2018-09-26T10:30:06","slug":"red-profesional-de-centros-bilingues-y-plurilingues-de-granada","status":"publish","type":"page","link":"https:\/\/blogsaverroes.juntadeandalucia.es\/plurilinguismodelegaciongranada\/red-profesional-de-centros-bilingues-y-plurilingues-de-granada\/","title":{"rendered":"RED PROFESIONAL PROVINCIAL"},"content":{"rendered":"<h4 align=\"justify\"><span style=\"font-family: NewsGotT\"><a href=\"http:\/\/educacionadistancia.juntadeandalucia.es\/profesorado\/course\/view.php?id=1896\"><img loading=\"lazy\" decoding=\"async\" class=\"aligncenter wp-image-2884 size-medium\" src=\"http:\/\/blogsaverroes.juntadeandalucia.es\/plurilinguismodelegaciongranada\/files\/2016\/06\/Captura-de-pantalla-2016-06-09-a-las-18.42.08-300x191.png\" alt=\"Captura de pantalla 2016-06-09 a las 18.42.08\" width=\"300\" height=\"191\" srcset=\"https:\/\/blogsaverroes.juntadeandalucia.es\/plurilinguismodelegaciongranada\/files\/2016\/06\/Captura-de-pantalla-2016-06-09-a-las-18.42.08-300x191.png 300w, https:\/\/blogsaverroes.juntadeandalucia.es\/plurilinguismodelegaciongranada\/files\/2016\/06\/Captura-de-pantalla-2016-06-09-a-las-18.42.08.png 656w\" sizes=\"(max-width: 300px) 100vw, 300px\" \/><\/a><\/span><\/h4>\n<h4 align=\"justify\"><span style=\"font-family: NewsGotT\">&nbsp; &nbsp; &nbsp; &nbsp; La <\/span><span style=\"font-family: NewsGotT\">Red Profesional de Centros Biling\u00fces y Pluriling\u00fces de Granada&nbsp;es un entorno&nbsp;Moodle creado&nbsp;<\/span><span style=\"font-family: NewsGotT\">para<\/span><span style=\"font-family: NewsGotT\"> facilita<\/span><span style=\"font-family: NewsGotT\">r<\/span> <span style=\"font-family: NewsGotT\">informaci\u00f3<\/span><span style=\"font-family: NewsGotT\">n y<\/span> <span style=\"font-family: NewsGotT\">asesoramiento en los aspectos relativos a la gesti\u00f3n de esta ense\u00f1anza, espacio virtual de<\/span><span style=\"font-family: NewsGotT\"> formaci\u00f3n <\/span><span style=\"font-family: NewsGotT\">del personal docente que participa en la ense\u00f1anza biling\u00fce y pluriling\u00fce <\/span><span style=\"font-family: NewsGotT\">en la provincia<\/span><span style=\"font-family: NewsGotT\">,<\/span> <span style=\"font-family: NewsGotT\">as\u00ed como, y principalmente, plataforma que permita la<\/span><span style=\"font-family: NewsGotT\"> coordinaci\u00f3n co<\/span><span style=\"font-family: NewsGotT\">n<\/span><span style=\"font-family: NewsGotT\"> las coordinadoras y los coordinadores de la ense\u00f1anza biling\u00fce en los 193 <\/span><span style=\"font-family: NewsGotT\">centros que imparten esta ense\u00f1anza en Granada<\/span><span style=\"font-family: NewsGotT\">, 137centros p\u00fablicos y 56 centros concertados <\/span><span style=\"font-family: NewsGotT\">y privados. <\/span><span style=\"font-family: NewsGotT\">Asimismo la plataforma pretende fomentar la colaboraci\u00f3n, la posibilidad de compartir experiencias y y el conocimiento mutuo del personal participante.<\/span><\/h4>\n<h4 align=\"justify\"><span style=\"font-family: NewsGotT\">&nbsp; &nbsp; &nbsp; &nbsp; &nbsp; Todas la personas responsables de la coordinaci\u00f3n de la Ense\u00f1anza biling\u00fce participar\u00e1n en esta Plataforma, en la que podr\u00e1 inscribirse asimismo otro personal docente que participe en la impartici\u00f3n de esta ense\u00f1anza (Profesorado de \u00c1reas Ling\u00fc\u00edsticas y No Ling\u00fc\u00edsticas) para formarse metodol\u00f3gicamente y compartir experiencias con otros profesionales, a trav\u00e9s&nbsp;de este <span style=\"text-decoration: underline\"><strong><a href=\"https:\/\/educacionadistancia.juntadeandalucia.es\/profesorado\/course\/view.php?id=1896\">ENLACE<\/a><\/strong><\/span>&nbsp;del Aula Virtual de Formaci\u00f3n del Profesorado.<\/span><span style=\"font-family: NewsGotT\">&nbsp; &nbsp; &nbsp; &nbsp;&nbsp;<\/span><\/h4>\n<h4 align=\"justify\"><span style=\"font-family: NewsGotT\">&nbsp; &nbsp; &nbsp; &nbsp; &nbsp; &nbsp; &nbsp;En la creaci\u00f3n de la <\/span><span style=\"font-family: NewsGotT\">Red Profesional<\/span><span style=\"font-family: NewsGotT\">&nbsp;colaboran&nbsp;la Responsable Provincial de Pluriling\u00fcismo y Asesor\u00edas de Formaci\u00f3n de Lenguas de toda la provincia, <\/span><span style=\"font-family: NewsGotT\">quienes conf\u00edan en que se convierta en un espacio virtual activo que facilite el funcionamiento de la ense\u00f1anza biling\u00fce en la provincia.<\/span><\/h4>\n","protected":false},"excerpt":{"rendered":"<p>&nbsp; &nbsp; &nbsp; &nbsp; La Red Profesional de Centros Biling\u00fces y Pluriling\u00fces de Granada&nbsp;es un entorno&nbsp;Moodle creado&nbsp;para facilitar informaci\u00f3n y asesoramiento en los aspectos relativos a la gesti\u00f3n de esta ense\u00f1anza, espacio virtual&#46;&#46;&#46;<\/p>\n","protected":false},"author":3720,"featured_media":0,"parent":0,"menu_order":0,"comment_status":"closed","ping_status":"closed","template":"","meta":{"ngg_post_thumbnail":0,"footnotes":"","_mc_calendar":[]},"aioseo_notices":[],"_links":{"self":[{"href":"https:\/\/blogsaverroes.juntadeandalucia.es\/plurilinguismodelegaciongranada\/wp-json\/wp\/v2\/pages\/2571"}],"collection":[{"href":"https:\/\/blogsaverroes.juntadeandalucia.es\/plurilinguismodelegaciongranada\/wp-json\/wp\/v2\/pages"}],"about":[{"href":"https:\/\/blogsaverroes.juntadeandalucia.es\/plurilinguismodelegaciongranada\/wp-json\/wp\/v2\/types\/page"}],"author":[{"embeddable":true,"href":"https:\/\/blogsaverroes.juntadeandalucia.es\/plurilinguismodelegaciongranada\/wp-json\/wp\/v2\/users\/3720"}],"replies":[{"embeddable":true,"href":"https:\/\/blogsaverroes.juntadeandalucia.es\/plurilinguismodelegaciongranada\/wp-json\/wp\/v2\/comments?post=2571"}],"version-history":[{"count":9,"href":"https:\/\/blogsaverroes.juntadeandalucia.es\/plurilinguismodelegaciongranada\/wp-json\/wp\/v2\/pages\/2571\/revisions"}],"predecessor-version":[{"id":4593,"href":"https:\/\/blogsaverroes.juntadeandalucia.es\/plurilinguismodelegaciongranada\/wp-json\/wp\/v2\/pages\/2571\/revisions\/4593"}],"wp:attachment":[{"href":"https:\/\/blogsaverroes.juntadeandalucia.es\/plurilinguismodelegaciongranada\/wp-json\/wp\/v2\/media?parent=2571"}],"curies":[{"name":"wp","href":"https:\/\/api.w.org\/{rel}","templated":true}]}}