{"id":2745,"date":"2016-06-09T09:32:43","date_gmt":"2016-06-09T09:32:43","guid":{"rendered":"http:\/\/blogsaverroes.juntadeandalucia.es\/plurilinguismodelegaciongranada\/?page_id=2745"},"modified":"2019-11-25T12:48:57","modified_gmt":"2019-11-25T12:48:57","slug":"e-s-o-2","status":"publish","type":"page","link":"https:\/\/blogsaverroes.juntadeandalucia.es\/plurilinguismodelegaciongranada\/e-s-o-2\/","title":{"rendered":"E.S.O."},"content":{"rendered":"<p>\u00adLos centros docentes de titularidad privada que soliciten impartir ense\u00f1anza biling\u00fce en la etapa de Educaci\u00f3n Secundaria Obligatoria deber\u00e1n acreditar las siguientes condiciones:<\/p>\n<p>Seg\u00fan el art\u00edculo 2 del <em><strong><a href=\"https:\/\/www.boe.es\/boe\/dias\/2010\/07\/17\/pdfs\/BOE-A-2010-11426.pdf\">Real Decreto 860\/2010, de 2 de julio, por el que se regulan las condiciones de formaci\u00f3n inicial del profesorado de los centros privados para ejercer la docencia en las ense\u00f1anzas de educaci\u00f3n secundaria obligatoria o de bachillerato<\/a><\/strong><\/em> (BOE n\u00ba 173 de 17 de julio), modificado por el <strong><em><a href=\"https:\/\/www.boe.es\/boe\/dias\/2011\/07\/30\/pdfs\/BOE-A-2011-13117.pdf\">Real Decreto 1146\/2011<\/a><\/em><\/strong>, el profesorado de los centros privados podr\u00e1 impartir estas ense\u00f1anzas si re\u00fane los tres requisitos de formaci\u00f3n que se relacionan:<\/p>\n<h4 style=\"text-align: center\"><strong> a)&nbsp;Formaci\u00f3n inicial del Profesorado<\/strong><\/h4>\n<p style=\"text-align: justify\">El personal propuesto deber\u00e1 acreditar estar en posesi\u00f3n de alguna de las condiciones de formaci\u00f3n inicial exigida para impartir la correspondiente materia que se encuentran recogidas en el anexo de dicho Real Decreto (es decir, alguna de las titulaciones que recoge o acreditar una \u201cformaci\u00f3n superior adecuada\u201d para impartir el curr\u00edculo de la materia, en la forma establecida en el art\u00edculo 3.2).<\/p>\n<p style=\"text-align: justify\">En caso de no poseer alguna de las condiciones de formaci\u00f3n inicial indicadas en el apartado anterior, poseer un t\u00edtulo de Licenciado, Ingeniero o Arquitecto, o un t\u00edtulo oficial de Educaci\u00f3n Superior de Grado, debiendo acreditar, adem\u00e1s, una cualificaci\u00f3n espec\u00edfica adecuada para impartir las materias respectivas.<\/p>\n<p style=\"text-align: justify\">La cualificaci\u00f3n espec\u00edfica para impartir las materias de Educaci\u00f3n Secundaria y Bachillerato a que se refiere el apartado b) citado, se acreditar\u00e1 mediante los procedimientos recogidos en los puntos 1. y 2. del art\u00edculo 3 del Real Decreto 860\/2010.<\/p>\n<h4 style=\"text-align: center\"><strong> b)&nbsp;Formaci\u00f3n Pedag\u00f3gica y Did\u00e1ctica<\/strong><\/h4>\n<p style=\"text-align: justify\">El personal propuesto deber\u00e1 acreditar la formaci\u00f3n pedag\u00f3gica y did\u00e1ctica a la que hace referencia el art\u00edculo 100.2 de la <em><strong><a href=\"https:\/\/www.boe.es\/boe\/dias\/2006\/05\/04\/pdfs\/A17158-17207.pdf\">Ley Org\u00e1nica 2\/2006, de 3 de mayo, de Educaci\u00f3n<\/a>.<\/strong><\/em><\/p>\n<p style=\"text-align: justify\">En el caso espec\u00edfico del profesorado que imparta Educaci\u00f3n Secundaria y Bachillerato ser\u00e1, seg\u00fan el art\u00edculo 100.2 de la Ley Org\u00e1nica 2\/2006, de Educaci\u00f3n, la de estar en posesi\u00f3n del correspondiente T\u00edtulo de Master, regulado por la <em><strong><a href=\"https:\/\/www.boe.es\/boe\/dias\/2007\/12\/29\/pdfs\/A53751-53753.pdf\">Orden ECI 3858\/2007, de 27 de diciembre<\/a><\/strong><\/em> (BOE n\u00ba 312 de 29 de diciembre) o alguno de los indicados en la disposici\u00f3n transitoria segunda de este Real Decreto y que son los siguientes: T\u00edtulos profesionales de Especializaci\u00f3n Did\u00e1ctica, el Certificado de Cualificaci\u00f3n Pedag\u00f3gica, los t\u00edtulos de Maestro, de Licenciado en Pedagog\u00eda y en Psicopedagog\u00eda y los de quienes est\u00e9n en posesi\u00f3n de licenciatura o titulaci\u00f3n equivalente que incluya formaci\u00f3n pedag\u00f3gica y did\u00e1ctica a la que se refiere el&nbsp;art\u00edculo 100.2 de la Ley Org\u00e1nica 2\/2006 (de acuerdo con lo establecido en la disposici\u00f3n transitoria octava de la Ley Org\u00e1nica 2\/2006, de 3 de mayo, de Educaci\u00f3n, y en la disposici\u00f3n transitoria tercera del <em><strong><a href=\"https:\/\/www.boe.es\/boe\/dias\/2008\/11\/28\/pdfs\/A47586-47591.pdf\">Real Decreto 1834\/2008, de 8 de noviembre, por el&nbsp;que se definen las condiciones de formaci\u00f3n para el ejercicio de la docencia en la Educaci\u00f3n Secundaria Obligatoria, el Bachillerato, la formaci\u00f3n profesional y las ense\u00f1anzas de r\u00e9gimen especial y se establecen las especialidades de los cuerpos docentes de ense\u00f1anza secundaria<\/a><\/strong><\/em>.)<\/p>\n<p style=\"text-align: justify\">Asimismo, de acuerdo con lo establecido en la disposici\u00f3n transitoria cuarta del aludido Real Decreto 1834\/2008, se reconocer\u00e1 como equivalente a la formaci\u00f3n pedag\u00f3gica y did\u00e1ctica exigible la docencia que acrediten haber impartido en los niveles y ense\u00f1anzas cuyas especialidades docentes se regulan en este Real Decreto, hasta el t\u00e9rmino del curso 2008-2009, durante dos cursos acad\u00e9micos completos o, en su defecto, 12 meses en per\u00edodos continuos o discontinuos, en centros p\u00fablicos o privados de ense\u00f1anza reglada debidamente autorizados.<\/p>\n<h4 style=\"text-align: center\"><strong>c) Certificaci\u00f3n Ling\u00fc\u00edstica<\/strong><\/h4>\n<p style=\"text-align: justify\">El personal propuesto deber\u00e1 estar en posesi\u00f3n de Certificaci\u00f3n ling\u00fc\u00edstica oficial expedida por el organismo competente que justifique estar en posesi\u00f3n del nivel de competencia ling\u00fc\u00edstica adecuado, m\u00ednimo B2, del Marco Com\u00fan Europeo de Referencia para las Lenguas (MCERL) (Disposici\u00f3n adicional tercera del Real Decreto 476\/2013, de 21 de junio, BOE n\u00ba 167 de 13 de julio, en relaci\u00f3n con el art\u00edculo 7.1.b)<\/p>\n<p style=\"text-align: justify\">En Andaluc\u00eda las titulaciones v\u00e1lidas para la impartici\u00f3n de ense\u00f1anza biling\u00fce quedan recogidas en el siguiente marco normativo:<\/p>\n<p style=\"text-align: justify\"><strong><em><a href=\"http:\/\/juntadeandalucia.es\/eboja\/2013\/44\/BOJA13-044-00002-3550-01_00022594.pdf\" rel=\"nofollow\">* ORDEN DE 18 DE FEBRERO DE 2013, por la que se modifican la de 28 de junio y 29 de junio de 2011, en la que se explican cu\u00e1les son las titulaciones v\u00e1lidas para impartir docencia biling\u00fce<\/a>.<\/em><\/strong><\/p>\n<p style=\"text-align: justify\"><strong><em><a href=\"http:\/\/juntadeandalucia.es\/eboja\/2016\/65\/BOJA16-065-00003-5941-01_00088522.pdf\">* Orden de 31 de marzo de 2016, por la que se resuelve el procedimiento para el reconocimiento de la acreditaci\u00f3n de los niveles de competencia ling\u00fc\u00edstica en lenguas extranjeras para el profesorado de ense\u00f1anza biling\u00fce en el \u00e1mbito de la Comunidad Aut\u00f3noma de Andaluc\u00eda, correspondiente a la convocatoria de 2015.<\/a><\/em><\/strong><\/p>\n<p style=\"text-align: justify\"><strong><em><a href=\"https:\/\/blogsaverroes.juntadeandalucia.es\/plurilinguismodelegaciongranada\/files\/2018\/04\/Orden-21-marzo-2018-Resoluci\u00f3n-Reconocimiento-de-Niveles-Competencia-Ling\u00fc\u00edstica.pdf\">* Orden de 21 de marzo de 2018, por la que se resuelve el procedimiento para el&nbsp; reconocimiento de la acreditaci\u00f3n de los niveles de competencia ling\u00fc\u00edstica en lenguas extranjeras para el profesorado de ense\u00f1anza biling\u00fce en el \u00e1mbito de la Comunidad Aut\u00f3noma de Andaluc\u00eda, correspondiente a la convocatoria de 2017<\/a>.<\/em><\/strong><\/p>\n<p style=\"text-align: justify\"><em>* <a href=\"https:\/\/juntadeandalucia.es\/boja\/2019\/4\/BOJA19-004-00003-47-01_00148497.pdf\"><strong>Orden de 21 de diciembre de 2018<\/strong>, por la que se resuelve el procedimiento para el reconocimiento de la acreditaci\u00f3n de los niveles de competencia ling\u00fc\u00edstica en lenguas extranjeras para el profesorado de ense\u00f1anza biling\u00fce en el \u00e1mbito de la Comunidad Aut\u00f3noma de Andaluc\u00eda, correspondiente a la convocatoria de 2018<\/a><\/em><\/p>\n<p style=\"text-align: justify\">&nbsp;<\/p>\n<p style=\"text-align: justify\">En todo caso, deber\u00e1 garantizarse la impartici\u00f3n de los siguientes m\u00ednimos:<\/p>\n<p style=\"text-align: justify\">* Para cada grupo un m\u00ednimo de 9 horas semanales sumando la lengua extranjera y dos materias no ling\u00fc\u00edsticas &#8211; ANLs -, siendo \u00e9stas las mismas materias para cada nivel y evitando la optatividad (s\u00f3lo se podr\u00edan ofertar optativas en caso de ofertar todas)<\/p>\n<p style=\"text-align: justify\">* Debe garantizarse la impartici\u00f3n en toda la etapa, ya que aunque la implantaci\u00f3n es progresiva, debe garantizarse que el alumnado que inicia ense\u00f1anzas biling\u00fces podr\u00e1 acabarlas en 4\u00ba habiendo cubierto los m\u00ednimos normativos en cada curso. Todos estos detalles quedan recogidos en la <strong><em><a href=\"http:\/\/juntadeandalucia.es\/boja\/2011\/135\/d1.pdf\">Orden de 28 de junio de 2011, por la que se regula la ense\u00f1anza biling\u00fce en los centros docentes de la Comunidad Aut\u00f3noma de Andaluc\u00eda.<\/a><\/em><\/strong><\/p>\n<h4 style=\"text-align: center\"><strong>PROCESO DE SOLICITUD<\/strong><\/h4>\n<p style=\"text-align: justify\">&nbsp;Para formular la solicitud, el CDP deber\u00e1 enviar cumplimentada al \u00c1rea de Pluriling\u00fcismo, en el Servicio de Ordenaci\u00f3n Educativa de esta Delegaci\u00f3n Territorial la documentaci\u00f3n que sigue:<\/p>\n<p style=\"text-align: justify\">1.&nbsp;<strong><a href=\"https:\/\/blogsaverroes.juntadeandalucia.es\/plurilinguismodelegaciongranada\/files\/2016\/06\/Anexo-I-Orden-29-de-junio-de-2011.pdf\">Anexo de la&nbsp;ORDEN de 29 de junio de 2011,<\/a>&nbsp;<\/strong>por la que se establece el procedimiento para la autorizaci\u00f3n de la ense\u00f1anza biling\u00fce en los centros docentes de titularidad privada (BOJA 12-07-2011)<\/p>\n<p style=\"text-align: justify\">2. Anexo de <strong><a href=\"https:\/\/blogsaverroes.juntadeandalucia.es\/plurilinguismodelegaciongranada\/files\/2019\/03\/MODELO-Informaci\u00f3n-complementaria-Secundaria-MODIF.CONSEJER\u00cdAS.pdf\">Solicitud Secundaria-Informaci\u00f3n complementaria<\/a><\/strong>&nbsp;cumplimentado.<\/p>\n","protected":false},"excerpt":{"rendered":"<p>\u00adLos centros docentes de titularidad privada que soliciten impartir ense\u00f1anza biling\u00fce en la etapa de Educaci\u00f3n Secundaria Obligatoria deber\u00e1n acreditar las siguientes condiciones: Seg\u00fan el art\u00edculo 2 del Real Decreto 860\/2010, de 2&#46;&#46;&#46;<\/p>\n","protected":false},"author":3720,"featured_media":0,"parent":0,"menu_order":0,"comment_status":"closed","ping_status":"open","template":"","meta":{"ngg_post_thumbnail":0,"footnotes":"","_mc_calendar":[]},"aioseo_notices":[],"_links":{"self":[{"href":"https:\/\/blogsaverroes.juntadeandalucia.es\/plurilinguismodelegaciongranada\/wp-json\/wp\/v2\/pages\/2745"}],"collection":[{"href":"https:\/\/blogsaverroes.juntadeandalucia.es\/plurilinguismodelegaciongranada\/wp-json\/wp\/v2\/pages"}],"about":[{"href":"https:\/\/blogsaverroes.juntadeandalucia.es\/plurilinguismodelegaciongranada\/wp-json\/wp\/v2\/types\/page"}],"author":[{"embeddable":true,"href":"https:\/\/blogsaverroes.juntadeandalucia.es\/plurilinguismodelegaciongranada\/wp-json\/wp\/v2\/users\/3720"}],"replies":[{"embeddable":true,"href":"https:\/\/blogsaverroes.juntadeandalucia.es\/plurilinguismodelegaciongranada\/wp-json\/wp\/v2\/comments?post=2745"}],"version-history":[{"count":11,"href":"https:\/\/blogsaverroes.juntadeandalucia.es\/plurilinguismodelegaciongranada\/wp-json\/wp\/v2\/pages\/2745\/revisions"}],"predecessor-version":[{"id":5436,"href":"https:\/\/blogsaverroes.juntadeandalucia.es\/plurilinguismodelegaciongranada\/wp-json\/wp\/v2\/pages\/2745\/revisions\/5436"}],"wp:attachment":[{"href":"https:\/\/blogsaverroes.juntadeandalucia.es\/plurilinguismodelegaciongranada\/wp-json\/wp\/v2\/media?parent=2745"}],"curies":[{"name":"wp","href":"https:\/\/api.w.org\/{rel}","templated":true}]}}