{"id":3339,"date":"2016-09-20T11:11:47","date_gmt":"2016-09-20T11:11:47","guid":{"rendered":"http:\/\/blogsaverroes.juntadeandalucia.es\/plurilinguismodelegaciongranada\/?page_id=3339"},"modified":"2016-09-20T11:11:47","modified_gmt":"2016-09-20T11:11:47","slug":"dia-europeo-de-las-lenguas-del","status":"publish","type":"page","link":"https:\/\/blogsaverroes.juntadeandalucia.es\/plurilinguismodelegaciongranada\/dia-europeo-de-las-lenguas-del\/","title":{"rendered":"D\u00cdA EUROPEO DE LAS LENGUAS (DEL)"},"content":{"rendered":"<p><a href=\"http:\/\/blogsaverroes.juntadeandalucia.es\/plurilinguismodelegaciongranada\/files\/2016\/09\/DEL.jpg\"><img loading=\"lazy\" decoding=\"async\" class=\"aligncenter wp-image-3332 size-large\" src=\"http:\/\/blogsaverroes.juntadeandalucia.es\/plurilinguismodelegaciongranada\/files\/2016\/09\/DEL-1024x256.jpg\" alt=\"DEL\" width=\"660\" height=\"165\" srcset=\"https:\/\/blogsaverroes.juntadeandalucia.es\/plurilinguismodelegaciongranada\/files\/2016\/09\/DEL-1024x256.jpg 1024w, https:\/\/blogsaverroes.juntadeandalucia.es\/plurilinguismodelegaciongranada\/files\/2016\/09\/DEL-300x75.jpg 300w, https:\/\/blogsaverroes.juntadeandalucia.es\/plurilinguismodelegaciongranada\/files\/2016\/09\/DEL-700x175.jpg 700w, https:\/\/blogsaverroes.juntadeandalucia.es\/plurilinguismodelegaciongranada\/files\/2016\/09\/DEL.jpg 1251w\" sizes=\"(max-width: 660px) 100vw, 660px\" \/><\/a><\/p>\n<h5>\u00a0\u00a0\u00a0\u00a0 Por iniciativa del Consejo de Europa en Estrasburgo, cada <strong>26 de septiembre<\/strong> se viene celebrando el D\u00eda Europeo de las Lenguas con objetivo de celebrar la diversidad ling\u00fc\u00edstica en Europa.<\/h5>\n<section class=\"main_pane\">\n<div id=\"dnn_ContentPane\" class=\"ContentPane\">\n<div class=\"DnnModule DnnModule-MLHTML DnnModule-7073\">\n<div id=\"dnn_ctr7073_ContentPane\">\n<div id=\"dnn_ctr7073_ModuleContent\" class=\"DNNModuleContent ModMLHTMLC\">\n<div id=\"dnn_ctr7073_MLHTML_lblContent\" class=\"Normal\">\n<h5>\u00a0\u00a0\u00a0\u00a0 Para su celebraci\u00f3n, <a href=\"http:\/\/edl.ecml.at\/\">en esta p\u00e1gina<\/a> se alojan enlaces y materiales dirigidos tanto a profesorado como a alumnado. Con \u00e9stos y otros recursos los centros educativos pueden organizar un evento para este d\u00eda y unirse de este modo a la lista de<a href=\"http:\/\/edl.ecml.at\/Events\/EventsDatabase\/tabid\/1772\/language\/sp-SP\/Default.aspx\"> eventos previstos<\/a> para ese d\u00eda por parte de los 47 pa\u00edses miembros del Consejo de Europa, que incluyen gran variedad de actividades.<\/h5>\n<\/div>\n<\/div>\n<\/div>\n<\/div>\n<\/div>\n<\/section>\n","protected":false},"excerpt":{"rendered":"<p>\u00a0\u00a0\u00a0\u00a0 Por iniciativa del Consejo de Europa en Estrasburgo, cada 26 de septiembre se viene celebrando el D\u00eda Europeo de las Lenguas con objetivo de celebrar la diversidad ling\u00fc\u00edstica en Europa. \u00a0\u00a0\u00a0\u00a0 Para&#46;&#46;&#46;<\/p>\n","protected":false},"author":3720,"featured_media":0,"parent":0,"menu_order":0,"comment_status":"closed","ping_status":"open","template":"","meta":{"ngg_post_thumbnail":0,"footnotes":"","_mc_calendar":[]},"aioseo_notices":[],"_links":{"self":[{"href":"https:\/\/blogsaverroes.juntadeandalucia.es\/plurilinguismodelegaciongranada\/wp-json\/wp\/v2\/pages\/3339"}],"collection":[{"href":"https:\/\/blogsaverroes.juntadeandalucia.es\/plurilinguismodelegaciongranada\/wp-json\/wp\/v2\/pages"}],"about":[{"href":"https:\/\/blogsaverroes.juntadeandalucia.es\/plurilinguismodelegaciongranada\/wp-json\/wp\/v2\/types\/page"}],"author":[{"embeddable":true,"href":"https:\/\/blogsaverroes.juntadeandalucia.es\/plurilinguismodelegaciongranada\/wp-json\/wp\/v2\/users\/3720"}],"replies":[{"embeddable":true,"href":"https:\/\/blogsaverroes.juntadeandalucia.es\/plurilinguismodelegaciongranada\/wp-json\/wp\/v2\/comments?post=3339"}],"version-history":[{"count":1,"href":"https:\/\/blogsaverroes.juntadeandalucia.es\/plurilinguismodelegaciongranada\/wp-json\/wp\/v2\/pages\/3339\/revisions"}],"predecessor-version":[{"id":3340,"href":"https:\/\/blogsaverroes.juntadeandalucia.es\/plurilinguismodelegaciongranada\/wp-json\/wp\/v2\/pages\/3339\/revisions\/3340"}],"wp:attachment":[{"href":"https:\/\/blogsaverroes.juntadeandalucia.es\/plurilinguismodelegaciongranada\/wp-json\/wp\/v2\/media?parent=3339"}],"curies":[{"name":"wp","href":"https:\/\/api.w.org\/{rel}","templated":true}]}}