{"id":3728,"date":"2017-04-26T12:56:48","date_gmt":"2017-04-26T12:56:48","guid":{"rendered":"http:\/\/blogsaverroes.juntadeandalucia.es\/plurilinguismodelegaciongranada\/?page_id=3728"},"modified":"2023-02-01T11:57:16","modified_gmt":"2023-02-01T11:57:16","slug":"programa-de-acompanamiento-escolar-en-lengua-extranjera","status":"publish","type":"page","link":"https:\/\/blogsaverroes.juntadeandalucia.es\/plurilinguismodelegaciongranada\/programa-de-acompanamiento-escolar-en-lengua-extranjera\/","title":{"rendered":"PALE &#8211; Acompa\u00f1amiento escolar en lengua extranjera en Primaria"},"content":{"rendered":"<div class=\"separacionCapas\">&nbsp;El Programa tiene como objetivo el apoyo del aprendizaje de la primera lengua extranjera incidiendo en la comprensi\u00f3n y expresi\u00f3n oral para mejorar la competencia del alumnado.<\/div>\n<div class=\"separacionCapas\">Est\u00e1 dirigido al alumnado de <strong>1\u00ba a 3\u00ba de Primaria<\/strong> de centros escolares no biling\u00fces.<\/div>\n<div class=\"separacionCapas\">El Acompa\u00f1amiento se lleva a cabo en horario extraescolar.<\/div>\n<div class=\"separacionCapas\">&nbsp;<\/div>\n<p class=\"tituloCaja\" style=\"text-align: center\"><strong>\u00daltima convocatoria (curso 2022-2023)<\/strong><\/p>\n<ul class=\"listado_documentos\">\n<li class=\"icopdf\" style=\"text-align: justify\"><a href=\"https:\/\/www.juntadeandalucia.es\/educacion\/portals\/delegate\/content\/c80e7935-c42c-48e1-8204-8db6b416db9e\/Instrucciones%20PALE%2022-23\">INSTRUCCIONES DE 27 DE SEPTIEMBRE DE 2022 DE LA DIRECCI\u00d3N GENERAL DE ORDENACI\u00d3N, INCLUSI\u00d3N, PARTICIPACI\u00d3N Y EVALUACI\u00d3N EDUCATIVA SOBRE EL DESARROLLO DEL PROGRAMA DE ACOMPA\u00d1AMIENTO ESCOLAR EN LENGUA EXTRANJERA (PALE) DESTINADO A CENTROS DOCENTES P\u00daBLICOS DE EDUCACI\u00d3N PRIMARIA PARA EL CURSO 2022\/2023.<\/a><\/li>\n<\/ul>\n<p>&nbsp;<\/p>\n<ul class=\"listado_documentos\">\n<li><a href=\"https:\/\/blogsaverroes.juntadeandalucia.es\/plurilinguismodelegaciongranada\/files\/2023\/02\/Resolucion-PALE-22_23-GranadaF.pdf\">RESOLUCI\u00d3N DE 23 DE NOVIEMBRE DE 2022, DE LA DIRECCI\u00d3N GENERAL DE ORDENACI\u00d3N, INCLUSI\u00d3N, PARTICIPACI\u00d3N Y EVALUACI\u00d3N EDUCATIVA, POR LA QUE SE APRUEBA LA RELACI\u00d3N DE CENTROS PARTICIPANTES EN EL PROGRAMA DE ACOMPA\u00d1AMIENTO ESCOLAR EN LENGUA EXTRANJERA (PALE) DURANTE EL CURSO 2022-2023 PARA LA DELEGACI\u00d3N TERRITORIAL DE GRANADA.<\/a><\/li>\n<\/ul>\n<p>&nbsp;<\/p>\n<table style=\"background-color: #f2ef85\">\n<tbody>\n<tr style=\"height: 104.4375px\">\n<td style=\"text-align: justify;height: 104.4375px\">En caso de que su centro haya desarrollado el programa pero no haya llevado a cabo la totalidad de horas, deber\u00e1 devolver el importe correspondiente a las horas no desarrolladas mediante la cumplimentaci\u00f3n del <strong>MODELO 046<\/strong>, siguiendo las indicaciones contenidas en<strong><a href=\"https:\/\/blogsaverroes.juntadeandalucia.es\/plurilinguismodelegaciongranada\/files\/2019\/05\/Instrucciones-046-Devoluci\u00f3n-cuant\u00edas.pdf\"> ESTE DOCUMENTO<\/a><\/strong>.<\/td>\n<\/tr>\n<\/tbody>\n<\/table>\n<p>&nbsp;<\/p>\n","protected":false},"excerpt":{"rendered":"<p>&nbsp;El Programa tiene como objetivo el apoyo del aprendizaje de la primera lengua extranjera incidiendo en la comprensi\u00f3n y expresi\u00f3n oral para mejorar la competencia del alumnado. Est\u00e1 dirigido al alumnado de 1\u00ba&#46;&#46;&#46;<\/p>\n","protected":false},"author":3720,"featured_media":0,"parent":0,"menu_order":0,"comment_status":"closed","ping_status":"closed","template":"","meta":{"ngg_post_thumbnail":0,"footnotes":"","_mc_calendar":[]},"aioseo_notices":[],"_links":{"self":[{"href":"https:\/\/blogsaverroes.juntadeandalucia.es\/plurilinguismodelegaciongranada\/wp-json\/wp\/v2\/pages\/3728"}],"collection":[{"href":"https:\/\/blogsaverroes.juntadeandalucia.es\/plurilinguismodelegaciongranada\/wp-json\/wp\/v2\/pages"}],"about":[{"href":"https:\/\/blogsaverroes.juntadeandalucia.es\/plurilinguismodelegaciongranada\/wp-json\/wp\/v2\/types\/page"}],"author":[{"embeddable":true,"href":"https:\/\/blogsaverroes.juntadeandalucia.es\/plurilinguismodelegaciongranada\/wp-json\/wp\/v2\/users\/3720"}],"replies":[{"embeddable":true,"href":"https:\/\/blogsaverroes.juntadeandalucia.es\/plurilinguismodelegaciongranada\/wp-json\/wp\/v2\/comments?post=3728"}],"version-history":[{"count":16,"href":"https:\/\/blogsaverroes.juntadeandalucia.es\/plurilinguismodelegaciongranada\/wp-json\/wp\/v2\/pages\/3728\/revisions"}],"predecessor-version":[{"id":6014,"href":"https:\/\/blogsaverroes.juntadeandalucia.es\/plurilinguismodelegaciongranada\/wp-json\/wp\/v2\/pages\/3728\/revisions\/6014"}],"wp:attachment":[{"href":"https:\/\/blogsaverroes.juntadeandalucia.es\/plurilinguismodelegaciongranada\/wp-json\/wp\/v2\/media?parent=3728"}],"curies":[{"name":"wp","href":"https:\/\/api.w.org\/{rel}","templated":true}]}}