{"id":3890,"date":"2017-06-28T10:35:28","date_gmt":"2017-06-28T10:35:28","guid":{"rendered":"http:\/\/blogsaverroes.juntadeandalucia.es\/plurilinguismodelegaciongranada\/?page_id=3890"},"modified":"2019-06-26T12:24:42","modified_gmt":"2019-06-26T12:24:42","slug":"certificacion-de-participacion","status":"publish","type":"page","link":"https:\/\/blogsaverroes.juntadeandalucia.es\/plurilinguismodelegaciongranada\/certificacion-de-participacion\/","title":{"rendered":"CERTIFICACI\u00d3N DE PARTICIPACI\u00d3N DE ALUMNADO"},"content":{"rendered":"<h3 style=\"text-align: center\"><strong>Certificaci\u00f3n de alumnado<\/strong><\/h3>\n<p style=\"text-align: justify\">La <em>Orden de 28 de junio de 2011<\/em> indica, en su art\u00edculo 10, que en el expediente del alumnado haya cursado ense\u00f1anza biling\u00fce se consignar\u00e1 esta informaci\u00f3n en relaci\u00f3n a la etapa o cursos concretos. Al finalizar cada etapa educativa, el alumnado recibir\u00e1\u00a0un certificado acreditativo de haber cursado las ense\u00f1anzas\u00a0biling\u00fces o pluriling\u00fces, de acuerdo con el Anexo I o II de dicha Orden, seg\u00fan corresponda. Para la correcta emisi\u00f3n de esta certificaci\u00f3n debe grabarse al alumnado participante cada curso acad\u00e9mico durante la apertura de la aplicaci\u00f3n inform\u00e1tica S\u00e9neca en el mes de octubre.<\/p>\n<table style=\"height: 21px\" width=\"652\">\n<tbody>\n<tr>\n<td style=\"width: 646.333px;text-align: justify;background-color: #f2f2c7;border-color: #a6a807\"><strong>NOTA:<\/strong> Si bien la certificaci\u00f3n se emite a trav\u00e9s de S\u00e9neca, esta aplicaci\u00f3n inform\u00e1tica \u00fanicamente permite la certificaci\u00f3n de la etapa.<\/p>\n<p>Sin embargo, en el caso de que se precise certificar <strong>un curso concreto<\/strong>,<strong> o varios cursos<\/strong>, se podr\u00e1 hacer de forma manual mediante la cumplimentaci\u00f3n, con firma y sello del centro, del <a href=\"https:\/\/blogsaverroes.juntadeandalucia.es\/plurilinguismodelegaciongranada\/files\/2019\/06\/ANEXOI-Orden-28-junio-2011-EnsenanzaBilingue-6.pdf\"><strong>Anexo I<\/strong><\/a> de la <strong><a href=\"http:\/\/www.adideandalucia.es\/normas\/ordenes\/Orden28junio2011EnsenanzaBilingue.pdf\" target=\"_blank\" rel=\"nofollow noopener noreferrer\"><em>ORDEN de 28 de junio de 2011<\/em><\/a><\/strong><em><strong>,<\/strong>\u00a0por la que se regula la ense\u00f1anza biling\u00fce\u00a0en los centros docentes de la Comunidad Aut\u00f3noma de Andaluc\u00eda (BOJA 12-07-2011).<\/em><\/td>\n<\/tr>\n<\/tbody>\n<\/table>\n<p style=\"text-align: justify\">Para aclaraci\u00f3n de cualquier aspecto relativo a esta certificaci\u00f3n, puede consultarse el siguiente documento:<\/p>\n<p style=\"text-align: center\"><strong><a href=\"https:\/\/blogsaverroes.juntadeandalucia.es\/plurilinguismodelegaciongranada\/files\/2016\/06\/indicaciones-certificados-alumnado-biling%C3%BCe1.pdf\">TUTORIAL DE LA CONSEJER\u00cdA DE EDUCACI\u00d3N PARA LA EMISI\u00d3N DE CERTIFICACI\u00d3N AL ALUMNADO<\/a><\/strong><\/p>\n<h5><\/h5>\n","protected":false},"excerpt":{"rendered":"<p>Certificaci\u00f3n de alumnado La Orden de 28 de junio de 2011 indica, en su art\u00edculo 10, que en el expediente del alumnado haya cursado ense\u00f1anza biling\u00fce se consignar\u00e1 esta informaci\u00f3n en relaci\u00f3n a&#46;&#46;&#46;<\/p>\n","protected":false},"author":3720,"featured_media":0,"parent":0,"menu_order":0,"comment_status":"closed","ping_status":"closed","template":"","meta":{"ngg_post_thumbnail":0,"footnotes":"","_mc_calendar":[]},"aioseo_notices":[],"_links":{"self":[{"href":"https:\/\/blogsaverroes.juntadeandalucia.es\/plurilinguismodelegaciongranada\/wp-json\/wp\/v2\/pages\/3890"}],"collection":[{"href":"https:\/\/blogsaverroes.juntadeandalucia.es\/plurilinguismodelegaciongranada\/wp-json\/wp\/v2\/pages"}],"about":[{"href":"https:\/\/blogsaverroes.juntadeandalucia.es\/plurilinguismodelegaciongranada\/wp-json\/wp\/v2\/types\/page"}],"author":[{"embeddable":true,"href":"https:\/\/blogsaverroes.juntadeandalucia.es\/plurilinguismodelegaciongranada\/wp-json\/wp\/v2\/users\/3720"}],"replies":[{"embeddable":true,"href":"https:\/\/blogsaverroes.juntadeandalucia.es\/plurilinguismodelegaciongranada\/wp-json\/wp\/v2\/comments?post=3890"}],"version-history":[{"count":7,"href":"https:\/\/blogsaverroes.juntadeandalucia.es\/plurilinguismodelegaciongranada\/wp-json\/wp\/v2\/pages\/3890\/revisions"}],"predecessor-version":[{"id":5208,"href":"https:\/\/blogsaverroes.juntadeandalucia.es\/plurilinguismodelegaciongranada\/wp-json\/wp\/v2\/pages\/3890\/revisions\/5208"}],"wp:attachment":[{"href":"https:\/\/blogsaverroes.juntadeandalucia.es\/plurilinguismodelegaciongranada\/wp-json\/wp\/v2\/media?parent=3890"}],"curies":[{"name":"wp","href":"https:\/\/api.w.org\/{rel}","templated":true}]}}