{"id":3895,"date":"2017-06-28T10:37:21","date_gmt":"2017-06-28T10:37:21","guid":{"rendered":"http:\/\/blogsaverroes.juntadeandalucia.es\/plurilinguismodelegaciongranada\/?page_id=3895"},"modified":"2021-06-11T07:48:51","modified_gmt":"2021-06-11T07:48:51","slug":"certificacion-de-participacion-de-profesorado","status":"publish","type":"page","link":"https:\/\/blogsaverroes.juntadeandalucia.es\/plurilinguismodelegaciongranada\/certificacion-de-participacion-de-profesorado\/","title":{"rendered":"CERTIFICACI\u00d3N DE PARTICIPACI\u00d3N DEL PROFESORADO"},"content":{"rendered":"<h3 style=\"text-align: center\"><strong>Certificaci\u00f3n del profesorado participante<br \/>\n<\/strong><\/h3>\n<p style=\"text-align: justify\">El profesorado participante en el Programa biling\u00fce \/ pluriling\u00fce recibir\u00e1 certificaci\u00f3n de su participaci\u00f3n, con excepci\u00f3n del personal que se se\u00f1ala en la Instrucci\u00f3n D\u00e9cima, apartado 3 de la&nbsp;<em><strong><a href=\"https:\/\/www.juntadeandalucia.es\/educacion\/portals\/delegate\/content\/7c424436-43b4-4bb9-b63c-bbc09ebd0ee2\/Instrucci%C3%B3n%207\/2020%20de%208%20de%20junio\">INSTRUCCI\u00d3N 7\/2020 DE 8 DE JUNIO, DE LA DIRECCI\u00d3N GENERAL DE ORDENACI\u00d3N Y EVALUACI\u00d3N EDUCATIVA, SOBRE LA ORGANIZACI\u00d3N Y FUNCIONAMIENTO DE LA ENSE\u00d1ANZA BILING\u00dcE EN LOS CENTROS DOCENTES ANDALUCES PARA EL CURSO 2020\/2021: &nbsp;\u00ab<\/a><\/strong><\/em>El profesorado sustituto que no ocupe puesto biling\u00fce durante un curso acad\u00e9mico completo no podr\u00e1 obtener certificaci\u00f3n\u00bb.<\/p>\n<p style=\"text-align: justify\">Esta certificaci\u00f3n tendr\u00e1 validez en Concursos de Traslados en el caso de los y las docentes de centros p\u00fablicos, y para la correcta emisi\u00f3n de esta certificaci\u00f3n es importante que se haya llevado a cabo de forma correcta la grabaci\u00f3n del profesorado participante cada curso acad\u00e9mico durante la apertura de la aplicaci\u00f3n inform\u00e1tica S\u00e9neca en el mes de octubre.<\/p>\n<p style=\"text-align: center\"><strong><a href=\"https:\/\/blogsaverroes.juntadeandalucia.es\/plurilinguismodelegaciongranada\/files\/2021\/06\/TUTORIAL-CERTIFICACI\u00d3N-PROFESORADO-1.pdf\">TUTORIAL PARA LA EMISI\u00d3N DE CERTIFICACI\u00d3N AL PROFESORADO PARTICIPANTE<\/a><\/strong><\/p>\n<h5>&nbsp;<\/h5>\n","protected":false},"excerpt":{"rendered":"<p>Certificaci\u00f3n del profesorado participante El profesorado participante en el Programa biling\u00fce \/ pluriling\u00fce recibir\u00e1 certificaci\u00f3n de su participaci\u00f3n, con excepci\u00f3n del personal que se se\u00f1ala en la Instrucci\u00f3n D\u00e9cima, apartado 3 de la&nbsp;INSTRUCCI\u00d3N&#46;&#46;&#46;<\/p>\n","protected":false},"author":3720,"featured_media":0,"parent":0,"menu_order":0,"comment_status":"closed","ping_status":"closed","template":"","meta":{"ngg_post_thumbnail":0,"footnotes":"","_mc_calendar":[]},"aioseo_notices":[],"_links":{"self":[{"href":"https:\/\/blogsaverroes.juntadeandalucia.es\/plurilinguismodelegaciongranada\/wp-json\/wp\/v2\/pages\/3895"}],"collection":[{"href":"https:\/\/blogsaverroes.juntadeandalucia.es\/plurilinguismodelegaciongranada\/wp-json\/wp\/v2\/pages"}],"about":[{"href":"https:\/\/blogsaverroes.juntadeandalucia.es\/plurilinguismodelegaciongranada\/wp-json\/wp\/v2\/types\/page"}],"author":[{"embeddable":true,"href":"https:\/\/blogsaverroes.juntadeandalucia.es\/plurilinguismodelegaciongranada\/wp-json\/wp\/v2\/users\/3720"}],"replies":[{"embeddable":true,"href":"https:\/\/blogsaverroes.juntadeandalucia.es\/plurilinguismodelegaciongranada\/wp-json\/wp\/v2\/comments?post=3895"}],"version-history":[{"count":10,"href":"https:\/\/blogsaverroes.juntadeandalucia.es\/plurilinguismodelegaciongranada\/wp-json\/wp\/v2\/pages\/3895\/revisions"}],"predecessor-version":[{"id":5855,"href":"https:\/\/blogsaverroes.juntadeandalucia.es\/plurilinguismodelegaciongranada\/wp-json\/wp\/v2\/pages\/3895\/revisions\/5855"}],"wp:attachment":[{"href":"https:\/\/blogsaverroes.juntadeandalucia.es\/plurilinguismodelegaciongranada\/wp-json\/wp\/v2\/media?parent=3895"}],"curies":[{"name":"wp","href":"https:\/\/api.w.org\/{rel}","templated":true}]}}