{"id":4269,"date":"2018-01-30T23:27:23","date_gmt":"2018-01-30T23:27:23","guid":{"rendered":"http:\/\/blogsaverroes.juntadeandalucia.es\/plurilinguismodelegaciongranada\/?page_id=4269"},"modified":"2020-06-03T22:38:27","modified_gmt":"2020-06-03T22:38:27","slug":"reuniones-nuevos-ccbb","status":"publish","type":"page","link":"https:\/\/blogsaverroes.juntadeandalucia.es\/plurilinguismodelegaciongranada\/reuniones-nuevos-ccbb\/","title":{"rendered":"REUNIONES NUEVOS CCBB"},"content":{"rendered":"<table>\n<tbody>\n<tr>\n<td style=\"width: 352.3px\">\n<h3><a href=\"https:\/\/blogsaverroes.juntadeandalucia.es\/plurilinguismodelegaciongranada\/files\/2020\/06\/REUNI\u00d3N_NUEVOS_CENTROS_4_DE_JUNIO_2020.pdf\">PRESENTACI\u00d3N NUEVOS CENTROS &#8211; Titularidad p\u00fablic<\/a>a<\/h3>\n<\/td>\n<\/tr>\n<tr>\n<td style=\"width: 352.3px\">\n<h3><a href=\"https:\/\/blogsaverroes.juntadeandalucia.es\/plurilinguismodelegaciongranada\/files\/2017\/11\/Reuni\u00f3n_coordinadores-as_centros_titularidad_privada-2-1.pdf\">PRESENTACI\u00d3N NUEVOS CENTROS &#8211; Titularidad privada<\/a><\/h3>\n<\/td>\n<\/tr>\n<\/tbody>\n<\/table>\n","protected":false},"excerpt":{"rendered":"<p>PRESENTACI\u00d3N NUEVOS CENTROS &#8211; Titularidad p\u00fablica PRESENTACI\u00d3N NUEVOS CENTROS &#8211; Titularidad privada<\/p>\n","protected":false},"author":3720,"featured_media":0,"parent":0,"menu_order":0,"comment_status":"closed","ping_status":"closed","template":"","meta":{"ngg_post_thumbnail":0,"footnotes":"","_mc_calendar":[]},"aioseo_notices":[],"_links":{"self":[{"href":"https:\/\/blogsaverroes.juntadeandalucia.es\/plurilinguismodelegaciongranada\/wp-json\/wp\/v2\/pages\/4269"}],"collection":[{"href":"https:\/\/blogsaverroes.juntadeandalucia.es\/plurilinguismodelegaciongranada\/wp-json\/wp\/v2\/pages"}],"about":[{"href":"https:\/\/blogsaverroes.juntadeandalucia.es\/plurilinguismodelegaciongranada\/wp-json\/wp\/v2\/types\/page"}],"author":[{"embeddable":true,"href":"https:\/\/blogsaverroes.juntadeandalucia.es\/plurilinguismodelegaciongranada\/wp-json\/wp\/v2\/users\/3720"}],"replies":[{"embeddable":true,"href":"https:\/\/blogsaverroes.juntadeandalucia.es\/plurilinguismodelegaciongranada\/wp-json\/wp\/v2\/comments?post=4269"}],"version-history":[{"count":5,"href":"https:\/\/blogsaverroes.juntadeandalucia.es\/plurilinguismodelegaciongranada\/wp-json\/wp\/v2\/pages\/4269\/revisions"}],"predecessor-version":[{"id":5626,"href":"https:\/\/blogsaverroes.juntadeandalucia.es\/plurilinguismodelegaciongranada\/wp-json\/wp\/v2\/pages\/4269\/revisions\/5626"}],"wp:attachment":[{"href":"https:\/\/blogsaverroes.juntadeandalucia.es\/plurilinguismodelegaciongranada\/wp-json\/wp\/v2\/media?parent=4269"}],"curies":[{"name":"wp","href":"https:\/\/api.w.org\/{rel}","templated":true}]}}