{"id":4364,"date":"2023-03-16T09:01:33","date_gmt":"2023-03-16T09:01:33","guid":{"rendered":"http:\/\/blogsaverroes.juntadeandalucia.es\/plurilinguismodelegaciongranada\/?page_id=4364"},"modified":"2024-03-11T09:23:22","modified_gmt":"2024-03-11T09:23:22","slug":"programa-picassomob","status":"publish","type":"page","link":"https:\/\/blogsaverroes.juntadeandalucia.es\/plurilinguismodelegaciongranada\/programa-picassomob\/","title":{"rendered":"PROGRAMA PICASSOMOB"},"content":{"rendered":"<p><a href=\"https:\/\/blogsaverroes.juntadeandalucia.es\/plurilinguismodelegaciongranada\/files\/2022\/05\/descarga.jpg\"><img loading=\"lazy\" decoding=\"async\" class=\"size-full wp-image-5883 aligncenter\" src=\"https:\/\/blogsaverroes.juntadeandalucia.es\/plurilinguismodelegaciongranada\/files\/2022\/05\/descarga.jpg\" alt=\"\" width=\"242\" height=\"181\"><\/a><\/p>\n<h1 class=\"entry-title\">Programa de Movilidad Individual del Alumnado con Reciprocidad- PicassoMob<\/h1>\n<p><a href=\"https:\/\/blogsaverroes.juntadeandalucia.es\/plurilinguismodelegacionjaen\/files\/2020\/02\/megafono.png\"><img loading=\"lazy\" decoding=\"async\" class=\" wp-image-3736 alignleft\" src=\"https:\/\/blogsaverroes.juntadeandalucia.es\/plurilinguismodelegacionjaen\/files\/2020\/02\/megafono-300x300.png\" alt=\"\" width=\"158\" height=\"158\"><\/a><\/p>\n<p>&nbsp;<\/p>\n<p style=\"text-align: left\"><a href=\"https:\/\/blogsaverroes.juntadeandalucia.es\/plurilinguismodelegaciongranada\/files\/2022\/05\/descarga.png\"><img loading=\"lazy\" decoding=\"async\" class=\"wp-image-5885 alignright\" src=\"https:\/\/blogsaverroes.juntadeandalucia.es\/plurilinguismodelegaciongranada\/files\/2022\/05\/descarga.png\" alt=\"\" width=\"224\" height=\"134\"><\/a><\/p>\n<h4 style=\"text-align: center\">&nbsp;<\/h4>\n<h4>&nbsp;<\/h4>\n<p>&nbsp;<\/p>\n<p>Se acaba de publicar la Resoluci\u00f3n del Programa de Movilidad Individual del Alumnado con Reciprocidad 2024\/2025.<\/p>\n<p style=\"text-align: justify\">Tal como indica la Resoluci\u00f3n: <i>Las Delegaciones Territoriales de Desarrollo Educativo, Formaci\u00f3n Profesional, Universidad, Investigaci\u00f3n e Innovaci\u00f3n de la Consejer\u00eda de Desarrollo Educativo y Formaci\u00f3n Profesional, en el \u00e1mbito de sus competencias, informar\u00e1n de la publicaci\u00f3n de la presente resoluci\u00f3n a todos los centros educativos andaluces a los que resulte de aplicaci\u00f3n de su \u00e1mbito territorial.<\/i><\/p>\n<p style=\"text-align: justify\">El plazo de presentaci\u00f3n de solicitudes ser\u00e1 de 15 d\u00edas h\u00e1biles, a contar desde el d\u00eda siguiente a la publicaci\u00f3n de esta Resoluci\u00f3n en la web de la Consejer\u00eda de Desarrollo Educativo y Formaci\u00f3n Profesional, en la secci\u00f3n de Novedades.<\/p>\n<p>Este es el enlace:<\/p>\n<p><span style=\"color: #000000\"> \ud83d\udd17<\/span><a href=\"https:\/\/www.juntadeandalucia.es\/educacion\/portals\/web\/ced\/novedades\/-\/contenidos\/detalle\/resolucion-de-08-de-marzo-de-2024-de-la-direccion-general-de-tecnologias-avanzadas-y-transformacion-educativa-por-la-1q4j0r4jm6y0z\"><span style=\"color: #000000\"><span style=\"font-family: Source Sans Pro, sans-serif\"><span style=\"font-size: medium\">https:\/\/<\/span><\/span><\/span><span style=\"color: #000000\"><span style=\"font-family: Source Sans Pro, sans-serif\"><span style=\"font-size: medium\">www<\/span><\/span><\/span><span style=\"color: #000000\"><span style=\"font-family: Source Sans Pro, sans-serif\"><span style=\"font-size: medium\">.junta<\/span><\/span><\/span><span style=\"color: #000000\"><span style=\"font-family: Source Sans Pro, sans-serif\"><span style=\"font-size: medium\">de<\/span><\/span><\/span><span style=\"color: #000000\"><span style=\"font-family: Source Sans Pro, sans-serif\"><span style=\"font-size: medium\">andalucia.es\/educacion\/portals\/web\/ced\/novedades\/-\/contenidos\/detalle\/resolucion-de-08-de-marzo-de-2024-de-la-direccion-general-de-tecnologias-avanzadas-y-transformacion-educativa-por-la-1q4j0r4jm6y0z<\/span><\/span><\/span><\/a><\/p>\n","protected":false},"excerpt":{"rendered":"<p>Programa de Movilidad Individual del Alumnado con Reciprocidad- PicassoMob &nbsp; &nbsp; &nbsp; &nbsp; Se acaba de publicar la Resoluci\u00f3n del Programa de Movilidad Individual del Alumnado con Reciprocidad 2024\/2025. Tal como indica la&#46;&#46;&#46;<\/p>\n","protected":false},"author":3720,"featured_media":0,"parent":0,"menu_order":0,"comment_status":"closed","ping_status":"closed","template":"","meta":{"ngg_post_thumbnail":0,"footnotes":"","_mc_calendar":[]},"aioseo_notices":[],"_links":{"self":[{"href":"https:\/\/blogsaverroes.juntadeandalucia.es\/plurilinguismodelegaciongranada\/wp-json\/wp\/v2\/pages\/4364"}],"collection":[{"href":"https:\/\/blogsaverroes.juntadeandalucia.es\/plurilinguismodelegaciongranada\/wp-json\/wp\/v2\/pages"}],"about":[{"href":"https:\/\/blogsaverroes.juntadeandalucia.es\/plurilinguismodelegaciongranada\/wp-json\/wp\/v2\/types\/page"}],"author":[{"embeddable":true,"href":"https:\/\/blogsaverroes.juntadeandalucia.es\/plurilinguismodelegaciongranada\/wp-json\/wp\/v2\/users\/3720"}],"replies":[{"embeddable":true,"href":"https:\/\/blogsaverroes.juntadeandalucia.es\/plurilinguismodelegaciongranada\/wp-json\/wp\/v2\/comments?post=4364"}],"version-history":[{"count":16,"href":"https:\/\/blogsaverroes.juntadeandalucia.es\/plurilinguismodelegaciongranada\/wp-json\/wp\/v2\/pages\/4364\/revisions"}],"predecessor-version":[{"id":6320,"href":"https:\/\/blogsaverroes.juntadeandalucia.es\/plurilinguismodelegaciongranada\/wp-json\/wp\/v2\/pages\/4364\/revisions\/6320"}],"wp:attachment":[{"href":"https:\/\/blogsaverroes.juntadeandalucia.es\/plurilinguismodelegaciongranada\/wp-json\/wp\/v2\/media?parent=4364"}],"curies":[{"name":"wp","href":"https:\/\/api.w.org\/{rel}","templated":true}]}}