{"id":4428,"date":"2018-05-28T11:57:14","date_gmt":"2018-05-28T11:57:14","guid":{"rendered":"http:\/\/blogsaverroes.juntadeandalucia.es\/plurilinguismodelegaciongranada\/?page_id=4428"},"modified":"2021-06-02T10:50:39","modified_gmt":"2021-06-02T10:50:39","slug":"renuncia-a-impartir-ensenanza-bilingue","status":"publish","type":"page","link":"https:\/\/blogsaverroes.juntadeandalucia.es\/plurilinguismodelegaciongranada\/renuncia-a-impartir-ensenanza-bilingue\/","title":{"rendered":"RENUNCIA A IMPARTIR ENSE\u00d1ANZA BILING\u00dcE"},"content":{"rendered":"<p style=\"text-align: justify\"><span style=\"text-decoration: underline\"><strong>H<\/strong><strong>asta el d\u00eda 15 de junio<\/strong><\/span> podr\u00e1n formularse las solicitudes de <strong>RENUNCIA<\/strong> del personal que ha contado hasta ahora con autorizaci\u00f3n para la impartici\u00f3n de ense\u00f1anza biling\u00fce.<\/p>\n<p style=\"text-align: justify\">&#8211; <span style=\"text-decoration: underline\"><strong>IMPORTANTE:<\/strong><\/span> \u00danicamente podr\u00e1 renunciar a impartir docencia biling\u00fce el personal que obtuvo plaza NO biling\u00fce mediante Concurso General de Traslados, y que posteriormente fue autorizado a impartir dicha ense\u00f1anza por la Direcci\u00f3n General competente.<\/p>\n<p style=\"text-align: justify\">\u2013<strong> En ning\u00fan caso<\/strong> podr\u00e1 cursar esta solicitud el personal que hubiese obtenido plaza biling\u00fce mediante<strong> Concurso General de Traslados<\/strong> o <strong>Recolocaci\u00f3n<\/strong> efectuada en su momento mediante convocatoria publicada en el correspondiente Bolet\u00edn Oficial de la Junta de Andaluc\u00eda.<\/p>\n<h3 style=\"text-align: center\"><strong><em>DOCUMENTACI\u00d3N Y PRESENTACI\u00d3N DE SOLICITUDES<\/em><\/strong>&nbsp;<\/h3>\n<div>\n<p>La solicitud deber\u00e1 ser formulada mediante oficio remitido por la Direcci\u00f3n del centro educativo, y contendr\u00e1 la siguiente documentaci\u00f3n:<\/p>\n<p><strong>1. Documento de la Direcci\u00f3n del centro de solicitud de renuncia para el personal propuesto &#8211; <\/strong>DISPONIBLE EN<strong><span style=\"text-decoration: underline\"> <a href=\"https:\/\/blogsaverroes.juntadeandalucia.es\/plurilinguismodelegaciongranada\/files\/2021\/06\/DIRECCI\u00d3N-RENUNCIA-IMPARTICI\u00d3N-PROFESORADO-ENSE\u00d1ANZA-BILING\u00dcE1.pdf\">ESTE ENLACE<\/a><\/span>.<\/strong><\/p>\n<p><strong>2. Anexo(s) de renuncia a la impartici\u00f3n de ense\u00f1anza biling\u00fce.<\/strong> &#8211; DISPONIBLE EN <span style=\"text-decoration: underline\"><strong><a href=\"https:\/\/blogsaverroes.juntadeandalucia.es\/plurilinguismodelegaciongranada\/files\/2021\/06\/DOCENTE-ANEXO-RENUNCIA.pdf\">ESTE ENLACE<\/a><\/strong><\/span>.<\/p>\n<p>Para poder dar curso a la solicitud, cada uno\/a de los\/as docentes propuestos\/as deber\u00e1 cumplimentar esta solicitud de forma individual, por lo que deber\u00e1n remitirse adjuntos tantos Anexos como docentes solicitantes.<\/p>\n<p>La documentaci\u00f3n ser\u00e1 remitida por el\/la Director o Directora del centro educativo mediante cualquiera de los siguientes medios:<\/p>\n<p style=\"text-align: center\"><em>&#8211; Ventanilla electr\u00f3nica, dirigi\u00e9ndose a \u00abServicio de Ordenaci\u00f3n Educativa\u00bb -&gt; \u00abPluriling\u00fcismo\u00bb<\/em><\/p>\n<p style=\"text-align: center\"><em>&#8211; Registro General de esta Delegaci\u00f3n Territorial<\/em><\/p>\n<p style=\"text-align: center\"><em>&#8211; Cualquiera de las v\u00edas expuestas en el art\u00edculo 16 de la Ley 39\/2015, de 1 de octubre, del Procedimiento Administrativo Com\u00fan de las Administraciones P\u00fablicas. En el caso de que se optara por presentar la documentaci\u00f3n ante la Oficina de Correos, se har\u00e1 en sobre abierto para que la solicitud sea fechada y sellada por el personal de Correos, antes de ser certificada.&nbsp;<\/em><\/p>\n<\/div>\n<div>&nbsp;<\/div>\n","protected":false},"excerpt":{"rendered":"<p>Hasta el d\u00eda 15 de junio podr\u00e1n formularse las solicitudes de RENUNCIA del personal que ha contado hasta ahora con autorizaci\u00f3n para la impartici\u00f3n de ense\u00f1anza biling\u00fce. &#8211; IMPORTANTE: \u00danicamente podr\u00e1 renunciar a&#46;&#46;&#46;<\/p>\n","protected":false},"author":3720,"featured_media":0,"parent":0,"menu_order":0,"comment_status":"closed","ping_status":"closed","template":"","meta":{"ngg_post_thumbnail":0,"footnotes":"","_mc_calendar":[]},"aioseo_notices":[],"_links":{"self":[{"href":"https:\/\/blogsaverroes.juntadeandalucia.es\/plurilinguismodelegaciongranada\/wp-json\/wp\/v2\/pages\/4428"}],"collection":[{"href":"https:\/\/blogsaverroes.juntadeandalucia.es\/plurilinguismodelegaciongranada\/wp-json\/wp\/v2\/pages"}],"about":[{"href":"https:\/\/blogsaverroes.juntadeandalucia.es\/plurilinguismodelegaciongranada\/wp-json\/wp\/v2\/types\/page"}],"author":[{"embeddable":true,"href":"https:\/\/blogsaverroes.juntadeandalucia.es\/plurilinguismodelegaciongranada\/wp-json\/wp\/v2\/users\/3720"}],"replies":[{"embeddable":true,"href":"https:\/\/blogsaverroes.juntadeandalucia.es\/plurilinguismodelegaciongranada\/wp-json\/wp\/v2\/comments?post=4428"}],"version-history":[{"count":19,"href":"https:\/\/blogsaverroes.juntadeandalucia.es\/plurilinguismodelegaciongranada\/wp-json\/wp\/v2\/pages\/4428\/revisions"}],"predecessor-version":[{"id":5848,"href":"https:\/\/blogsaverroes.juntadeandalucia.es\/plurilinguismodelegaciongranada\/wp-json\/wp\/v2\/pages\/4428\/revisions\/5848"}],"wp:attachment":[{"href":"https:\/\/blogsaverroes.juntadeandalucia.es\/plurilinguismodelegaciongranada\/wp-json\/wp\/v2\/media?parent=4428"}],"curies":[{"name":"wp","href":"https:\/\/api.w.org\/{rel}","templated":true}]}}