{"id":4598,"date":"2022-04-19T16:12:18","date_gmt":"2022-04-19T16:12:18","guid":{"rendered":"https:\/\/blogsaverroes.juntadeandalucia.es\/plurilinguismodelegaciongranada\/?page_id=4598"},"modified":"2023-05-12T09:38:02","modified_gmt":"2023-05-12T09:38:02","slug":"intercambios-escolares","status":"publish","type":"page","link":"https:\/\/blogsaverroes.juntadeandalucia.es\/plurilinguismodelegaciongranada\/intercambios-escolares\/","title":{"rendered":"INTERCAMBIOS ESCOLARES"},"content":{"rendered":"<div class=\"separacionCapas\">&nbsp;<\/div>\n<div><a href=\"https:\/\/blogsaverroes.juntadeandalucia.es\/plurilinguismodelegaciongranada\/files\/2023\/02\/intercambios_escolares-e1622564094374-300x108-1.jpg\"><img loading=\"lazy\" decoding=\"async\" class=\"aligncenter wp-image-5996\" src=\"https:\/\/blogsaverroes.juntadeandalucia.es\/plurilinguismodelegaciongranada\/files\/2023\/02\/intercambios_escolares-e1622564094374-300x108-1.jpg\" alt=\"\" width=\"428\" height=\"154\"><\/a><\/div>\n<div class=\"separacionCapas\" style=\"text-align: justify\">Convocatoria dirigida a alumnado que cursa 3\u00ba, 4\u00ba y 1\u00ba de Bachillerato en centros de titularidad p\u00fablica.<\/div>\n<div style=\"text-align: justify\">\n<p>Se trata de intercambios con pa\u00edses en los que sea lengua oficial o cooficial la alemana, china (mandar\u00edn), francesa, inglesa y portuguesa, siempre y cuando esta sea ense\u00f1ada en el IES solicitante.<\/p>\n<div>\n<div>&nbsp;<\/div>\n<\/div>\n<\/div>\n<div id=\"aui_3_2_0_1121\" class=\"contenido_detalle\">\n<h3 class=\"tituloCaja\" style=\"text-align: justify\">\u00daltima convocatoria (curso 2023-2024)<\/h3>\n<ul style=\"text-align: justify\">\n<li><a href=\"https:\/\/blogsaverroes.juntadeandalucia.es\/plurilinguismodelegaciongranada\/files\/2022\/04\/Resoluci\u00f3n-convocatoria-intercambios-2023_24F.pdf\">Resoluci\u00f3n convocatoria intercambios 2023_24(F)<\/a><\/li>\n<\/ul>\n<div align=\"justify\">\n<p><b>A partir de hoy, y durante 15 d\u00edas h\u00e1biles<\/b>, se encuentra abierto el plazo de solicitud en el&nbsp;<b>programa de intercambios escolares<\/b>&nbsp;regulado por la&nbsp;<strong><a href=\"https:\/\/blogsaverroes.juntadeandalucia.es\/plurilinguismodelegaciongranada\/files\/2022\/04\/Resoluci%C3%B3n-convocatoria-intercambios-2023_24F.pdf\">Resoluci\u00f3n convocatoria intercambios 2023_24(F)<\/a><\/strong><\/p>\n<p>Tal y como contempla la citada resoluci\u00f3n en su art\u00edculo 6,1.&nbsp;<i>\u00abLas solicitudes y la documentaci\u00f3n complementaria ser\u00e1n remitidas por el Director o Directora del Instituto de Ense\u00f1anza Secundaria al Ilmo. Sr. Delegado o a la Ilma. Sra. Delegada Territorial de Educaci\u00f3n, Deporte, Igualdad, Pol\u00edticas Sociales y Conciliaci\u00f3n y se presentar\u00e1n en el Registro General de la Delegaci\u00f3n Territorial a la que pertenece el centro, o se enviar\u00e1 por cualquiera de las v\u00edas expuestas en el art\u00edculo 16 de la Ley 39\/2015, de 1 de octubre, del Procedimiento Administrativo Com\u00fan de las Administraciones P\u00fablicas. Igualmente se podr\u00e1n remitir por Ventanilla Electr\u00f3nica al Servicio de Ordenaci\u00f3n Educativa de la respectiva Delegaci\u00f3n Territorial.\u00bb<\/i><\/p>\n<p>Plazo de solicitudes: 15 d\u00edas h\u00e1biles desde&nbsp;<strong>12 de mayo de 2023 hasta el 1 de junio de 2023<\/strong><b><\/b><\/p>\n<p>Plazo de realizaci\u00f3n:&nbsp; los Intercambios se podr\u00e1n desarrollar entre&nbsp;<strong>1-octubre de 2023 y 31-mayo de 2024<\/strong>.<\/p>\n<p>Pago a los centros beneficiarios: se tramitar\u00e1 a&nbsp;<strong>comienzos del mes de octubre de 2023<\/strong>.<\/p>\n<p>&nbsp;<\/p>\n<p>En caso de que desde el centro que dirige desee formular solicitud, rogamos la atenta lectura de toda la informaci\u00f3n contenida en la citada Resoluci\u00f3n.<\/p>\n<\/div>\n<div align=\"justify\">&nbsp;<\/div>\n<p align=\"justify\">Asimismo, podr\u00e1n trasladas dudas y\/o consultas a esta direcci\u00f3n de correo electr\u00f3nico:<span style=\"color: #0000ff\">&nbsp;<b><a class=\"m_-8799094126877106945m_5587232845312314117gmail-moz-txt-link-abbreviated\" style=\"color: #0000ff\" href=\"mailto:plurilinguismo.dpgr.ced@juntadeandalucia.es\" target=\"_blank\" rel=\"noopener noreferrer\">plurilinguismo.dpgr.ced@juntadeandalucia.es<\/a><\/b><\/span><\/p>\n<\/div>\n","protected":false},"excerpt":{"rendered":"<p>&nbsp; Convocatoria dirigida a alumnado que cursa 3\u00ba, 4\u00ba y 1\u00ba de Bachillerato en centros de titularidad p\u00fablica. Se trata de intercambios con pa\u00edses en los que sea lengua oficial o cooficial la&#46;&#46;&#46;<\/p>\n","protected":false},"author":3720,"featured_media":5996,"parent":0,"menu_order":0,"comment_status":"closed","ping_status":"closed","template":"","meta":{"ngg_post_thumbnail":0,"footnotes":"","_mc_calendar":[]},"aioseo_notices":[],"_links":{"self":[{"href":"https:\/\/blogsaverroes.juntadeandalucia.es\/plurilinguismodelegaciongranada\/wp-json\/wp\/v2\/pages\/4598"}],"collection":[{"href":"https:\/\/blogsaverroes.juntadeandalucia.es\/plurilinguismodelegaciongranada\/wp-json\/wp\/v2\/pages"}],"about":[{"href":"https:\/\/blogsaverroes.juntadeandalucia.es\/plurilinguismodelegaciongranada\/wp-json\/wp\/v2\/types\/page"}],"author":[{"embeddable":true,"href":"https:\/\/blogsaverroes.juntadeandalucia.es\/plurilinguismodelegaciongranada\/wp-json\/wp\/v2\/users\/3720"}],"replies":[{"embeddable":true,"href":"https:\/\/blogsaverroes.juntadeandalucia.es\/plurilinguismodelegaciongranada\/wp-json\/wp\/v2\/comments?post=4598"}],"version-history":[{"count":14,"href":"https:\/\/blogsaverroes.juntadeandalucia.es\/plurilinguismodelegaciongranada\/wp-json\/wp\/v2\/pages\/4598\/revisions"}],"predecessor-version":[{"id":6235,"href":"https:\/\/blogsaverroes.juntadeandalucia.es\/plurilinguismodelegaciongranada\/wp-json\/wp\/v2\/pages\/4598\/revisions\/6235"}],"wp:featuredmedia":[{"embeddable":true,"href":"https:\/\/blogsaverroes.juntadeandalucia.es\/plurilinguismodelegaciongranada\/wp-json\/wp\/v2\/media\/5996"}],"wp:attachment":[{"href":"https:\/\/blogsaverroes.juntadeandalucia.es\/plurilinguismodelegaciongranada\/wp-json\/wp\/v2\/media?parent=4598"}],"curies":[{"name":"wp","href":"https:\/\/api.w.org\/{rel}","templated":true}]}}