{"id":4611,"date":"2018-09-26T17:15:07","date_gmt":"2018-09-26T17:15:07","guid":{"rendered":"https:\/\/blogsaverroes.juntadeandalucia.es\/plurilinguismodelegaciongranada\/?page_id=4611"},"modified":"2023-03-17T12:28:42","modified_gmt":"2023-03-17T12:28:42","slug":"convocatorias-ingles","status":"publish","type":"page","link":"https:\/\/blogsaverroes.juntadeandalucia.es\/plurilinguismodelegaciongranada\/convocatorias-ingles\/","title":{"rendered":"CONVOCATORIAS INGL\u00c9S"},"content":{"rendered":"<h4>&nbsp;<\/h4>\n<table style=\"height: 77px;border-color: #525252\" width=\"808\" cellpadding=\"2\">\n<tbody>\n<tr style=\"height: 96px\">\n<td style=\"width: 798px;height: 96px\">\n<p style=\"text-align: center\">INMERSI\u00d3N LING\u00dc\u00cdSTICA<strong> 6\u00ba DE PRIMARIA Y 2\u00ba DE ESO<\/strong><\/p>\n<p style=\"text-align: center\"><strong><a href=\"https:\/\/blogsaverroes.juntadeandalucia.es\/plurilinguismodelegaciongranada\/2017\/01\/23\/inmersion-linguistica-de-primavera-para-alumnado-de-6o-de-educacion-primaria-y-2o-de-e-s-o\/\">CONVOCATORIA Primavera 2017<\/a><\/strong><\/p>\n<\/td>\n<\/tr>\n<tr style=\"height: 159px\">\n<td style=\"width: 798px;height: 159px\">\n<h4 style=\"text-align: center\">BECAS DE INMERSI\u00d3N LING\u00dc\u00cdSTICA EN INGL\u00c9S PARA ALUMNADO DE BACHILLERATO, GRADO MEDIO DE FP, ARTES PL\u00c1STICAS Y DISE\u00d1O, ENSE\u00d1ANZAS DEPORTIVAS, ENSE\u00d1ANZAS PROFESIONALES DE M\u00daSICA Y DANZA, Y DE IDIOMAS DE NIVEL INTERMEDIO Y AVANZADO<\/h4>\n<h4 style=\"text-align: center\"><strong><a href=\"https:\/\/blogsaverroes.juntadeandalucia.es\/plurilinguismodelegaciongranada\/3654-2\/\">CONVOCATORIA 2018<\/a><\/strong><\/h4>\n<\/td>\n<\/tr>\n<tr style=\"height: 90.328125px\">\n<td style=\"width: 798px;height: 90.328125px\">&nbsp;<\/p>\n<h4 style=\"text-align: center\"><a href=\"https:\/\/blogsaverroes.juntadeandalucia.es\/programasinternacionales\/intercambios-escolares-2017-2018\/\"><strong>INTERCAMBIOS ESCOLARES CURSO 2017-2018 PARA ALUMNADO DE 4\u00ba DE E.S.O. Y 1\u00ba DE BACHILLERATO<\/strong><\/a><\/h4>\n<\/td>\n<\/tr>\n<\/tbody>\n<\/table>\n<h4>&nbsp;<\/h4>\n","protected":false},"excerpt":{"rendered":"<p>&nbsp; INMERSI\u00d3N LING\u00dc\u00cdSTICA 6\u00ba DE PRIMARIA Y 2\u00ba DE ESO CONVOCATORIA Primavera 2017 BECAS DE INMERSI\u00d3N LING\u00dc\u00cdSTICA EN INGL\u00c9S PARA ALUMNADO DE BACHILLERATO, GRADO MEDIO DE FP, ARTES PL\u00c1STICAS Y DISE\u00d1O, ENSE\u00d1ANZAS DEPORTIVAS,&#46;&#46;&#46;<\/p>\n","protected":false},"author":3720,"featured_media":0,"parent":0,"menu_order":0,"comment_status":"closed","ping_status":"closed","template":"","meta":{"ngg_post_thumbnail":0,"footnotes":"","_mc_calendar":[]},"aioseo_notices":[],"_links":{"self":[{"href":"https:\/\/blogsaverroes.juntadeandalucia.es\/plurilinguismodelegaciongranada\/wp-json\/wp\/v2\/pages\/4611"}],"collection":[{"href":"https:\/\/blogsaverroes.juntadeandalucia.es\/plurilinguismodelegaciongranada\/wp-json\/wp\/v2\/pages"}],"about":[{"href":"https:\/\/blogsaverroes.juntadeandalucia.es\/plurilinguismodelegaciongranada\/wp-json\/wp\/v2\/types\/page"}],"author":[{"embeddable":true,"href":"https:\/\/blogsaverroes.juntadeandalucia.es\/plurilinguismodelegaciongranada\/wp-json\/wp\/v2\/users\/3720"}],"replies":[{"embeddable":true,"href":"https:\/\/blogsaverroes.juntadeandalucia.es\/plurilinguismodelegaciongranada\/wp-json\/wp\/v2\/comments?post=4611"}],"version-history":[{"count":5,"href":"https:\/\/blogsaverroes.juntadeandalucia.es\/plurilinguismodelegaciongranada\/wp-json\/wp\/v2\/pages\/4611\/revisions"}],"predecessor-version":[{"id":6083,"href":"https:\/\/blogsaverroes.juntadeandalucia.es\/plurilinguismodelegaciongranada\/wp-json\/wp\/v2\/pages\/4611\/revisions\/6083"}],"wp:attachment":[{"href":"https:\/\/blogsaverroes.juntadeandalucia.es\/plurilinguismodelegaciongranada\/wp-json\/wp\/v2\/media?parent=4611"}],"curies":[{"name":"wp","href":"https:\/\/api.w.org\/{rel}","templated":true}]}}