{"id":4679,"date":"2018-09-27T16:23:17","date_gmt":"2018-09-27T16:23:17","guid":{"rendered":"https:\/\/blogsaverroes.juntadeandalucia.es\/plurilinguismodelegaciongranada\/?page_id=4679"},"modified":"2018-09-27T16:33:31","modified_gmt":"2018-09-27T16:33:31","slug":"premios-y-concursos","status":"publish","type":"page","link":"https:\/\/blogsaverroes.juntadeandalucia.es\/plurilinguismodelegaciongranada\/premios-y-concursos\/","title":{"rendered":"PREMIOS Y CONCURSOS"},"content":{"rendered":"<table style=\"height: 148px;background-color: #c6d6b8\" width=\"721\">\n<tbody>\n<tr>\n<td style=\"width: 711.333px\">\n<h4 class=\"post-title entry-title\" style=\"text-align: center\"><a href=\"https:\/\/blogsaverroes.juntadeandalucia.es\/plurilinguismodelegaciongranada\/premio-buenas-practicas-en-la-ensenanza-bilingue\/\">PREMIO \u00abBUENAS PR\u00c1CTICAS EN LA ENSE\u00d1ANZA BILING\u00dcE\u00bb<\/a><\/h4>\n<\/td>\n<\/tr>\n<tr>\n<td style=\"width: 711.333px\">\n<h4 class=\"post-title entry-title\" style=\"text-align: center\"><a href=\"https:\/\/blogsaverroes.juntadeandalucia.es\/plurilinguismodelegaciongranada\/concurso-celebracion-xx-aniversario-centros-bilingues-de-frances\/\">CONCURSO CELEBRACI\u00d3N XX ANIVERSARIO CENTROS BILING\u00dcES DE FRANC\u00c9S<\/a><\/h4>\n<\/td>\n<\/tr>\n<tr>\n<td style=\"width: 711.333px\">&nbsp;<\/td>\n<\/tr>\n<\/tbody>\n<\/table>\n","protected":false},"excerpt":{"rendered":"<p>PREMIO \u00abBUENAS PR\u00c1CTICAS EN LA ENSE\u00d1ANZA BILING\u00dcE\u00bb CONCURSO CELEBRACI\u00d3N XX ANIVERSARIO CENTROS BILING\u00dcES DE FRANC\u00c9S &nbsp;<\/p>\n","protected":false},"author":3720,"featured_media":0,"parent":0,"menu_order":0,"comment_status":"closed","ping_status":"closed","template":"","meta":{"ngg_post_thumbnail":0,"footnotes":"","_mc_calendar":[]},"aioseo_notices":[],"_links":{"self":[{"href":"https:\/\/blogsaverroes.juntadeandalucia.es\/plurilinguismodelegaciongranada\/wp-json\/wp\/v2\/pages\/4679"}],"collection":[{"href":"https:\/\/blogsaverroes.juntadeandalucia.es\/plurilinguismodelegaciongranada\/wp-json\/wp\/v2\/pages"}],"about":[{"href":"https:\/\/blogsaverroes.juntadeandalucia.es\/plurilinguismodelegaciongranada\/wp-json\/wp\/v2\/types\/page"}],"author":[{"embeddable":true,"href":"https:\/\/blogsaverroes.juntadeandalucia.es\/plurilinguismodelegaciongranada\/wp-json\/wp\/v2\/users\/3720"}],"replies":[{"embeddable":true,"href":"https:\/\/blogsaverroes.juntadeandalucia.es\/plurilinguismodelegaciongranada\/wp-json\/wp\/v2\/comments?post=4679"}],"version-history":[{"count":6,"href":"https:\/\/blogsaverroes.juntadeandalucia.es\/plurilinguismodelegaciongranada\/wp-json\/wp\/v2\/pages\/4679\/revisions"}],"predecessor-version":[{"id":4692,"href":"https:\/\/blogsaverroes.juntadeandalucia.es\/plurilinguismodelegaciongranada\/wp-json\/wp\/v2\/pages\/4679\/revisions\/4692"}],"wp:attachment":[{"href":"https:\/\/blogsaverroes.juntadeandalucia.es\/plurilinguismodelegaciongranada\/wp-json\/wp\/v2\/media?parent=4679"}],"curies":[{"name":"wp","href":"https:\/\/api.w.org\/{rel}","templated":true}]}}