{"id":4734,"date":"2022-09-28T22:35:17","date_gmt":"2022-09-28T22:35:17","guid":{"rendered":"https:\/\/blogsaverroes.juntadeandalucia.es\/plurilinguismodelegaciongranada\/?page_id=4734"},"modified":"2023-12-01T09:48:48","modified_gmt":"2023-12-01T09:48:48","slug":"reunion-coordinadores-as-centros-publicos","status":"publish","type":"page","link":"https:\/\/blogsaverroes.juntadeandalucia.es\/plurilinguismodelegaciongranada\/reunion-coordinadores-as-centros-publicos\/","title":{"rendered":"REUNI\u00d3N COORDINADORES-AS 2023\/24"},"content":{"rendered":"<table style=\"height: 1104px;background-color: #edbc61;width: 96.5471%\" width=\"780\">\n<tbody>\n<tr style=\"height: 187px\">\n<td style=\"width: 770px;height: 187px\">\n<h2 style=\"text-align: center\"><a href=\"https:\/\/blogsaverroes.juntadeandalucia.es\/plurilinguismodelegaciongranada\/files\/2023\/01\/FORMACI\u00d3N-INICIAL-PARA-NUEVOS-CENTROS-BILING\u00dcES-1.png\"><strong>CENTROS DE TITULARIDAD P\u00daBLICA:<\/strong><\/a><\/h2>\n<h2 style=\"text-align: center\"><strong>&nbsp;REUNI\u00d3N COORDINADORES\/AS <\/strong><\/h2>\n<h2 style=\"text-align: center\"><strong>30 DE OCTUBRE DE 2023 <\/strong><\/h2>\n<h2 style=\"text-align: center\"><strong>CEP DE GRANADA<\/strong><\/h2>\n<\/td>\n<\/tr>\n<tr style=\"height: 339px\">\n<td style=\"width: 770px;background-color: #f7f39c;height: 339px\">\n<h2 style=\"text-align: center\"><a href=\"https:\/\/blogsaverroes.juntadeandalucia.es\/plurilinguismodelegaciongranada\/files\/2023\/11\/curso.png\"><img loading=\"lazy\" decoding=\"async\" class=\"aligncenter size-full wp-image-6298\" src=\"https:\/\/blogsaverroes.juntadeandalucia.es\/plurilinguismodelegaciongranada\/files\/2023\/11\/curso.png\" alt=\"\" width=\"593\" height=\"489\" srcset=\"https:\/\/blogsaverroes.juntadeandalucia.es\/plurilinguismodelegaciongranada\/files\/2023\/11\/curso.png 593w, https:\/\/blogsaverroes.juntadeandalucia.es\/plurilinguismodelegaciongranada\/files\/2023\/11\/curso-300x247.png 300w\" sizes=\"(max-width: 593px) 100vw, 593px\" \/><\/a><\/h2>\n<p>&nbsp;<\/p>\n<ul>\n<li style=\"list-style-type: none\">\n<ul>\n<li style=\"list-style-type: none\">\n<ul>\n<li style=\"list-style-type: none\">\n<ul>\n<li style=\"list-style-type: none\">\n<ul>\n<li style=\"list-style-type: none\">\n<ul>\n<li>\n<h2 style=\"text-align: left\"><span style=\"color: #3366ff\"><a style=\"color: #3366ff\" href=\"https:\/\/blogsaverroes.juntadeandalucia.es\/plurilinguismodelegaciongranada\/files\/2023\/12\/PROGRAMA.pdf\">Programa de la Jornada<\/a><\/span><\/h2>\n<\/li>\n<li style=\"text-align: center\">\n<h2 style=\"text-align: left\"><span style=\"color: #3366ff\"><a style=\"color: #3366ff\" href=\"https:\/\/blogsaverroes.juntadeandalucia.es\/plurilinguismodelegaciongranada\/files\/2023\/12\/Jornada-Coordinadores_as-Auxiliares-2023_24.pdf\">Presentaci\u00f3n Auxiliares Conversaci\u00f3n <\/a><\/span><\/h2>\n<\/li>\n<li style=\"text-align: center\">\n<h2 style=\"text-align: left\"><span style=\"color: #3366ff\"><a style=\"color: #3366ff\" href=\"https:\/\/blogsaverroes.juntadeandalucia.es\/plurilinguismodelegaciongranada\/files\/2023\/12\/GRANADA_Jornada_Coordinadores_as_2023_24.pdf\">Presentaci\u00f3n Ense\u00f1anzas Biling\u00fces<\/a><\/span><\/h2>\n<\/li>\n<li style=\"text-align: center\">\n<h2 style=\"text-align: left\"><span style=\"color: #3366ff\"><a style=\"color: #3366ff\" href=\"https:\/\/view.genial.ly\/653a902a0f3e5b00101a6adf\/presentation-presentacion-basica\">Presentaci\u00f3n IES Al-Fakar <\/a><\/span><\/h2>\n<\/li>\n<li>\n<h2 style=\"text-align: left\"><span style=\"color: #3366ff\"><a style=\"color: #3366ff\" href=\"https:\/\/www.canva.com\/design\/DAFmn-xkEk0\/_3Aj6ZPxbsYoo964E9Oh3g\/edit?utm_content=DAFmn-xkEk0&amp;utm_campaign=designshare&amp;utm_medium=link2&amp;utm_source=sharebutton\">Presentaci\u00f3n IES La Zafra<\/a><\/span><\/h2>\n<\/li>\n<\/ul>\n<\/li>\n<\/ul>\n<\/li>\n<\/ul>\n<\/li>\n<\/ul>\n<\/li>\n<\/ul>\n<\/li>\n<\/ul>\n<\/td>\n<\/tr>\n<\/tbody>\n<\/table>\n","protected":false},"excerpt":{"rendered":"<p>CENTROS DE TITULARIDAD P\u00daBLICA: &nbsp;REUNI\u00d3N COORDINADORES\/AS 30 DE OCTUBRE DE 2023 CEP DE GRANADA &nbsp; Programa de la Jornada Presentaci\u00f3n Auxiliares Conversaci\u00f3n Presentaci\u00f3n Ense\u00f1anzas Biling\u00fces Presentaci\u00f3n IES Al-Fakar Presentaci\u00f3n IES La Zafra<\/p>\n","protected":false},"author":3720,"featured_media":5982,"parent":0,"menu_order":0,"comment_status":"closed","ping_status":"closed","template":"","meta":{"ngg_post_thumbnail":0,"footnotes":"","_mc_calendar":[]},"aioseo_notices":[],"_links":{"self":[{"href":"https:\/\/blogsaverroes.juntadeandalucia.es\/plurilinguismodelegaciongranada\/wp-json\/wp\/v2\/pages\/4734"}],"collection":[{"href":"https:\/\/blogsaverroes.juntadeandalucia.es\/plurilinguismodelegaciongranada\/wp-json\/wp\/v2\/pages"}],"about":[{"href":"https:\/\/blogsaverroes.juntadeandalucia.es\/plurilinguismodelegaciongranada\/wp-json\/wp\/v2\/types\/page"}],"author":[{"embeddable":true,"href":"https:\/\/blogsaverroes.juntadeandalucia.es\/plurilinguismodelegaciongranada\/wp-json\/wp\/v2\/users\/3720"}],"replies":[{"embeddable":true,"href":"https:\/\/blogsaverroes.juntadeandalucia.es\/plurilinguismodelegaciongranada\/wp-json\/wp\/v2\/comments?post=4734"}],"version-history":[{"count":16,"href":"https:\/\/blogsaverroes.juntadeandalucia.es\/plurilinguismodelegaciongranada\/wp-json\/wp\/v2\/pages\/4734\/revisions"}],"predecessor-version":[{"id":6306,"href":"https:\/\/blogsaverroes.juntadeandalucia.es\/plurilinguismodelegaciongranada\/wp-json\/wp\/v2\/pages\/4734\/revisions\/6306"}],"wp:featuredmedia":[{"embeddable":true,"href":"https:\/\/blogsaverroes.juntadeandalucia.es\/plurilinguismodelegaciongranada\/wp-json\/wp\/v2\/media\/5982"}],"wp:attachment":[{"href":"https:\/\/blogsaverroes.juntadeandalucia.es\/plurilinguismodelegaciongranada\/wp-json\/wp\/v2\/media?parent=4734"}],"curies":[{"name":"wp","href":"https:\/\/api.w.org\/{rel}","templated":true}]}}