{"id":4924,"date":"2019-04-30T10:55:21","date_gmt":"2019-04-30T10:55:21","guid":{"rendered":"https:\/\/blogsaverroes.juntadeandalucia.es\/plurilinguismodelegaciongranada\/?page_id=4924"},"modified":"2019-06-26T10:44:37","modified_gmt":"2019-06-26T10:44:37","slug":"para-profesorado","status":"publish","type":"page","link":"https:\/\/blogsaverroes.juntadeandalucia.es\/plurilinguismodelegaciongranada\/para-profesorado\/","title":{"rendered":"PARA PROFESORADO"},"content":{"rendered":"<table style=\"height: 134px\" width=\"324\">\n<tbody>\n<tr>\n<td style=\"width: 314.333px\">\n<h3 style=\"text-align: center\"><a href=\"https:\/\/blogsaverroes.juntadeandalucia.es\/plurilinguismodelegaciongranada\/becas-para-profesorado-de-centros-con-label-franceducation\/\">BECAS PARA PROFESORADO DE CENTROS CON LABEL FRANC\u00c9DUCATION<\/a><\/h3>\n<\/td>\n<\/tr>\n<tr>\n<td style=\"width: 314.333px;text-align: center\">\n<h3><a href=\"https:\/\/blogsaverroes.juntadeandalucia.es\/plurilinguismodelegaciongranada\/universite-dete\/\"><strong>UNIVERSIT\u00c9 D&#8217;\u00c9T\u00c9<\/strong><\/a><\/h3>\n<\/td>\n<\/tr>\n<tr>\n<td style=\"width: 314.333px\"><\/td>\n<\/tr>\n<tr>\n<td style=\"width: 314.333px\"><\/td>\n<\/tr>\n<\/tbody>\n<\/table>\n","protected":false},"excerpt":{"rendered":"<p>BECAS PARA PROFESORADO DE CENTROS CON LABEL FRANC\u00c9DUCATION UNIVERSIT\u00c9 D&#8217;\u00c9T\u00c9<\/p>\n","protected":false},"author":3720,"featured_media":0,"parent":0,"menu_order":0,"comment_status":"closed","ping_status":"closed","template":"","meta":{"ngg_post_thumbnail":0,"footnotes":"","_mc_calendar":[]},"aioseo_notices":[],"_links":{"self":[{"href":"https:\/\/blogsaverroes.juntadeandalucia.es\/plurilinguismodelegaciongranada\/wp-json\/wp\/v2\/pages\/4924"}],"collection":[{"href":"https:\/\/blogsaverroes.juntadeandalucia.es\/plurilinguismodelegaciongranada\/wp-json\/wp\/v2\/pages"}],"about":[{"href":"https:\/\/blogsaverroes.juntadeandalucia.es\/plurilinguismodelegaciongranada\/wp-json\/wp\/v2\/types\/page"}],"author":[{"embeddable":true,"href":"https:\/\/blogsaverroes.juntadeandalucia.es\/plurilinguismodelegaciongranada\/wp-json\/wp\/v2\/users\/3720"}],"replies":[{"embeddable":true,"href":"https:\/\/blogsaverroes.juntadeandalucia.es\/plurilinguismodelegaciongranada\/wp-json\/wp\/v2\/comments?post=4924"}],"version-history":[{"count":5,"href":"https:\/\/blogsaverroes.juntadeandalucia.es\/plurilinguismodelegaciongranada\/wp-json\/wp\/v2\/pages\/4924\/revisions"}],"predecessor-version":[{"id":5194,"href":"https:\/\/blogsaverroes.juntadeandalucia.es\/plurilinguismodelegaciongranada\/wp-json\/wp\/v2\/pages\/4924\/revisions\/5194"}],"wp:attachment":[{"href":"https:\/\/blogsaverroes.juntadeandalucia.es\/plurilinguismodelegaciongranada\/wp-json\/wp\/v2\/media?parent=4924"}],"curies":[{"name":"wp","href":"https:\/\/api.w.org\/{rel}","templated":true}]}}