{"id":5284,"date":"2019-09-17T08:16:09","date_gmt":"2019-09-17T08:16:09","guid":{"rendered":"https:\/\/blogsaverroes.juntadeandalucia.es\/plurilinguismodelegaciongranada\/?page_id=5284"},"modified":"2023-05-05T10:42:27","modified_gmt":"2023-05-05T10:42:27","slug":"delf-scolaire","status":"publish","type":"page","link":"https:\/\/blogsaverroes.juntadeandalucia.es\/plurilinguismodelegaciongranada\/delf-scolaire\/","title":{"rendered":"DELF SCOLAIRE"},"content":{"rendered":"<table>\n<tbody>\n<tr style=\"text-align: justify\">\n<td>&nbsp;<\/p>\n<p><a href=\"https:\/\/blogsaverroes.juntadeandalucia.es\/plurilinguismodelegaciongranada\/files\/2019\/09\/DELFSCOLAIRE.jpg\"><img loading=\"lazy\" decoding=\"async\" class=\"size-full wp-image-5285 aligncenter\" src=\"https:\/\/blogsaverroes.juntadeandalucia.es\/plurilinguismodelegaciongranada\/files\/2019\/09\/DELFSCOLAIRE.jpg\" alt=\"\" width=\"249\" height=\"203\" srcset=\"https:\/\/blogsaverroes.juntadeandalucia.es\/plurilinguismodelegaciongranada\/files\/2019\/09\/DELFSCOLAIRE.jpg 249w, https:\/\/blogsaverroes.juntadeandalucia.es\/plurilinguismodelegaciongranada\/files\/2019\/09\/DELFSCOLAIRE-24x20.jpg 24w, https:\/\/blogsaverroes.juntadeandalucia.es\/plurilinguismodelegaciongranada\/files\/2019\/09\/DELFSCOLAIRE-36x29.jpg 36w, https:\/\/blogsaverroes.juntadeandalucia.es\/plurilinguismodelegaciongranada\/files\/2019\/09\/DELFSCOLAIRE-48x39.jpg 48w\" sizes=\"(max-width: 249px) 100vw, 249px\" \/><\/a><\/p>\n<h2 style=\"text-align: center\"><strong>QU\u00c9 ES EL DELF ESCOLAR<\/strong><\/h2>\n<p style=\"text-align: justify\">&nbsp;&nbsp;&nbsp;&nbsp;&nbsp; &nbsp; El DELF (Dipl\u00f4me d\u2019\u00e9tudes en langue fran\u00e7aise) Escolar es una Acreditaci\u00f3n ling\u00fc\u00edstica contemplada en un Acuerdo firmado entre el Servicio de Cooperaci\u00f3n de la Embajada de Francia y la Junta de Andaluc\u00eda DELF. La acreditaci\u00f3n est\u00e1 dirigida al&nbsp; alumnado de centros de titularidad p\u00fablica andaluces que estudien Educaci\u00f3n Secundaria, Bachillerato o de Formaci\u00f3n Profesional (grado medio).<\/p>\n<p>En la convocatoria 2023 del Delf Escolar, podr\u00e1 presentarse a los ex\u00e1menes, y por orden de prioridad, el alumnado de los centros p\u00fablicos que:<\/p>\n<p>&#8211; curse el programa BachiBac;<\/p>\n<p>&#8211; curse la materia de franc\u00e9s como primer idioma en ESO, Bachillerato o Formaci\u00f3n Profesional de grado medio en un centro biling\u00fce de franc\u00e9s;<\/p>\n<p>&#8211; curse la materia de franc\u00e9s como primer idioma en ESO, Bachillerato o Formaci\u00f3n Profesional de grado medio en un centro no biling\u00fce.&nbsp;<\/p>\n<p>&#8211; curse franc\u00e9s como segunda lengua extranjera y \u00e1reas o materias no ling\u00fc\u00edsticas en franc\u00e9s en un centro pluriling\u00fce ingl\u00e9s-franc\u00e9s;<\/p>\n<p>&#8211; curse franc\u00e9s como segunda lengua extranjera en Bachillerato o Formaci\u00f3n Profesional de grado medio pero que ha cursado franc\u00e9s como primer idioma en la ESO biling\u00fce;<\/p>\n<p>&#8211; curse la materia de franc\u00e9s como segunda lengua extranjera en ESO, Bachillerato o Formaci\u00f3n Profesional de grado medio de los centros con experiencia en el dispositivo DELF Escolar por haber presentado a su alumnado a estas pruebas en convocatorias anteriores;<\/td>\n<\/tr>\n<tr style=\"text-align: justify\">\n<td>\n<h2 style=\"text-align: center\"><strong>CONDICIONES ESPEC\u00cdFICAS<br \/>\n<\/strong><\/h2>\n<p>&nbsp;&nbsp;&nbsp;&nbsp;&nbsp;&nbsp;&nbsp;&nbsp;&nbsp;&nbsp;&nbsp; Si bien el <em>DELF Escolar<\/em> <strong>tiene el mismo valor que el DELF para adultos<\/strong>, este Acuerdo establece determinados aspectos adaptados al alumnado adolescente al que va dirigido:<\/p>\n<p>&#8211; Tasas de examen preferenciales.<\/p>\n<p>&#8211; Temas adaptados a alumnado adolescente.<\/td>\n<\/tr>\n<tr>\n<td>\n<p style=\"text-align: justify\">El DELF Scolaire resulta del Convenio firmado entre la Junta de Andaluc\u00eda y el Servicio Cultural de la Embajada de Francia en Espa\u00f1a.<\/p>\n<p style=\"text-align: justify\">Esta convocatoria est\u00e1 reservada al alumnado de los centros dependientes de la Consejer\u00eda de Desarrollo Educativo&nbsp; y Formaci\u00f3n Profesional de la Junta de Andaluc\u00eda: Ense\u00f1anza Secundaria Obligatoria, Bachillerato y Formaci\u00f3n profesional de grado medio.<\/p>\n<p style=\"text-align: justify\">Se eval\u00faan los cuatro primeros niveles del MECRL: A1, A2, B1 y B2. La convocatoria anual se celebra en abril.<\/p>\n<p style=\"text-align: justify\">Tal y como se especifica en la circular, para pre-inscribir al alumnado al DELF Escolar en la convocatoria curso 2022-2023<strong>: se remitir\u00e1 el anexo I antes del 11 de noviembre de 2022<\/strong>&nbsp;a la Agregada de cooperaci\u00f3n para el franc\u00e9s de Andaluc\u00eda, Julie Morel, al correo electr\u00f3nico siguiente: julie.morel@institutfrancais.es<\/p>\n<table style=\"border-collapse: collapse;width: 100%;height: 218px\">\n<tbody>\n<tr style=\"height: 218px\">\n<td style=\"width: 85.367%;height: 218px\">\n<h2 style=\"text-align: center\" align=\"left\">Puede acceder a toda la informaci\u00f3n detallada sobre el <em>DELF Escolar<\/em><\/h2>\n<h3 style=\"text-align: center\" align=\"left\"><span style=\"color: #3366ff\"><a style=\"color: #3366ff\" href=\"https:\/\/blogsaverroes.juntadeandalucia.es\/plurilinguismodelegaciongranada\/files\/2023\/05\/Circular_DELF-scolaire-2023_Andaluc\u00eda-II.pdf\">Circular_DELF scolaire 2023_Andaluc\u00eda II<\/a>&nbsp;<\/span><\/h3>\n<h3 style=\"text-align: center\"><span style=\"color: #3366ff\"><a style=\"color: #3366ff\" href=\"https:\/\/blogsaverroes.juntadeandalucia.es\/plurilinguismodelegaciongranada\/files\/2023\/05\/Anexo-I-DELF-scolaire-2023_pr\u00e9-inscriptions_Andaluc\u00eda.pdf\">Anexo I DELF scolaire 2023_pr\u00e9-inscriptions_Andaluc\u00eda<\/a><\/span><\/h3>\n<h3 style=\"text-align: center\" align=\"left\">&nbsp;<\/h3>\n<\/td>\n<td style=\"width: 14.633%;height: 218px\">\n<h3 style=\"text-align: center\" align=\"left\"><a href=\"https:\/\/blogsaverroes.juntadeandalucia.es\/plurilinguismodelegaciongranada\/files\/2023\/05\/DELF.png\"><img loading=\"lazy\" decoding=\"async\" class=\"wp-image-6198 aligncenter\" src=\"https:\/\/blogsaverroes.juntadeandalucia.es\/plurilinguismodelegaciongranada\/files\/2023\/05\/DELF.png\" alt=\"\" width=\"121\" height=\"181\"><\/a><\/h3>\n<\/td>\n<\/tr>\n<\/tbody>\n<\/table>\n<h2 class=\"titulo\" style=\"text-align: left\">&nbsp; &nbsp; &nbsp; &nbsp; &nbsp; &nbsp; &nbsp; &nbsp; &nbsp; &nbsp; Curso de formaci\u00f3n examinadores DELF. Marzo 23<\/h2>\n<\/td>\n<\/tr>\n<tr>\n<td>\n<table style=\"border-collapse: collapse;width: 100%\">\n<tbody>\n<tr>\n<td style=\"width: 85.367%\">\n<h3 style=\"text-align: center\" align=\"left\">Puede acceder a toda la informaci\u00f3n detallada sobre el <em>DELF Escolar <\/em>en este<\/h3>\n<h3 style=\"text-align: center\" align=\"left\"><span style=\"color: #3366ff\"><a style=\"color: #3366ff\" href=\"http:\/\/La campa\u00f1a \u201cLabelFranc\u00c9ducation\u201d 2023 est\u00e1 abierta. El Ministerio de Asuntos Exteriores de Francia otorga el sello \u00abLabelFrancEducation\u00bb a los centros educativos que ofrecen una ense\u00f1anza biling\u00fce en franc\u00e9s de excelencia. Los centros que tienen el sello \u00abLabelFrancEducation\u00bb forman parte de una red mundial y tienen acceso a nuevos recursos educativos as\u00ed como a una oferta de herramientas pedag\u00f3gicas adaptadas a las necesidades de los centros biling\u00fces en el extranjero. Todas las solicitudes (primera solicitud, renovaci\u00f3n, extensi\u00f3n) deben presentarse en esta plataforma: y las distintas informaciones relativas a esta campa\u00f1a pueden consultarse en esta p\u00e1gina El calendario de la campa\u00f1a de 2023 es el siguiente: - Apertura de la campa\u00f1a: 24 de enero de 2023 (14h). - Cierre de la campa\u00f1a para los centros educativos: 24 de marzo de 2023 - Comisi\u00f3n consultiva interministerial: junio de 2023\">Folleto Informativo<\/a><\/span> .<\/h3>\n<\/td>\n<td style=\"width: 14.633%\">\n<h3 style=\"text-align: center\" align=\"left\"><a href=\"https:\/\/blogsaverroes.juntadeandalucia.es\/plurilinguismodelegaciongranada\/files\/2023\/05\/DELF.png\"><img loading=\"lazy\" decoding=\"async\" class=\"wp-image-6198 aligncenter\" src=\"https:\/\/blogsaverroes.juntadeandalucia.es\/plurilinguismodelegaciongranada\/files\/2023\/05\/DELF.png\" alt=\"\" width=\"121\" height=\"181\"><\/a><\/h3>\n<\/td>\n<\/tr>\n<\/tbody>\n<\/table>\n<\/td>\n<\/tr>\n<\/tbody>\n<\/table>\n<p>&nbsp;<\/p>\n","protected":false},"excerpt":{"rendered":"<p>&nbsp; QU\u00c9 ES EL DELF ESCOLAR &nbsp;&nbsp;&nbsp;&nbsp;&nbsp; &nbsp; El DELF (Dipl\u00f4me d\u2019\u00e9tudes en langue fran\u00e7aise) Escolar es una Acreditaci\u00f3n ling\u00fc\u00edstica contemplada en un Acuerdo firmado entre el Servicio de Cooperaci\u00f3n de la Embajada&#46;&#46;&#46;<\/p>\n","protected":false},"author":3720,"featured_media":0,"parent":0,"menu_order":0,"comment_status":"closed","ping_status":"closed","template":"","meta":{"ngg_post_thumbnail":0,"footnotes":"","_mc_calendar":[]},"aioseo_notices":[],"_links":{"self":[{"href":"https:\/\/blogsaverroes.juntadeandalucia.es\/plurilinguismodelegaciongranada\/wp-json\/wp\/v2\/pages\/5284"}],"collection":[{"href":"https:\/\/blogsaverroes.juntadeandalucia.es\/plurilinguismodelegaciongranada\/wp-json\/wp\/v2\/pages"}],"about":[{"href":"https:\/\/blogsaverroes.juntadeandalucia.es\/plurilinguismodelegaciongranada\/wp-json\/wp\/v2\/types\/page"}],"author":[{"embeddable":true,"href":"https:\/\/blogsaverroes.juntadeandalucia.es\/plurilinguismodelegaciongranada\/wp-json\/wp\/v2\/users\/3720"}],"replies":[{"embeddable":true,"href":"https:\/\/blogsaverroes.juntadeandalucia.es\/plurilinguismodelegaciongranada\/wp-json\/wp\/v2\/comments?post=5284"}],"version-history":[{"count":13,"href":"https:\/\/blogsaverroes.juntadeandalucia.es\/plurilinguismodelegaciongranada\/wp-json\/wp\/v2\/pages\/5284\/revisions"}],"predecessor-version":[{"id":5287,"href":"https:\/\/blogsaverroes.juntadeandalucia.es\/plurilinguismodelegaciongranada\/wp-json\/wp\/v2\/pages\/5284\/revisions\/5287"}],"wp:attachment":[{"href":"https:\/\/blogsaverroes.juntadeandalucia.es\/plurilinguismodelegaciongranada\/wp-json\/wp\/v2\/media?parent=5284"}],"curies":[{"name":"wp","href":"https:\/\/api.w.org\/{rel}","templated":true}]}}