{"id":5904,"date":"2022-10-10T07:50:10","date_gmt":"2022-10-10T07:50:10","guid":{"rendered":"https:\/\/blogsaverroes.juntadeandalucia.es\/plurilinguismodelegaciongranada\/?page_id=5904"},"modified":"2024-10-14T10:40:25","modified_gmt":"2024-10-14T10:40:25","slug":"jornada-acogida","status":"publish","type":"page","link":"https:\/\/blogsaverroes.juntadeandalucia.es\/plurilinguismodelegaciongranada\/jornada-acogida\/","title":{"rendered":"JORNADA ACOGIDA AUXILIARES"},"content":{"rendered":"<p style=\"text-align: center\"><span style=\"text-decoration: underline\"><strong>JORNADA DE ACOGIDA DE AUXILIARES DE CONVERSACI\u00d3N DEL CURSO 2024-2025<\/strong><\/span><\/p>\n<p style=\"text-align: justify\">El mi\u00e9rcoles 9 de octubre de 2024 tendr\u00e1 lugar la Jornada de Acogida Auxiliares de Conversaci\u00f3n en el CEP de Granada.&nbsp;<\/p>\n<p style=\"text-align: justify\">La jornada ser\u00e1 clausurada por la Sr. Delegada Territorial de Desarrollo Educativo y Formaci\u00f3n Profesional en Granada, D\u00aa. M\u00aa Jos\u00e9 Mart\u00edn G\u00f3mez, y cont\u00f3 con la presencia de Juan Jos\u00e9 Carmona Fern\u00e1ndez, responsable provincial de pluriling\u00fcismo. Adem\u00e1s, D\u00ba. Juan Claudio Romero Quesada, Jefe de la Oficina de Extranjer\u00eda en Granada y D\u00aa Inmaculada Fern\u00e1ndez Montesinos Salamanca, Jefa de Secci\u00f3n de la OEX en Granada , Jefa de la Oficina de Extranjer\u00eda de Granada, hablaron de los tr\u00e1mites que los auxiliares de conversaci\u00f3n deben acometer para su estancia en Espa\u00f1a. Por \u00faltimo, Francisco Carrillo Castilla, T\u00e9cnico del Programa de Auxiliares de Conversaci\u00f3n del Servicio de Programas Educativos Internacionales de la Direcci\u00f3n General de Innovaci\u00f3n y Formaci\u00f3n del Profesorado.<\/p>\n<p><img decoding=\"async\" class=\"aligncenter\" src=\"https:\/\/portales.ced.junta-andalucia.es\/educacion\/portales\/documents\/630154\/640916\/para+portal+ok3.jpg\/e8e4a504-836a-a2ba-dfae-06e148309645?t=1706784470403\"><\/p>\n<p>&nbsp;<\/p>\n<p>ENLACES<\/p>\n<ul class=\"listado\">\n<li class=\"item item_listado\">\n<div class=\"inner-item\"><a href=\"https:\/\/blogsaverroes.juntadeandalucia.es\/plurilinguismodelegaciongranada\/files\/2024\/10\/Programa-Jornada-de-Acogida-9-octubre-de-2024.pdf\"><span style=\"text-decoration: underline;background-color: #ccffff\"><strong>PROGRAMA DE LA JORNADA DE ACOGIDA DE AUXILIARES DE CONVERSACI\u00d3N 2024-2025<\/strong><\/span><\/a><\/div>\n<\/li>\n<li class=\"item item_listado\">\n<div class=\"inner-item\"><a href=\"https:\/\/blogsaverroes.juntadeandalucia.es\/plurilinguismodelegaciongranada\/files\/2024\/10\/241004_Presentacion_Jornadas_Auxiliares-2024_25.pdf\"><span style=\"text-decoration: underline;background-color: #ccffff\"><strong>PRESENTACI\u00d3N AUXILIARES DE CONVERSACI\u00d3N 2024\/2025<\/strong><\/span><\/a><\/div>\n<\/li>\n<li><a href=\"https:\/\/blogsaverroes.juntadeandalucia.es\/plurilinguismodelegaciongranada\/files\/2024\/10\/Presentacion-Auxiliares-de-Conversacion-2024-2025.pdf\"><span style=\"text-decoration: underline;background-color: #ccffff\"><strong>PRESENTACI\u00d3N OFICINA DE EXTRANJER\u00cdA DE GRANADA<\/strong><\/span><\/a><\/li>\n<li><a href=\"https:\/\/www.ahoragranada.com\/noticias\/mas-de-230-asistentes-linguisticos-apoyaran-el-plurilinguismo-en-170-centros-educativos-de-granada\/\">NOTA DE PRENSA DE LA NOTICIA<\/a><\/li>\n<\/ul>\n","protected":false},"excerpt":{"rendered":"<p>JORNADA DE ACOGIDA DE AUXILIARES DE CONVERSACI\u00d3N DEL CURSO 2024-2025 El mi\u00e9rcoles 9 de octubre de 2024 tendr\u00e1 lugar la Jornada de Acogida Auxiliares de Conversaci\u00f3n en el CEP de Granada.&nbsp; La jornada&#46;&#46;&#46;<\/p>\n","protected":false},"author":3720,"featured_media":6015,"parent":0,"menu_order":0,"comment_status":"closed","ping_status":"closed","template":"","meta":{"ngg_post_thumbnail":0,"footnotes":"","_mc_calendar":[]},"aioseo_notices":[],"_links":{"self":[{"href":"https:\/\/blogsaverroes.juntadeandalucia.es\/plurilinguismodelegaciongranada\/wp-json\/wp\/v2\/pages\/5904"}],"collection":[{"href":"https:\/\/blogsaverroes.juntadeandalucia.es\/plurilinguismodelegaciongranada\/wp-json\/wp\/v2\/pages"}],"about":[{"href":"https:\/\/blogsaverroes.juntadeandalucia.es\/plurilinguismodelegaciongranada\/wp-json\/wp\/v2\/types\/page"}],"author":[{"embeddable":true,"href":"https:\/\/blogsaverroes.juntadeandalucia.es\/plurilinguismodelegaciongranada\/wp-json\/wp\/v2\/users\/3720"}],"replies":[{"embeddable":true,"href":"https:\/\/blogsaverroes.juntadeandalucia.es\/plurilinguismodelegaciongranada\/wp-json\/wp\/v2\/comments?post=5904"}],"version-history":[{"count":30,"href":"https:\/\/blogsaverroes.juntadeandalucia.es\/plurilinguismodelegaciongranada\/wp-json\/wp\/v2\/pages\/5904\/revisions"}],"predecessor-version":[{"id":6338,"href":"https:\/\/blogsaverroes.juntadeandalucia.es\/plurilinguismodelegaciongranada\/wp-json\/wp\/v2\/pages\/5904\/revisions\/6338"}],"wp:featuredmedia":[{"embeddable":true,"href":"https:\/\/blogsaverroes.juntadeandalucia.es\/plurilinguismodelegaciongranada\/wp-json\/wp\/v2\/media\/6015"}],"wp:attachment":[{"href":"https:\/\/blogsaverroes.juntadeandalucia.es\/plurilinguismodelegaciongranada\/wp-json\/wp\/v2\/media?parent=5904"}],"curies":[{"name":"wp","href":"https:\/\/api.w.org\/{rel}","templated":true}]}}