{"id":2319,"date":"2018-02-03T19:06:07","date_gmt":"2018-02-03T19:06:07","guid":{"rendered":"http:\/\/mjalvarez.com\/pluri\/?page_id=29"},"modified":"2018-02-24T19:48:11","modified_gmt":"2018-02-24T19:48:11","slug":"ensenanza","status":"publish","type":"page","link":"https:\/\/blogsaverroes.juntadeandalucia.es\/plurilinguismodelegacionhuelva\/ensenanza\/","title":{"rendered":"ENSE\u00d1ANZA BILING\u00dcE Y PLURILING\u00dcE"},"content":{"rendered":"","protected":false},"excerpt":{"rendered":"","protected":false},"author":6025,"featured_media":0,"parent":0,"menu_order":0,"comment_status":"closed","ping_status":"closed","template":"","meta":{"ngg_post_thumbnail":0,"footnotes":"","_mc_calendar":[]},"aioseo_notices":[],"_links":{"self":[{"href":"https:\/\/blogsaverroes.juntadeandalucia.es\/plurilinguismodelegacionhuelva\/wp-json\/wp\/v2\/pages\/2319"}],"collection":[{"href":"https:\/\/blogsaverroes.juntadeandalucia.es\/plurilinguismodelegacionhuelva\/wp-json\/wp\/v2\/pages"}],"about":[{"href":"https:\/\/blogsaverroes.juntadeandalucia.es\/plurilinguismodelegacionhuelva\/wp-json\/wp\/v2\/types\/page"}],"author":[{"embeddable":true,"href":"https:\/\/blogsaverroes.juntadeandalucia.es\/plurilinguismodelegacionhuelva\/wp-json\/wp\/v2\/users\/6025"}],"replies":[{"embeddable":true,"href":"https:\/\/blogsaverroes.juntadeandalucia.es\/plurilinguismodelegacionhuelva\/wp-json\/wp\/v2\/comments?post=2319"}],"version-history":[{"count":1,"href":"https:\/\/blogsaverroes.juntadeandalucia.es\/plurilinguismodelegacionhuelva\/wp-json\/wp\/v2\/pages\/2319\/revisions"}],"predecessor-version":[{"id":2372,"href":"https:\/\/blogsaverroes.juntadeandalucia.es\/plurilinguismodelegacionhuelva\/wp-json\/wp\/v2\/pages\/2319\/revisions\/2372"}],"wp:attachment":[{"href":"https:\/\/blogsaverroes.juntadeandalucia.es\/plurilinguismodelegacionhuelva\/wp-json\/wp\/v2\/media?parent=2319"}],"curies":[{"name":"wp","href":"https:\/\/api.w.org\/{rel}","templated":true}]}}