{"id":2755,"date":"2018-09-30T11:19:46","date_gmt":"2018-09-30T11:19:46","guid":{"rendered":"https:\/\/blogsaverroes.juntadeandalucia.es\/plurilinguismodelegacionhuelva\/?page_id=2755"},"modified":"2018-10-07T06:54:25","modified_gmt":"2018-10-07T06:54:25","slug":"jornadas-aux","status":"publish","type":"page","link":"https:\/\/blogsaverroes.juntadeandalucia.es\/plurilinguismodelegacionhuelva\/jornadas-aux\/","title":{"rendered":"Programa y materiales de las Jornadas de Acogida de Auxiliares de Conversaci\u00f3n 2018-2019"},"content":{"rendered":"<h4><a href=\"https:\/\/blogsaverroes.juntadeandalucia.es\/plurilinguismodelegacionhuelva\/files\/2018\/09\/PROGRAMA_AUXILIARES.pdf\" target=\"_blank\" rel=\"noopener\"><img loading=\"lazy\" decoding=\"async\" class=\"alignleft wp-image-2764 size-medium\" src=\"https:\/\/blogsaverroes.juntadeandalucia.es\/plurilinguismodelegacionhuelva\/files\/2018\/09\/jornada-213x300.png\" alt=\"\" width=\"213\" height=\"300\" srcset=\"https:\/\/blogsaverroes.juntadeandalucia.es\/plurilinguismodelegacionhuelva\/files\/2018\/09\/jornada-213x300.png 213w, https:\/\/blogsaverroes.juntadeandalucia.es\/plurilinguismodelegacionhuelva\/files\/2018\/09\/jornada-768x1081.png 768w, https:\/\/blogsaverroes.juntadeandalucia.es\/plurilinguismodelegacionhuelva\/files\/2018\/09\/jornada-727x1024.png 727w, https:\/\/blogsaverroes.juntadeandalucia.es\/plurilinguismodelegacionhuelva\/files\/2018\/09\/jornada-700x986.png 700w, https:\/\/blogsaverroes.juntadeandalucia.es\/plurilinguismodelegacionhuelva\/files\/2018\/09\/jornada-332x467.png 332w, https:\/\/blogsaverroes.juntadeandalucia.es\/plurilinguismodelegacionhuelva\/files\/2018\/09\/jornada-17x24.png 17w, https:\/\/blogsaverroes.juntadeandalucia.es\/plurilinguismodelegacionhuelva\/files\/2018\/09\/jornada-26x36.png 26w, https:\/\/blogsaverroes.juntadeandalucia.es\/plurilinguismodelegacionhuelva\/files\/2018\/09\/jornada-34x48.png 34w, https:\/\/blogsaverroes.juntadeandalucia.es\/plurilinguismodelegacionhuelva\/files\/2018\/09\/jornada.png 814w\" sizes=\"(max-width: 213px) 100vw, 213px\" \/><\/a><\/h4>\n<h4>En este enlace encontrar\u00e1s el programa de las <a href=\"https:\/\/blogsaverroes.juntadeandalucia.es\/plurilinguismodelegacionhuelva\/files\/2018\/09\/PROGRAMA_AUXILIARES.pdf\">Jornadas de Acogida de Auxiliares de Conversaci\u00f3n<\/a> para el presente curso escolar 2018-2019.<\/h4>\n<h4>Entre los materiales para estas jornadas, ya est\u00e1n disponibles <span style=\"color: #008000\">dos tr\u00edpticos informativos<\/span> para nuestros auxiliares de conversaci\u00f3n en espa\u00f1ol, ingl\u00e9s, franc\u00e9s y portugu\u00e9s.<\/h4>\n<h4>El tr\u00edptico \u00ab<a href=\"https:\/\/blogsaverroes.juntadeandalucia.es\/plurilinguismodelegacionhuelva\/files\/2018\/09\/BROCHURE_ASSISTANT_DUTIES-.pdf\">Funciones del auxiliar de conversaci\u00f3n<\/a>\u00bb&nbsp; describe las diversas funciones que el auxiliar y la auxiliar de conversaci\u00f3n desarrollar\u00e1n en su interacci\u00f3n con el alumnado y el equipo docente.<\/h4>\n<h4>En el tr\u00edptico \u00ab<a href=\"https:\/\/blogsaverroes.juntadeandalucia.es\/plurilinguismodelegacionhuelva\/files\/2018\/09\/BROCHURE-ASSISTANT-TIPS-.pdf\">Auxiliar de Conversaci\u00f3n: Consejos pr\u00e1cticos para el d\u00eda a d\u00eda en el centro educativo<\/a>\u00bb se enumeran recomendaciones que facilitan la integraci\u00f3n y el desarrollo de la actividad del auxiliar y la auxiliar de conversaci\u00f3n en el centro.&nbsp;<\/h4>\n<p><a href=\"https:\/\/blogsaverroes.juntadeandalucia.es\/plurilinguismodelegacionhuelva\/files\/2018\/09\/BROCHURE_ASSISTANT_DUTIES-.pdf\"><img loading=\"lazy\" decoding=\"async\" class=\"alignleft wp-image-2778 size-medium\" src=\"https:\/\/blogsaverroes.juntadeandalucia.es\/plurilinguismodelegacionhuelva\/files\/2018\/09\/funciones-177x300.png\" alt=\"\" width=\"177\" height=\"300\" srcset=\"https:\/\/blogsaverroes.juntadeandalucia.es\/plurilinguismodelegacionhuelva\/files\/2018\/09\/funciones-177x300.png 177w, https:\/\/blogsaverroes.juntadeandalucia.es\/plurilinguismodelegacionhuelva\/files\/2018\/09\/funciones-332x561.png 332w, https:\/\/blogsaverroes.juntadeandalucia.es\/plurilinguismodelegacionhuelva\/files\/2018\/09\/funciones-14x24.png 14w, https:\/\/blogsaverroes.juntadeandalucia.es\/plurilinguismodelegacionhuelva\/files\/2018\/09\/funciones-21x36.png 21w, https:\/\/blogsaverroes.juntadeandalucia.es\/plurilinguismodelegacionhuelva\/files\/2018\/09\/funciones-28x48.png 28w, https:\/\/blogsaverroes.juntadeandalucia.es\/plurilinguismodelegacionhuelva\/files\/2018\/09\/funciones.png 336w\" sizes=\"(max-width: 177px) 100vw, 177px\" \/><\/a><\/p>\n<h4><a href=\"https:\/\/blogsaverroes.juntadeandalucia.es\/plurilinguismodelegacionhuelva\/files\/2018\/09\/BROCHURE-ASSISTANT-TIPS-.pdf\"><img loading=\"lazy\" decoding=\"async\" class=\"alignleft wp-image-2773 size-medium\" src=\"https:\/\/blogsaverroes.juntadeandalucia.es\/plurilinguismodelegacionhuelva\/files\/2018\/09\/huella-198x300.png\" alt=\"\" width=\"198\" height=\"300\" srcset=\"https:\/\/blogsaverroes.juntadeandalucia.es\/plurilinguismodelegacionhuelva\/files\/2018\/09\/huella-198x300.png 198w, https:\/\/blogsaverroes.juntadeandalucia.es\/plurilinguismodelegacionhuelva\/files\/2018\/09\/huella-16x24.png 16w, https:\/\/blogsaverroes.juntadeandalucia.es\/plurilinguismodelegacionhuelva\/files\/2018\/09\/huella-24x36.png 24w, https:\/\/blogsaverroes.juntadeandalucia.es\/plurilinguismodelegacionhuelva\/files\/2018\/09\/huella-32x48.png 32w, https:\/\/blogsaverroes.juntadeandalucia.es\/plurilinguismodelegacionhuelva\/files\/2018\/09\/huella.png 299w\" sizes=\"(max-width: 198px) 100vw, 198px\" \/><\/a><\/h4>\n<p>&nbsp;<\/p>\n<p>&nbsp;<\/p>\n<p>&nbsp;<\/p>\n<p>&nbsp;<\/p>\n","protected":false},"excerpt":{"rendered":"<p>En este enlace encontrar\u00e1s el programa de las Jornadas de Acogida de Auxiliares de Conversaci\u00f3n para el presente curso escolar 2018-2019. Entre los materiales para estas jornadas, ya est\u00e1n disponibles dos tr\u00edpticos informativos para&#46;&#46;&#46;<\/p>\n","protected":false},"author":6025,"featured_media":0,"parent":0,"menu_order":0,"comment_status":"closed","ping_status":"closed","template":"","meta":{"ngg_post_thumbnail":0,"footnotes":"","_mc_calendar":[]},"aioseo_notices":[],"_links":{"self":[{"href":"https:\/\/blogsaverroes.juntadeandalucia.es\/plurilinguismodelegacionhuelva\/wp-json\/wp\/v2\/pages\/2755"}],"collection":[{"href":"https:\/\/blogsaverroes.juntadeandalucia.es\/plurilinguismodelegacionhuelva\/wp-json\/wp\/v2\/pages"}],"about":[{"href":"https:\/\/blogsaverroes.juntadeandalucia.es\/plurilinguismodelegacionhuelva\/wp-json\/wp\/v2\/types\/page"}],"author":[{"embeddable":true,"href":"https:\/\/blogsaverroes.juntadeandalucia.es\/plurilinguismodelegacionhuelva\/wp-json\/wp\/v2\/users\/6025"}],"replies":[{"embeddable":true,"href":"https:\/\/blogsaverroes.juntadeandalucia.es\/plurilinguismodelegacionhuelva\/wp-json\/wp\/v2\/comments?post=2755"}],"version-history":[{"count":16,"href":"https:\/\/blogsaverroes.juntadeandalucia.es\/plurilinguismodelegacionhuelva\/wp-json\/wp\/v2\/pages\/2755\/revisions"}],"predecessor-version":[{"id":2758,"href":"https:\/\/blogsaverroes.juntadeandalucia.es\/plurilinguismodelegacionhuelva\/wp-json\/wp\/v2\/pages\/2755\/revisions\/2758"}],"wp:attachment":[{"href":"https:\/\/blogsaverroes.juntadeandalucia.es\/plurilinguismodelegacionhuelva\/wp-json\/wp\/v2\/media?parent=2755"}],"curies":[{"name":"wp","href":"https:\/\/api.w.org\/{rel}","templated":true}]}}