{"id":65,"date":"2018-02-04T07:06:57","date_gmt":"2018-02-04T07:06:57","guid":{"rendered":"http:\/\/mjalvarez.com\/pluri\/?page_id=65"},"modified":"2023-05-01T15:12:11","modified_gmt":"2023-05-01T15:12:11","slug":"bachibac","status":"publish","type":"page","link":"https:\/\/blogsaverroes.juntadeandalucia.es\/plurilinguismodelegacionhuelva\/otros-programas\/bachibac\/","title":{"rendered":"BACHIBAC"},"content":{"rendered":"<p>El programa de <strong>Bachiller-Baccalaure\u00e1t<\/strong> o <strong>Bachibac<\/strong> se oferta en la actualidad a trav\u00e9s del Instituto de Ense\u00f1anza Secundaria&nbsp; <em><strong>Alto Conquero<\/strong> <\/em>de Huelva capital. A trav\u00e9s de este programa, el alumnado puede recibir una doble titulaci\u00f3n, v\u00e1lida tanto en Espa\u00f1a como en Francia, que le permite acceder a estudios superiores en ambos pa\u00edses. En Bachibac, junto con las \u00e1reas que se imparten en espa\u00f1ol,&nbsp; se trabaja con un curr\u00edculo mixto en lengua francesa donde se integran la lengua y literatura francesas e historia de Francia. Posteriormente&nbsp; y para completar el programa, el alumnado debe de superar unas pruebas externas en lengua francesa.<\/p>\n<p>El programa es fruto del acuerdo firmado por los gobiernos de ambos pa\u00edses en 2008 y desarrollado posteriormente desde 2010 en la siguiente normativa:<\/p>\n<ul style=\"list-style-type: square\">\n<li><a href=\"https:\/\/www.boe.es\/buscar\/doc.php?id=BOE-A-2010-4130\">Real Decreto 102\/2010, de 5 de febrero, por el que se regula la ordenaci\u00f3n de las ense\u00f1anzas acogidas al acuerdo entre el Gobierno de Espa\u00f1a y el Gobierno de Francia relativo a la doble titulaci\u00f3n de Bachiller y de&nbsp;Baccalaure\u00e1t en centros docentes espa\u00f1oles.<\/a><\/li>\n<li><a href=\"https:\/\/www.boe.es\/buscar\/doc.php?id=BOE-A-2010-12706\">Orden EDU\/2157\/2010 de 30 de julio, por la que se regula el curr\u00edculo mixto de las ense\u00f1anzas acogidas al Acuerdo entre el Gobierno de Espa\u00f1a y el Gobierno de Francia relativo a la&nbsp;doble titulaci\u00f3n de Bachiller y de&nbsp;Baccalaure\u00e1t en centros docentes espa\u00f1oles, as\u00ed como los requisitos para su obtenci\u00f3n.<\/a><\/li>\n<li><a href=\"http:\/\/Orden ECD\/1961\/2015, de 24 de septiembre, por la que se modifica la Orden EDU\/2157\/2010, de 30 de julio, por la que se regula el curr\u00edculo mixto de las ense\u00f1anzas acogidas al Acuerdo entre el Gobierno de Espa\u00f1a y el Gobierno de Francia relativo a la doble titulaci\u00f3n de Bachiller y de Baccalaur\u00e9at en centros docentes espa\u00f1oles, as\u00ed como los requisitos para su obtenci\u00f3n.\">Orden ECD\/1961\/2015, de 24 de septiembre, por la que se modifica la Orden EDU\/2157\/2010, de 30 de julio, por&nbsp;la que se regula el curr\u00edculo mixto de las ense\u00f1anzas acogidas al Acuerdo entre el Gobierno de Espa\u00f1a y el Gobierno de Francia relativo a la&nbsp;doble titulaci\u00f3n de Bachiller y de&nbsp;Baccalaure\u00e1t en centros docentes espa\u00f1oles, as\u00ed como los requisitos para su obtenci\u00f3n.<\/a><\/li>\n<li><a href=\"http:\/\/www.juntadeandalucia.es\/educacion\/portals\/abaco-portlet\/content\/15a3de5c-929b-42ab-84d2-8ca60cef6a03\">Instrucci\u00f3n de 1\/2017, de 17 de enero, de la Direcci\u00f3n General de Ordenaci\u00f3n Educativa, por la que se regulan determinados aspectos de las ense\u00f1anzas del Programa de doble titulaci\u00f3n Bachiller-Baccalaur\u00e9at en centros docentes de la Comunidad Aut\u00f3noma de Andaluc\u00eda.<\/a><\/li>\n<li><a href=\"http:\/\/www.juntadeandalucia.es\/educacion\/webportal\/abaco-portlet\/content\/620090ca-06da-4ca6-bfe3-824c46290ac5\">Resoluci\u00f3n de 11 de septiembre de 2017 de la Secretar\u00eda de Estado de Educaci\u00f3n, Formaci\u00f3n Profesional y Universidades por la que se dictan instrucciones relativas al programa de doble titulaci\u00f3n&nbsp;Bachiller-Baccalaure\u00e1t correspondientes al curso 2017-2018.<\/a><\/li>\n<li><a href=\"http:\/\/www.juntadeandalucia.es\/educacion\/webportal\/abaco-portlet\/content\/8133b7db-6c0f-44ae-82cd-cab4eb3ade3f\">Resoluci\u00f3n de 10 de octubre de 2017 de la Direcci\u00f3n General de Ordenaci\u00f3n Educativa por la que se concretan aspectos relativos a la prueba externa del programa de doble titulaci\u00f3n&nbsp;Bachiller-Baccalaure\u00e1t correspondiente al curso 2017-2018 en la comunidad aut\u00f3noma de Andaluc\u00eda.<\/a><\/li>\n<li><a href=\"https:\/\/www.boe.es\/diario_boe\/txt.php?id=BOE-A-2017-15022\">Orden ECD\/1237\/2017, de 11 de diciembre, por la que se modifica la Orden ECD\/1767\/2012, de 3 de agosto, por la que se regula la expedici\u00f3n del T\u00edtulo de Bachiller correspondiente a las ense\u00f1anzas reguladas por la Ley Org\u00e1nica 2\/2006, de 3 de mayo, de Educaci\u00f3n, para el alumnado inscrito en los programas de secciones internacionales espa\u00f1olas y \u00abBachibac\u00bb en liceos franceses.<\/a><\/li>\n<\/ul>\n<p>Para m\u00e1s informaci\u00f3n sobre el programa,&nbsp;<a href=\"http:\/\/www.juntadeandalucia.es\/educacion\/webportal\/web\/portal-de-plurilinguismo\/mas-programas-bilingues\/programa-de-aulas-confucio\" target=\"_blank\" rel=\"noopener noreferrer\">Portal Pluriling\u00fcismo<\/a> de la Consejer\u00eda de Educaci\u00f3n de Andaluc\u00eda.<\/p>\n","protected":false},"excerpt":{"rendered":"<p>El programa de Bachiller-Baccalaure\u00e1t o Bachibac se oferta en la actualidad a trav\u00e9s del Instituto de Ense\u00f1anza Secundaria&nbsp; Alto Conquero de Huelva capital. A trav\u00e9s de este programa, el alumnado puede recibir una doble&#46;&#46;&#46;<\/p>\n","protected":false},"author":6025,"featured_media":0,"parent":63,"menu_order":0,"comment_status":"closed","ping_status":"closed","template":"","meta":{"ngg_post_thumbnail":0,"footnotes":"","_mc_calendar":[]},"aioseo_notices":[],"_links":{"self":[{"href":"https:\/\/blogsaverroes.juntadeandalucia.es\/plurilinguismodelegacionhuelva\/wp-json\/wp\/v2\/pages\/65"}],"collection":[{"href":"https:\/\/blogsaverroes.juntadeandalucia.es\/plurilinguismodelegacionhuelva\/wp-json\/wp\/v2\/pages"}],"about":[{"href":"https:\/\/blogsaverroes.juntadeandalucia.es\/plurilinguismodelegacionhuelva\/wp-json\/wp\/v2\/types\/page"}],"author":[{"embeddable":true,"href":"https:\/\/blogsaverroes.juntadeandalucia.es\/plurilinguismodelegacionhuelva\/wp-json\/wp\/v2\/users\/6025"}],"replies":[{"embeddable":true,"href":"https:\/\/blogsaverroes.juntadeandalucia.es\/plurilinguismodelegacionhuelva\/wp-json\/wp\/v2\/comments?post=65"}],"version-history":[{"count":13,"href":"https:\/\/blogsaverroes.juntadeandalucia.es\/plurilinguismodelegacionhuelva\/wp-json\/wp\/v2\/pages\/65\/revisions"}],"predecessor-version":[{"id":3549,"href":"https:\/\/blogsaverroes.juntadeandalucia.es\/plurilinguismodelegacionhuelva\/wp-json\/wp\/v2\/pages\/65\/revisions\/3549"}],"up":[{"embeddable":true,"href":"https:\/\/blogsaverroes.juntadeandalucia.es\/plurilinguismodelegacionhuelva\/wp-json\/wp\/v2\/pages\/63"}],"wp:attachment":[{"href":"https:\/\/blogsaverroes.juntadeandalucia.es\/plurilinguismodelegacionhuelva\/wp-json\/wp\/v2\/media?parent=65"}],"curies":[{"name":"wp","href":"https:\/\/api.w.org\/{rel}","templated":true}]}}