{"id":94,"date":"2018-02-04T08:32:16","date_gmt":"2018-02-04T08:32:16","guid":{"rendered":"http:\/\/mjalvarez.com\/pluri\/?page_id=94"},"modified":"2023-05-01T15:13:23","modified_gmt":"2023-05-01T15:13:23","slug":"ensenanza-china","status":"publish","type":"page","link":"https:\/\/blogsaverroes.juntadeandalucia.es\/plurilinguismodelegacionhuelva\/ensenanza-china\/","title":{"rendered":"AULA CONFUCIO"},"content":{"rendered":"<div id=\"attachment_2539\" style=\"width: 235px\" class=\"wp-caption alignleft\"><a href=\"https:\/\/blogsaverroes.juntadeandalucia.es\/plurilinguismodelegacionhuelva\/files\/2018\/02\/a\u00f1o-nuevo-chino-IESDGQ-2.jpg\"><img loading=\"lazy\" decoding=\"async\" aria-describedby=\"caption-attachment-2539\" class=\"size-medium wp-image-2539\" src=\"https:\/\/blogsaverroes.juntadeandalucia.es\/plurilinguismodelegacionhuelva\/files\/2018\/02\/a\u00f1o-nuevo-chino-IESDGQ-2-225x300.jpg\" alt=\"\" width=\"225\" height=\"300\" srcset=\"https:\/\/blogsaverroes.juntadeandalucia.es\/plurilinguismodelegacionhuelva\/files\/2018\/02\/a\u00f1o-nuevo-chino-IESDGQ-2-225x300.jpg 225w, https:\/\/blogsaverroes.juntadeandalucia.es\/plurilinguismodelegacionhuelva\/files\/2018\/02\/a\u00f1o-nuevo-chino-IESDGQ-2-700x933.jpg 700w, https:\/\/blogsaverroes.juntadeandalucia.es\/plurilinguismodelegacionhuelva\/files\/2018\/02\/a\u00f1o-nuevo-chino-IESDGQ-2-332x443.jpg 332w, https:\/\/blogsaverroes.juntadeandalucia.es\/plurilinguismodelegacionhuelva\/files\/2018\/02\/a\u00f1o-nuevo-chino-IESDGQ-2-18x24.jpg 18w, https:\/\/blogsaverroes.juntadeandalucia.es\/plurilinguismodelegacionhuelva\/files\/2018\/02\/a\u00f1o-nuevo-chino-IESDGQ-2-27x36.jpg 27w, https:\/\/blogsaverroes.juntadeandalucia.es\/plurilinguismodelegacionhuelva\/files\/2018\/02\/a\u00f1o-nuevo-chino-IESDGQ-2-36x48.jpg 36w, https:\/\/blogsaverroes.juntadeandalucia.es\/plurilinguismodelegacionhuelva\/files\/2018\/02\/a\u00f1o-nuevo-chino-IESDGQ-2-978x1304.jpg 978w, https:\/\/blogsaverroes.juntadeandalucia.es\/plurilinguismodelegacionhuelva\/files\/2018\/02\/a\u00f1o-nuevo-chino-IESDGQ-2.jpg 720w\" sizes=\"(max-width: 225px) 100vw, 225px\" \/><\/a><p id=\"caption-attachment-2539\" class=\"wp-caption-text\">Decoraci\u00f3n del A\u00f1o Nuevo Chino en IES Diego de Guzm\u00e1n<\/p><\/div>\n<p>En la actualidad existen dos modalidades de ense\u00f1anza de la lengua, el arte y la cultura chinas en los centros de titularidad p\u00fablica en Andaluc\u00eda. Desde las Aulas Confucio, un centro educativo puede ofertar la ense\u00f1anza de la lengua china como <strong>actividad extraescolar<\/strong> as\u00ed como&nbsp;<strong>parte integrante del curr\u00edculo,<\/strong>&nbsp; es decir, dentro del horario escolar.<\/p>\n<p>Este programa, fruto del acuerdo entre la Consejer\u00eda de Educaci\u00f3n de La Junta de Andaluc\u00eda y la Oficina Nacional de Promoci\u00f3n Internacional de la Lengua China, Hanban, para el pr\u00f3ximo curso escolar estar\u00e1 regulado por <em>las&nbsp;<a href=\"http:\/\/www.juntadeandalucia.es\/educacion\/portals\/web\/ced\/normativa\/-\/normativas\/detalle\/instrucciones-de-1-de-junio-de-2018-de-la-direccion-general-de-innovacion-y-formacion-del-profesorado-para-el\">Instrucciones de 1 de junio de 2018, de la Direcci\u00f3n General de Innovaci\u00f3n y Formaci\u00f3n del Profesorado, para el desarrollo del Programa de Aulas Confucio de Ense\u00f1anza de la lengua, el arte y la cultura chinas en centros docentes p\u00fablicos andaluces de Educaci\u00f3n Primaria y Secundaria para el curso 2018\/2019.<\/a><\/em><\/p>\n<div id=\"attachment_2614\" style=\"width: 235px\" class=\"wp-caption alignright\"><a href=\"https:\/\/blogsaverroes.juntadeandalucia.es\/plurilinguismodelegacionhuelva\/files\/2018\/02\/File-03-06-2018-08-51-38-e1528009231186.jpeg\"><img loading=\"lazy\" decoding=\"async\" aria-describedby=\"caption-attachment-2614\" class=\"size-medium wp-image-2614\" src=\"https:\/\/blogsaverroes.juntadeandalucia.es\/plurilinguismodelegacionhuelva\/files\/2018\/02\/File-03-06-2018-08-51-38-e1528009231186-225x300.jpeg\" alt=\"\" width=\"225\" height=\"300\" srcset=\"https:\/\/blogsaverroes.juntadeandalucia.es\/plurilinguismodelegacionhuelva\/files\/2018\/02\/File-03-06-2018-08-51-38-e1528009231186-225x300.jpeg 225w, https:\/\/blogsaverroes.juntadeandalucia.es\/plurilinguismodelegacionhuelva\/files\/2018\/02\/File-03-06-2018-08-51-38-e1528009231186-768x1024.jpeg 768w, https:\/\/blogsaverroes.juntadeandalucia.es\/plurilinguismodelegacionhuelva\/files\/2018\/02\/File-03-06-2018-08-51-38-e1528009231186-700x933.jpeg 700w, https:\/\/blogsaverroes.juntadeandalucia.es\/plurilinguismodelegacionhuelva\/files\/2018\/02\/File-03-06-2018-08-51-38-e1528009231186-332x443.jpeg 332w, https:\/\/blogsaverroes.juntadeandalucia.es\/plurilinguismodelegacionhuelva\/files\/2018\/02\/File-03-06-2018-08-51-38-e1528009231186-18x24.jpeg 18w, https:\/\/blogsaverroes.juntadeandalucia.es\/plurilinguismodelegacionhuelva\/files\/2018\/02\/File-03-06-2018-08-51-38-e1528009231186-27x36.jpeg 27w, https:\/\/blogsaverroes.juntadeandalucia.es\/plurilinguismodelegacionhuelva\/files\/2018\/02\/File-03-06-2018-08-51-38-e1528009231186-36x48.jpeg 36w, https:\/\/blogsaverroes.juntadeandalucia.es\/plurilinguismodelegacionhuelva\/files\/2018\/02\/File-03-06-2018-08-51-38-e1528009231186.jpeg 1200w\" sizes=\"(max-width: 225px) 100vw, 225px\" \/><\/a><p id=\"caption-attachment-2614\" class=\"wp-caption-text\">Clausura Aula Confucio 2017\/18<\/p><\/div>\n<p>En Huelva capital, <strong>el Instituto de Ense\u00f1anza Secundaria <em>Diego de Guzm\u00e1n y Quesada<\/em><\/strong>&nbsp;es titular de Aulas Confucio. Iniciaron su andadura como tal, en el a\u00f1o 2011 y desde entonces, son m\u00faltiples las actividades que pone en marcha cada a\u00f1o para que el alumnado del centro se acerque a la lengua y cultura chinas de primera mano.<\/p>\n<p>Para el curso 2018\/2019 Huelva contar\u00e1 con dos nuevos centros asociados al Aula Confucio,&nbsp; <strong>el CEIP Manuel Siurot y el IEs La R\u00e1bida<\/strong>, que ofertar\u00e1n esta ense\u00f1anza como \u00e1rea curricular para su alumnado.<\/p>\n<p>Para m\u00e1s informaci\u00f3n sobre el programa,&nbsp;<a href=\"http:\/\/www.juntadeandalucia.es\/educacion\/webportal\/web\/portal-de-plurilinguismo\/mas-programas-bilingues\/programa-de-aulas-confucio\" target=\"_blank\" rel=\"noopener noreferrer\">Portal Pluriling\u00fcismo<\/a> de la Consejer\u00eda de Educaci\u00f3n de Andaluc\u00eda.<\/p>\n","protected":false},"excerpt":{"rendered":"<p>En la actualidad existen dos modalidades de ense\u00f1anza de la lengua, el arte y la cultura chinas en los centros de titularidad p\u00fablica en Andaluc\u00eda. Desde las Aulas Confucio, un centro educativo puede ofertar&#46;&#46;&#46;<\/p>\n","protected":false},"author":6025,"featured_media":2539,"parent":0,"menu_order":0,"comment_status":"closed","ping_status":"closed","template":"","meta":{"ngg_post_thumbnail":0,"footnotes":"","_mc_calendar":[]},"aioseo_notices":[],"_links":{"self":[{"href":"https:\/\/blogsaverroes.juntadeandalucia.es\/plurilinguismodelegacionhuelva\/wp-json\/wp\/v2\/pages\/94"}],"collection":[{"href":"https:\/\/blogsaverroes.juntadeandalucia.es\/plurilinguismodelegacionhuelva\/wp-json\/wp\/v2\/pages"}],"about":[{"href":"https:\/\/blogsaverroes.juntadeandalucia.es\/plurilinguismodelegacionhuelva\/wp-json\/wp\/v2\/types\/page"}],"author":[{"embeddable":true,"href":"https:\/\/blogsaverroes.juntadeandalucia.es\/plurilinguismodelegacionhuelva\/wp-json\/wp\/v2\/users\/6025"}],"replies":[{"embeddable":true,"href":"https:\/\/blogsaverroes.juntadeandalucia.es\/plurilinguismodelegacionhuelva\/wp-json\/wp\/v2\/comments?post=94"}],"version-history":[{"count":17,"href":"https:\/\/blogsaverroes.juntadeandalucia.es\/plurilinguismodelegacionhuelva\/wp-json\/wp\/v2\/pages\/94\/revisions"}],"predecessor-version":[{"id":3550,"href":"https:\/\/blogsaverroes.juntadeandalucia.es\/plurilinguismodelegacionhuelva\/wp-json\/wp\/v2\/pages\/94\/revisions\/3550"}],"wp:featuredmedia":[{"embeddable":true,"href":"https:\/\/blogsaverroes.juntadeandalucia.es\/plurilinguismodelegacionhuelva\/wp-json\/wp\/v2\/media\/2539"}],"wp:attachment":[{"href":"https:\/\/blogsaverroes.juntadeandalucia.es\/plurilinguismodelegacionhuelva\/wp-json\/wp\/v2\/media?parent=94"}],"curies":[{"name":"wp","href":"https:\/\/api.w.org\/{rel}","templated":true}]}}