{"id":2591,"date":"2019-01-09T08:25:49","date_gmt":"2019-01-09T08:25:49","guid":{"rendered":"https:\/\/blogsaverroes.juntadeandalucia.es\/plurilinguismodelegacionjaen\/?page_id=2591"},"modified":"2024-10-23T07:00:30","modified_gmt":"2024-10-23T07:00:30","slug":"organizacion-y-funcionamiento-ensenanza-bilingue","status":"publish","type":"page","link":"https:\/\/blogsaverroes.juntadeandalucia.es\/plurilinguismodelegacionjaen\/organizacion-y-funcionamiento-ensenanza-bilingue\/","title":{"rendered":"Organizaci\u00f3n y Funcionamiento Ense\u00f1anza Biling\u00fce"},"content":{"rendered":"<ul style=\"list-style-type: circle\">\n<li><a href=\"https:\/\/www.juntadeandalucia.es\/educacion\/portales\/documents\/630154\/636707\/Jornada%20informativa%20direcci%C3%B3n%20y%20coordinaci%C3%B3n%20biling%C3%BCe_%202024_25.pdf\/eada2ba1-a06a-5ef3-a434-1a1900686eea?version=1.0\" target=\"_blank\" rel=\"noopener\">Jornada Informativa para la Direcci\u00f3n y Coordinaci\u00f3n Biling\u00fce. Curso 2024\/25<\/a><\/li>\n<li><a href=\"https:\/\/juntadeandalucia.es\/boja\/2017\/24\/BOJA17-024-00048-1794-01_00107169.pdf\" target=\"_blank\" rel=\"noopener noreferrer\"><strong>Plan Estrat\u00e9gico de Desarrollo de las Lenguas en Andaluc\u00eda Horizonte 2020<\/strong><\/a><\/li>\n<\/ul>\n<p><strong>ORGANIZACI\u00d3N Y FUNCIONAMIENTO DE LA ENSE\u00d1ANZA BILING\u00dcE<\/strong><\/p>\n<ul style=\"list-style-type: circle\">\n<li><a href=\"https:\/\/juntadeandalucia.es\/boja\/2011\/135\/d1.pdf\" target=\"_blank\" rel=\"noopener noreferrer\"><strong>ORDEN de 28 de junio de 2011<\/strong><\/a>, por la que se regula la ense\u00f1anza biling\u00fce en los centros docentes de la Comunidad Aut\u00f3noma de Andaluc\u00eda.<\/li>\n<li><a href=\"https:\/\/juntadeandalucia.es\/boja\/2011\/135\/d2.pdf\" target=\"_blank\" rel=\"noopener noreferrer\"><strong>ORDEN de 29 de junio de 2011<\/strong><\/a>, por la que se establece el procedimiento para la autorizaci\u00f3n de la ense\u00f1anza biling\u00fce en los centros docentes de titularidad privada.<\/li>\n<li><a href=\"https:\/\/juntadeandalucia.es\/boja\/2013\/44\/BOJA13-044-00002-3550-01_00022594.pdf\" target=\"_blank\" rel=\"noopener noreferrer\"><strong>ORDEN de 18 de febrero de 2013<\/strong><\/a>, por la que se modifican la de 28 de junio de 2011, por la que se regula la ense\u00f1anza biling\u00fce en los centros docentes de la Comunidad Aut\u00f3noma de Andaluc\u00eda, y la de 29 de junio de 2011, por la que se establece el procedimiento para la autorizaci\u00f3n de la ense\u00f1anza biling\u00fce en los centros docentes de titularidad privada.<\/li>\n<li><a href=\"https:\/\/juntadeandalucia.es\/boja\/2016\/150\/BOJA16-150-00002-14231-01_00096602.pdf\" target=\"_blank\" rel=\"noopener noreferrer\"><strong>ORDEN de 1 de agosto de 2016<\/strong><\/a>, por la que se modifica la Orden de 28 de junio de 2011, por la que se regula la ense\u00f1anza biling\u00fce en los centros docentes de la Comunidad Aut\u00f3noma de Andaluc\u00eda.<\/li>\n<li><a href=\"https:\/\/juntadeandalucia.es\/boja\/2010\/182\/d13.pdf\" target=\"_blank\" rel=\"noopener noreferrer\"><strong>ORDEN de 3 de septiembre de 2010<\/strong><\/a>, por la que se establece el horario de dedicaci\u00f3n del profesorado responsable de la coordinaci\u00f3n de los planes y programas estrat\u00e9gicos que desarrolla la Consejer\u00eda competente en materia de educaci\u00f3n.<\/li>\n<li><strong><a href=\"https:\/\/portals.ced.junta-andalucia.es\/educacion\/portals\/web\/inspeccion-educativa\/normativa-d\/-\/contenidos\/detalle\/resolucion-de-22-de-mayo-de-2024-de-la-direccion-general-de-ordenacion-inclusion-participacion-y-evaluacion-educativa-1b6u7ayloul2s\" target=\"_blank\" rel=\"noopener\">RESOLUCI\u00d3N 2024\/25<\/a><\/strong>, Obtenci\u00f3n del certificado de Nivel Intermedio B2 en Bachillerato biling\u00fce.<\/li>\n<\/ul>\n","protected":false},"excerpt":{"rendered":"<p>Jornada Informativa para la Direcci\u00f3n y Coordinaci\u00f3n Biling\u00fce. Curso 2024\/25 Plan Estrat\u00e9gico de Desarrollo de las Lenguas en Andaluc\u00eda Horizonte 2020 ORGANIZACI\u00d3N Y FUNCIONAMIENTO DE LA ENSE\u00d1ANZA BILING\u00dcE ORDEN de 28 de junio de&#46;&#46;&#46;<\/p>\n","protected":false},"author":6890,"featured_media":0,"parent":0,"menu_order":0,"comment_status":"closed","ping_status":"closed","template":"","meta":{"ngg_post_thumbnail":0,"footnotes":"","_mc_calendar":[]},"aioseo_notices":[],"_links":{"self":[{"href":"https:\/\/blogsaverroes.juntadeandalucia.es\/plurilinguismodelegacionjaen\/wp-json\/wp\/v2\/pages\/2591"}],"collection":[{"href":"https:\/\/blogsaverroes.juntadeandalucia.es\/plurilinguismodelegacionjaen\/wp-json\/wp\/v2\/pages"}],"about":[{"href":"https:\/\/blogsaverroes.juntadeandalucia.es\/plurilinguismodelegacionjaen\/wp-json\/wp\/v2\/types\/page"}],"author":[{"embeddable":true,"href":"https:\/\/blogsaverroes.juntadeandalucia.es\/plurilinguismodelegacionjaen\/wp-json\/wp\/v2\/users\/6890"}],"replies":[{"embeddable":true,"href":"https:\/\/blogsaverroes.juntadeandalucia.es\/plurilinguismodelegacionjaen\/wp-json\/wp\/v2\/comments?post=2591"}],"version-history":[{"count":13,"href":"https:\/\/blogsaverroes.juntadeandalucia.es\/plurilinguismodelegacionjaen\/wp-json\/wp\/v2\/pages\/2591\/revisions"}],"predecessor-version":[{"id":5902,"href":"https:\/\/blogsaverroes.juntadeandalucia.es\/plurilinguismodelegacionjaen\/wp-json\/wp\/v2\/pages\/2591\/revisions\/5902"}],"wp:attachment":[{"href":"https:\/\/blogsaverroes.juntadeandalucia.es\/plurilinguismodelegacionjaen\/wp-json\/wp\/v2\/media?parent=2591"}],"curies":[{"name":"wp","href":"https:\/\/api.w.org\/{rel}","templated":true}]}}