{"id":2592,"date":"2019-01-09T08:25:49","date_gmt":"2019-01-09T08:25:49","guid":{"rendered":"https:\/\/blogsaverroes.juntadeandalucia.es\/plurilinguismodelegacionjaen\/?page_id=2592"},"modified":"2020-01-24T07:53:22","modified_gmt":"2020-01-24T07:53:22","slug":"curso-20182019","status":"publish","type":"page","link":"https:\/\/blogsaverroes.juntadeandalucia.es\/plurilinguismodelegacionjaen\/curso-20182019\/","title":{"rendered":"Curso 2018\/2019"},"content":{"rendered":"<p><strong>BILING\u00dcISMO<\/strong><\/p>\n<ul style=\"list-style-type: circle\">\n<li><a href=\"http:\/\/www.juntadeandalucia.es\/educacion\/portals\/delegate\/content\/76fcdf97-b87b-481e-9dfb-28284270db0c\" target=\"_blank\" rel=\"noopener noreferrer\"><strong>INSTRUCCIONES de 7 de junio de 2018<\/strong><\/a>, de la Direcci\u00f3n General de Innovaci\u00f3n y Formaci\u00f3n del Profesorado, sobre la organizaci\u00f3n y funcionamiento de la Ense\u00f1anza biling\u00fce para el curso 2018\/19.<\/li>\n<\/ul>\n<p><strong>AUXILIARES DE CONVERSACI\u00d3N<\/strong><\/p>\n<ul style=\"list-style-type: circle\">\n<li><a href=\"http:\/\/www.juntadeandalucia.es\/educacion\/portals\/delegate\/content\/c37c3313-55ce-4bca-8eab-f27be40e6461\/Instrucc.Auxiliares%20de%20Conversaci%C3%B3n\" target=\"_blank\" rel=\"noopener noreferrer\"><strong>INSTRUCCIONES de 2 de julio de 2018<\/strong><\/a>, de la Direcci\u00f3n General de Innovaci\u00f3n y Formaci\u00f3n del Profesorado, sobre auxiliares de conversaci\u00f3n para el curso Escolar 2018\/2019<\/li>\n<\/ul>\n<p><strong>&nbsp;PROGRAMA DE APOYO EN LENGUA EXTRANJERA \u00abPROEDUCAR\u00bb<\/strong><\/p>\n<ul style=\"list-style-type: circle\">\n<li><a href=\"http:\/\/www.juntadeandalucia.es\/educacion\/portals\/abaco-portlet\/content\/a2421029-c353-49d7-b6cd-41798a96829e\" target=\"_blank\" rel=\"noopener noreferrer\"><strong>INSTRUCCIONES de 27 de junio de 2018<\/strong><\/a>, de la Direcci\u00f3n General de Innovaci\u00f3n y Formaci\u00f3n del Profesorado, sobre el desarrollo del Programa de Apoyo en Lengua Extranjera \u201cproeducar\u201d destinado a Institutos de ense\u00f1anza secundaria para el curso 2018\/2019.<\/li>\n<\/ul>\n<p><strong>&nbsp;PROGRAMA DE ACOMPA\u00d1AMIENTO ESCOLAR EN LENGUA EXTRANJERA (PALE)<\/strong><\/p>\n<ul style=\"list-style-type: circle\">\n<li><a href=\"http:\/\/www.juntadeandalucia.es\/educacion\/portals\/abaco-portlet\/content\/01a748d0-5ade-48e4-b74d-dbd82e410f07\" target=\"_blank\" rel=\"noopener noreferrer\"><strong>INSTRUCCIONES de 5 de abril de 2018<\/strong><\/a>, de la Direcci\u00f3n General de Innovaci\u00f3n y Formaci\u00f3n del Profesorado, sobre el desarrollo del Programa de Acompamiento Escolar en Lengua Extranjera (PALE) destinado a centros p\u00fablicos de Educaci\u00f3n Primaria para el curso 2018\/2019<\/li>\n<\/ul>\n<p><strong>ESTANCIAS EN EL EXTRANJERO FP<\/strong><\/p>\n<ul style=\"list-style-type: circle\">\n<li><a href=\"http:\/\/www.adideandalucia.es\/normas\/instruc\/Instrucciones18diciembre2018EstanciasUEalumnadoFPI.pdf\" target=\"_blank\" rel=\"noopener noreferrer\"><strong>INSTRUCCIONES de 18 de diciembre de 2018<\/strong><\/a>, de la Direccion General de Formaci\u00f3n Profesional Inicial y Educaci\u00f3n Permanente, para la Convocatoria de estancias en otros pa\u00edses de la uni\u00f3n europea para el curso 2018\/19 para el alumnado que cursa ense\u00f1anzas de Formacion Profesional Inicial.<\/li>\n<\/ul>\n<p><strong>BACHIBAC<\/strong><\/p>\n<ul style=\"list-style-type: circle\">\n<li><a href=\"https:\/\/www.boe.es\/boe\/dias\/2018\/10\/15\/pdfs\/BOE-A-2018-14104.pdf\" target=\"_blank\" rel=\"noopener noreferrer\"><strong>RESOLUCI\u00d3N de 28 de septiembre de 2018<\/strong><\/a>, de la Secretar\u00eda de Estado de Educaci\u00f3n y Formaci\u00f3n Profesional, por la que se dictan instrucciones relativas al programa de doble titulaci\u00f3n Bachiller-Baccalaur\u00e9at correspondientes al curso 2018-2019.<\/li>\n<li><a href=\"http:\/\/www.juntadeandalucia.es\/educacion\/portals\/abaco-portlet\/content\/12c89e77-298b-449f-9a55-fc3bb1c84ab3\" target=\"_blank\" rel=\"noopener noreferrer\"><strong>RESOLUCI\u00d3N de 31 de octubre de 2018<\/strong><\/a>, de la Direcci\u00f3n General de Ordenaci\u00f3n Educativa, por la que se concretan aspectos relativos a la prueba externa del programa de doble Titulaci\u00f3n Bachiller-Baccalaur\u00e9at correspondiente al curso 2018\/19 en la comunidad Aut\u00f3noma de andaluc\u00eda.<\/li>\n<\/ul>\n","protected":false},"excerpt":{"rendered":"<p>BILING\u00dcISMO INSTRUCCIONES de 7 de junio de 2018, de la Direcci\u00f3n General de Innovaci\u00f3n y Formaci\u00f3n del Profesorado, sobre la organizaci\u00f3n y funcionamiento de la Ense\u00f1anza biling\u00fce para el curso 2018\/19. AUXILIARES DE CONVERSACI\u00d3N&#46;&#46;&#46;<\/p>\n","protected":false},"author":6890,"featured_media":0,"parent":0,"menu_order":0,"comment_status":"closed","ping_status":"closed","template":"","meta":{"ngg_post_thumbnail":0,"footnotes":"","_mc_calendar":[]},"aioseo_notices":[],"_links":{"self":[{"href":"https:\/\/blogsaverroes.juntadeandalucia.es\/plurilinguismodelegacionjaen\/wp-json\/wp\/v2\/pages\/2592"}],"collection":[{"href":"https:\/\/blogsaverroes.juntadeandalucia.es\/plurilinguismodelegacionjaen\/wp-json\/wp\/v2\/pages"}],"about":[{"href":"https:\/\/blogsaverroes.juntadeandalucia.es\/plurilinguismodelegacionjaen\/wp-json\/wp\/v2\/types\/page"}],"author":[{"embeddable":true,"href":"https:\/\/blogsaverroes.juntadeandalucia.es\/plurilinguismodelegacionjaen\/wp-json\/wp\/v2\/users\/6890"}],"replies":[{"embeddable":true,"href":"https:\/\/blogsaverroes.juntadeandalucia.es\/plurilinguismodelegacionjaen\/wp-json\/wp\/v2\/comments?post=2592"}],"version-history":[{"count":7,"href":"https:\/\/blogsaverroes.juntadeandalucia.es\/plurilinguismodelegacionjaen\/wp-json\/wp\/v2\/pages\/2592\/revisions"}],"predecessor-version":[{"id":3713,"href":"https:\/\/blogsaverroes.juntadeandalucia.es\/plurilinguismodelegacionjaen\/wp-json\/wp\/v2\/pages\/2592\/revisions\/3713"}],"wp:attachment":[{"href":"https:\/\/blogsaverroes.juntadeandalucia.es\/plurilinguismodelegacionjaen\/wp-json\/wp\/v2\/media?parent=2592"}],"curies":[{"name":"wp","href":"https:\/\/api.w.org\/{rel}","templated":true}]}}