{"id":2594,"date":"2019-01-09T08:25:49","date_gmt":"2019-01-09T08:25:49","guid":{"rendered":"https:\/\/blogsaverroes.juntadeandalucia.es\/plurilinguismodelegacionjaen\/?page_id=2594"},"modified":"2025-08-29T07:44:26","modified_gmt":"2025-08-29T07:44:26","slug":"programa-de-aulas-confucio","status":"publish","type":"page","link":"https:\/\/blogsaverroes.juntadeandalucia.es\/plurilinguismodelegacionjaen\/programa-de-aulas-confucio\/","title":{"rendered":"Programa de Aulas Confucio"},"content":{"rendered":"<p><strong>CENTROS QUE COMPONEN EL AULA CONFUCIO DE JA\u00c9N (Curso 2024\/25)<br \/>\n<\/strong><\/p>\n<table>\n<tbody>\n<tr style=\"background-color: #c4c4c4;height: 22px\">\n<td style=\"text-align: center;height: 22px\"><strong>C\u00d3DIGO<\/strong><\/td>\n<td style=\"text-align: center;height: 22px\"><strong>DENOMINACI\u00d3N<\/strong><\/td>\n<td style=\"text-align: center;height: 22px\"><strong>LOCALIDAD<\/strong><\/td>\n<td style=\"text-align: center;height: 22px\"><strong>MODALIDAD<\/strong><\/td>\n<\/tr>\n<tr style=\"height: 22.8px\">\n<td style=\"height: 22.8px\">23002267<\/td>\n<td style=\"height: 22.8px\">CEIP NUESTRA SE\u00d1ORA DE LA CAPILLA<\/p>\n<p>(Sede del Aula Confucio)<\/td>\n<td style=\"height: 22.8px\">Ja\u00e9n<\/td>\n<td style=\"height: 22.8px\">Curricular (Ed. Primaria) y extraescolar<\/td>\n<\/tr>\n<tr style=\"height: 22px\">\n<td style=\"height: 22px\">23002413<\/td>\n<td style=\"height: 22px\">IES SANTA CATALINA DE ALEJANDR\u00cdA<\/td>\n<td style=\"height: 22px\">Ja\u00e9n<\/td>\n<td style=\"height: 22px\">Curricular (ESO) y extraescolar<\/td>\n<\/tr>\n<tr style=\"height: 22px\">\n<td style=\"height: 22px\">23004264<\/td>\n<td style=\"height: 22px\">IES LOS CERROS<\/td>\n<td style=\"height: 22px\">\u00dabeda<\/td>\n<td style=\"height: 22px\">Curricular (ESO\/Bachillerato) y extraescolar<\/td>\n<\/tr>\n<tr style=\"height: 22px\">\n<td style=\"height: 22px\">23000817<\/td>\n<td style=\"height: 22px\">IES SANT\u00cdSIMA TRINIDAD<\/td>\n<td style=\"height: 22px\">Baeza<\/td>\n<td style=\"height: 22px\">Curricular (ESO\/Bachillerato) y extraescolar<\/td>\n<\/tr>\n<tr>\n<td>23700888<\/td>\n<td>IES SANTA ENGRACIA<\/td>\n<td>Linares<\/td>\n<td>Curricular (ESO) y extraescolar<\/td>\n<\/tr>\n<\/tbody>\n<\/table>\n<p><a href=\"https:\/\/blogsaverroes.juntadeandalucia.es\/plurilinguismodelegacionjaen\/files\/2025\/08\/250725-INSTRUCCION-AULAS-CONFUCIO-25_26F.pdf\" target=\"_blank\" rel=\"noopener\">INSTRUCCIONES AULAS CONFUCIO 2025\/2026<\/a><\/p>\n","protected":false},"excerpt":{"rendered":"<p>CENTROS QUE COMPONEN EL AULA CONFUCIO DE JA\u00c9N (Curso 2024\/25) C\u00d3DIGO DENOMINACI\u00d3N LOCALIDAD MODALIDAD 23002267 CEIP NUESTRA SE\u00d1ORA DE LA CAPILLA (Sede del Aula Confucio) Ja\u00e9n Curricular (Ed. Primaria) y extraescolar 23002413 IES SANTA&#46;&#46;&#46;<\/p>\n","protected":false},"author":6890,"featured_media":0,"parent":0,"menu_order":0,"comment_status":"closed","ping_status":"closed","template":"","meta":{"ngg_post_thumbnail":0,"footnotes":"","_mc_calendar":[]},"aioseo_notices":[],"_links":{"self":[{"href":"https:\/\/blogsaverroes.juntadeandalucia.es\/plurilinguismodelegacionjaen\/wp-json\/wp\/v2\/pages\/2594"}],"collection":[{"href":"https:\/\/blogsaverroes.juntadeandalucia.es\/plurilinguismodelegacionjaen\/wp-json\/wp\/v2\/pages"}],"about":[{"href":"https:\/\/blogsaverroes.juntadeandalucia.es\/plurilinguismodelegacionjaen\/wp-json\/wp\/v2\/types\/page"}],"author":[{"embeddable":true,"href":"https:\/\/blogsaverroes.juntadeandalucia.es\/plurilinguismodelegacionjaen\/wp-json\/wp\/v2\/users\/6890"}],"replies":[{"embeddable":true,"href":"https:\/\/blogsaverroes.juntadeandalucia.es\/plurilinguismodelegacionjaen\/wp-json\/wp\/v2\/comments?post=2594"}],"version-history":[{"count":12,"href":"https:\/\/blogsaverroes.juntadeandalucia.es\/plurilinguismodelegacionjaen\/wp-json\/wp\/v2\/pages\/2594\/revisions"}],"predecessor-version":[{"id":6224,"href":"https:\/\/blogsaverroes.juntadeandalucia.es\/plurilinguismodelegacionjaen\/wp-json\/wp\/v2\/pages\/2594\/revisions\/6224"}],"wp:attachment":[{"href":"https:\/\/blogsaverroes.juntadeandalucia.es\/plurilinguismodelegacionjaen\/wp-json\/wp\/v2\/media?parent=2594"}],"curies":[{"name":"wp","href":"https:\/\/api.w.org\/{rel}","templated":true}]}}